{"id":987,"date":"2024-05-06T17:30:49","date_gmt":"2024-05-06T10:30:49","guid":{"rendered":"https:\/\/tuibanhmidep.com\/bai-viet\/shop\/in-70000-bao-banh-mi-phong-cach-vintage-ma-bmd_4337-giay-mg-thiet-ke-dep-tua-tac-pham-nghe-thuat\/"},"modified":"2024-05-06T17:30:49","modified_gmt":"2024-05-06T10:30:49","slug":"in-70000-bao-banh-mi-phong-cach-vintage-ma-bmd_4337-giay-mg-thiet-ke-dep-tua-tac-pham-nghe-thuat","status":"publish","type":"product","link":"https:\/\/tuibanhmidep.com\/bai-viet\/shop\/in-70000-bao-banh-mi-phong-cach-vintage-ma-bmd_4337-giay-mg-thiet-ke-dep-tua-tac-pham-nghe-thuat\/","title":{"rendered":"In 70000 bao b\u00e1nh m\u00ec phong c\u00e1ch vintage (m\u00e3 BMD_4337) gi\u1ea5y MG &#8211; thi\u1ebft k\u1ebf \u0111\u1eb9p t\u1ef1a t\u00e1c ph\u1ea9m ngh\u1ec7 thu\u1eadt"},"content":{"rendered":"<h2>Thi\u1ebft k\u1ebf \u0111\u1ed9c \u0111\u00e1o t\u1ef1a t\u00e1c ph\u1ea9m ngh\u1ec7 thu\u1eadt<\/h2>\n<p>Gi\u1ea5y MG \u0111\u01b0\u1ee3c s\u1eed d\u1ee5ng \u0111\u1ec3 ch\u1ebf t\u1ea1o bao b\u00e1nh m\u00ec phong c\u00e1ch vintage m\u00e3 BMD_4337 t\u1ea1o n\u00ean v\u1ebb ngo\u00e0i \u0111\u1eb7c tr\u01b0ng, \u0111em l\u1ea1i s\u1ef1 h\u00e0i l\u00f2ng cho ng\u01b0\u1eddi s\u1eed d\u1ee5ng. \u0110\u01b0\u1ee3c thi\u1ebft k\u1ebf d\u00e0nh ri\u00eang cho b\u00e1nh m\u00ec Vi\u1ec7t Nam, chi\u1ebfc t\u00fai gi\u1ea5y n\u00e0y kh\u00f4ng ch\u1ec9 ch\u1ee9a \u0111\u1ef1ng m\u00e0 c\u00f2n t\u00f4 \u0111i\u1ec3m th\u00eam v\u1ebb \u0111\u1eb9p c\u1ed5 \u0111i\u1ec3n, thu h\u00fat \u00e1nh nh\u00ecn t\u1eeb l\u1ea7n \u0111\u1ea7u ti\u00ean.<\/p>\n<h2>Ch\u1ea5t li\u1ec7u gi\u1ea5y MG an to\u00e0n cho th\u1ef1c ph\u1ea9m<\/h2>\n<p><strong>T\u00ednh an to\u00e0n:<\/strong> S\u1ea3n ph\u1ea9m n\u00e0y \u0111\u01b0\u1ee3c l\u00e0m t\u1eeb gi\u1ea5y MG, lo\u1ea1i gi\u1ea5y \u0111\u01b0\u1ee3c ch\u1ee9ng nh\u1eadn an to\u00e0n cho th\u1ef1c ph\u1ea9m, kh\u00f4ng g\u00e2y h\u1ea1i \u0111\u1ebfn s\u1ee9c kh\u1ecfe ng\u01b0\u1eddi ti\u00eau d\u00f9ng.<\/p>\n<p><strong>Kh\u1ea3 n\u0103ng t\u00e1i ch\u1ebf:<\/strong> Gi\u1ea5y MG kh\u00f4ng ch\u1ec9 gi\u00fap bao b\u00e1nh m\u00ec phong c\u00e1ch vintage tr\u1edf n\u00ean b\u1eaft m\u1eaft m\u00e0 c\u00f2n th\u00e2n thi\u1ec7n v\u1edbi m\u00f4i tr\u01b0\u1eddng nh\u1edd t\u00ednh n\u0103ng t\u00e1i ch\u1ebf hi\u1ec7u qu\u1ea3.<\/p>\n<h2>Th\u00f4ng tin k\u1ef9 thu\u1eadt<\/h2>\n<h3>K\u00edch th\u01b0\u1edbc:<\/h3>\n<p>&#8211; Ngang: 9.5 cm<br \/>\n&#8211; Cao: 24.5 cm<br \/>\n&#8211; Hai b\u00ean h\u00f4ng: 4.5 cm  <\/p>\n<h3>\u0110\u1eb7c \u0111i\u1ec3m:<\/h3>\n<p>&#8211; Kh\u00f4ng c\u00f3 quai x\u00e1ch<br \/>\n&#8211; Ch\u1ec9 ch\u1ee9a \u0111\u1ef1ng \u0111\u01b0\u1ee3c m\u1ed9t \u1ed5 b\u00e1nh m\u00ec Vi\u1ec7t Nam<br \/>\n&#8211; Kh\u00f4ng \u0103n \u0111\u01b0\u1ee3c<br \/>\n&#8211; C\u00f3 th\u1ec3 \u0111\u01b0\u1ee3c bi\u1ebft \u0111\u1ebfn d\u01b0\u1edbi nhi\u1ec1u t\u00ean g\u1ecdi kh\u00e1c nhau nh\u01b0: bao b\u00e1nh m\u00ec, gi\u1ea5y g\u00f3i b\u00e1nh m\u00ec, t\u00fai gi\u1ea5y \u0111\u1ef1ng b\u00e1nh m\u00ec  <\/p>\n","protected":false},"excerpt":{"rendered":"<p>K\u00edch th\u01b0\u1edbc 9.5&#215;4.5x24cm, \u0111\u1ecbnh l\u01b0\u1ee3ng gi\u1ea5y 50gsm. <\/p>\n","protected":false},"featured_media":988,"template":"","meta":[],"product_brand":[],"product_cat":[72],"product_tag":[],"class_list":{"0":"post-987","1":"product","2":"type-product","3":"status-publish","4":"has-post-thumbnail","6":"product_cat-san-pham-tui-banh-mi","8":"first","9":"instock","10":"virtual","11":"product-type-simple"},"_links":{"self":[{"href":"https:\/\/tuibanhmidep.com\/bai-viet\/wp-json\/wp\/v2\/product\/987","targetHints":{"allow":["GET"]}}],"collection":[{"href":"https:\/\/tuibanhmidep.com\/bai-viet\/wp-json\/wp\/v2\/product"}],"about":[{"href":"https:\/\/tuibanhmidep.com\/bai-viet\/wp-json\/wp\/v2\/types\/product"}],"wp:featuredmedia":[{"embeddable":true,"href":"https:\/\/tuibanhmidep.com\/bai-viet\/wp-json\/wp\/v2\/media\/988"}],"wp:attachment":[{"href":"https:\/\/tuibanhmidep.com\/bai-viet\/wp-json\/wp\/v2\/media?parent=987"}],"wp:term":[{"taxonomy":"product_brand","embeddable":true,"href":"https:\/\/tuibanhmidep.com\/bai-viet\/wp-json\/wp\/v2\/product_brand?post=987"},{"taxonomy":"product_cat","embeddable":true,"href":"https:\/\/tuibanhmidep.com\/bai-viet\/wp-json\/wp\/v2\/product_cat?post=987"},{"taxonomy":"product_tag","embeddable":true,"href":"https:\/\/tuibanhmidep.com\/bai-viet\/wp-json\/wp\/v2\/product_tag?post=987"}],"curies":[{"name":"wp","href":"https:\/\/api.w.org\/{rel}","templated":true}]}}