{"id":981,"date":"2024-05-06T17:19:02","date_gmt":"2024-05-06T10:19:02","guid":{"rendered":"https:\/\/tuibanhmidep.com\/bai-viet\/shop\/in-100000-bao-dung-banh-mi-ma-bmd_4226-giay-tham-dau-nhanh-chong-tien-loi\/"},"modified":"2024-05-06T17:19:02","modified_gmt":"2024-05-06T10:19:02","slug":"in-100000-bao-dung-banh-mi-ma-bmd_4226-giay-tham-dau-nhanh-chong-tien-loi","status":"publish","type":"product","link":"https:\/\/tuibanhmidep.com\/bai-viet\/shop\/in-100000-bao-dung-banh-mi-ma-bmd_4226-giay-tham-dau-nhanh-chong-tien-loi\/","title":{"rendered":"In 100000 bao \u0111\u1ef1ng b\u00e1nh m\u00ec (m\u00e3 BMD_4226) gi\u1ea5y th\u1ea5m d\u1ea7u &#8211; nhanh ch\u00f3ng ti\u1ec7n l\u1ee3i"},"content":{"rendered":"<h2>Gi\u1edbi thi\u1ec7u v\u1ec1 t\u00fai gi\u1ea5y \u0111\u1ef1ng b\u00e1nh m\u00ec m\u00e3 BMD_4226<\/h2>\n<p>T\u00fai gi\u1ea5y \u0111\u1ef1ng b\u00e1nh m\u00ec m\u00e3 BMD_4226 \u0111\u01b0\u1ee3c thi\u1ebft k\u1ebf t\u1eeb lo\u1ea1i gi\u1ea5y th\u1ea5m d\u1ea7u, \u0111\u00e1p \u1ee9ng \u0111\u1ea7y \u0111\u1ee7 c\u00e1c ti\u00eau chu\u1ea9n v\u1ec1 an to\u00e0n th\u1ef1c ph\u1ea9m. \u0110\u00e2y l\u00e0 s\u1ea3n ph\u1ea9m l\u00fd t\u01b0\u1edfng \u0111\u1ec3 \u0111\u1ef1ng b\u00e1nh m\u00ec Vi\u1ec7t Nam, \u0111\u1ea3m b\u1ea3o ch\u1ea5t l\u01b0\u1ee3ng, h\u01b0\u01a1ng v\u1ecb v\u00e0 s\u1ef1 t\u01b0\u01a1i ngon c\u1ee7a \u1ed5 b\u00e1nh m\u00ec.<\/p>\n<h3>\u01afu \u0111i\u1ec3m c\u1ee7a t\u00fai gi\u1ea5y BMD_4226<\/h3>\n<p><strong>An to\u00e0n cho th\u1ef1c ph\u1ea9m<\/strong><\/p>\n<p>T\u00fai gi\u1ea5y \u0111\u01b0\u1ee3c s\u1ea3n xu\u1ea5t t\u1eeb nguy\u00ean li\u1ec7u gi\u1ea5y ch\u1ea5t l\u01b0\u1ee3ng cao, \u0111\u1ea3m b\u1ea3o an to\u00e0n khi ti\u1ebfp x\u00fac v\u1edbi th\u1ef1c ph\u1ea9m. \u0110i\u1ec1u n\u00e0y gi\u00fap duy tr\u00ec \u0111\u1ed9 s\u1ea1ch s\u1ebd c\u1ee7a b\u00e1nh m\u00ec v\u00e0 ng\u0103n ch\u1eb7n c\u00e1c ch\u1ea5t \u0111\u1ed9c h\u1ea1i x\u00e2m nh\u1eadp.<\/p>\n<p><strong>Kh\u00f4ng c\u00f3 quai x\u00e1ch<\/strong><\/p>\n<p>Thi\u1ebft k\u1ebf kh\u00f4ng c\u00f3 quai x\u00e1ch gi\u00fap gi\u1ea3m b\u1edbt chi ph\u00ed s\u1ea3n xu\u1ea5t v\u00e0 gi\u1eef nguy\u00ean t\u00ednh \u0111\u01a1n gi\u1ea3n, ti\u1ec7n l\u1ee3i, ph\u00f9 h\u1ee3p \u0111\u1ec3 \u0111\u1ef1ng m\u1ed9t \u1ed5 b\u00e1nh m\u00ec Vi\u1ec7t Nam.<\/p>\n<p><strong>Thi\u1ebft k\u1ebf ph\u00f9 h\u1ee3p v\u1edbi b\u00e1nh m\u00ec<\/strong><\/p>\n<p>T\u00fai gi\u1ea5y BMD_4226 c\u00f3 k\u00edch th\u01b0\u1edbc chu\u1ea9n ngang 9.5cm, cao 24.5cm, v\u00e0 r\u1ed9ng 4.5cm, v\u1eeba v\u1eb7n v\u1edbi \u1ed5 b\u00e1nh m\u00ec Vi\u1ec7t Nam, gi\u00fap gi\u1eef b\u00e1nh lu\u00f4n n\u00f3ng h\u1ed5i v\u00e0 gi\u1eef nguy\u00ean h\u01b0\u01a1ng v\u1ecb.<\/p>\n<h3>C\u00e1c t\u00ean g\u1ecdi kh\u00e1c c\u1ee7a t\u00fai gi\u1ea5y \u0111\u1ef1ng b\u00e1nh m\u00ec<\/h3>\n<p>S\u1ea3n ph\u1ea9m t\u00fai gi\u1ea5y \u0111\u1ef1ng b\u00e1nh m\u00ec n\u00e0y c\u00f2n \u0111\u01b0\u1ee3c bi\u1ebft \u0111\u1ebfn v\u1edbi nhi\u1ec1u t\u00ean g\u1ecdi kh\u00e1c nhau nh\u01b0: bao b\u00e1nh m\u00ec, gi\u1ea5y g\u00f3i b\u00e1nh m\u00ec, t\u00fai gi\u1ea5y \u0111\u1ef1ng b\u00e1nh m\u00ec. D\u00f9 g\u1ecdi b\u1eb1ng t\u00ean n\u00e0o, ch\u00fang v\u1eabn gi\u1eef nguy\u00ean ch\u1ee9c n\u0103ng gi\u00fap b\u1ea3o qu\u1ea3n v\u00e0 v\u1eadn chuy\u1ec3n b\u00e1nh m\u00ec hi\u1ec7u qu\u1ea3.<\/p>\n<h2>K\u1ebft h\u1ee3p nhanh ch\u00f3ng, ti\u1ec7n l\u1ee3i<\/h2>\n<p>V\u1edbi t\u00fai gi\u1ea5y \u0111\u1ef1ng b\u00e1nh m\u00ec m\u00e3 BMD_4226, vi\u1ec7c \u0111\u00f3ng g\u00f3i tr\u1edf n\u00ean d\u1ec5 d\u00e0ng v\u00e0 nhanh ch\u00f3ng h\u01a1n. S\u1ea3n ph\u1ea9m gi\u00fap c\u1eeda h\u00e0ng b\u00e1nh m\u00ec ho\u1eb7c c\u00e1 nh\u00e2n ti\u1ebft ki\u1ec7m th\u1eddi gian, \u0111\u1ea3m b\u1ea3o s\u1ef1 h\u00e0i l\u00f2ng c\u1ee7a kh\u00e1ch h\u00e0ng khi s\u1eed d\u1ee5ng.<\/p>\n","protected":false},"excerpt":{"rendered":"<p>K\u00edch th\u01b0\u1edbc 9.5&#215;4.5x24cm, \u0111\u1ecbnh l\u01b0\u1ee3ng gi\u1ea5y 50gsm. <\/p>\n","protected":false},"featured_media":982,"template":"","meta":[],"product_brand":[],"product_cat":[72],"product_tag":[],"class_list":{"0":"post-981","1":"product","2":"type-product","3":"status-publish","4":"has-post-thumbnail","6":"product_cat-san-pham-tui-banh-mi","8":"first","9":"instock","10":"virtual","11":"product-type-simple"},"_links":{"self":[{"href":"https:\/\/tuibanhmidep.com\/bai-viet\/wp-json\/wp\/v2\/product\/981","targetHints":{"allow":["GET"]}}],"collection":[{"href":"https:\/\/tuibanhmidep.com\/bai-viet\/wp-json\/wp\/v2\/product"}],"about":[{"href":"https:\/\/tuibanhmidep.com\/bai-viet\/wp-json\/wp\/v2\/types\/product"}],"wp:featuredmedia":[{"embeddable":true,"href":"https:\/\/tuibanhmidep.com\/bai-viet\/wp-json\/wp\/v2\/media\/982"}],"wp:attachment":[{"href":"https:\/\/tuibanhmidep.com\/bai-viet\/wp-json\/wp\/v2\/media?parent=981"}],"wp:term":[{"taxonomy":"product_brand","embeddable":true,"href":"https:\/\/tuibanhmidep.com\/bai-viet\/wp-json\/wp\/v2\/product_brand?post=981"},{"taxonomy":"product_cat","embeddable":true,"href":"https:\/\/tuibanhmidep.com\/bai-viet\/wp-json\/wp\/v2\/product_cat?post=981"},{"taxonomy":"product_tag","embeddable":true,"href":"https:\/\/tuibanhmidep.com\/bai-viet\/wp-json\/wp\/v2\/product_tag?post=981"}],"curies":[{"name":"wp","href":"https:\/\/api.w.org\/{rel}","templated":true}]}}