{"id":951,"date":"2024-05-06T16:20:28","date_gmt":"2024-05-06T09:20:28","guid":{"rendered":"https:\/\/tuibanhmidep.com\/bai-viet\/shop\/in-80000-tui-dung-banh-mi-ma-bmd_4452-giay-giay-thuc-pham-cao-cap-theo-yeu-cau-ca-nhan\/"},"modified":"2024-05-06T16:20:28","modified_gmt":"2024-05-06T09:20:28","slug":"in-80000-tui-dung-banh-mi-ma-bmd_4452-giay-giay-thuc-pham-cao-cap-theo-yeu-cau-ca-nhan","status":"publish","type":"product","link":"https:\/\/tuibanhmidep.com\/bai-viet\/shop\/in-80000-tui-dung-banh-mi-ma-bmd_4452-giay-giay-thuc-pham-cao-cap-theo-yeu-cau-ca-nhan\/","title":{"rendered":"In 80000 t\u00fai \u0111\u1ef1ng b\u00e1nh m\u00ec (m\u00e3 BMD_4452) gi\u1ea5y gi\u1ea5y th\u1ef1c ph\u1ea9m cao c\u1ea5p &#8211; theo y\u00eau c\u1ea7u c\u00e1 nh\u00e2n"},"content":{"rendered":"<h2>Gi\u1edbi thi\u1ec7u v\u1ec1 t\u00fai \u0111\u1ef1ng b\u00e1nh m\u00ec (m\u00e3 BMD_4452)<\/h2>\n<p>T\u00fai \u0111\u1ef1ng b\u00e1nh m\u00ec (m\u00e3 BMD_4452) \u0111\u01b0\u1ee3c l\u00e0m t\u1eeb lo\u1ea1i gi\u1ea5y chuy\u00ean d\u1ee5ng an to\u00e0n cho th\u1ef1c ph\u1ea9m, \u0111\u1ea3m b\u1ea3o kh\u00f4ng \u1ea3nh h\u01b0\u1edfng \u0111\u1ebfn ch\u1ea5t l\u01b0\u1ee3ng hay h\u01b0\u01a1ng v\u1ecb c\u1ee7a b\u00e1nh m\u00ec. Thi\u1ebft k\u1ebf t\u00fai \u0111\u01b0\u1ee3c t\u1ed1i \u01b0u \u0111\u1ec3 v\u1eeba v\u1eb7n v\u1edbi m\u1ed9t \u1ed5 b\u00e1nh m\u00ec Vi\u1ec7t Nam, gi\u1eef b\u00e1nh m\u00ec kh\u00f4ng b\u1ecb b\u1ea9n ho\u1eb7c b\u1ecb h\u1ecfng trong qu\u00e1 tr\u00ecnh v\u1eadn chuy\u1ec3n. T\u00fai kh\u00f4ng c\u00f3 quai x\u00e1ch, gi\u1eef cho vi\u1ec7c s\u1eed d\u1ee5ng \u0111\u01a1n gi\u1ea3n v\u00e0 thu\u1eadn ti\u1ec7n.<\/p>\n<h3>Thi\u1ebft k\u1ebf t\u1ed1i \u01b0u cho b\u00e1nh m\u00ec Vi\u1ec7t Nam<\/h3>\n<p>T\u00fai \u0111\u1ef1ng b\u00e1nh m\u00ec m\u00e3 BMD_4452 c\u00f3 k\u00edch th\u01b0\u1edbc chu\u1ea9n v\u1edbi chi\u1ec1u ngang 9.5 cm, chi\u1ec1u cao 24.5 cm v\u00e0 hai b\u00ean h\u00f4ng r\u1ed9ng 4.5 cm. Thi\u1ebft k\u1ebf n\u00e0y gi\u00fap t\u00fai \u00f4m tr\u1ecdn \u1ed5 b\u00e1nh m\u00ec, b\u1ea3o v\u1ec7 b\u00e1nh kh\u1ecfi ti\u1ebfp x\u00fac v\u1edbi m\u00f4i tr\u01b0\u1eddng b\u00ean ngo\u00e0i, tr\u00e1nh t\u00ecnh tr\u1ea1ng nhi\u1ec5m b\u1ea9n v\u00e0 m\u1ea5t \u0111i h\u01b0\u01a1ng v\u1ecb th\u01a1m ngon. \u0110i\u1ec1u n\u00e0y l\u00e0m t\u00fai b\u00e1nh m\u00ec tr\u1edf th\u00e0nh l\u1ef1a ch\u1ecdn l\u00fd t\u01b0\u1edfng cho c\u00e1c ti\u1ec7m b\u00e1nh m\u00ec, qu\u00e1n \u0103n hay h\u1ed9 gia \u0111\u00ecnh c\u00f3 nhu c\u1ea7u b\u1ea3o qu\u1ea3n \u1ed5 b\u00e1nh m\u00ec.<\/p>\n<h2>Ch\u1ea5t li\u1ec7u gi\u1ea5y th\u1ef1c ph\u1ea9m cao c\u1ea5p<\/h2>\n<p>S\u1ea3n ph\u1ea9m \u0111\u01b0\u1ee3c l\u00e0m t\u1eeb lo\u1ea1i gi\u1ea5y ch\u1ea5t l\u01b0\u1ee3ng cao chuy\u00ean d\u00f9ng trong ng\u00e0nh th\u1ef1c ph\u1ea9m, \u0111\u1ea3m b\u1ea3o an to\u00e0n tuy\u1ec7t \u0111\u1ed1i khi ti\u1ebfp x\u00fac v\u1edbi th\u1ee9c \u0103n. Gi\u1ea5y n\u00e0y kh\u00f4ng ch\u1ec9 c\u00f3 kh\u1ea3 n\u0103ng gi\u1eef nhi\u1ec7t t\u1ed1t, m\u00e0 c\u00f2n \u0111\u1ea3m b\u1ea3o b\u00e1nh m\u00ec kh\u00f4ng b\u1ecb h\u1ea5p h\u01a1i, duy tr\u00ec \u0111\u1ed9 gi\u00f2n, th\u01a1m \u0111\u1eb7c tr\u01b0ng. Vi\u1ec7c s\u1eed d\u1ee5ng ch\u1ea5t li\u1ec7u gi\u1ea5y c\u0169ng g\u00f3p ph\u1ea7n b\u1ea3o v\u1ec7 m\u00f4i tr\u01b0\u1eddng, gi\u1ea3m thi\u1ec3u r\u00e1c th\u1ea3i nh\u1ef1a, gi\u00fap c\u00e1c c\u01a1 s\u1edf kinh doanh ho\u1eb7c ng\u01b0\u1eddi ti\u00eau d\u00f9ng c\u00f3 tr\u00e1ch nhi\u1ec7m h\u01a1n v\u1edbi thi\u00ean nhi\u00ean.<\/p>\n<h3>Theo y\u00eau c\u1ea7u c\u00e1 nh\u00e2n<\/h3>\n<p>T\u00fai \u0111\u1ef1ng b\u00e1nh m\u00ec m\u00e3 BMD_4452 c\u00f2n linh ho\u1ea1t \u0111\u00e1p \u1ee9ng c\u00e1c y\u00eau c\u1ea7u ri\u00eang bi\u1ec7t c\u1ee7a kh\u00e1ch h\u00e0ng. Ng\u01b0\u1eddi d\u00f9ng c\u00f3 th\u1ec3 y\u00eau c\u1ea7u k\u00edch th\u01b0\u1edbc c\u1ee5 th\u1ec3, in logo hay th\u00f4ng tin s\u1ea3n ph\u1ea9m l\u00ean t\u00fai \u0111\u1ec3 t\u1ea1o s\u1ef1 chuy\u00ean nghi\u1ec7p, kh\u00e1c bi\u1ec7t trong vi\u1ec7c qu\u1ea3ng b\u00e1 th\u01b0\u01a1ng hi\u1ec7u. \u0110i\u1ec1u n\u00e0y gi\u00fap cho c\u00e1c c\u01a1 s\u1edf kinh doanh b\u00e1nh m\u00ec v\u1eeba qu\u1ea3ng b\u00e1 s\u1ea3n ph\u1ea9m v\u1eeba cung c\u1ea5p d\u1ecbch v\u1ee5 t\u1ed1t h\u01a1n cho kh\u00e1ch h\u00e0ng.<\/p>\n<h2>C\u00e1c t\u00ean g\u1ecdi kh\u00e1c c\u1ee7a t\u00fai \u0111\u1ef1ng b\u00e1nh m\u00ec<\/h2>\n<p>S\u1ea3n ph\u1ea9m n\u00e0y c\u00f2n \u0111\u01b0\u1ee3c bi\u1ebft \u0111\u1ebfn v\u1edbi nhi\u1ec1u t\u00ean g\u1ecdi kh\u00e1c nhau nh\u01b0: bao b\u00e1nh m\u00ec, gi\u1ea5y g\u00f3i b\u00e1nh m\u00ec, t\u00fai gi\u1ea5y \u0111\u1ef1ng b\u00e1nh m\u00ec. Tuy m\u1ed7i n\u01a1i c\u00f3 th\u1ec3 g\u1ecdi kh\u00e1c nhau, m\u1ee5c \u0111\u00edch s\u1eed d\u1ee5ng v\u1eabn l\u00e0 \u0111\u1ec3 b\u1ea3o qu\u1ea3n v\u00e0 v\u1eadn chuy\u1ec3n b\u00e1nh m\u00ec m\u1ed9t c\u00e1ch an to\u00e0n v\u00e0 ti\u1ec7n l\u1ee3i.<\/p>\n<h2>L\u1ee3i \u00edch s\u1eed d\u1ee5ng t\u00fai gi\u1ea5y \u0111\u1ef1ng b\u00e1nh m\u00ec<\/h2>\n<p><strong>An to\u00e0n cho s\u1ee9c kh\u1ecfe<\/strong><\/p>\n<p>Gi\u1ea5y th\u1ef1c ph\u1ea9m s\u1eed d\u1ee5ng trong t\u00fai b\u00e1nh m\u00ec \u0111\u1ea1t ti\u00eau chu\u1ea9n an to\u00e0n s\u1ee9c kh\u1ecfe, kh\u00f4ng \u1ea3nh h\u01b0\u1edfng \u0111\u1ebfn ch\u1ea5t l\u01b0\u1ee3ng th\u1ef1c ph\u1ea9m. T\u00fai gi\u1ea5y kh\u00f4ng l\u00e0m bi\u1ebfn \u0111\u1ed5i m\u00f9i v\u1ecb hay \u1ea3nh h\u01b0\u1edfng \u0111\u1ebfn \u0111\u1ed9 ngon c\u1ee7a b\u00e1nh m\u00ec.<\/p>\n<p><strong>B\u1ea3o v\u1ec7 m\u00f4i tr\u01b0\u1eddng<\/strong><\/p>\n<p>Vi\u1ec7c s\u1eed d\u1ee5ng t\u00fai gi\u1ea5y thay v\u00ec t\u00fai nh\u1ef1a gi\u1ea3m \u0111\u00e1ng k\u1ec3 r\u00e1c th\u1ea3i nh\u1ef1a, gi\u00fap b\u1ea3o v\u1ec7 m\u00f4i tr\u01b0\u1eddng v\u00e0 mang l\u1ea1i \u00fd th\u1ee9c ti\u00eau d\u00f9ng b\u1ec1n v\u1eefng.<\/p>\n<p><strong>Qu\u1ea3ng b\u00e1 th\u01b0\u01a1ng hi\u1ec7u<\/strong><\/p>\n<p>Vi\u1ec7c in logo hay th\u00f4ng tin l\u00ean t\u00fai b\u00e1nh m\u00ec gi\u00fap t\u0103ng nh\u1eadn di\u1ec7n th\u01b0\u01a1ng hi\u1ec7u, khi\u1ebfn kh\u00e1ch h\u00e0ng nh\u1edb \u0111\u1ebfn c\u1eeda h\u00e0ng c\u1ee7a b\u1ea1n m\u1ed7i khi s\u1eed d\u1ee5ng.<\/p>\n","protected":false},"excerpt":{"rendered":"<p>K\u00edch th\u01b0\u1edbc 9.5&#215;4.5x24cm, \u0111\u1ecbnh l\u01b0\u1ee3ng gi\u1ea5y 50gsm.  T\u00fai \u0111\u1ef1ng b\u00e1nh m\u00ec (m\u00e3 BMD_4452) l\u00e0 s\u1ea3n ph\u1ea9m t\u00fai gi\u1ea5y \u0111\u1ef1ng b\u00e1nh m\u00ec cao c\u1ea5p, \u0111\u01b0\u1ee3c s\u1ea3n xu\u1ea5t t\u1eeb lo\u1ea1i gi\u1ea5y th\u1ef1c ph\u1ea9m \u0111\u1ea1t chu\u1ea9n, gi\u00fap b\u1ea3o v\u1ec7 h\u01b0\u01a1ng v\u1ecb v\u00e0 an to\u00e0n cho b\u00e1nh m\u00ec.<\/p>\n","protected":false},"featured_media":952,"template":"","meta":[],"product_brand":[],"product_cat":[72],"product_tag":[],"class_list":{"0":"post-951","1":"product","2":"type-product","3":"status-publish","4":"has-post-thumbnail","6":"product_cat-san-pham-tui-banh-mi","8":"first","9":"instock","10":"virtual","11":"product-type-simple"},"_links":{"self":[{"href":"https:\/\/tuibanhmidep.com\/bai-viet\/wp-json\/wp\/v2\/product\/951","targetHints":{"allow":["GET"]}}],"collection":[{"href":"https:\/\/tuibanhmidep.com\/bai-viet\/wp-json\/wp\/v2\/product"}],"about":[{"href":"https:\/\/tuibanhmidep.com\/bai-viet\/wp-json\/wp\/v2\/types\/product"}],"wp:featuredmedia":[{"embeddable":true,"href":"https:\/\/tuibanhmidep.com\/bai-viet\/wp-json\/wp\/v2\/media\/952"}],"wp:attachment":[{"href":"https:\/\/tuibanhmidep.com\/bai-viet\/wp-json\/wp\/v2\/media?parent=951"}],"wp:term":[{"taxonomy":"product_brand","embeddable":true,"href":"https:\/\/tuibanhmidep.com\/bai-viet\/wp-json\/wp\/v2\/product_brand?post=951"},{"taxonomy":"product_cat","embeddable":true,"href":"https:\/\/tuibanhmidep.com\/bai-viet\/wp-json\/wp\/v2\/product_cat?post=951"},{"taxonomy":"product_tag","embeddable":true,"href":"https:\/\/tuibanhmidep.com\/bai-viet\/wp-json\/wp\/v2\/product_tag?post=951"}],"curies":[{"name":"wp","href":"https:\/\/api.w.org\/{rel}","templated":true}]}}