{"id":939,"date":"2024-05-06T15:57:15","date_gmt":"2024-05-06T08:57:15","guid":{"rendered":"https:\/\/tuibanhmidep.com\/bai-viet\/shop\/in-40000-bao-goi-banh-mi-the-hien-dang-cap-ma-bmd_5659-giay-kraft-dep-va-chat-luong-xuat-sac\/"},"modified":"2024-05-06T15:57:15","modified_gmt":"2024-05-06T08:57:15","slug":"in-40000-bao-goi-banh-mi-the-hien-dang-cap-ma-bmd_5659-giay-kraft-dep-va-chat-luong-xuat-sac","status":"publish","type":"product","link":"https:\/\/tuibanhmidep.com\/bai-viet\/shop\/in-40000-bao-goi-banh-mi-the-hien-dang-cap-ma-bmd_5659-giay-kraft-dep-va-chat-luong-xuat-sac\/","title":{"rendered":"In 40000 bao g\u00f3i b\u00e1nh m\u00ec th\u1ec3 hi\u1ec7n \u0111\u1eb3ng c\u1ea5p (m\u00e3 BMD_5659) gi\u1ea5y Kraft &#8211; \u0111\u1eb9p v\u00e0 ch\u1ea5t l\u01b0\u1ee3ng xu\u1ea5t s\u1eafc"},"content":{"rendered":"<h2>Gi\u1edbi thi\u1ec7u v\u1ec1 bao g\u00f3i b\u00e1nh m\u00ec m\u00e3 BMD_5659<\/h2>\n<p>Bao g\u00f3i b\u00e1nh m\u00ec m\u00e3 BMD_5659 l\u00e0 m\u1ed9t s\u1ea3n ph\u1ea9m \u0111\u1ed9c \u0111\u00e1o trong th\u1ecb tr\u01b0\u1eddng bao b\u00ec gi\u1ea5y. \u0110\u01b0\u1ee3c ch\u1ebf t\u1ea1o t\u1eeb gi\u1ea5y Kraft ch\u1ea5t l\u01b0\u1ee3ng cao, bao g\u00f3i n\u00e0y kh\u00f4ng ch\u1ec9 mang l\u1ea1i v\u1ebb \u0111\u1eb9p th\u1ea9m m\u1ef9 m\u00e0 c\u00f2n \u0111\u1ea3m b\u1ea3o s\u1ef1 an to\u00e0n khi ti\u1ebfp x\u00fac tr\u1ef1c ti\u1ebfp v\u1edbi th\u1ef1c ph\u1ea9m. \u0110\u1eb7c bi\u1ec7t, thi\u1ebft k\u1ebf kh\u00f4ng quai x\u00e1ch v\u00e0 k\u00edch th\u01b0\u1edbc chu\u1ea9n, bao g\u00f3i n\u00e0y ho\u00e0n to\u00e0n ph\u00f9 h\u1ee3p \u0111\u1ec3 \u0111\u1ef1ng m\u1ed9t \u1ed5 b\u00e1nh m\u00ec Vi\u1ec7t Nam, t\u1ea1o s\u1ef1 ti\u1ec7n l\u1ee3i v\u00e0 chuy\u00ean nghi\u1ec7p.<\/p>\n<h3>K\u00edch th\u01b0\u1edbc ti\u00eau chu\u1ea9n cho b\u00e1nh m\u00ec Vi\u1ec7t Nam<\/h3>\n<p>Bao g\u00f3i b\u00e1nh m\u00ec n\u00e0y c\u00f3 k\u00edch th\u01b0\u1edbc ti\u00eau chu\u1ea9n v\u1edbi chi\u1ec1u ngang 9.5 cm, chi\u1ec1u cao 24.5 cm v\u00e0 hai b\u00ean h\u00f4ng r\u1ed9ng 4.5 cm, gi\u00fap gi\u1eef b\u00e1nh m\u00ec g\u1ecdn g\u00e0ng m\u00e0 kh\u00f4ng \u1ea3nh h\u01b0\u1edfng \u0111\u1ebfn h\u01b0\u01a1ng v\u1ecb hay c\u1ea5u tr\u00fac. \u0110i\u1ec1u n\u00e0y l\u00e0m cho s\u1ea3n ph\u1ea9m tr\u1edf th\u00e0nh l\u1ef1a ch\u1ecdn ho\u00e0n h\u1ea3o trong vi\u1ec7c \u0111\u00f3ng g\u00f3i b\u00e1nh m\u00ec Vi\u1ec7t Nam, gi\u1eef nguy\u00ean \u0111\u1ed9 gi\u00f2n v\u00e0 th\u01a1m ngon c\u1ee7a b\u00e1nh.<\/p>\n<p><strong>S\u1ef1 \u0111a d\u1ea1ng trong t\u00ean g\u1ecdi<\/strong><br \/>\nBao g\u00f3i b\u00e1nh m\u00ec c\u00f2n \u0111\u01b0\u1ee3c bi\u1ebft \u0111\u1ebfn v\u1edbi c\u00e1c t\u00ean g\u1ecdi nh\u01b0 bao b\u00e1nh m\u00ec, gi\u1ea5y g\u00f3i b\u00e1nh m\u00ec, hay t\u00fai gi\u1ea5y \u0111\u1ef1ng b\u00e1nh m\u00ec. D\u00f9 b\u1eb1ng t\u00ean g\u1ecdi n\u00e0o, ch\u00fang \u0111\u1ec1u th\u1ec3 hi\u1ec7n t\u00ednh linh ho\u1ea1t v\u00e0 ti\u1ec7n l\u1ee3i trong s\u1eed d\u1ee5ng. V\u1edbi ch\u1ea5t li\u1ec7u gi\u1ea5y Kraft, s\u1ea3n ph\u1ea9m n\u00e0y kh\u00f4ng ch\u1ec9 mang l\u1ea1i s\u1ef1 b\u1ea3o v\u1ec7 m\u00e0 c\u00f2n \u0111\u00f3ng g\u00f3p v\u00e0o m\u1ee5c ti\u00eau b\u1ea3o v\u1ec7 m\u00f4i tr\u01b0\u1eddng nh\u1edd t\u00ednh t\u00e1i ch\u1ebf cao.<\/p>\n<h2>L\u1ee3i \u00edch c\u1ee7a bao g\u00f3i b\u00e1nh m\u00ec m\u00e3 BMD_5659<\/h2>\n<h3>An to\u00e0n v\u1edbi th\u1ef1c ph\u1ea9m<\/h3>\n<p>Bao g\u00f3i b\u00e1nh m\u00ec \u0111\u01b0\u1ee3c l\u00e0m t\u1eeb gi\u1ea5y an to\u00e0n s\u1eed d\u1ee5ng cho th\u1ef1c ph\u1ea9m, \u0111\u1ea3m b\u1ea3o r\u1eb1ng b\u00e1nh m\u00ec b\u00ean trong lu\u00f4n \u0111\u01b0\u1ee3c gi\u1eef s\u1ea1ch v\u00e0 an to\u00e0n.<\/p>\n<h3>Thi\u1ebft k\u1ebf chuy\u00ean nghi\u1ec7p<\/h3>\n<p>Thi\u1ebft k\u1ebf kh\u00f4ng c\u00f3 quai x\u00e1ch gi\u00fap s\u1ea3n ph\u1ea9m tr\u1edf n\u00ean g\u1ecdn g\u00e0ng, mang l\u1ea1i c\u1ea3m gi\u00e1c chuy\u00ean nghi\u1ec7p v\u00e0 thanh l\u1ecbch cho c\u1eeda h\u00e0ng ho\u1eb7c nh\u00e0 h\u00e0ng.<\/p>\n<p><strong>Ch\u1ea5t l\u01b0\u1ee3ng v\u01b0\u1ee3t tr\u1ed9i<\/strong><br \/>\nS\u1ef1 \u0111\u1eb9p m\u1eaft v\u00e0 ch\u1ea5t l\u01b0\u1ee3ng xu\u1ea5t s\u1eafc c\u1ee7a bao g\u00f3i m\u00e3 BMD_5659 th\u1ec3 hi\u1ec7n qua \u0111\u1ed9 b\u1ec1n v\u00e0 kh\u1ea3 n\u0103ng b\u1ea3o v\u1ec7 b\u00e1nh m\u00ec b\u00ean trong. \u0110\u00e2y l\u00e0 m\u1ed9t l\u1ef1a ch\u1ecdn tuy\u1ec7t v\u1eddi cho nh\u1eefng ai mu\u1ed1n n\u00e2ng cao \u0111\u1eb3ng c\u1ea5p \u0111\u00f3ng g\u00f3i b\u00e1nh m\u00ec Vi\u1ec7t Nam.<\/p>\n","protected":false},"excerpt":{"rendered":"<p>K\u00edch th\u01b0\u1edbc 9.5&#215;4.5x24cm, \u0111\u1ecbnh l\u01b0\u1ee3ng gi\u1ea5y 50gsm. Kh\u00e1m ph\u00e1 bao g\u00f3i b\u00e1nh m\u00ec \u0111\u1eb3ng c\u1ea5p m\u00e3 BMD_5659 \u0111\u01b0\u1ee3c l\u00e0m t\u1eeb gi\u1ea5y Kraft, n\u1ed5i b\u1eadt b\u1edfi s\u1ef1 \u0111\u1eb9p m\u1eaft v\u00e0 ch\u1ea5t l\u01b0\u1ee3ng xu\u1ea5t s\u1eafc, mang \u0111\u1ebfn gi\u1ea3i ph\u00e1p \u0111\u00f3ng g\u00f3i l\u00fd t\u01b0\u1edfng cho b\u00e1nh m\u00ec Vi\u1ec7t Nam.<\/p>\n","protected":false},"featured_media":940,"template":"","meta":[],"product_brand":[],"product_cat":[72],"product_tag":[],"class_list":{"0":"post-939","1":"product","2":"type-product","3":"status-publish","4":"has-post-thumbnail","6":"product_cat-san-pham-tui-banh-mi","8":"first","9":"instock","10":"virtual","11":"product-type-simple"},"_links":{"self":[{"href":"https:\/\/tuibanhmidep.com\/bai-viet\/wp-json\/wp\/v2\/product\/939","targetHints":{"allow":["GET"]}}],"collection":[{"href":"https:\/\/tuibanhmidep.com\/bai-viet\/wp-json\/wp\/v2\/product"}],"about":[{"href":"https:\/\/tuibanhmidep.com\/bai-viet\/wp-json\/wp\/v2\/types\/product"}],"wp:featuredmedia":[{"embeddable":true,"href":"https:\/\/tuibanhmidep.com\/bai-viet\/wp-json\/wp\/v2\/media\/940"}],"wp:attachment":[{"href":"https:\/\/tuibanhmidep.com\/bai-viet\/wp-json\/wp\/v2\/media?parent=939"}],"wp:term":[{"taxonomy":"product_brand","embeddable":true,"href":"https:\/\/tuibanhmidep.com\/bai-viet\/wp-json\/wp\/v2\/product_brand?post=939"},{"taxonomy":"product_cat","embeddable":true,"href":"https:\/\/tuibanhmidep.com\/bai-viet\/wp-json\/wp\/v2\/product_cat?post=939"},{"taxonomy":"product_tag","embeddable":true,"href":"https:\/\/tuibanhmidep.com\/bai-viet\/wp-json\/wp\/v2\/product_tag?post=939"}],"curies":[{"name":"wp","href":"https:\/\/api.w.org\/{rel}","templated":true}]}}