{"id":917,"date":"2024-05-06T14:35:09","date_gmt":"2024-05-06T07:35:09","guid":{"rendered":"https:\/\/tuibanhmidep.com\/bai-viet\/shop\/in-30000-bao-banh-mi-phong-cach-vintage-ma-bmd_6478-giay-tham-dau-sieu-hieu-qua-theo-yeu-cau\/"},"modified":"2024-05-06T14:35:09","modified_gmt":"2024-05-06T07:35:09","slug":"in-30000-bao-banh-mi-phong-cach-vintage-ma-bmd_6478-giay-tham-dau-sieu-hieu-qua-theo-yeu-cau","status":"publish","type":"product","link":"https:\/\/tuibanhmidep.com\/bai-viet\/shop\/in-30000-bao-banh-mi-phong-cach-vintage-ma-bmd_6478-giay-tham-dau-sieu-hieu-qua-theo-yeu-cau\/","title":{"rendered":"In 30000 bao b\u00e1nh m\u00ec phong c\u00e1ch vintage (m\u00e3 BMD_6478) gi\u1ea5y th\u1ea5m d\u1ea7u si\u00eau hi\u1ec7u qu\u1ea3 &#8211; theo y\u00eau c\u1ea7u"},"content":{"rendered":"<h2>Gi\u1edbi thi\u1ec7u v\u1ec1 bao b\u00e1nh m\u00ec m\u00e3 BMD_6478<\/h2>\n<p>Bao b\u00e1nh m\u00ec m\u00e3 BMD_6478 \u0111\u01b0\u1ee3c thi\u1ebft k\u1ebf theo phong c\u00e1ch vintage, l\u00e0m t\u1eeb lo\u1ea1i gi\u1ea5y an to\u00e0n cho th\u1ef1c ph\u1ea9m. V\u1edbi ch\u1ea5t li\u1ec7u gi\u1ea5y th\u1ea5m d\u1ea7u si\u00eau hi\u1ec7u qu\u1ea3, t\u00fai kh\u00f4ng ch\u1ec9 gi\u00fap b\u1ea3o qu\u1ea3n h\u01b0\u01a1ng v\u1ecb tuy\u1ec7t v\u1eddi c\u1ee7a \u1ed5 b\u00e1nh m\u00ec m\u00e0 c\u00f2n gi\u1eef cho ng\u01b0\u1eddi s\u1eed d\u1ee5ng kh\u00f4ng b\u1ecb d\u00ednh d\u1ea7u m\u1ee1. T\u00fai \u0111\u01b0\u1ee3c thi\u1ebft k\u1ebf g\u1ecdn g\u00e0ng, ho\u00e0n to\u00e0n kh\u00f4ng c\u00f3 quai x\u00e1ch, \u0111\u1ea3m b\u1ea3o ch\u1ec9 \u0111\u1ef1ng v\u1eeba m\u1ed9t \u1ed5 b\u00e1nh m\u00ec Vi\u1ec7t Nam.<\/p>\n<h3>\u01afu \u0111i\u1ec3m c\u1ee7a bao b\u00e1nh m\u00ec vintage<\/h3>\n<p><strong>Ch\u1ea5t li\u1ec7u gi\u1ea5y an to\u00e0n cho th\u1ef1c ph\u1ea9m<\/strong><br \/>\nGi\u1ea5y s\u1eed d\u1ee5ng cho bao b\u00e1nh m\u00ec m\u00e3 BMD_6478 ho\u00e0n to\u00e0n th\u00e2n thi\u1ec7n v\u1edbi m\u00f4i tr\u01b0\u1eddng v\u00e0 \u0111\u1ea3m b\u1ea3o an to\u00e0n th\u1ef1c ph\u1ea9m. \u0110i\u1ec1u n\u00e0y gi\u00fap b\u00e1nh m\u00ec gi\u1eef nguy\u00ean \u0111\u01b0\u1ee3c h\u01b0\u01a1ng v\u1ecb t\u1ef1 nhi\u00ean v\u00e0 an to\u00e0n cho s\u1ee9c kh\u1ecfe.<\/p>\n<p><strong>Gi\u1ea5y th\u1ea5m d\u1ea7u si\u00eau hi\u1ec7u qu\u1ea3<\/strong><br \/>\nNh\u1edd ch\u1ea5t li\u1ec7u gi\u1ea5y th\u1ea5m d\u1ea7u ch\u1ea5t l\u01b0\u1ee3ng cao, t\u00fai n\u00e0y gi\u00fap ng\u0103n d\u1ea7u m\u1ee1 t\u1eeb b\u00e1nh m\u00ec lan ra ngo\u00e0i. \u0110i\u1ec1u n\u00e0y \u0111\u1ea3m b\u1ea3o tr\u1ea3i nghi\u1ec7m s\u1eed d\u1ee5ng s\u1ea1ch s\u1ebd, kh\u00f4ng b\u1ea9n tay.<\/p>\n<p><strong>Thi\u1ebft k\u1ebf kh\u00f4ng quai x\u00e1ch<\/strong><br \/>\nThi\u1ebft k\u1ebf kh\u00f4ng quai x\u00e1ch gi\u00fap bao b\u00e1nh m\u00ec m\u00e3 BMD_6478 v\u1eeba v\u1eb7n \u0111\u1ec3 ch\u1ee9a m\u1ed9t \u1ed5 b\u00e1nh m\u00ec duy nh\u1ea5t, h\u1ea1n ch\u1ebf vi\u1ec7c l\u00e3ng ph\u00ed kh\u00f4ng gian v\u00e0 t\u00e0i nguy\u00ean.<\/p>\n<p><strong>K\u00edch th\u01b0\u1edbc ph\u00f9 h\u1ee3p v\u1edbi \u1ed5 b\u00e1nh m\u00ec Vi\u1ec7t Nam<\/strong><br \/>\nK\u00edch th\u01b0\u1edbc bao b\u00e1nh m\u00ec l\u00e0 9.5cm chi\u1ec1u ngang, 24.5cm chi\u1ec1u cao v\u00e0 hai b\u00ean h\u00f4ng r\u1ed9ng 4.5cm, v\u1eeba v\u1eb7n v\u1edbi k\u00edch th\u01b0\u1edbc c\u1ee7a m\u1ed9t \u1ed5 b\u00e1nh m\u00ec Vi\u1ec7t Nam.<\/p>\n<h3>T\u00ednh \u0111a d\u1ee5ng c\u1ee7a bao b\u00e1nh m\u00ec<\/h3>\n<p>Bao b\u00e1nh m\u00ec kh\u00f4ng ch\u1ec9 h\u1eefu \u00edch trong vi\u1ec7c ch\u1ee9a \u0111\u1ef1ng m\u1ed9t \u1ed5 b\u00e1nh m\u00ec duy nh\u1ea5t m\u00e0 c\u00f2n c\u00f3 th\u1ec3 \u0111\u01b0\u1ee3c s\u1eed d\u1ee5ng \u0111\u1ec3 g\u00f3i c\u00e1c lo\u1ea1i \u0111\u1ed3 \u0103n nhanh kh\u00e1c nh\u01b0 b\u00e1nh sandwich, b\u00e1nh cu\u1ed1n, hay th\u1eadm ch\u00ed l\u00e0 c\u00e1c lo\u1ea1i b\u00e1nh ng\u1ecdt. T\u00ednh \u0111a d\u1ee5ng n\u00e0y gi\u00fap bao b\u00e1nh m\u00ec m\u00e3 BMD_6478 tr\u1edf th\u00e0nh l\u1ef1a ch\u1ecdn tuy\u1ec7t v\u1eddi cho c\u00e1c c\u1eeda h\u00e0ng \u0111\u1ed3 \u0103n nhanh v\u00e0 b\u00e1nh m\u00ec.<\/p>\n","protected":false},"excerpt":{"rendered":"<p>K\u00edch th\u01b0\u1edbc 9.5&#215;4.5x24cm, \u0111\u1ecbnh l\u01b0\u1ee3ng gi\u1ea5y 50gsm. <\/p>\n","protected":false},"featured_media":918,"template":"","meta":[],"product_brand":[],"product_cat":[72],"product_tag":[],"class_list":{"0":"post-917","1":"product","2":"type-product","3":"status-publish","4":"has-post-thumbnail","6":"product_cat-san-pham-tui-banh-mi","8":"first","9":"instock","10":"virtual","11":"product-type-simple"},"_links":{"self":[{"href":"https:\/\/tuibanhmidep.com\/bai-viet\/wp-json\/wp\/v2\/product\/917","targetHints":{"allow":["GET"]}}],"collection":[{"href":"https:\/\/tuibanhmidep.com\/bai-viet\/wp-json\/wp\/v2\/product"}],"about":[{"href":"https:\/\/tuibanhmidep.com\/bai-viet\/wp-json\/wp\/v2\/types\/product"}],"wp:featuredmedia":[{"embeddable":true,"href":"https:\/\/tuibanhmidep.com\/bai-viet\/wp-json\/wp\/v2\/media\/918"}],"wp:attachment":[{"href":"https:\/\/tuibanhmidep.com\/bai-viet\/wp-json\/wp\/v2\/media?parent=917"}],"wp:term":[{"taxonomy":"product_brand","embeddable":true,"href":"https:\/\/tuibanhmidep.com\/bai-viet\/wp-json\/wp\/v2\/product_brand?post=917"},{"taxonomy":"product_cat","embeddable":true,"href":"https:\/\/tuibanhmidep.com\/bai-viet\/wp-json\/wp\/v2\/product_cat?post=917"},{"taxonomy":"product_tag","embeddable":true,"href":"https:\/\/tuibanhmidep.com\/bai-viet\/wp-json\/wp\/v2\/product_tag?post=917"}],"curies":[{"name":"wp","href":"https:\/\/api.w.org\/{rel}","templated":true}]}}