{"id":897,"date":"2024-05-06T13:59:14","date_gmt":"2024-05-06T06:59:14","guid":{"rendered":"https:\/\/tuibanhmidep.com\/bai-viet\/shop\/in-30000-tui-giay-banh-mi-tai-che-ma-bmd_1426-giay-mg-chong-tham-gia-re\/"},"modified":"2024-05-06T13:59:14","modified_gmt":"2024-05-06T06:59:14","slug":"in-30000-tui-giay-banh-mi-tai-che-ma-bmd_1426-giay-mg-chong-tham-gia-re","status":"publish","type":"product","link":"https:\/\/tuibanhmidep.com\/bai-viet\/shop\/in-30000-tui-giay-banh-mi-tai-che-ma-bmd_1426-giay-mg-chong-tham-gia-re\/","title":{"rendered":"In 30000 T\u00fai gi\u1ea5y b\u00e1nh m\u00ec t\u00e1i ch\u1ebf (m\u00e3 BMD_1426) gi\u1ea5y MG ch\u1ed1ng th\u1ea5m &#8211; gi\u00e1 r\u1ebb"},"content":{"rendered":"<h2>Gi\u1edbi thi\u1ec7u t\u00fai gi\u1ea5y b\u00e1nh m\u00ec t\u00e1i ch\u1ebf m\u00e3 BMD_1426<\/h2>\n<p>T\u00fai gi\u1ea5y b\u00e1nh m\u00ec t\u00e1i ch\u1ebf m\u00e3 BMD_1426 l\u00e0 m\u1ed9t s\u1ea3n ph\u1ea9m chuy\u00ean d\u1ee5ng \u0111\u01b0\u1ee3c l\u00e0m t\u1eeb gi\u1ea5y MG ch\u1ed1ng th\u1ea5m, gi\u00fap gi\u1eef g\u00ecn v\u00e0 b\u1ea3o v\u1ec7 b\u00e1nh m\u00ec Vi\u1ec7t Nam kh\u1ecfi b\u1ee5i b\u1ea9n v\u00e0 \u0111\u1ed9 \u1ea9m b\u00ean ngo\u00e0i. T\u00fai n\u00e0y \u0111\u01b0\u1ee3c s\u1ea3n xu\u1ea5t t\u1eeb nguy\u00ean li\u1ec7u gi\u1ea5y an to\u00e0n, \u0111\u1ea3m b\u1ea3o kh\u00f4ng ch\u1ee9a ch\u1ea5t \u0111\u1ed9c h\u1ea1i, gi\u00fap b\u1ea3o qu\u1ea3n th\u1ef1c ph\u1ea9m m\u1ed9t c\u00e1ch t\u1ed1t nh\u1ea5t. V\u1edbi gi\u00e1 th\u00e0nh h\u1ee3p l\u00fd, \u0111\u00e2y l\u00e0 l\u1ef1a ch\u1ecdn ph\u00f9 h\u1ee3p cho c\u00e1c ti\u1ec7m b\u00e1nh m\u00ec v\u00e0 ng\u01b0\u1eddi ti\u00eau d\u00f9ng quan t\u00e2m \u0111\u1ebfn y\u1ebfu t\u1ed1 m\u00f4i tr\u01b0\u1eddng.<\/p>\n<h3>\u0110\u1eb7c \u0111i\u1ec3m c\u1ee7a t\u00fai gi\u1ea5y b\u00e1nh m\u00ec BMD_1426<\/h3>\n<p><strong>K\u00edch th\u01b0\u1edbc v\u00e0 thi\u1ebft k\u1ebf:<\/strong><\/p>\n<p>T\u00fai c\u00f3 k\u00edch th\u01b0\u1edbc ph\u1ed5 bi\u1ebfn ngang 9.5cm, cao 24.5cm v\u00e0 r\u1ed9ng 4.5cm m\u1ed7i b\u00ean h\u00f4ng, v\u1eeba \u0111\u1ee7 \u0111\u1ec3 ch\u1ee9a m\u1ed9t \u1ed5 b\u00e1nh m\u00ec Vi\u1ec7t Nam. Thi\u1ebft k\u1ebf \u0111\u01a1n gi\u1ea3n nh\u01b0ng ch\u1eafc ch\u1eafn, kh\u00f4ng c\u00f3 quai x\u00e1ch, gi\u00fap kh\u00e1ch h\u00e0ng d\u1ec5 d\u00e0ng s\u1eed d\u1ee5ng m\u00e0 v\u1eabn b\u1ea3o \u0111\u1ea3m v\u1ec7 sinh an to\u00e0n th\u1ef1c ph\u1ea9m.<\/p>\n<p><strong>Nguy\u00ean li\u1ec7u an to\u00e0n:<\/strong><\/p>\n<p>\u0110\u01b0\u1ee3c s\u1ea3n xu\u1ea5t t\u1eeb gi\u1ea5y MG ch\u1ed1ng th\u1ea5m, t\u00fai b\u00e1nh m\u00ec n\u00e0y mang l\u1ea1i s\u1ef1 b\u1ea3o v\u1ec7 v\u01b0\u1ee3t tr\u1ed9i cho b\u00e1nh m\u00ec. Gi\u1ea5y MG \u0111\u1ea3m b\u1ea3o \u0111\u1ed9 an to\u00e0n khi ti\u1ebfp x\u00fac tr\u1ef1c ti\u1ebfp v\u1edbi th\u1ef1c ph\u1ea9m, gi\u00fap gi\u1eef nguy\u00ean ch\u1ea5t l\u01b0\u1ee3ng v\u00e0 h\u01b0\u01a1ng v\u1ecb c\u1ee7a b\u00e1nh m\u00ec trong su\u1ed1t th\u1eddi gian s\u1eed d\u1ee5ng.<\/p>\n<h3>L\u1ee3i \u00edch c\u1ee7a t\u00fai gi\u1ea5y b\u00e1nh m\u00ec t\u00e1i ch\u1ebf<\/h3>\n<p><strong>B\u1ea3o v\u1ec7 m\u00f4i tr\u01b0\u1eddng:<\/strong><\/p>\n<p>S\u1eed d\u1ee5ng t\u00fai gi\u1ea5y b\u00e1nh m\u00ec t\u00e1i ch\u1ebf l\u00e0 m\u1ed9t b\u01b0\u1edbc ti\u1ebfn l\u1edbn trong vi\u1ec7c b\u1ea3o v\u1ec7 m\u00f4i tr\u01b0\u1eddng. Ch\u00fang d\u1ec5 ph\u00e2n h\u1ee7y sinh h\u1ecdc v\u00e0 th\u00e2n thi\u1ec7n v\u1edbi m\u00f4i tr\u01b0\u1eddng, gi\u00fap gi\u1ea3m thi\u1ec3u r\u00e1c th\u1ea3i nh\u1ef1a.<\/p>\n<p><strong>Ti\u1ebft ki\u1ec7m chi ph\u00ed:<\/strong><\/p>\n<p>V\u1edbi gi\u00e1 th\u00e0nh r\u1ebb, t\u00fai gi\u1ea5y b\u00e1nh m\u00ec BMD_1426 l\u00e0 l\u1ef1a ch\u1ecdn kinh t\u1ebf cho c\u00e1c c\u1eeda h\u00e0ng b\u00e1nh m\u00ec v\u00e0 doanh nghi\u1ec7p trong ng\u00e0nh th\u1ef1c ph\u1ea9m.<\/p>\n<p><strong>Th\u00edch h\u1ee3p v\u1edbi c\u00e1c lo\u1ea1i b\u00e1nh m\u00ec Vi\u1ec7t Nam:<\/strong><\/p>\n<p>T\u00fai gi\u1ea5y b\u00e1nh m\u00ec n\u00e0y ph\u00f9 h\u1ee3p \u0111\u1ec3 ch\u1ee9a t\u1ea5t c\u1ea3 c\u00e1c lo\u1ea1i b\u00e1nh m\u00ec Vi\u1ec7t Nam, gi\u1eef nguy\u00ean h\u01b0\u01a1ng v\u1ecb \u0111\u1eb7c tr\u01b0ng v\u00e0 \u0111\u1ed9 gi\u00f2n c\u1ee7a v\u1ecf b\u00e1nh.<\/p>\n<h2>S\u1eed d\u1ee5ng t\u00fai gi\u1ea5y b\u00e1nh m\u00ec t\u00e1i ch\u1ebf hi\u1ec7u qu\u1ea3<\/h2>\n<p>\u0110\u1ec3 t\u1eadn d\u1ee5ng t\u1ed1i \u0111a l\u1ee3i \u00edch c\u1ee7a t\u00fai gi\u1ea5y b\u00e1nh m\u00ec BMD_1426, c\u1ea7n s\u1eed d\u1ee5ng s\u1ea3n ph\u1ea9m \u0111\u00fang c\u00e1ch. \u0110\u1ea3m b\u1ea3o b\u00e1nh m\u00ec \u0111\u01b0\u1ee3c b\u1ea3o qu\u1ea3n trong t\u00fai gi\u1ea5y MG ch\u1ed1ng th\u1ea5m ngay sau khi n\u01b0\u1edbng ho\u1eb7c ch\u1ebf bi\u1ebfn \u0111\u1ec3 gi\u1eef tr\u1ecdn h\u01b0\u01a1ng v\u1ecb. S\u1eed d\u1ee5ng t\u00fai m\u1ed9t l\u1ea7n duy nh\u1ea5t, tr\u00e1nh t\u00e1i s\u1eed d\u1ee5ng \u0111\u1ec3 \u0111\u1ea3m b\u1ea3o v\u1ec7 sinh an to\u00e0n th\u1ef1c ph\u1ea9m.<\/p>\n","protected":false},"excerpt":{"rendered":"<p>K\u00edch th\u01b0\u1edbc 9.5&#215;4.5x24cm, \u0111\u1ecbnh l\u01b0\u1ee3ng gi\u1ea5y 50gsm. T\u00fai gi\u1ea5y b\u00e1nh m\u00ec m\u00e3 BMD_1426, \u0111\u01b0\u1ee3c l\u00e0m t\u1eeb gi\u1ea5y MG ch\u1ed1ng th\u1ea5m, l\u00e0 l\u1ef1a ch\u1ecdn gi\u00e1 r\u1ebb cho vi\u1ec7c \u0111\u1ef1ng b\u00e1nh m\u00ec Vi\u1ec7t Nam. S\u1ea3n ph\u1ea9m kh\u00f4ng c\u00f3 quai x\u00e1ch, c\u00f3 k\u00edch th\u01b0\u1edbc v\u1eeba \u0111\u1ee7 \u0111\u1ec3 ch\u1ee9a m\u1ed9t \u1ed5 b\u00e1nh m\u00ec, \u0111\u01b0\u1ee3c thi\u1ebft k\u1ebf v\u1edbi k\u00edch th\u01b0\u1edbc ph\u1ed5 bi\u1ebfn ngang 9.5cm, cao 24.5cm v\u00e0 h\u00f4ng r\u1ed9ng 4.5cm.<\/p>\n","protected":false},"featured_media":898,"template":"","meta":[],"product_brand":[],"product_cat":[72],"product_tag":[],"class_list":{"0":"post-897","1":"product","2":"type-product","3":"status-publish","4":"has-post-thumbnail","6":"product_cat-san-pham-tui-banh-mi","8":"first","9":"instock","10":"virtual","11":"product-type-simple"},"_links":{"self":[{"href":"https:\/\/tuibanhmidep.com\/bai-viet\/wp-json\/wp\/v2\/product\/897","targetHints":{"allow":["GET"]}}],"collection":[{"href":"https:\/\/tuibanhmidep.com\/bai-viet\/wp-json\/wp\/v2\/product"}],"about":[{"href":"https:\/\/tuibanhmidep.com\/bai-viet\/wp-json\/wp\/v2\/types\/product"}],"wp:featuredmedia":[{"embeddable":true,"href":"https:\/\/tuibanhmidep.com\/bai-viet\/wp-json\/wp\/v2\/media\/898"}],"wp:attachment":[{"href":"https:\/\/tuibanhmidep.com\/bai-viet\/wp-json\/wp\/v2\/media?parent=897"}],"wp:term":[{"taxonomy":"product_brand","embeddable":true,"href":"https:\/\/tuibanhmidep.com\/bai-viet\/wp-json\/wp\/v2\/product_brand?post=897"},{"taxonomy":"product_cat","embeddable":true,"href":"https:\/\/tuibanhmidep.com\/bai-viet\/wp-json\/wp\/v2\/product_cat?post=897"},{"taxonomy":"product_tag","embeddable":true,"href":"https:\/\/tuibanhmidep.com\/bai-viet\/wp-json\/wp\/v2\/product_tag?post=897"}],"curies":[{"name":"wp","href":"https:\/\/api.w.org\/{rel}","templated":true}]}}