{"id":888,"date":"2024-05-04T06:16:13","date_gmt":"2024-05-03T23:16:13","guid":{"rendered":"https:\/\/tuibanhmidep.com\/bai-viet\/shop\/in-90000-tui-dung-banh-mi-ma-bmd_8323-giay-mg-gia-re-tiet-kiem\/"},"modified":"2024-05-04T06:16:13","modified_gmt":"2024-05-03T23:16:13","slug":"in-90000-tui-dung-banh-mi-ma-bmd_8323-giay-mg-gia-re-tiet-kiem","status":"publish","type":"product","link":"https:\/\/tuibanhmidep.com\/bai-viet\/shop\/in-90000-tui-dung-banh-mi-ma-bmd_8323-giay-mg-gia-re-tiet-kiem\/","title":{"rendered":"In 90000 T\u00fai \u0111\u1ef1ng b\u00e1nh m\u00ec (m\u00e3 BMD_8323) gi\u1ea5y MG &#8211; gi\u00e1 r\u1ebb ti\u1ebft ki\u1ec7m"},"content":{"rendered":"<h2>Gi\u1edbi thi\u1ec7u v\u1ec1 T\u00fai Gi\u1ea5y \u0110\u1ef1ng B\u00e1nh M\u00ec<\/h2>\n<p>Trong b\u1ed1i c\u1ea3nh ng\u00e0y c\u00e0ng c\u00f3 nhi\u1ec1u ng\u01b0\u1eddi ti\u00eau d\u00f9ng quan t\u00e2m \u0111\u1ebfn m\u00f4i tr\u01b0\u1eddng v\u00e0 s\u1ee9c kh\u1ecfe, vi\u1ec7c ch\u1ecdn l\u1ef1a bao b\u00ec th\u00e2n thi\u1ec7n v\u1edbi m\u00f4i tr\u01b0\u1eddng l\u00e0 v\u00f4 c\u00f9ng quan tr\u1ecdng. T\u00fai \u0111\u1ef1ng b\u00e1nh m\u00ec m\u00e3 BMD_8323 \u0111\u01b0\u1ee3c l\u00e0m t\u1eeb gi\u1ea5y MG kh\u00f4ng ch\u1ec9 \u0111\u00e1p \u1ee9ng \u0111\u01b0\u1ee3c nhu c\u1ea7u \u0111\u00f3ng g\u00f3i m\u00e0 c\u00f2n g\u00f3p ph\u1ea7n b\u1ea3o v\u1ec7 m\u00f4i tr\u01b0\u1eddng.<\/p>\n<h3>\u0110\u1eb7c \u0111i\u1ec3m K\u1ef9 Thu\u1eadt c\u1ee7a T\u00fai Gi\u1ea5y MG<\/h3>\n<p>T\u00fai gi\u1ea5y BMD_8323 \u0111\u01b0\u1ee3c thi\u1ebft k\u1ebf d\u00e0nh ri\u00eang cho b\u00e1nh m\u00ec Vi\u1ec7t Nam, v\u1edbi k\u00edch th\u01b0\u1edbc chu\u1ea9n l\u00e0 9.5 cm ngang, 24.5 cm cao v\u00e0 4.5 cm r\u1ed9ng m\u1ed7i b\u00ean. S\u1ea3n ph\u1ea9m n\u00e0y kh\u00f4ng c\u00f3 quai x\u00e1ch, t\u1ed1i gi\u1ea3n h\u00f3a thi\u1ebft k\u1ebf nh\u01b0ng v\u1eabn \u0111\u1ea3m b\u1ea3o t\u00ednh ti\u1ec7n d\u1ee5ng v\u00e0 th\u1ea9m m\u1ef9.<\/p>\n<p><strong>Ch\u1ea5t l\u01b0\u1ee3ng v\u00e0 An to\u00e0n Th\u1ef1c Ph\u1ea9m<\/strong><\/p>\n<p>T\u00fai gi\u1ea5y \u0111\u1ef1ng b\u00e1nh m\u00ec BMD_8323 \u0111\u01b0\u1ee3c s\u1ea3n xu\u1ea5t t\u1eeb ch\u1ea5t li\u1ec7u gi\u1ea5y MG cao c\u1ea5p, \u0111\u1ea3m b\u1ea3o an to\u00e0n cho th\u1ef1c ph\u1ea9m. \u0110i\u1ec1u n\u00e0y kh\u00f4ng ch\u1ec9 gi\u00fap b\u1ea3o v\u1ec7 s\u1ee9c kh\u1ecfe ng\u01b0\u1eddi ti\u00eau d\u00f9ng m\u00e0 c\u00f2n g\u00ecn gi\u1eef h\u01b0\u01a1ng v\u1ecb tuy\u1ec7t v\u1eddi c\u1ee7a b\u00e1nh m\u00ec trong su\u1ed1t qu\u00e1 tr\u00ecnh v\u1eadn chuy\u1ec3n hay b\u1ea3o qu\u1ea3n.<\/p>\n<h3>L\u1ee3i \u00edch Khi S\u1eed D\u1ee5ng T\u00fai Gi\u1ea5y BMD_8323<\/h3>\n<p>T\u00fai gi\u1ea5y \u0111\u1ef1ng b\u00e1nh m\u00ec kh\u00f4ng ch\u1ec9 l\u00e0 gi\u1ea3i ph\u00e1p \u0111\u00f3ng g\u00f3i ti\u1ec7n l\u1ee3i m\u00e0 c\u00f2n l\u00e0 l\u1ef1a ch\u1ecdn th\u00f4ng minh cho nh\u1eefng ai quan t\u00e2m \u0111\u1ebfn vi\u1ec7c gi\u1ea3m thi\u1ec3u r\u00e1c th\u1ea3i nh\u1ef1a. S\u1eed d\u1ee5ng t\u00fai gi\u1ea5y gi\u00fap gi\u1ea3m b\u1edbt l\u01b0\u1ee3ng r\u00e1c th\u1ea3i kh\u00f4ng ph\u00e2n h\u1ee7y, \u0111\u1ed3ng th\u1eddi khuy\u1ebfn kh\u00edch th\u00f3i quen ti\u00eau d\u00f9ng b\u1ec1n v\u1eefng trong c\u1ed9ng \u0111\u1ed3ng.<\/p>\n<p><strong>Ti\u1ebft Ki\u1ec7m Chi Ph\u00ed v\u1edbi Gi\u1ea3i Ph\u00e1p \u0110\u00f3ng G\u00f3i B\u1ec1n V\u1eefng<\/strong><\/p>\n<p>M\u1eb7c d\u00f9 l\u00e0 s\u1ea3n ph\u1ea9m ch\u1ea5t l\u01b0\u1ee3ng cao, t\u00fai gi\u1ea5y BMD_8323 l\u1ea1i c\u00f3 gi\u00e1 th\u00e0nh h\u1ee3p l\u00fd, ph\u00f9 h\u1ee3p v\u1edbi m\u1ecdi lo\u1ea1i h\u00ecnh kinh doanh t\u1eeb nh\u1ecf l\u1ebb \u0111\u1ebfn l\u1edbn. \u0110\u00e2y l\u00e0 l\u1ef1a ch\u1ecdn kinh t\u1ebf \u0111\u1ed3ng th\u1eddi th\u00e2n thi\u1ec7n v\u1edbi m\u00f4i tr\u01b0\u1eddng, gi\u00fap c\u00e1c doanh nghi\u1ec7p v\u1eeba ti\u1ebft ki\u1ec7m chi ph\u00ed v\u1eeba th\u1ef1c hi\u1ec7n tr\u00e1ch nhi\u1ec7m x\u00e3 h\u1ed9i c\u1ee7a m\u00ecnh.<\/p>\n","protected":false},"excerpt":{"rendered":"<p>K\u00edch th\u01b0\u1edbc 9.5&#215;4.5x24cm, \u0111\u1ecbnh l\u01b0\u1ee3ng gi\u1ea5y 50gsm. Kh\u00e1m ph\u00e1 gi\u1ea3i ph\u00e1p \u0111\u00f3ng g\u00f3i th\u00e2n thi\u1ec7n v\u1edbi m\u00f4i tr\u01b0\u1eddng cho b\u00e1nh m\u00ec Vi\u1ec7t Nam v\u1edbi t\u00fai gi\u1ea5y MG, m\u00e3 s\u1ea3n ph\u1ea9m BMD_8323, v\u1eeba an to\u00e0n l\u1ea1i c\u00f2n ti\u1ebft ki\u1ec7m chi ph\u00ed.<\/p>\n","protected":false},"featured_media":889,"template":"","meta":[],"product_brand":[],"product_cat":[72],"product_tag":[],"class_list":{"0":"post-888","1":"product","2":"type-product","3":"status-publish","4":"has-post-thumbnail","6":"product_cat-san-pham-tui-banh-mi","8":"first","9":"instock","10":"virtual","11":"product-type-simple"},"_links":{"self":[{"href":"https:\/\/tuibanhmidep.com\/bai-viet\/wp-json\/wp\/v2\/product\/888","targetHints":{"allow":["GET"]}}],"collection":[{"href":"https:\/\/tuibanhmidep.com\/bai-viet\/wp-json\/wp\/v2\/product"}],"about":[{"href":"https:\/\/tuibanhmidep.com\/bai-viet\/wp-json\/wp\/v2\/types\/product"}],"wp:featuredmedia":[{"embeddable":true,"href":"https:\/\/tuibanhmidep.com\/bai-viet\/wp-json\/wp\/v2\/media\/889"}],"wp:attachment":[{"href":"https:\/\/tuibanhmidep.com\/bai-viet\/wp-json\/wp\/v2\/media?parent=888"}],"wp:term":[{"taxonomy":"product_brand","embeddable":true,"href":"https:\/\/tuibanhmidep.com\/bai-viet\/wp-json\/wp\/v2\/product_brand?post=888"},{"taxonomy":"product_cat","embeddable":true,"href":"https:\/\/tuibanhmidep.com\/bai-viet\/wp-json\/wp\/v2\/product_cat?post=888"},{"taxonomy":"product_tag","embeddable":true,"href":"https:\/\/tuibanhmidep.com\/bai-viet\/wp-json\/wp\/v2\/product_tag?post=888"}],"curies":[{"name":"wp","href":"https:\/\/api.w.org\/{rel}","templated":true}]}}