{"id":882,"date":"2024-05-04T06:06:06","date_gmt":"2024-05-03T23:06:06","guid":{"rendered":"https:\/\/tuibanhmidep.com\/bai-viet\/shop\/in-20000-tui-giay-banh-mi-ma-bmd_2895-giay-thuc-pham-dep-va-gia-re\/"},"modified":"2024-05-04T06:06:06","modified_gmt":"2024-05-03T23:06:06","slug":"in-20000-tui-giay-banh-mi-ma-bmd_2895-giay-thuc-pham-dep-va-gia-re","status":"publish","type":"product","link":"https:\/\/tuibanhmidep.com\/bai-viet\/shop\/in-20000-tui-giay-banh-mi-ma-bmd_2895-giay-thuc-pham-dep-va-gia-re\/","title":{"rendered":"In 20000 T\u00fai gi\u1ea5y b\u00e1nh m\u00ec (m\u00e3 BMD_2895) gi\u1ea5y th\u1ef1c ph\u1ea9m &#8211; \u0111\u1eb9p v\u00e0 gi\u00e1 r\u1ebb"},"content":{"rendered":"<h2>Gi\u1edbi thi\u1ec7u T\u00fai Gi\u1ea5y B\u00e1nh M\u00ec BMD_2895<\/h2>\n<p><strong>\u0110\u1eb7c \u0111i\u1ec3m n\u1ed5i b\u1eadt c\u1ee7a t\u00fai gi\u1ea5y BMD_2895<\/strong><\/p>\n<p>T\u00fai gi\u1ea5y b\u00e1nh m\u00ec BMD_2895 \u0111\u01b0\u1ee3c s\u1ea3n xu\u1ea5t t\u1eeb lo\u1ea1i gi\u1ea5y an to\u00e0n cho th\u1ef1c ph\u1ea9m, \u0111\u1ea3m b\u1ea3o v\u1ec7 sinh v\u00e0 an to\u00e0n cho ng\u01b0\u1eddi ti\u00eau d\u00f9ng. S\u1ea3n ph\u1ea9m n\u00e0y l\u00e0 l\u1ef1a ch\u1ecdn tuy\u1ec7t v\u1eddi cho nh\u1eefng ai c\u1ea7n m\u1ed9t gi\u1ea3i ph\u00e1p \u0111\u1ef1ng b\u00e1nh m\u00ec kh\u00f4ng ch\u1ec9 th\u00e2n thi\u1ec7n v\u1edbi m\u00f4i tr\u01b0\u1eddng m\u00e0 c\u00f2n \u0111\u1ea3m b\u1ea3o s\u1ee9c kh\u1ecfe. T\u00fai kh\u00f4ng c\u00f3 quai x\u00e1ch, thi\u1ebft k\u1ebf \u0111\u01a1n gi\u1ea3n nh\u01b0ng hi\u1ec7u qu\u1ea3, gi\u00fap c\u1ea7m n\u1eafm v\u00e0 b\u1ea3o qu\u1ea3n b\u00e1nh m\u00ec d\u1ec5 d\u00e0ng h\u01a1n khi di chuy\u1ec3n.<\/p>\n<h3>Thi\u1ebft k\u1ebf Th\u00e2n thi\u1ec7n v\u1edbi M\u00f4i tr\u01b0\u1eddng v\u00e0 Ti\u1ec7n l\u1ee3i<\/h3>\n<p>T\u00fai gi\u1ea5y b\u00e1nh m\u00ec BMD_2895 \u0111\u01b0\u1ee3c thi\u1ebft k\u1ebf \u0111\u1ec3 ph\u00f9 h\u1ee3p ho\u00e0n to\u00e0n v\u1edbi nhu c\u1ea7u b\u1ea3o qu\u1ea3n m\u1ed9t \u1ed5 b\u00e1nh m\u00ec Vi\u1ec7t Nam. V\u1edbi k\u00edch th\u01b0\u1edbc ngang 9.5 cm, cao 24.5 cm v\u00e0 r\u1ed9ng 4.5 cm \u1edf m\u1ed7i b\u00ean, t\u00fai t\u1ea1o kh\u00f4ng gian \u0111\u1ee7 r\u1ed9ng \u0111\u1ec3 \u0111\u1ef1ng b\u00e1nh m\u00ec m\u00e0 kh\u00f4ng l\u00e0m \u1ea3nh h\u01b0\u1edfng \u0111\u1ebfn h\u00ecnh d\u1ea1ng hay \u0111\u1ed9 t\u01b0\u01a1i c\u1ee7a b\u00e1nh.<\/p>\n<h3>\u0110a d\u1ea1ng Trong \u1ee8ng d\u1ee5ng v\u00e0 T\u00ednh N\u0103ng<\/h3>\n<p>Ngo\u00e0i vi\u1ec7c \u0111\u01b0\u1ee3c s\u1eed d\u1ee5ng r\u1ed9ng r\u00e3i \u0111\u1ec3 \u0111\u1ef1ng b\u00e1nh m\u00ec, t\u00fai gi\u1ea5y BMD_2895 c\u00f2n c\u00f3 th\u1ec3 d\u00f9ng \u0111\u1ec3 ch\u1ee9a c\u00e1c lo\u1ea1i th\u1ef1c ph\u1ea9m kh\u00e1c m\u00e0 kh\u00f4ng lo ng\u1ea1i v\u1ea5n \u0111\u1ec1 an to\u00e0n th\u1ef1c ph\u1ea9m. T\u00fai n\u00e0y l\u00e0 m\u1ed9t l\u1ef1a ch\u1ecdn l\u00fd t\u01b0\u1edfng cho c\u00e1c c\u1eeda h\u00e0ng th\u1ee9c \u0103n nhanh, qu\u00e1n c\u00e0 ph\u00ea v\u00e0 nh\u1eefng n\u01a1i b\u00e1n th\u1ee9c \u0103n mang \u0111i nh\u1edd v\u00e0o kh\u1ea3 n\u0103ng th\u00e2n thi\u1ec7n v\u1edbi m\u00f4i tr\u01b0\u1eddng v\u00e0 ti\u1ec7n l\u1ee3i trong s\u1eed d\u1ee5ng.<\/p>\n<h3>L\u1ee3i \u00edch Kinh t\u1ebf v\u00e0 Th\u1ea9m m\u1ef9<\/h3>\n<p>Kh\u00f4ng ch\u1ec9 t\u1ed1t cho m\u00f4i tr\u01b0\u1eddng v\u00e0 an to\u00e0n trong s\u1eed d\u1ee5ng, t\u00fai gi\u1ea5y BMD_2895 c\u00f2n c\u00f3 gi\u00e1 th\u00e0nh ph\u1ea3i ch\u0103ng, l\u00e0m cho n\u00f3 tr\u1edf th\u00e0nh l\u1ef1a ch\u1ecdn kinh t\u1ebf cho nhi\u1ec1u doanh nghi\u1ec7p v\u00e0 c\u00e1 nh\u00e2n. Ngo\u00e0i ra, v\u1edbi thi\u1ebft k\u1ebf \u0111\u1eb9p m\u1eaft v\u00e0 tinh t\u1ebf, t\u00fai n\u00e0y c\u00f2n g\u00f3p ph\u1ea7n n\u00e2ng cao gi\u00e1 tr\u1ecb th\u1ea9m m\u1ef9 cho s\u1ea3n ph\u1ea9m, thu h\u00fat kh\u00e1ch h\u00e0ng ngay t\u1eeb c\u00e1i nh\u00ecn \u0111\u1ea7u ti\u00ean.<\/p>\n","protected":false},"excerpt":{"rendered":"<p>K\u00edch th\u01b0\u1edbc 9.5&#215;4.5x24cm, \u0111\u1ecbnh l\u01b0\u1ee3ng gi\u1ea5y 50gsm. Kh\u00e1m ph\u00e1 t\u00fai gi\u1ea5y b\u00e1nh m\u00ec BMD_2895, gi\u1ea3i ph\u00e1p b\u1ea3o v\u1ec7 m\u00f4i tr\u01b0\u1eddng v\u1edbi ch\u1ea5t l\u01b0\u1ee3ng v\u00e0 gi\u00e1 c\u1ea3 ph\u1ea3i ch\u0103ng, \u0111\u00e1p \u1ee9ng nhu c\u1ea7u \u0111\u1ef1ng b\u00e1nh m\u00ec an to\u00e0n cho th\u1ef1c ph\u1ea9m.<\/p>\n","protected":false},"featured_media":883,"template":"","meta":[],"product_brand":[],"product_cat":[72],"product_tag":[],"class_list":{"0":"post-882","1":"product","2":"type-product","3":"status-publish","4":"has-post-thumbnail","6":"product_cat-san-pham-tui-banh-mi","8":"first","9":"instock","10":"virtual","11":"product-type-simple"},"_links":{"self":[{"href":"https:\/\/tuibanhmidep.com\/bai-viet\/wp-json\/wp\/v2\/product\/882","targetHints":{"allow":["GET"]}}],"collection":[{"href":"https:\/\/tuibanhmidep.com\/bai-viet\/wp-json\/wp\/v2\/product"}],"about":[{"href":"https:\/\/tuibanhmidep.com\/bai-viet\/wp-json\/wp\/v2\/types\/product"}],"wp:featuredmedia":[{"embeddable":true,"href":"https:\/\/tuibanhmidep.com\/bai-viet\/wp-json\/wp\/v2\/media\/883"}],"wp:attachment":[{"href":"https:\/\/tuibanhmidep.com\/bai-viet\/wp-json\/wp\/v2\/media?parent=882"}],"wp:term":[{"taxonomy":"product_brand","embeddable":true,"href":"https:\/\/tuibanhmidep.com\/bai-viet\/wp-json\/wp\/v2\/product_brand?post=882"},{"taxonomy":"product_cat","embeddable":true,"href":"https:\/\/tuibanhmidep.com\/bai-viet\/wp-json\/wp\/v2\/product_cat?post=882"},{"taxonomy":"product_tag","embeddable":true,"href":"https:\/\/tuibanhmidep.com\/bai-viet\/wp-json\/wp\/v2\/product_tag?post=882"}],"curies":[{"name":"wp","href":"https:\/\/api.w.org\/{rel}","templated":true}]}}