{"id":870,"date":"2024-05-04T05:45:48","date_gmt":"2024-05-03T22:45:48","guid":{"rendered":"https:\/\/tuibanhmidep.com\/bai-viet\/shop\/in-100000-bao-goi-banh-mi-ma-bmd_5675-giay-mg-cuc-ky-chong-tham-gia-canh-tranh\/"},"modified":"2024-05-04T05:45:48","modified_gmt":"2024-05-03T22:45:48","slug":"in-100000-bao-goi-banh-mi-ma-bmd_5675-giay-mg-cuc-ky-chong-tham-gia-canh-tranh","status":"publish","type":"product","link":"https:\/\/tuibanhmidep.com\/bai-viet\/shop\/in-100000-bao-goi-banh-mi-ma-bmd_5675-giay-mg-cuc-ky-chong-tham-gia-canh-tranh\/","title":{"rendered":"In 100000 Bao g\u00f3i b\u00e1nh m\u00ec (m\u00e3 BMD_5675) gi\u1ea5y MG c\u1ef1c k\u1ef3 ch\u1ed1ng th\u1ea5m &#8211; gi\u00e1 c\u1ea1nh tranh"},"content":{"rendered":"<h2>Gi\u1edbi thi\u1ec7u v\u1ec1 t\u00fai gi\u1ea5y \u0111\u1ef1ng b\u00e1nh m\u00ec BMD_5675<\/h2>\n<p>T\u00fai gi\u1ea5y \u0111\u1ef1ng b\u00e1nh m\u00ec BMD_5675 l\u00e0 l\u1ef1a ch\u1ecdn l\u00fd t\u01b0\u1edfng cho vi\u1ec7c b\u1ea3o qu\u1ea3n v\u00e0 v\u1eadn chuy\u1ec3n b\u00e1nh m\u00ec Vi\u1ec7t Nam. S\u1ea3n ph\u1ea9m n\u00e0y \u0111\u01b0\u1ee3c l\u00e0m t\u1eeb gi\u1ea5y MG, m\u1ed9t lo\u1ea1i gi\u1ea5y chuy\u00ean d\u1ee5ng kh\u00f4ng ch\u1ec9 ch\u1ed1ng th\u1ea5m hi\u1ec7u qu\u1ea3 m\u00e0 c\u00f2n \u0111\u1ea3m b\u1ea3o an to\u00e0n tuy\u1ec7t \u0111\u1ed1i cho th\u1ef1c ph\u1ea9m.<\/p>\n<h3>T\u00ednh n\u0103ng ch\u1ed1ng th\u1ea5m n\u01b0\u1edbc \u01b0u vi\u1ec7t<\/h3>\n<p>Gi\u1ea5y MG \u0111\u01b0\u1ee3c s\u1eed d\u1ee5ng trong s\u1ea3n xu\u1ea5t t\u00fai b\u00e1nh m\u00ec BMD_5675 c\u00f3 kh\u1ea3 n\u0103ng ch\u1ed1ng th\u1ea5m n\u01b0\u1edbc v\u01b0\u1ee3t tr\u1ed9i, gi\u00fap gi\u1eef cho b\u00e1nh m\u00ec lu\u00f4n kh\u00f4 r\u00e1o v\u00e0 ngon mi\u1ec7ng. \u0110\u00e2y l\u00e0 \u0111i\u1ec3m n\u1ed5i b\u1eadt gi\u00fap s\u1ea3n ph\u1ea9m tr\u1edf th\u00e0nh s\u1ef1 l\u1ef1a ch\u1ecdn h\u00e0ng \u0111\u1ea7u cho c\u00e1c c\u1eeda h\u00e0ng v\u00e0 ng\u01b0\u1eddi ti\u00eau d\u00f9ng.<\/p>\n<h3>Thi\u1ebft k\u1ebf th\u00e2n thi\u1ec7n v\u1edbi m\u00f4i tr\u01b0\u1eddng<\/h3>\n<p>\u0110\u01b0\u1ee3c l\u00e0m ho\u00e0n to\u00e0n t\u1eeb nguy\u00ean li\u1ec7u t\u00e1i ch\u1ebf, t\u00fai gi\u1ea5y \u0111\u1ef1ng b\u00e1nh m\u00ec BMD_5675 kh\u00f4ng nh\u1eefng th\u00e2n thi\u1ec7n v\u1edbi m\u00f4i tr\u01b0\u1eddng m\u00e0 c\u00f2n g\u00f3p ph\u1ea7n gi\u1ea3m thi\u1ec3u r\u00e1c th\u1ea3i nh\u1ef1a. \u0110\u00e2y l\u00e0 gi\u1ea3i ph\u00e1p b\u1ea3o v\u1ec7 m\u00f4i tr\u01b0\u1eddng hi\u1ec7u qu\u1ea3, ph\u00f9 h\u1ee3p v\u1edbi xu h\u01b0\u1edbng ti\u00eau d\u00f9ng xanh hi\u1ec7n nay.<\/p>\n<p><strong>Th\u00f4ng s\u1ed1 k\u1ef9 thu\u1eadt v\u00e0 k\u00edch th\u01b0\u1edbc c\u1ee7a t\u00fai b\u00e1nh m\u00ec<\/strong><\/p>\n<p>T\u00fai gi\u1ea5y BMD_5675 c\u00f3 k\u00edch th\u01b0\u1edbc ngang 9.5cm, cao 24.5cm v\u00e0 s\u00e2u 4.5cm \u1edf m\u1ed7i b\u00ean, thi\u1ebft k\u1ebf t\u1ed1i \u01b0u \u0111\u1ec3 \u0111\u1ef1ng m\u1ed9t \u1ed5 b\u00e1nh m\u00ec Vi\u1ec7t Nam m\u00e0 kh\u00f4ng c\u1ea7n \u0111\u1ebfn quai x\u00e1ch.<\/p>\n<h3>S\u1ef1 l\u1ef1a ch\u1ecdn t\u1ed1i \u01b0u cho m\u1ecdi nhu c\u1ea7u<\/h3>\n<p>Kh\u00f4ng ch\u1ec9 ph\u00f9 h\u1ee3p cho vi\u1ec7c \u0111\u1ef1ng b\u00e1nh m\u00ec, t\u00fai gi\u1ea5y BMD_5675 c\u00f2n c\u00f3 th\u1ec3 s\u1eed d\u1ee5ng \u0111\u1ec3 \u0111\u1ef1ng c\u00e1c lo\u1ea1i th\u1ef1c ph\u1ea9m kh\u00e1c, nh\u1edd v\u00e0o t\u00ednh n\u0103ng ch\u1ed1ng th\u1ea5m v\u00e0 \u0111\u1ed9 an to\u00e0n c\u1ee7a gi\u1ea5y MG. \u0110\u00e2y l\u00e0 l\u1ef1a ch\u1ecdn l\u00fd t\u01b0\u1edfng cho c\u1ea3 c\u00e1c h\u1ed9 kinh doanh nh\u1ecf l\u1ebb v\u00e0 c\u00e1c chu\u1ed7i c\u1eeda h\u00e0ng l\u1edbn.<\/p>\n<h3>Gi\u00e1 c\u1ea3 c\u1ea1nh tranh, ph\u00f9 h\u1ee3p v\u1edbi m\u1ecdi \u0111\u1ed1i t\u01b0\u1ee3ng<\/h3>\n<p>V\u1edbi m\u1ee9c gi\u00e1 c\u1ea1nh tranh, t\u00fai gi\u1ea5y BMD_5675 l\u00e0 gi\u1ea3i ph\u00e1p kinh t\u1ebf cho nhu c\u1ea7u \u0111\u1ef1ng b\u00e1nh m\u00ec h\u00e0ng ng\u00e0y. S\u1ea3n ph\u1ea9m n\u00e0y kh\u00f4ng ch\u1ec9 \u0111\u1ea3m b\u1ea3o ch\u1ea5t l\u01b0\u1ee3ng m\u00e0 c\u00f2n \u0111\u00e1p \u1ee9ng xu h\u01b0\u1edbng ti\u00eau d\u00f9ng ti\u1ebft ki\u1ec7m v\u00e0 hi\u1ec7u qu\u1ea3.<\/p>\n","protected":false},"excerpt":{"rendered":"<p>K\u00edch th\u01b0\u1edbc 9.5&#215;4.5x24cm, \u0111\u1ecbnh l\u01b0\u1ee3ng gi\u1ea5y 50gsm. T\u00fai gi\u1ea5y \u0111\u1ef1ng b\u00e1nh m\u00ec MG &#8211; gi\u1ea3i ph\u00e1p b\u1ea3o qu\u1ea3n b\u00e1nh m\u00ec hi\u1ec7u qu\u1ea3 v\u1edbi gi\u00e1 th\u00e0nh c\u1ea1nh tranh, kh\u00f4ng th\u1ea5m n\u01b0\u1edbc, an to\u00e0n cho th\u1ef1c ph\u1ea9m.<\/p>\n","protected":false},"featured_media":871,"template":"","meta":[],"product_brand":[],"product_cat":[72],"product_tag":[],"class_list":{"0":"post-870","1":"product","2":"type-product","3":"status-publish","4":"has-post-thumbnail","6":"product_cat-san-pham-tui-banh-mi","8":"first","9":"instock","10":"virtual","11":"product-type-simple"},"_links":{"self":[{"href":"https:\/\/tuibanhmidep.com\/bai-viet\/wp-json\/wp\/v2\/product\/870","targetHints":{"allow":["GET"]}}],"collection":[{"href":"https:\/\/tuibanhmidep.com\/bai-viet\/wp-json\/wp\/v2\/product"}],"about":[{"href":"https:\/\/tuibanhmidep.com\/bai-viet\/wp-json\/wp\/v2\/types\/product"}],"wp:featuredmedia":[{"embeddable":true,"href":"https:\/\/tuibanhmidep.com\/bai-viet\/wp-json\/wp\/v2\/media\/871"}],"wp:attachment":[{"href":"https:\/\/tuibanhmidep.com\/bai-viet\/wp-json\/wp\/v2\/media?parent=870"}],"wp:term":[{"taxonomy":"product_brand","embeddable":true,"href":"https:\/\/tuibanhmidep.com\/bai-viet\/wp-json\/wp\/v2\/product_brand?post=870"},{"taxonomy":"product_cat","embeddable":true,"href":"https:\/\/tuibanhmidep.com\/bai-viet\/wp-json\/wp\/v2\/product_cat?post=870"},{"taxonomy":"product_tag","embeddable":true,"href":"https:\/\/tuibanhmidep.com\/bai-viet\/wp-json\/wp\/v2\/product_tag?post=870"}],"curies":[{"name":"wp","href":"https:\/\/api.w.org\/{rel}","templated":true}]}}