{"id":857,"date":"2024-05-04T05:23:07","date_gmt":"2024-05-03T22:23:07","guid":{"rendered":"https:\/\/tuibanhmidep.com\/bai-viet\/shop\/in-80000-tui-dung-banh-mi-ma-bmd_8565-giay-mg-gia-canh-tranh-toan-cau\/"},"modified":"2024-05-04T05:23:07","modified_gmt":"2024-05-03T22:23:07","slug":"in-80000-tui-dung-banh-mi-ma-bmd_8565-giay-mg-gia-canh-tranh-toan-cau","status":"publish","type":"product","link":"https:\/\/tuibanhmidep.com\/bai-viet\/shop\/in-80000-tui-dung-banh-mi-ma-bmd_8565-giay-mg-gia-canh-tranh-toan-cau\/","title":{"rendered":"In 80000 T\u00fai \u0111\u1ef1ng b\u00e1nh m\u00ec (m\u00e3 BMD_8565) gi\u1ea5y MG &#8211; gi\u00e1 c\u1ea1nh tranh to\u00e0n c\u1ea7u"},"content":{"rendered":"<h2>Gi\u1edbi thi\u1ec7u T\u00fai Gi\u1ea5y \u0110\u1ef1ng B\u00e1nh M\u00ec BMD_8565<\/h2>\n<p><strong>\u0110\u1ed9t ph\u00e1 trong ng\u00e0nh c\u00f4ng nghi\u1ec7p \u0111\u00f3ng g\u00f3i th\u1ef1c ph\u1ea9m<\/strong><\/p>\n<p>T\u00fai gi\u1ea5y BMD_8565 \u0111\u01b0\u1ee3c thi\u1ebft k\u1ebf \u0111\u1ec3 \u0111\u00e1p \u1ee9ng nhu c\u1ea7u \u0111\u00f3ng g\u00f3i b\u00e1nh m\u00ec hi\u1ec7u qu\u1ea3 m\u00e0 v\u1eabn \u0111\u1ea3m b\u1ea3o t\u00ednh th\u1ea9m m\u1ef9 cao. S\u1ea3n ph\u1ea9m n\u00e0y s\u1eed d\u1ee5ng gi\u1ea5y MG, m\u1ed9t lo\u1ea1i gi\u1ea5y ch\u1ea5t l\u01b0\u1ee3ng cao, an to\u00e0n cho th\u1ef1c ph\u1ea9m, gi\u00fap b\u1ea3o v\u1ec7 ch\u1ea5t l\u01b0\u1ee3ng c\u1ee7a b\u00e1nh m\u00ec trong su\u1ed1t qu\u00e1 tr\u00ecnh v\u1eadn chuy\u1ec3n v\u00e0 b\u1ea3o qu\u1ea3n.<\/p>\n<h3>T\u00ednh n\u0103ng N\u1ed5i B\u1eadt c\u1ee7a T\u00fai Gi\u1ea5y MG<\/h3>\n<p>T\u00fai gi\u1ea5y BMD_8565 kh\u00f4ng ch\u1ec9 s\u00e1ng gi\u00e1 v\u1ec1 m\u1eb7t th\u1ea9m m\u1ef9 m\u00e0 c\u00f2n v\u00f4 c\u00f9ng th\u1ef1c d\u1ee5ng trong vi\u1ec7c b\u1ea3o qu\u1ea3n b\u00e1nh m\u00ec. \u0110\u01b0\u1ee3c l\u00e0m ho\u00e0n to\u00e0n t\u1eeb gi\u1ea5y an to\u00e0n s\u1eed d\u1ee5ng cho th\u1ef1c ph\u1ea9m, s\u1ea3n ph\u1ea9m n\u00e0y kh\u00f4ng ch\u1ee9a c\u00e1c h\u00f3a ch\u1ea5t \u0111\u1ed9c h\u1ea1i, \u0111\u1ea3m b\u1ea3o an to\u00e0n t\u1ed1i \u0111a cho ng\u01b0\u1eddi ti\u00eau d\u00f9ng. H\u01a1n n\u1eefa, t\u00fai kh\u00f4ng c\u00f3 quai x\u00e1ch, gi\u00fap ti\u1ebft ki\u1ec7m kh\u00f4ng gian l\u01b0u tr\u1eef v\u00e0 d\u1ec5 d\u00e0ng x\u1ebfp ch\u1ed3ng trong qu\u00e1 tr\u00ecnh v\u1eadn chuy\u1ec3n.<\/p>\n<h3>K\u00edch Th\u01b0\u1edbc v\u00e0 Thi\u1ebft K\u1ebf T\u1ed1i \u01afu<\/h3>\n<p>V\u1edbi k\u00edch th\u01b0\u1edbc ngang 9.5 cm, cao 24.5 cm v\u00e0 \u0111\u1ed9 s\u00e2u 4.5 cm \u1edf m\u1ed7i b\u00ean, t\u00fai gi\u1ea5y BMD_8565 ph\u00f9 h\u1ee3p ho\u00e0n h\u1ea3o v\u1edbi c\u00e1c lo\u1ea1i b\u00e1nh m\u00ec Vi\u1ec7t Nam. Thi\u1ebft k\u1ebf kh\u00f4ng quai x\u00e1ch v\u00e0 k\u00edch th\u01b0\u1edbc ti\u00eau chu\u1ea9n gi\u00fap vi\u1ec7c \u0111\u00f3ng g\u00f3i tr\u1edf n\u00ean nhanh ch\u00f3ng v\u00e0 d\u1ec5 d\u00e0ng, th\u00edch h\u1ee3p cho c\u00e1c ho\u1ea1t \u0111\u1ed9ng b\u00e1n l\u1ebb nhanh v\u00e0 ti\u1ec7n l\u1ee3i.<\/p>\n<h3>Gi\u1ea3i Ph\u00e1p B\u1ea3o V\u1ec7 M\u00f4i Tr\u01b0\u1eddng<\/h3>\n<p><strong>Ti\u00ean phong trong s\u1eed d\u1ee5ng v\u1eadt li\u1ec7u b\u1ec1n v\u1eefng<\/strong><\/p>\n<p>T\u00fai gi\u1ea5y BMD_8565 l\u00e0 m\u1ed9t l\u1ef1a ch\u1ecdn tuy\u1ec7t v\u1eddi cho nh\u1eefng ai \u0111ang t\u00ecm ki\u1ebfm gi\u1ea3i ph\u00e1p \u0111\u00f3ng g\u00f3i th\u00e2n thi\u1ec7n v\u1edbi m\u00f4i tr\u01b0\u1eddng. S\u1ea3n ph\u1ea9m \u0111\u01b0\u1ee3c s\u1ea3n xu\u1ea5t t\u1eeb ngu\u1ed3n gi\u1ea5y t\u00e1i ch\u1ebf, g\u00f3p ph\u1ea7n gi\u1ea3m thi\u1ec3u r\u00e1c th\u1ea3i v\u00e0 \u00f4 nhi\u1ec5m, t\u1eeb \u0111\u00f3 h\u1ed7 tr\u1ee3 b\u1ea3o v\u1ec7 h\u00e0nh tinh c\u1ee7a ch\u00fang ta.<\/p>\n","protected":false},"excerpt":{"rendered":"<p>K\u00edch th\u01b0\u1edbc 9.5&#215;4.5x24cm, \u0111\u1ecbnh l\u01b0\u1ee3ng gi\u1ea5y 50gsm. Kh\u00e1m ph\u00e1 l\u1ef1a ch\u1ecdn t\u00fai gi\u1ea5y \u0111\u1ef1ng b\u00e1nh m\u00ec BMD_8565, gi\u1ea5y MG cao c\u1ea5p, \u0111em l\u1ea1i gi\u1ea3i ph\u00e1p \u0111\u00f3ng g\u00f3i th\u00e2n thi\u1ec7n v\u1edbi m\u00f4i tr\u01b0\u1eddng v\u00e0 gi\u00e1 c\u1ea3 c\u1ea1nh tranh to\u00e0n c\u1ea7u.<\/p>\n","protected":false},"featured_media":858,"template":"","meta":[],"product_brand":[],"product_cat":[72],"product_tag":[],"class_list":{"0":"post-857","1":"product","2":"type-product","3":"status-publish","4":"has-post-thumbnail","6":"product_cat-san-pham-tui-banh-mi","8":"first","9":"instock","10":"virtual","11":"product-type-simple"},"_links":{"self":[{"href":"https:\/\/tuibanhmidep.com\/bai-viet\/wp-json\/wp\/v2\/product\/857","targetHints":{"allow":["GET"]}}],"collection":[{"href":"https:\/\/tuibanhmidep.com\/bai-viet\/wp-json\/wp\/v2\/product"}],"about":[{"href":"https:\/\/tuibanhmidep.com\/bai-viet\/wp-json\/wp\/v2\/types\/product"}],"wp:featuredmedia":[{"embeddable":true,"href":"https:\/\/tuibanhmidep.com\/bai-viet\/wp-json\/wp\/v2\/media\/858"}],"wp:attachment":[{"href":"https:\/\/tuibanhmidep.com\/bai-viet\/wp-json\/wp\/v2\/media?parent=857"}],"wp:term":[{"taxonomy":"product_brand","embeddable":true,"href":"https:\/\/tuibanhmidep.com\/bai-viet\/wp-json\/wp\/v2\/product_brand?post=857"},{"taxonomy":"product_cat","embeddable":true,"href":"https:\/\/tuibanhmidep.com\/bai-viet\/wp-json\/wp\/v2\/product_cat?post=857"},{"taxonomy":"product_tag","embeddable":true,"href":"https:\/\/tuibanhmidep.com\/bai-viet\/wp-json\/wp\/v2\/product_tag?post=857"}],"curies":[{"name":"wp","href":"https:\/\/api.w.org\/{rel}","templated":true}]}}