{"id":845,"date":"2024-05-04T05:02:15","date_gmt":"2024-05-03T22:02:15","guid":{"rendered":"https:\/\/tuibanhmidep.com\/bai-viet\/shop\/in-10000-bao-goi-banh-mi-the-hien-dang-cap-ma-bmd_3720-giay-kraft-nhanh-chong-tien-loi\/"},"modified":"2024-05-04T05:02:15","modified_gmt":"2024-05-03T22:02:15","slug":"in-10000-bao-goi-banh-mi-the-hien-dang-cap-ma-bmd_3720-giay-kraft-nhanh-chong-tien-loi","status":"publish","type":"product","link":"https:\/\/tuibanhmidep.com\/bai-viet\/shop\/in-10000-bao-goi-banh-mi-the-hien-dang-cap-ma-bmd_3720-giay-kraft-nhanh-chong-tien-loi\/","title":{"rendered":"In 10000 Bao g\u00f3i b\u00e1nh m\u00ec th\u1ec3 hi\u1ec7n \u0111\u1eb3ng c\u1ea5p (m\u00e3 BMD_3720) gi\u1ea5y Kraft &#8211; nhanh ch\u00f3ng ti\u1ec7n l\u1ee3i"},"content":{"rendered":"<h2>Gi\u1edbi thi\u1ec7u v\u1ec1 t\u00fai gi\u1ea5y \u0111\u1ef1ng b\u00e1nh m\u00ec Kraft<\/h2>\n<p><strong>Thi\u1ebft k\u1ebf ti\u1ec7n l\u1ee3i v\u00e0 b\u1ec1n v\u1eefng<\/strong><\/p>\n<p>V\u1edbi xu h\u01b0\u1edbng ng\u00e0y c\u00e0ng t\u0103ng v\u1ec1 s\u1eed d\u1ee5ng s\u1ea3n ph\u1ea9m th\u00e2n thi\u1ec7n v\u1edbi m\u00f4i tr\u01b0\u1eddng, t\u00fai gi\u1ea5y \u0111\u1ef1ng b\u00e1nh m\u00ec \u0111\u01b0\u1ee3c l\u00e0m t\u1eeb gi\u1ea5y Kraft kh\u00f4ng ch\u1ec9 \u0111\u00e1p \u1ee9ng nhu c\u1ea7u b\u1ea3o v\u1ec7 m\u00f4i tr\u01b0\u1eddng m\u00e0 c\u00f2n mang \u0111\u1ebfn s\u1ef1 ti\u1ec7n l\u1ee3i t\u1ed1i \u0111a cho ng\u01b0\u1eddi ti\u00eau d\u00f9ng. S\u1ea3n ph\u1ea9m n\u00e0y \u0111\u1eb7c bi\u1ec7t th\u00edch h\u1ee3p \u0111\u1ec3 \u0111\u1ef1ng c\u00e1c lo\u1ea1i b\u00e1nh m\u00ec Vi\u1ec7t Nam v\u1edbi thi\u1ebft k\u1ebf kh\u00f4ng quai x\u00e1ch, k\u00edch th\u01b0\u1edbc chu\u1ea9n l\u00e0 ngang 9.5cm, cao 24.5cm v\u00e0 m\u1ed7i b\u00ean h\u00f4ng r\u1ed9ng 4.5cm.<\/p>\n<h3>T\u1ea1i sao n\u00ean ch\u1ecdn t\u00fai gi\u1ea5y Kraft cho b\u00e1nh m\u00ec?<\/h3>\n<p><strong>L\u00fd do ch\u1ecdn gi\u1ea5y Kraft<\/strong><\/p>\n<p>Gi\u1ea5y Kraft \u0111\u01b0\u1ee3c bi\u1ebft \u0111\u1ebfn v\u1edbi \u0111\u1ed9 b\u1ec1n cao v\u00e0 kh\u1ea3 n\u0103ng ph\u00e2n h\u1ee7y sinh h\u1ecdc t\u1ed1t, l\u00e0m gi\u1ea3m \u0111\u00e1ng k\u1ec3 l\u01b0\u1ee3ng r\u00e1c th\u1ea3i nh\u1ef1a. S\u1eed d\u1ee5ng t\u00fai gi\u1ea5y Kraft kh\u00f4ng ch\u1ec9 gi\u00fap c\u00e1c c\u1eeda h\u00e0ng th\u1ef1c ph\u1ea9m c\u1ea3i thi\u1ec7n h\u00ecnh \u1ea3nh th\u01b0\u01a1ng hi\u1ec7u c\u1ee7a m\u00ecnh m\u00e0 c\u00f2n g\u00f3p ph\u1ea7n v\u00e0o cu\u1ed9c chi\u1ebfn ch\u1ed1ng l\u1ea1i \u00f4 nhi\u1ec5m nh\u1ef1a.<\/p>\n<p><strong>Thi\u1ebft k\u1ebf \u0111a n\u0103ng v\u00e0 th\u1ea9m m\u1ef9<\/strong><\/p>\n<p>T\u00fai gi\u1ea5y \u0111\u1ef1ng b\u00e1nh m\u00ec Kraft kh\u00f4ng ch\u1ec9 l\u00e0 m\u1ed9t gi\u1ea3i ph\u00e1p \u0111\u1ef1ng b\u00e1nh m\u00ec an to\u00e0n cho th\u1ef1c ph\u1ea9m m\u00e0 c\u00f2n l\u00e0 m\u1ed9t ph\u1ea7n c\u1ee7a tr\u1ea3i nghi\u1ec7m th\u01b0\u01a1ng hi\u1ec7u v\u1edbi thi\u1ebft k\u1ebf tinh t\u1ebf v\u00e0 th\u1ea9m m\u1ef9 cao. Kh\u00f4ng c\u00f3 quai x\u00e1ch nh\u01b0ng t\u00fai v\u1eabn \u0111\u1ea3m b\u1ea3o d\u1ec5 d\u00e0ng c\u1ea7m n\u1eafm v\u00e0 mang \u0111i, \u0111i\u1ec1u n\u00e0y l\u00e0m t\u0103ng th\u00eam t\u00ednh ti\u1ec7n l\u1ee3i khi s\u1eed d\u1ee5ng.<\/p>\n<h3>B\u1ea3o v\u1ec7 m\u00f4i tr\u01b0\u1eddng v\u1edbi t\u00fai gi\u1ea5y \u0111\u1ef1ng b\u00e1nh m\u00ec<\/h3>\n<p><strong>H\u01b0\u1edbng t\u1edbi m\u1ed9t t\u01b0\u01a1ng lai xanh h\u01a1n<\/strong><\/p>\n<p>V\u1edbi m\u1ed7i quy\u1ebft \u0111\u1ecbnh chuy\u1ec3n t\u1eeb t\u00fai nh\u1ef1a sang t\u00fai gi\u1ea5y, ch\u00fang ta \u0111ang l\u00e0m gi\u1ea3m b\u1edbt t\u00e1c \u0111\u1ed9ng ti\u00eau c\u1ef1c \u0111\u1ebfn m\u00f4i tr\u01b0\u1eddng. T\u00fai gi\u1ea5y Kraft c\u00f3 kh\u1ea3 n\u0103ng ph\u00e2n h\u1ee7y sinh h\u1ecdc, t\u1eeb \u0111\u00f3 gi\u1ea3m thi\u1ec3u l\u01b0\u1ee3ng r\u00e1c th\u1ea3i nh\u1ef1a v\u00e0 g\u00f3p ph\u1ea7n v\u00e0o vi\u1ec7c b\u1ea3o v\u1ec7 h\u00e0nh tinh c\u1ee7a ch\u00fang ta.<\/p>\n<h3>C\u00e1c l\u1ee3i \u00edch kh\u00f4ng ng\u1edd t\u1eeb vi\u1ec7c s\u1eed d\u1ee5ng t\u00fai gi\u1ea5y \u0111\u1ef1ng b\u00e1nh m\u00ec<\/h3>\n<p><strong>L\u1ee3i \u00edch v\u1ec1 m\u1eb7t s\u1ee9c kh\u1ecfe v\u00e0 an to\u00e0n th\u1ef1c ph\u1ea9m<\/strong><\/p>\n<p>T\u00fai gi\u1ea5y \u0111\u1ef1ng b\u00e1nh m\u00ec Kraft \u0111\u1ea3m b\u1ea3o an to\u00e0n th\u1ef1c ph\u1ea9m t\u1ed1i \u0111a do kh\u00f4ng ch\u1ee9a c\u00e1c ch\u1ea5t \u0111\u1ed9c h\u1ea1i c\u00f3 trong nhi\u1ec1u lo\u1ea1i bao b\u00ec nh\u1ef1a. S\u1eed d\u1ee5ng t\u00fai gi\u1ea5y gi\u00fap gi\u1ea3m ti\u1ebfp x\u00fac v\u1edbi c\u00e1c h\u00f3a ch\u1ea5t c\u00f3 th\u1ec3 \u1ea3nh h\u01b0\u1edfng \u0111\u1ebfn s\u1ee9c kh\u1ecfe khi ti\u1ebfp<\/p>\n<p> x\u00fac v\u1edbi th\u1ef1c ph\u1ea9m.<\/p>\n","protected":false},"excerpt":{"rendered":"<p>K\u00edch th\u01b0\u1edbc 9.5&#215;4.5x24cm, \u0111\u1ecbnh l\u01b0\u1ee3ng gi\u1ea5y 50gsm. Kh\u00e1m ph\u00e1 s\u1ea3n ph\u1ea9m t\u00fai gi\u1ea5y \u0111\u1ef1ng b\u00e1nh m\u00ec t\u1eeb gi\u1ea5y Kraft, gi\u1ea3i ph\u00e1p \u0111\u00f3ng g\u00f3i b\u00e1nh m\u00ec th\u00e2n thi\u1ec7n v\u1edbi m\u00f4i tr\u01b0\u1eddng, ti\u1ec7n l\u1ee3i v\u00e0 th\u1eddi th\u01b0\u1ee3ng.<\/p>\n","protected":false},"featured_media":846,"template":"","meta":[],"product_brand":[],"product_cat":[72],"product_tag":[],"class_list":{"0":"post-845","1":"product","2":"type-product","3":"status-publish","4":"has-post-thumbnail","6":"product_cat-san-pham-tui-banh-mi","8":"first","9":"instock","10":"virtual","11":"product-type-simple"},"_links":{"self":[{"href":"https:\/\/tuibanhmidep.com\/bai-viet\/wp-json\/wp\/v2\/product\/845","targetHints":{"allow":["GET"]}}],"collection":[{"href":"https:\/\/tuibanhmidep.com\/bai-viet\/wp-json\/wp\/v2\/product"}],"about":[{"href":"https:\/\/tuibanhmidep.com\/bai-viet\/wp-json\/wp\/v2\/types\/product"}],"wp:featuredmedia":[{"embeddable":true,"href":"https:\/\/tuibanhmidep.com\/bai-viet\/wp-json\/wp\/v2\/media\/846"}],"wp:attachment":[{"href":"https:\/\/tuibanhmidep.com\/bai-viet\/wp-json\/wp\/v2\/media?parent=845"}],"wp:term":[{"taxonomy":"product_brand","embeddable":true,"href":"https:\/\/tuibanhmidep.com\/bai-viet\/wp-json\/wp\/v2\/product_brand?post=845"},{"taxonomy":"product_cat","embeddable":true,"href":"https:\/\/tuibanhmidep.com\/bai-viet\/wp-json\/wp\/v2\/product_cat?post=845"},{"taxonomy":"product_tag","embeddable":true,"href":"https:\/\/tuibanhmidep.com\/bai-viet\/wp-json\/wp\/v2\/product_tag?post=845"}],"curies":[{"name":"wp","href":"https:\/\/api.w.org\/{rel}","templated":true}]}}