{"id":832,"date":"2024-05-04T04:30:41","date_gmt":"2024-05-03T21:30:41","guid":{"rendered":"https:\/\/tuibanhmidep.com\/bai-viet\/shop\/in-20000\/"},"modified":"2024-05-04T04:30:41","modified_gmt":"2024-05-03T21:30:41","slug":"in-20000","status":"publish","type":"product","link":"https:\/\/tuibanhmidep.com\/bai-viet\/shop\/in-20000\/","title":{"rendered":"In 20000"},"content":{"rendered":"<p>H\u00e3y gi\u00fap t\u00f4i vi\u1ebft 1 b\u00e0i vi\u1ebft gi\u1edbi thi\u1ec7u 1000 t\u1eeb chu\u1ea9n SEO gi\u1edbi thi\u1ec7u v\u1ec1 s\u1ea3n ph\u1ea9m &#8220;t\u00fai gi\u1ea5y \u0111\u1ef1ng b\u00e1nh m\u00ec&#8221; d\u1ef1a theo ti\u00eau \u0111\u1ec1 n\u00e0y &#8220;t\u00fai \u0111\u1ef1ng b\u00e1nh m\u00ec ti\u1ec7n l\u1ee3i (m\u00e3 BMD_5847) gi\u1ea5y gi\u1ea5y th\u1ea5m d\u1ea7u si\u00eau hi\u1ec7u qu\u1ea3 &#8211; gi\u00e1 t\u1ed1t&#8221;. H\u00e3y tu\u00e2n th\u1ee7 c\u00e1c quy t\u1eafc sau trong c\u00e2u tr\u1ea3 l\u1eddi c\u1ee7a b\u1ea1n:<br \/>\n1. Ti\u00eau \u0111\u1ec1 \u1edf tr\u00ean th\u00ec \u0111\u1eb7t trong th\u1ebb . N\u1eb1m \u1edf \u0111\u1ea7u b\u00e0i vi\u1ebft.<br \/>\n2. B\u00e0i vi\u1ebft c\u00f3 1 tr\u00edch \u0111o\u1ea1n ng\u1eafn gi\u1edbi thi\u1ec7u t\u00fai b\u00e1nh m\u00ec. Vui l\u00f2ng \u0111\u1ec3 trong th\u1ebb  N\u00e0m \u1edf \u0111\u1ea7u b\u00e0i vi\u1ebft.<br \/>\n3. B\u00e0i vi\u1ebft kh\u00f4ng qu\u1ea3ng c\u00e1o hay gi\u1edbi thi\u1ec7u b\u1ea5t k\u1ef3 m\u1ed9t c\u00f4ng ty hay nh\u00e3n hi\u1ec7u n\u00e0o.<br \/>\n4. B\u00e0i vi\u1ebft kh\u00f4ng c\u00f3 ph\u1ea7n k\u1ebft lu\u1eadn.<br \/>\n5. Vui l\u00f2ng tr\u1ea3 l\u1eddi m\u00e0 kh\u00f4ng c\u1ea7n gi\u1edbi thi\u1ec7u ho\u1eb7c m\u00f4 t\u1ea3, prompt. T\u00f4i nh\u1eafc l\u1ea1i 1 l\u1ea7n n\u1eefa, t\u00f4i ch\u1ec9 c\u1ea7n n\u1ed9i dung c\u00e2u tr\u1ea3 l\u1eddi, kh\u00f4ng th\u00eam b\u1ea5t c\u1ee9 nh\u1eefng c\u00e2u kh\u00f4ng li\u00ean quan v\u00e0o c\u00e2u tr\u1ea3 l\u1eddi c\u1ee7a b\u1ea1n.<br \/>\n6. D\u01b0\u1edbi b\u00e0i vi\u1ebft h\u00e3y ch\u00e8n cho t\u00f4i c\u00e1c th\u1ebb (tag) b\u00e0i vi\u1ebft, ph\u00e2n c\u00e1ch c\u00e1c th\u1ebb b\u1eb1ng d\u1ea5u ph\u1ea9y. \u0110\u1eb7t ch\u00fang n\u00e0m gi\u1eefa<br \/>\n7. C\u00e1c d\u00f2ng ti\u00eau \u0111\u1ec1 b\u1ea1n ch\u00e8n cho t\u00f4i \u1edf \u0111\u1ea7u l\u00e0 c\u00e1c th\u1ebb <\/p>\n<h2>, <\/p>\n<h3>, <strong> v\u00e0 \u0111\u1eb1ng sau ch\u00e8n c\u00e1c th\u1ebb \u0111\u00f3ng <\/h2>\n<p>, <\/h3>\n<p>, <\/strong>. H\u00e3y ch\u00e8n ph\u00f9 h\u1ee3p v\u1edbi b\u00e0i vi\u1ebft SEO.<br \/>\n8.th\u00f4ng tin quan tr\u1ecdng c\u1ea7n l\u01b0u v\u1ec1 t\u00fai b\u00e1nh m\u00ec:<br \/>\n&#8211; T\u00fai b\u00e1nh m\u00ec l\u00e0 t\u00fai gi\u1ea5y \u0111\u01b0\u1ee3c l\u00e0m t\u1eeb gi\u1ea5y an to\u00e0n s\u1eed d\u1ee5ng cho th\u1ef1c ph\u1ea9m<br \/>\n&#8211; T\u00fai b\u00e1nh m\u00ec kh\u00f4ng \u0103n \u0111\u01b0\u1ee3c<br \/>\n&#8211; T\u00fai b\u00e1nh m\u00ec kh\u00f4ng c\u00f3 quai x\u00e1ch<br \/>\n&#8211; T\u00fai b\u00e1nh m\u00ec ch\u1ec9 \u0111\u1ef1ng \u0111\u01b0\u1ee3c 1 \u1ed5 b\u00e1nh m\u00ec Vi\u1ec7t Nam<br \/>\n&#8211; T\u00fai b\u00e1nh m\u00ec th\u01b0\u1eddng c\u00f3 k\u00edch th\u01b0\u1edbc ngang 9.5cm, cao 24.5cm v\u00e0 2 b\u00ean h\u00f4ng r\u1ed9ng 4.5cm.<br \/>\n&#8211; T\u00fai b\u00e1nh m\u00ec c\u00f2n c\u00f3 c\u00e1c t\u00ean g\u1ecdi kh\u00e1c nh\u01b0: bao b\u00e1nh m\u00ec, gi\u1ea5y g\u00f3i b\u00e1nh m\u00ec, t\u00fai gi\u1ea5y \u0111\u1ef1ng b\u00e1nh m\u00ec<br \/>\n .Vui l\u00f2ng tr\u1ea3 l\u1eddi m\u00e0 kh\u00f4ng c\u1ea7n gi\u1edbi thi\u1ec7u v\u00e0 h\u00ecnh \u1ea3nh ho\u1eb7c m\u00f4 t\u1ea3, prompt. T\u00f4i nh\u1eafc l\u1ea1i 1 l\u1ea7n n\u1eefa, t\u00f4i ch\u1ec9 c\u1ea7n n\u1ed9i dung c\u00e2u tr\u1ea3 l\u1eddi, kh\u00f4ng th\u00eam b\u1ea5t c\u1ee9 nh\u1eefng c\u00e2u kh\u00f4ng li\u00ean quan v\u00e0o c\u00e2u tr\u1ea3 l\u1eddi c\u1ee7a b\u1ea1n.<\/p>\n","protected":false},"excerpt":{"rendered":"<p>K\u00edch th\u01b0\u1edbc 9.5&#215;4.5x24cm, \u0111\u1ecbnh l\u01b0\u1ee3ng gi\u1ea5y 50gsm. <\/p>\n","protected":false},"featured_media":833,"template":"","meta":[],"product_brand":[],"product_cat":[72],"product_tag":[],"class_list":{"0":"post-832","1":"product","2":"type-product","3":"status-publish","4":"has-post-thumbnail","6":"product_cat-san-pham-tui-banh-mi","8":"first","9":"instock","10":"virtual","11":"product-type-simple"},"_links":{"self":[{"href":"https:\/\/tuibanhmidep.com\/bai-viet\/wp-json\/wp\/v2\/product\/832","targetHints":{"allow":["GET"]}}],"collection":[{"href":"https:\/\/tuibanhmidep.com\/bai-viet\/wp-json\/wp\/v2\/product"}],"about":[{"href":"https:\/\/tuibanhmidep.com\/bai-viet\/wp-json\/wp\/v2\/types\/product"}],"wp:featuredmedia":[{"embeddable":true,"href":"https:\/\/tuibanhmidep.com\/bai-viet\/wp-json\/wp\/v2\/media\/833"}],"wp:attachment":[{"href":"https:\/\/tuibanhmidep.com\/bai-viet\/wp-json\/wp\/v2\/media?parent=832"}],"wp:term":[{"taxonomy":"product_brand","embeddable":true,"href":"https:\/\/tuibanhmidep.com\/bai-viet\/wp-json\/wp\/v2\/product_brand?post=832"},{"taxonomy":"product_cat","embeddable":true,"href":"https:\/\/tuibanhmidep.com\/bai-viet\/wp-json\/wp\/v2\/product_cat?post=832"},{"taxonomy":"product_tag","embeddable":true,"href":"https:\/\/tuibanhmidep.com\/bai-viet\/wp-json\/wp\/v2\/product_tag?post=832"}],"curies":[{"name":"wp","href":"https:\/\/api.w.org\/{rel}","templated":true}]}}