{"id":827,"date":"2024-05-04T03:50:34","date_gmt":"2024-05-03T20:50:34","guid":{"rendered":"https:\/\/tuibanhmidep.com\/bai-viet\/shop\/in-10000-tui-dung-banh-mi-cach-dieu-ma-bmd_1492-giay-mg-chong-tham-thiet-ke-mien-phi-doc-dao\/"},"modified":"2024-05-04T03:50:34","modified_gmt":"2024-05-03T20:50:34","slug":"in-10000-tui-dung-banh-mi-cach-dieu-ma-bmd_1492-giay-mg-chong-tham-thiet-ke-mien-phi-doc-dao","status":"publish","type":"product","link":"https:\/\/tuibanhmidep.com\/bai-viet\/shop\/in-10000-tui-dung-banh-mi-cach-dieu-ma-bmd_1492-giay-mg-chong-tham-thiet-ke-mien-phi-doc-dao\/","title":{"rendered":"In 10000 T\u00fai \u0110\u1ef1ng B\u00e1nh M\u00ec C\u00e1ch \u0110i\u1ec7u (M\u00e3 BMD_1492) Gi\u1ea5y MG Ch\u1ed1ng Th\u1ea5m &#8211; Thi\u1ebft K\u1ebf Mi\u1ec5n Ph\u00ed \u0110\u1ed9c \u0110\u00e1o"},"content":{"rendered":"<h2>T\u00fai \u0110\u1ef1ng B\u00e1nh M\u00ec C\u00e1ch \u0110i\u1ec7u BMD_1492: S\u1ef1 L\u1ef1a Ch\u1ecdn Ho\u00e0n H\u1ea3o<\/h2>\n<p>B\u1ea1n \u0111ang t\u00ecm ki\u1ebfm m\u1ed9t gi\u1ea3i ph\u00e1p \u0111\u00f3ng g\u00f3i b\u00e1nh m\u00ec m\u1ed9t c\u00e1ch sang tr\u1ecdng v\u00e0 chuy\u00ean nghi\u1ec7p? T\u00fai \u0111\u1ef1ng b\u00e1nh m\u00ec c\u00e1ch \u0111i\u1ec7u m\u00e3 BMD_1492 l\u00e0 s\u1ef1 l\u1ef1a ch\u1ecdn ho\u00e0n h\u1ea3o. V\u1edbi ch\u1ea5t li\u1ec7u gi\u1ea5y MG ch\u1ed1ng th\u1ea5m an to\u00e0n cho th\u1ef1c ph\u1ea9m, s\u1ea3n ph\u1ea9m c\u1ee7a b\u1ea1n s\u1ebd \u0111\u01b0\u1ee3c b\u1ea3o qu\u1ea3n t\u1ed1t v\u00e0 gi\u1eef \u0111\u01b0\u1ee3c h\u01b0\u01a1ng v\u1ecb t\u1ef1 nhi\u00ean. \u0110\u1eb7c bi\u1ec7t, thi\u1ebft k\u1ebf mi\u1ec5n ph\u00ed \u0111\u1ed9c \u0111\u00e1o gi\u00fap s\u1ea3n ph\u1ea9m c\u1ee7a b\u1ea1n n\u1ed5i b\u1eadt v\u00e0 thu h\u00fat ngay t\u1eeb c\u00e1i nh\u00ecn \u0111\u1ea7u ti\u00ean.<\/p>\n<h3>Ch\u1ea5t Li\u1ec7u An To\u00e0n Cho Th\u1ef1c Ph\u1ea9m<\/h3>\n<p>T\u00fai \u0111\u1ef1ng b\u00e1nh m\u00ec m\u00e3 BMD_1492 \u0111\u01b0\u1ee3c l\u00e0m t\u1eeb ch\u1ea5t li\u1ec7u gi\u1ea5y MG ch\u1ed1ng th\u1ea5m, \u0111\u1ea3m b\u1ea3o an to\u00e0n cho th\u1ef1c ph\u1ea9m v\u00e0 b\u1ea3o qu\u1ea3n \u0111\u01b0\u1ee3c b\u00e1nh m\u00ec m\u1ed9t c\u00e1ch t\u1ed1t nh\u1ea5t. Kh\u00f4ng ch\u1ec9 \u0111\u1ea3m b\u1ea3o s\u1ef1 t\u01b0\u01a1i ngon c\u1ee7a b\u00e1nh m\u00ec m\u00e0 c\u00f2n \u0111\u1ea3m b\u1ea3o an to\u00e0n cho s\u1ee9c kh\u1ecfe c\u1ee7a ng\u01b0\u1eddi ti\u00eau d\u00f9ng.<\/p>\n<h3>Thi\u1ebft K\u1ebf Mi\u1ec5n Ph\u00ed \u0110\u1ed9c \u0110\u00e1o<\/h3>\n<p>V\u1edbi t\u00fai \u0111\u1ef1ng b\u00e1nh m\u00ec c\u00e1ch \u0111i\u1ec7u BMD_1492, b\u1ea1n kh\u00f4ng ch\u1ec9 c\u00f3 \u0111\u01b0\u1ee3c ch\u1ea5t l\u01b0\u1ee3ng v\u01b0\u1ee3t tr\u1ed9i m\u00e0 c\u00f2n \u0111\u01b0\u1ee3c t\u1eadn h\u01b0\u1edfng d\u1ecbch v\u1ee5 thi\u1ebft k\u1ebf mi\u1ec5n ph\u00ed \u0111\u1ed9c \u0111\u00e1o. \u0110\u1ed9i ng\u0169 thi\u1ebft k\u1ebf chuy\u00ean nghi\u1ec7p s\u1ebd t\u1ea1o ra m\u1ed9t m\u1eabu t\u00fai \u0111\u1ed9c \u0111\u00e1o v\u00e0 ph\u00f9 h\u1ee3p v\u1edbi phong c\u00e1ch kinh doanh c\u1ee7a b\u1ea1n, gi\u00fap s\u1ea3n ph\u1ea9m c\u1ee7a b\u1ea1n n\u1ed5i b\u1eadt tr\u00ean k\u1ec7 h\u00e0ng.<\/p>\n<h3>Th\u00f4ng Tin K\u00edch Th\u01b0\u1edbc<\/h3>\n<p>T\u00fai \u0111\u1ef1ng b\u00e1nh m\u00ec c\u00e1ch \u0111i\u1ec7u BMD_1492 th\u01b0\u1eddng c\u00f3 k\u00edch th\u01b0\u1edbc ngang 9.5cm, cao 24.5cm v\u00e0 2 b\u00ean h\u00f4ng r\u1ed9ng 4.5cm, ph\u00f9 h\u1ee3p cho vi\u1ec7c \u0111\u1ef1ng m\u1ed9t \u1ed5 b\u00e1nh m\u00ec Vi\u1ec7t Nam.<\/p>\n<h3>C\u00e1c T\u00ean G\u1ecdi Kh\u00e1c<\/h3>\n<p>Ngo\u00e0i t\u00ean g\u1ecdi &#8220;t\u00fai \u0111\u1ef1ng b\u00e1nh m\u00ec c\u00e1ch \u0111i\u1ec7u&#8221;, s\u1ea3n ph\u1ea9m c\u00f2n \u0111\u01b0\u1ee3c bi\u1ebft \u0111\u1ebfn v\u1edbi c\u00e1c t\u00ean g\u1ecdi kh\u00e1c nh\u01b0 bao b\u00e1nh m\u00ec, gi\u1ea5y g\u00f3i b\u00e1nh m\u00ec, t\u00fai gi\u1ea5y \u0111\u1ef1ng b\u00e1nh m\u00ec.<\/p>\n","protected":false},"excerpt":{"rendered":"<p>K\u00edch th\u01b0\u1edbc 9.5&#215;4.5x24cm, \u0111\u1ecbnh l\u01b0\u1ee3ng gi\u1ea5y 50gsm. T\u00fai \u0111\u1ef1ng b\u00e1nh m\u00ec kh\u00f4ng ch\u1ec9 l\u00e0 m\u1ed9t ph\u1ee5 ki\u1ec7n \u0111\u01a1n gi\u1ea3n, m\u00e0 c\u00f2n l\u00e0 \u0111i\u1ec3m nh\u1ea5n tinh t\u1ebf trong vi\u1ec7c \u0111\u00f3ng g\u00f3i s\u1ea3n ph\u1ea9m b\u00e1nh m\u00ec c\u1ee7a b\u1ea1n. V\u1edbi m\u00e3 s\u1ea3n ph\u1ea9m BMD_1492, t\u00fai gi\u1ea5y MG ch\u1ed1ng th\u1ea5m n\u00e0y kh\u00f4ng ch\u1ec9 b\u1ea3o v\u1ec7 b\u00e1nh m\u00ec m\u00e0 c\u00f2n mang \u0111\u1ebfn s\u1ef1 \u0111\u1ed9c \u0111\u00e1o v\u00e0 thu h\u00fat cho s\u1ea3n ph\u1ea9m c\u1ee7a b\u1ea1n.<\/p>\n","protected":false},"featured_media":828,"template":"","meta":[],"product_brand":[],"product_cat":[72],"product_tag":[],"class_list":{"0":"post-827","1":"product","2":"type-product","3":"status-publish","4":"has-post-thumbnail","6":"product_cat-san-pham-tui-banh-mi","8":"first","9":"instock","10":"virtual","11":"product-type-simple"},"_links":{"self":[{"href":"https:\/\/tuibanhmidep.com\/bai-viet\/wp-json\/wp\/v2\/product\/827","targetHints":{"allow":["GET"]}}],"collection":[{"href":"https:\/\/tuibanhmidep.com\/bai-viet\/wp-json\/wp\/v2\/product"}],"about":[{"href":"https:\/\/tuibanhmidep.com\/bai-viet\/wp-json\/wp\/v2\/types\/product"}],"wp:featuredmedia":[{"embeddable":true,"href":"https:\/\/tuibanhmidep.com\/bai-viet\/wp-json\/wp\/v2\/media\/828"}],"wp:attachment":[{"href":"https:\/\/tuibanhmidep.com\/bai-viet\/wp-json\/wp\/v2\/media?parent=827"}],"wp:term":[{"taxonomy":"product_brand","embeddable":true,"href":"https:\/\/tuibanhmidep.com\/bai-viet\/wp-json\/wp\/v2\/product_brand?post=827"},{"taxonomy":"product_cat","embeddable":true,"href":"https:\/\/tuibanhmidep.com\/bai-viet\/wp-json\/wp\/v2\/product_cat?post=827"},{"taxonomy":"product_tag","embeddable":true,"href":"https:\/\/tuibanhmidep.com\/bai-viet\/wp-json\/wp\/v2\/product_tag?post=827"}],"curies":[{"name":"wp","href":"https:\/\/api.w.org\/{rel}","templated":true}]}}