{"id":821,"date":"2024-05-03T17:00:53","date_gmt":"2024-05-03T10:00:53","guid":{"rendered":"https:\/\/tuibanhmidep.com\/bai-viet\/shop\/in-100000-bao-goi-banh-mi-sang-trong-ma-bmd_1110-giay-tham-dau-theo-yeu-cau-ca-nhan\/"},"modified":"2024-05-03T17:00:53","modified_gmt":"2024-05-03T10:00:53","slug":"in-100000-bao-goi-banh-mi-sang-trong-ma-bmd_1110-giay-tham-dau-theo-yeu-cau-ca-nhan","status":"publish","type":"product","link":"https:\/\/tuibanhmidep.com\/bai-viet\/shop\/in-100000-bao-goi-banh-mi-sang-trong-ma-bmd_1110-giay-tham-dau-theo-yeu-cau-ca-nhan\/","title":{"rendered":"In 100000 Bao g\u00f3i b\u00e1nh m\u00ec sang tr\u1ecdng (m\u00e3 BMD_1110) gi\u1ea5y th\u1ea5m d\u1ea7u &#8211; Theo y\u00eau c\u1ea7u c\u00e1 nh\u00e2n"},"content":{"rendered":"<h2>Gi\u1edbi thi\u1ec7u T\u00fai Gi\u1ea5y \u0110\u1ef1ng B\u00e1nh M\u00ec BMD_1110<\/h2>\n<p>Trong th\u1eddi \u0111\u1ea1i ng\u00e0y nay, khi m\u00e0 ng\u01b0\u1eddi ti\u00eau d\u00f9ng ng\u00e0y c\u00e0ng quan t\u00e2m \u0111\u1ebfn v\u1ea5n \u0111\u1ec1 m\u00f4i tr\u01b0\u1eddng v\u00e0 s\u1ee9c kh\u1ecfe, vi\u1ec7c l\u1ef1a ch\u1ecdn c\u00e1c s\u1ea3n ph\u1ea9m bao b\u00ec th\u1ef1c ph\u1ea9m an to\u00e0n v\u00e0 th\u00e2n thi\u1ec7n v\u1edbi m\u00f4i tr\u01b0\u1eddng tr\u1edf n\u00ean v\u00f4 c\u00f9ng quan tr\u1ecdng. T\u00fai gi\u1ea5y \u0111\u1ef1ng b\u00e1nh m\u00ec BMD_1110 l\u00e0 m\u1ed9t gi\u1ea3i ph\u00e1p ho\u00e0n h\u1ea3o cho nh\u1eefng ai \u0111ang t\u00ecm ki\u1ebfm m\u1ed9t l\u1ef1a ch\u1ecdn bao b\u00ec b\u1ec1n v\u1eefng v\u00e0 an to\u00e0n cho th\u1ef1c ph\u1ea9m.<\/p>\n<h3>Thi\u1ebft k\u1ebf v\u00e0 Ch\u1ea5t li\u1ec7u \u0110\u1ed9c \u0111\u00e1o<\/h3>\n<p>T\u00fai BMD_1110 \u0111\u01b0\u1ee3c l\u00e0m t\u1eeb lo\u1ea1i gi\u1ea5y th\u1ea5m d\u1ea7u cao c\u1ea5p, \u0111\u1ea3m b\u1ea3o r\u1eb1ng d\u1ea7u m\u1ee1 t\u1eeb b\u00e1nh m\u00ec kh\u00f4ng l\u00e0m \u01b0\u1edbt ho\u1eb7c r\u00e1ch t\u00fai trong qu\u00e1 tr\u00ecnh v\u1eadn chuy\u1ec3n. Thi\u1ebft k\u1ebf kh\u00f4ng quai x\u00e1ch gi\u00fap gi\u1ea3m thi\u1ec3u nguy c\u01a1 v\u01b0\u1edbng v\u00edu trong qu\u00e1 tr\u00ecnh s\u1eed d\u1ee5ng, \u0111\u1ed3ng th\u1eddi l\u00e0m t\u0103ng t\u00ednh th\u1ea9m m\u1ef9 cho s\u1ea3n ph\u1ea9m. <\/p>\n<p><strong>T\u00ednh N\u0103ng T\u1ed1i \u01b0u<\/strong><br \/>\n\u0110\u01b0\u1ee3c thi\u1ebft k\u1ebf \u0111\u1ec3 \u0111\u1ef1ng m\u1ed9t \u1ed5 b\u00e1nh m\u00ec Vi\u1ec7t Nam v\u1edbi k\u00edch th\u01b0\u1edbc ti\u00eau chu\u1ea9n (9.5cm x 24.5cm x 4.5cm), t\u00fai BMD_1110 kh\u00f4ng ch\u1ec9 \u0111\u1ea3m b\u1ea3o b\u00e1nh m\u00ec c\u1ee7a b\u1ea1n lu\u00f4n ngon l\u00e0nh m\u00e0 c\u00f2n gi\u1eef \u0111\u01b0\u1ee3c h\u00ecnh th\u1ee9c \u0111\u1eb9p m\u1eaft. Gi\u1ea5y an to\u00e0n cho th\u1ef1c ph\u1ea9m gi\u00fap b\u1ea3o v\u1ec7 s\u1ee9c kh\u1ecfe ng\u01b0\u1eddi ti\u00eau d\u00f9ng, kh\u00f4ng g\u00e2y ra c\u00e1c ph\u1ea3n \u1ee9ng h\u00f3a h\u1ecdc \u0111\u1ed9c h\u1ea1i khi ti\u1ebfp x\u00fac v\u1edbi th\u1ef1c ph\u1ea9m.<\/p>\n<h3>Ti\u1ec7n \u00edch trong M\u1ed7i D\u1ecbp S\u1eed D\u1ee5ng<\/h3>\n<p>T\u00fai gi\u1ea5y BMD_1110 l\u00e0 m\u1ed9t l\u1ef1a ch\u1ecdn l\u00fd t\u01b0\u1edfng cho c\u00e1c c\u1eeda h\u00e0ng b\u00e1nh m\u00ec, c\u1eeda h\u00e0ng th\u1ef1c ph\u1ea9m nhanh v\u00e0 c\u00e1c s\u1ef1 ki\u1ec7n. D\u00f9 l\u00e0 \u0111\u1ef1ng b\u00e1nh m\u00ec cho kh\u00e1ch h\u00e0ng mang \u0111i hay chu\u1ea9n b\u1ecb ti\u1ec7c ngo\u00e0i tr\u1eddi, t\u00fai n\u00e0y \u0111\u1ec1u \u0111\u00e1p \u1ee9ng \u0111\u01b0\u1ee3c nhu c\u1ea7u \u0111a d\u1ea1ng c\u1ee7a ng\u01b0\u1eddi s\u1eed d\u1ee5ng.<\/p>\n<p><strong>B\u1ea3o v\u1ec7 M\u00f4i tr\u01b0\u1eddng<\/strong><br \/>\nV\u1edbi ch\u1ea5t li\u1ec7u gi\u1ea5y c\u00f3 th\u1ec3 ph\u00e2n h\u1ee7y sinh h\u1ecdc, t\u00fai BMD_1110 kh\u00f4ng ch\u1ec9 \u0111\u1ea3m b\u1ea3o s\u1ef1 ti\u1ec7n l\u1ee3i m\u00e0 c\u00f2n g\u00f3p ph\u1ea7n v\u00e0o n\u1ed7 l\u1ef1c b\u1ea3o v\u1ec7 m\u00f4i tr\u01b0\u1eddng. S\u1eed d\u1ee5ng t\u00fai gi\u1ea5y l\u00e0 m\u1ed9t b\u01b0\u1edbc ti\u1ebfn quan tr\u1ecdng trong vi\u1ec7c gi\u1ea3m thi\u1ec3u r\u00e1c th\u1ea3i nh\u1ef1a, m\u1ed9t v\u1ea5n \u0111\u1ec1 \u0111ang ng\u00e0y c\u00e0ng tr\u1edf n\u00ean b\u1ee9c x\u00fac tr\u00ean to\u00e0n c\u1ea7u.<\/p>\n","protected":false},"excerpt":{"rendered":"<p>K\u00edch th\u01b0\u1edbc 9.5&#215;4.5x24cm, \u0111\u1ecbnh l\u01b0\u1ee3ng gi\u1ea5y 50gsm. T\u00fai gi\u1ea5y \u0111\u1ef1ng b\u00e1nh m\u00ec BMD_1110 kh\u00f4ng ch\u1ec9 l\u00e0 m\u1ed9t s\u1ea3n ph\u1ea9m th\u00e2n thi\u1ec7n v\u1edbi m\u00f4i tr\u01b0\u1eddng m\u00e0 c\u00f2n \u0111em \u0111\u1ebfn v\u1ebb \u0111\u1eb9p sang tr\u1ecdng v\u00e0 t\u00ednh ti\u1ec7n d\u1ee5ng cao, \u0111\u00e1p \u1ee9ng nhu c\u1ea7u \u0111a d\u1ea1ng c\u1ee7a ng\u01b0\u1eddi ti\u00eau d\u00f9ng.<\/p>\n","protected":false},"featured_media":822,"template":"","meta":[],"product_brand":[],"product_cat":[72],"product_tag":[],"class_list":{"0":"post-821","1":"product","2":"type-product","3":"status-publish","4":"has-post-thumbnail","6":"product_cat-san-pham-tui-banh-mi","8":"first","9":"instock","10":"virtual","11":"product-type-simple"},"_links":{"self":[{"href":"https:\/\/tuibanhmidep.com\/bai-viet\/wp-json\/wp\/v2\/product\/821","targetHints":{"allow":["GET"]}}],"collection":[{"href":"https:\/\/tuibanhmidep.com\/bai-viet\/wp-json\/wp\/v2\/product"}],"about":[{"href":"https:\/\/tuibanhmidep.com\/bai-viet\/wp-json\/wp\/v2\/types\/product"}],"wp:featuredmedia":[{"embeddable":true,"href":"https:\/\/tuibanhmidep.com\/bai-viet\/wp-json\/wp\/v2\/media\/822"}],"wp:attachment":[{"href":"https:\/\/tuibanhmidep.com\/bai-viet\/wp-json\/wp\/v2\/media?parent=821"}],"wp:term":[{"taxonomy":"product_brand","embeddable":true,"href":"https:\/\/tuibanhmidep.com\/bai-viet\/wp-json\/wp\/v2\/product_brand?post=821"},{"taxonomy":"product_cat","embeddable":true,"href":"https:\/\/tuibanhmidep.com\/bai-viet\/wp-json\/wp\/v2\/product_cat?post=821"},{"taxonomy":"product_tag","embeddable":true,"href":"https:\/\/tuibanhmidep.com\/bai-viet\/wp-json\/wp\/v2\/product_tag?post=821"}],"curies":[{"name":"wp","href":"https:\/\/api.w.org\/{rel}","templated":true}]}}