{"id":814,"date":"2024-05-03T15:28:26","date_gmt":"2024-05-03T08:28:26","guid":{"rendered":"https:\/\/tuibanhmidep.com\/bai-viet\/shop\/in-100000-bao-goi-banh-mi-the-hien-dang-cap-ma-bmd_5217-giay-thuc-pham-gia-tot\/"},"modified":"2024-05-03T15:28:27","modified_gmt":"2024-05-03T08:28:27","slug":"in-100000-bao-goi-banh-mi-the-hien-dang-cap-ma-bmd_5217-giay-thuc-pham-gia-tot","status":"publish","type":"product","link":"https:\/\/tuibanhmidep.com\/bai-viet\/shop\/in-100000-bao-goi-banh-mi-the-hien-dang-cap-ma-bmd_5217-giay-thuc-pham-gia-tot\/","title":{"rendered":"In 100000 bao g\u00f3i b\u00e1nh m\u00ec th\u1ec3 hi\u1ec7n \u0111\u1eb3ng c\u1ea5p (m\u00e3 BMD_5217) gi\u1ea5y th\u1ef1c ph\u1ea9m &#8211; gi\u00e1 t\u1ed1t"},"content":{"rendered":"<h2>T\u1ea1i Sao B\u1ea1n N\u00ean Ch\u1ecdn T\u00fai Gi\u1ea5y \u0110\u1ef1ng B\u00e1nh M\u00ec?<\/h2>\n<p>Khi b\u1ea1n l\u1ef1a ch\u1ecdn <strong>t\u00fai gi\u1ea5y \u0111\u1ef1ng b\u00e1nh m\u00ec<\/strong> \u0111\u1ec3 g\u00f3i chi\u1ebfc b\u00e1nh m\u00ec Vi\u1ec7t Nam y\u00eau th\u00edch c\u1ee7a m\u00ecnh, b\u1ea1n kh\u00f4ng ch\u1ec9 ch\u1ecdn m\u1ed9t gi\u1ea3i ph\u00e1p \u0111\u1ef1ng \u0111\u01a1n gi\u1ea3n m\u00e0 c\u00f2n ch\u1ecdn m\u1ed9t l\u1ef1a ch\u1ecdn th\u00e2n thi\u1ec7n v\u1edbi m\u00f4i tr\u01b0\u1eddng v\u00e0 an to\u00e0n cho s\u1ee9c kh\u1ecfe. \u0110\u01b0\u1ee3c l\u00e0m t\u1eeb gi\u1ea5y an to\u00e0n s\u1eed d\u1ee5ng cho th\u1ef1c ph\u1ea9m, t\u00fai b\u00e1nh m\u00ec \u0111\u1ea3m b\u1ea3o s\u1ef1 an to\u00e0n t\u1ed1i \u0111a cho ng\u01b0\u1eddi ti\u00eau d\u00f9ng. Kh\u00f4ng ch\u1ec9 v\u1eady, v\u1edbi thi\u1ebft k\u1ebf kh\u00f4ng c\u00f3 quai x\u00e1ch, t\u00fai n\u00e0y c\u00f2n g\u1ecdn nh\u1eb9 v\u00e0 d\u1ec5 s\u1eed d\u1ee5ng, gi\u00fap b\u1ea1n d\u1ec5 d\u00e0ng mang theo b\u00e1nh m\u00ec m\u00e0 kh\u00f4ng c\u1ea7n lo l\u1eafng v\u1ec1 vi\u1ec7c b\u1ecb r\u00e1ch hay h\u1ecfng trong qu\u00e1 tr\u00ecnh v\u1eadn chuy\u1ec3n.<\/p>\n<h3>Thi\u1ebft K\u1ebf \u0110\u1eb7c Bi\u1ec7t D\u00e0nh Cho B\u00e1nh M\u00ec Vi\u1ec7t Nam<\/h3>\n<p>Chi\u1ebfc t\u00fai n\u00e0y c\u00f3 k\u00edch th\u01b0\u1edbc chu\u1ea9n 9.5cm x 24.5cm v\u00e0 s\u00e2u 4.5cm \u1edf m\u1ed7i b\u00ean, l\u00e0 k\u00edch th\u01b0\u1edbc l\u00fd t\u01b0\u1edfng \u0111\u1ec3 \u0111\u1ef1ng m\u1ed9t \u1ed5 b\u00e1nh m\u00ec Vi\u1ec7t Nam \u0111\u1ea7y \u0111\u1eb7n v\u00e0 ngon mi\u1ec7ng. Thi\u1ebft k\u1ebf kh\u00f4ng c\u00f3 quai kh\u00f4ng ch\u1ec9 gi\u00fap ti\u1ebft ki\u1ec7m kh\u00f4ng gian khi b\u1ea1n c\u1ea7n x\u1ebfp ch\u1ed3ng nhi\u1ec1u t\u00fai, m\u00e0 c\u00f2n g\u00f3p ph\u1ea7n v\u00e0o vi\u1ec7c gi\u1ea3m thi\u1ec3u chi ph\u00ed v\u1eadn chuy\u1ec3n v\u00e0 b\u1ea3o qu\u1ea3n.<\/p>\n<p><strong>T\u00ednh Th\u1ea9m M\u1ef9 Cao<\/strong><\/p>\n<p>M\u1ed9t trong nh\u1eefng y\u1ebfu t\u1ed1 khi\u1ebfn t\u00fai gi\u1ea5y \u0111\u1ef1ng b\u00e1nh m\u00ec tr\u1edf n\u00ean ph\u1ed5 bi\u1ebfn l\u00e0 kh\u1ea3 n\u0103ng th\u1ec3 hi\u1ec7n phong c\u00e1ch v\u00e0 \u0111\u1eb3ng c\u1ea5p. V\u1edbi thi\u1ebft k\u1ebf tinh t\u1ebf v\u00e0 ch\u1ea5t l\u01b0\u1ee3ng in \u1ea5n cao, t\u00fai gi\u1ea5y kh\u00f4ng ch\u1ec9 l\u00e0 bao b\u00ec, m\u00e0 c\u00f2n l\u00e0 m\u1ed9t ph\u1ea7n c\u1ee7a tr\u1ea3i nghi\u1ec7m th\u01b0\u1edfng th\u1ee9c b\u00e1nh m\u00ec. B\u1ea1n c\u00f3 th\u1ec3 t\u00f9y ch\u1ec9nh thi\u1ebft k\u1ebf v\u00e0 in logo l\u00ean t\u00fai gi\u1ea5y \u0111\u1ec3 t\u1ea1o s\u1ef1 kh\u00e1c bi\u1ec7t v\u00e0 n\u00e2ng cao gi\u00e1 tr\u1ecb th\u01b0\u01a1ng hi\u1ec7u c\u1ee7a m\u00ecnh.<\/p>\n<h3>L\u1ef1a Ch\u1ecdn Th\u00e2n Thi\u1ec7n M\u00f4i Tr\u01b0\u1eddng<\/h3>\n<p>Ngo\u00e0i nh\u1eefng \u01b0u \u0111i\u1ec3m v\u1ec1 m\u1eb7t th\u1ea9m m\u1ef9 v\u00e0 an to\u00e0n th\u1ef1c ph\u1ea9m, t\u00fai gi\u1ea5y \u0111\u1ef1ng b\u00e1nh m\u00ec c\u00f2n l\u00e0 l\u1ef1a ch\u1ecdn th\u00e2n thi\u1ec7n v\u1edbi m\u00f4i tr\u01b0\u1eddng. Gi\u1ea5y c\u00f3 th\u1ec3 t\u00e1i ch\u1ebf v\u00e0 ph\u00e2n h\u1ee7y sinh h\u1ecdc, gi\u00fap gi\u1ea3m thi\u1ec3u t\u00e1c \u0111\u1ed9ng \u0111\u1ebfn m\u00f4i tr\u01b0\u1eddng so v\u1edbi c\u00e1c lo\u1ea1i bao b\u00ec nh\u1ef1a. S\u1eed d\u1ee5ng t\u00fai gi\u1ea5y l\u00e0 m\u1ed9t b\u01b0\u1edbc \u0111i quan tr\u1ecdng trong vi\u1ec7c th\u00fac \u0111\u1ea9y c\u00e1c ho\u1ea1t \u0111\u1ed9ng kinh doanh b\u1ec1n v\u1eefng v\u00e0 c\u00f3 tr\u00e1ch nhi\u1ec7m v\u1edbi m\u00f4i tr\u01b0\u1eddng.<\/p>\n","protected":false},"excerpt":{"rendered":"<p>K\u00edch th\u01b0\u1edbc 9.5&#215;4.5x24cm, \u0111\u1ecbnh l\u01b0\u1ee3ng gi\u1ea5y 50gsm. Kh\u00e1m ph\u00e1 s\u1ef1 ti\u1ec7n l\u1ee3i v\u00e0 phong c\u00e1ch m\u00e0 t\u00fai gi\u1ea5y \u0111\u1ef1ng b\u00e1nh m\u00ec mang l\u1ea1i, gi\u00fap b\u1ea3o qu\u1ea3n b\u00e1nh m\u00ec t\u1ed1t h\u01a1n v\u00e0 th\u1ec3 hi\u1ec7n \u0111\u1eb3ng c\u1ea5p c\u1ee7a b\u1ea1n.<\/p>\n","protected":false},"featured_media":815,"template":"","meta":[],"product_brand":[],"product_cat":[72],"product_tag":[],"class_list":{"0":"post-814","1":"product","2":"type-product","3":"status-publish","4":"has-post-thumbnail","6":"product_cat-san-pham-tui-banh-mi","8":"first","9":"instock","10":"virtual","11":"product-type-simple"},"_links":{"self":[{"href":"https:\/\/tuibanhmidep.com\/bai-viet\/wp-json\/wp\/v2\/product\/814","targetHints":{"allow":["GET"]}}],"collection":[{"href":"https:\/\/tuibanhmidep.com\/bai-viet\/wp-json\/wp\/v2\/product"}],"about":[{"href":"https:\/\/tuibanhmidep.com\/bai-viet\/wp-json\/wp\/v2\/types\/product"}],"wp:featuredmedia":[{"embeddable":true,"href":"https:\/\/tuibanhmidep.com\/bai-viet\/wp-json\/wp\/v2\/media\/815"}],"wp:attachment":[{"href":"https:\/\/tuibanhmidep.com\/bai-viet\/wp-json\/wp\/v2\/media?parent=814"}],"wp:term":[{"taxonomy":"product_brand","embeddable":true,"href":"https:\/\/tuibanhmidep.com\/bai-viet\/wp-json\/wp\/v2\/product_brand?post=814"},{"taxonomy":"product_cat","embeddable":true,"href":"https:\/\/tuibanhmidep.com\/bai-viet\/wp-json\/wp\/v2\/product_cat?post=814"},{"taxonomy":"product_tag","embeddable":true,"href":"https:\/\/tuibanhmidep.com\/bai-viet\/wp-json\/wp\/v2\/product_tag?post=814"}],"curies":[{"name":"wp","href":"https:\/\/api.w.org\/{rel}","templated":true}]}}