{"id":810,"date":"2024-05-03T09:29:21","date_gmt":"2024-05-03T02:29:21","guid":{"rendered":"https:\/\/tuibanhmidep.com\/bai-viet\/shop\/in-80000-tui-giay-banh-mi-eco-friendly-ma-bmd_709-giay-tham-dau-sieu-hieu-qua-chat-luong\/"},"modified":"2024-05-03T09:29:21","modified_gmt":"2024-05-03T02:29:21","slug":"in-80000-tui-giay-banh-mi-eco-friendly-ma-bmd_709-giay-tham-dau-sieu-hieu-qua-chat-luong","status":"publish","type":"product","link":"https:\/\/tuibanhmidep.com\/bai-viet\/shop\/in-80000-tui-giay-banh-mi-eco-friendly-ma-bmd_709-giay-tham-dau-sieu-hieu-qua-chat-luong\/","title":{"rendered":"In 80000 T\u00fai gi\u1ea5y b\u00e1nh m\u00ec eco-friendly (m\u00e3 BMD_709) gi\u1ea5y th\u1ea5m d\u1ea7u si\u00eau hi\u1ec7u qu\u1ea3 &#8211; ch\u1ea5t l\u01b0\u1ee3ng"},"content":{"rendered":"<h2>Gi\u1edbi Thi\u1ec7u V\u1ec1 T\u00fai Gi\u1ea5y B\u00e1nh M\u00ec Eco-Friendly M\u00e3 BMD_709<\/h2>\n<p>T\u00fai gi\u1ea5y b\u00e1nh m\u00ec m\u00e3 BMD_709 l\u00e0 s\u1ea3n ph\u1ea9m kh\u00f4ng th\u1ec3 thi\u1ebfu trong cu\u1ed9c s\u1ed1ng h\u00e0ng ng\u00e0y, \u0111\u1eb7c bi\u1ec7t v\u1edbi nh\u1eefng ai y\u00eau th\u00edch s\u1ef1 ti\u1ec7n l\u1ee3i nh\u01b0ng kh\u00f4ng k\u00e9m ph\u1ea7n th\u00e2n thi\u1ec7n v\u1edbi m\u00f4i tr\u01b0\u1eddng. \u0110\u01b0\u1ee3c l\u00e0m t\u1eeb ch\u1ea5t li\u1ec7u gi\u1ea5y th\u1ea5m d\u1ea7u cao c\u1ea5p, s\u1ea3n ph\u1ea9m n\u00e0y kh\u00f4ng nh\u1eefng \u0111\u1ea3m b\u1ea3o an to\u00e0n v\u1ec7 sinh th\u1ef1c ph\u1ea9m m\u00e0 c\u00f2n g\u00f3p ph\u1ea7n b\u1ea3o v\u1ec7 m\u00f4i tr\u01b0\u1eddng nh\u1edd kh\u1ea3 n\u0103ng ph\u00e2n h\u1ee7y sinh h\u1ecdc.<\/p>\n<h3>\u0110\u1eb7c \u0110i\u1ec3m N\u1ed5i B\u1eadt C\u1ee7a T\u00fai Gi\u1ea5y BMD_709<\/h3>\n<p>T\u00fai gi\u1ea5y b\u00e1nh m\u00ec m\u00e3 BMD_709 \u0111\u01b0\u1ee3c thi\u1ebft k\u1ebf \u0111\u1eb7c bi\u1ec7t \u0111\u1ec3 \u0111\u00e1p \u1ee9ng nhu c\u1ea7u \u0111\u1ef1ng b\u00e1nh m\u00ec Vi\u1ec7t Nam. V\u1edbi k\u00edch th\u01b0\u1edbc ngang 9.5cm, cao 24.5cm v\u00e0 2 b\u00ean h\u00f4ng r\u1ed9ng 4.5cm, t\u00fai gi\u1ea5y n\u00e0y ph\u00f9 h\u1ee3p \u0111\u1ec3 ch\u1ee9a m\u1ed9t \u1ed5 b\u00e1nh m\u00ec \u0111\u1ea7y \u0111\u1ee7 m\u00e0 kh\u00f4ng s\u1ee3 b\u1ecb r\u00e1ch hay d\u00ednh d\u1ea7u th\u1ee9c \u0103n ra ngo\u00e0i.<\/p>\n<p><strong>L\u1ee3i \u00cdch Khi S\u1eed D\u1ee5ng T\u00fai Gi\u1ea5y Th\u00e2n Thi\u1ec7n V\u1edbi M\u00f4i Tr\u01b0\u1eddng<\/strong><\/p>\n<p>Vi\u1ec7c s\u1eed d\u1ee5ng t\u00fai gi\u1ea5y th\u00e2n thi\u1ec7n v\u1edbi m\u00f4i tr\u01b0\u1eddng kh\u00f4ng ch\u1ec9 gi\u00fap gi\u1ea3m thi\u1ec3u r\u00e1c th\u1ea3i nh\u1ef1a m\u00e0 c\u00f2n th\u1ec3 hi\u1ec7n tr\u00e1ch nhi\u1ec7m c\u1ee7a ng\u01b0\u1eddi ti\u00eau d\u00f9ng \u0111\u1ed1i v\u1edbi m\u00f4i tr\u01b0\u1eddng s\u1ed1ng. T\u00fai gi\u1ea5y m\u00e3 BMD_709 \u0111\u01b0\u1ee3c l\u00e0m t\u1eeb nguy\u00ean li\u1ec7u c\u00f3 ngu\u1ed3n g\u1ed1c b\u1ec1n v\u1eefng, \u0111\u1ea3m b\u1ea3o kh\u00f4ng g\u00e2y h\u1ea1i cho m\u00f4i tr\u01b0\u1eddng khi ti\u00eau h\u1ee7y.<\/p>\n<h3>\u1ee8ng D\u1ee5ng C\u1ee7a T\u00fai Gi\u1ea5y B\u00e1nh M\u00ec Trong Cu\u1ed9c S\u1ed1ng H\u00e0ng Ng\u00e0y<\/h3>\n<p>Ngo\u00e0i vi\u1ec7c \u0111\u1ef1ng b\u00e1nh m\u00ec, t\u00fai gi\u1ea5y BMD_709 c\u00f2n c\u00f3 th\u1ec3 d\u00f9ng \u0111\u1ec3 \u0111\u1ef1ng c\u00e1c lo\u1ea1i th\u1ef1c ph\u1ea9m kh\u00e1c m\u00e0 kh\u00f4ng lo b\u1ecb th\u1ea5m d\u1ea7u hay d\u00ednh. \u0110\u00e2y l\u00e0 l\u1ef1a ch\u1ecdn l\u00fd t\u01b0\u1edfng cho nh\u1eefng ai th\u01b0\u1eddng xuy\u00ean c\u1ea7n \u0111\u00f3ng g\u00f3i th\u1ef1c ph\u1ea9m nhanh ch\u00f3ng v\u00e0 s\u1ea1ch s\u1ebd.<\/p>\n<h2>T\u00ednh N\u0103ng V\u01b0\u1ee3t Tr\u1ed9i: Kh\u1ea3 N\u0103ng Th\u1ea5m D\u1ea7u Si\u00eau Hi\u1ec7u Qu\u1ea3<\/h2>\n<p>V\u1edbi c\u00f4ng ngh\u1ec7 gi\u1ea5y th\u1ea5m d\u1ea7u ti\u00ean ti\u1ebfn, t\u00fai gi\u1ea5y b\u00e1nh m\u00ec m\u00e3 BMD_709 gi\u00fap gi\u1eef cho th\u1ef1c ph\u1ea9m c\u1ee7a b\u1ea1n s\u1ea1ch s\u1ebd v\u00e0 ngon mi\u1ec7ng h\u01a1n. T\u00fai c\u00f3 kh\u1ea3 n\u0103ng th\u1ea5m h\u00fat d\u1ea7u m\u1ee1 t\u1eeb th\u1ef1c ph\u1ea9m, \u0111\u1ea3m b\u1ea3o r\u1eb1ng b\u1ec1 m\u1eb7t ngo\u00e0i c\u1ee7a t\u00fai lu\u00f4n kh\u00f4 r\u00e1o v\u00e0 s\u1ea1ch s\u1ebd.<\/p>\n<h3>Ki\u1ec3u D\u00e1ng V\u00e0 Thi\u1ebft K\u1ebf<\/h3>\n<p>T\u00fai gi\u1ea5y BMD_709 kh\u00f4ng c\u00f3 quai x\u00e1ch, \u0111\u01b0\u1ee3c thi\u1ebft k\u1ebf \u0111\u01a1n gi\u1ea3n nh\u01b0ng hi\u1ec7n \u0111\u1ea1i, ph\u00f9 h\u1ee3p v\u1edbi n<\/p>\n<p>hu c\u1ea7u s\u1eed d\u1ee5ng linh ho\u1ea1t c\u1ee7a ng\u01b0\u1eddi ti\u00eau d\u00f9ng hi\u1ec7n \u0111\u1ea1i. M\u1eb7c d\u00f9 kh\u00f4ng c\u00f3 quai, nh\u01b0ng t\u00fai \u0111\u01b0\u1ee3c thi\u1ebft k\u1ebf \u0111\u1ec3 d\u1ec5 d\u00e0ng m\u1edf v\u00e0 \u0111\u00f3ng, \u0111\u1ea3m b\u1ea3o ti\u1ec7n l\u1ee3i t\u1ed1i \u0111a cho ng\u01b0\u1eddi d\u00f9ng.<\/p>\n","protected":false},"excerpt":{"rendered":"<p>K\u00edch th\u01b0\u1edbc 9.5&#215;4.5x24cm, \u0111\u1ecbnh l\u01b0\u1ee3ng gi\u1ea5y 50gsm. Kh\u00e1m ph\u00e1 s\u1ef1 ti\u1ec7n l\u1ee3i v\u00e0 th\u00e2n thi\u1ec7n v\u1edbi m\u00f4i tr\u01b0\u1eddng c\u1ee7a t\u00fai gi\u1ea5y b\u00e1nh m\u00ec m\u00e3 BMD_709, gi\u1ea3i ph\u00e1p l\u00fd t\u01b0\u1edfng \u0111\u1ec3 \u0111\u1ef1ng b\u00e1nh m\u00ec v\u1edbi kh\u1ea3 n\u0103ng th\u1ea5m d\u1ea7u v\u01b0\u1ee3t tr\u1ed9i.<\/p>\n","protected":false},"featured_media":811,"template":"","meta":[],"product_brand":[],"product_cat":[72],"product_tag":[],"class_list":{"0":"post-810","1":"product","2":"type-product","3":"status-publish","4":"has-post-thumbnail","6":"product_cat-san-pham-tui-banh-mi","8":"first","9":"instock","10":"virtual","11":"product-type-simple"},"_links":{"self":[{"href":"https:\/\/tuibanhmidep.com\/bai-viet\/wp-json\/wp\/v2\/product\/810","targetHints":{"allow":["GET"]}}],"collection":[{"href":"https:\/\/tuibanhmidep.com\/bai-viet\/wp-json\/wp\/v2\/product"}],"about":[{"href":"https:\/\/tuibanhmidep.com\/bai-viet\/wp-json\/wp\/v2\/types\/product"}],"wp:featuredmedia":[{"embeddable":true,"href":"https:\/\/tuibanhmidep.com\/bai-viet\/wp-json\/wp\/v2\/media\/811"}],"wp:attachment":[{"href":"https:\/\/tuibanhmidep.com\/bai-viet\/wp-json\/wp\/v2\/media?parent=810"}],"wp:term":[{"taxonomy":"product_brand","embeddable":true,"href":"https:\/\/tuibanhmidep.com\/bai-viet\/wp-json\/wp\/v2\/product_brand?post=810"},{"taxonomy":"product_cat","embeddable":true,"href":"https:\/\/tuibanhmidep.com\/bai-viet\/wp-json\/wp\/v2\/product_cat?post=810"},{"taxonomy":"product_tag","embeddable":true,"href":"https:\/\/tuibanhmidep.com\/bai-viet\/wp-json\/wp\/v2\/product_tag?post=810"}],"curies":[{"name":"wp","href":"https:\/\/api.w.org\/{rel}","templated":true}]}}