{"id":803,"date":"2024-04-22T16:48:02","date_gmt":"2024-04-22T09:48:02","guid":{"rendered":"https:\/\/tuibanhmidep.com\/bai-viet\/shop\/in-100000-tui-dung-banh-mi-tien-loi-ma-bmd_7858-giay-tham-dau-hieu-qua-gia-xuong-doc-quyen\/"},"modified":"2024-04-22T16:48:02","modified_gmt":"2024-04-22T09:48:02","slug":"in-100000-tui-dung-banh-mi-tien-loi-ma-bmd_7858-giay-tham-dau-hieu-qua-gia-xuong-doc-quyen","status":"publish","type":"product","link":"https:\/\/tuibanhmidep.com\/bai-viet\/shop\/in-100000-tui-dung-banh-mi-tien-loi-ma-bmd_7858-giay-tham-dau-hieu-qua-gia-xuong-doc-quyen\/","title":{"rendered":"In 100000 T\u00fai \u0111\u1ef1ng b\u00e1nh m\u00ec ti\u1ec7n l\u1ee3i (m\u00e3 BMD_7858) gi\u1ea5y th\u1ea5m d\u1ea7u hi\u1ec7u qu\u1ea3 &#8211; gi\u00e1 x\u01b0\u1edfng \u0111\u1ed9c quy\u1ec1n"},"content":{"rendered":"<h2>T\u1ed5ng Quan v\u1ec1 T\u00fai \u0110\u1ef1ng B\u00e1nh M\u00ec M\u00e3 BMD_7858<\/h2>\n<p>T\u00fai gi\u1ea5y \u0111\u1ef1ng b\u00e1nh m\u00ec m\u00e3 BMD_7858 kh\u00f4ng ch\u1ec9 l\u00e0 m\u1ed9t l\u1ef1a ch\u1ecdn th\u00f4ng minh cho c\u00e1c ti\u1ec7m b\u00e1nh m\u00ec m\u00e0 c\u00f2n l\u00e0 m\u1ed9t ph\u1ea7n thi\u1ebft y\u1ebfu trong vi\u1ec7c b\u1ea3o v\u1ec7 m\u00f4i tr\u01b0\u1eddng. S\u1ea3n ph\u1ea9m n\u00e0y \u0111\u01b0\u1ee3c l\u00e0m t\u1eeb gi\u1ea5y an to\u00e0n s\u1eed d\u1ee5ng cho th\u1ef1c ph\u1ea9m, \u0111\u1ea3m b\u1ea3o kh\u00f4ng ch\u1ec9 \u0111\u1ed9 an to\u00e0n m\u00e0 c\u00f2n gi\u00fap th\u1ea5m h\u00fat d\u1ea7u m\u1ee1 hi\u1ec7u qu\u1ea3, gi\u00fap ng\u01b0\u1eddi ti\u00eau d\u00f9ng c\u00f3 th\u1ec3 th\u01b0\u1edfng th\u1ee9c b\u00e1nh m\u00ec m\u00e0 kh\u00f4ng lo b\u1ecb lem nhem.<\/p>\n<h3>T\u00ednh N\u0103ng N\u1ed5i B\u1eadt c\u1ee7a T\u00fai Gi\u1ea5y Th\u1ea5m D\u1ea7u<\/h3>\n<p><strong>T\u00fai gi\u1ea5y \u0111\u1ef1ng b\u00e1nh m\u00ec<\/strong> m\u00e3 BMD_7858 \u0111\u01b0\u1ee3c thi\u1ebft k\u1ebf \u0111\u1ec3 th\u1ea5m d\u1ea7u m\u1ed9t c\u00e1ch t\u1ed1i \u01b0u, \u0111\u1ea3m b\u1ea3o r\u1eb1ng ph\u1ea7n d\u1ea7u m\u1ee1 th\u1eeba t\u1eeb b\u00e1nh m\u00ec s\u1ebd kh\u00f4ng l\u00e0m \u1ea9m \u01b0\u1edbt hay d\u00ednh ra ngo\u00e0i. S\u1ea3n ph\u1ea9m n\u00e0y kh\u00f4ng c\u00f3 quai x\u00e1ch, thi\u1ebft k\u1ebf d\u1ea1ng \u1ed1ng d\u00e0i ph\u00f9 h\u1ee3p v\u1edbi k\u00edch th\u01b0\u1edbc chu\u1ea9n c\u1ee7a \u1ed5 b\u00e1nh m\u00ec Vi\u1ec7t Nam &#8211; d\u00e0i 24.5cm, r\u1ed9ng 9.5cm v\u00e0 c\u00f3 \u0111\u1ed9 r\u1ed9ng hai b\u00ean h\u00f4ng l\u00e0 4.5cm.<\/p>\n<h3>L\u1ee3i \u00cdch Khi S\u1eed D\u1ee5ng T\u00fai \u0110\u1ef1ng B\u00e1nh M\u00ec<\/h3>\n<p>S\u1eed d\u1ee5ng t\u00fai gi\u1ea5y \u0111\u1ef1ng b\u00e1nh m\u00ec kh\u00f4ng ch\u1ec9 gi\u00fap c\u00e1c ti\u1ec7m b\u00e1nh m\u00ec cung c\u1ea5p s\u1ea3n ph\u1ea9m c\u1ee7a m\u00ecnh m\u1ed9t c\u00e1ch s\u1ea1ch s\u1ebd v\u00e0 h\u1ea5p d\u1eabn h\u01a1n m\u00e0 c\u00f2n th\u1ec3 hi\u1ec7n s\u1ef1 chuy\u00ean nghi\u1ec7p v\u00e0 quan t\u00e2m \u0111\u1ebfn m\u00f4i tr\u01b0\u1eddng. V\u1edbi t\u00fai gi\u1ea5y th\u1ea5m d\u1ea7u, kh\u00e1ch h\u00e0ng c\u00f3 th\u1ec3 d\u1ec5 d\u00e0ng mang \u0111i m\u00e0 kh\u00f4ng lo b\u1ecb lem nhem, t\u1eeb \u0111\u00f3 n\u00e2ng cao tr\u1ea3i nghi\u1ec7m kh\u00e1ch h\u00e0ng.<\/p>\n<p><strong>\u0110\u1ed1i T\u01b0\u1ee3ng S\u1eed D\u1ee5ng<\/strong><br \/>\nT\u00fai \u0111\u1ef1ng b\u00e1nh m\u00ec m\u00e3 BMD_7858 th\u00edch h\u1ee3p cho m\u1ecdi \u0111\u1ed1i t\u01b0\u1ee3ng t\u1eeb c\u00e1c h\u1ed9 kinh doanh nh\u1ecf l\u1ebb \u0111\u1ebfn c\u00e1c chu\u1ed7i c\u1eeda h\u00e0ng b\u00e1nh m\u00ec l\u1edbn. N\u00f3 cung c\u1ea5p m\u1ed9t gi\u1ea3i ph\u00e1p \u0111\u00f3ng g\u00f3i \u0111\u01a1n gi\u1ea3n, ti\u1ec7n l\u1ee3i v\u00e0 s\u1ea1ch s\u1ebd cho b\u1ea5t k\u1ef3 ai mong mu\u1ed1n c\u1ea3i thi\u1ec7n ch\u1ea5t l\u01b0\u1ee3ng d\u1ecbch v\u1ee5 c\u1ee7a m\u00ecnh.<\/p>\n<h3>T\u00e1i S\u1eed D\u1ee5ng v\u00e0 T\u00e1i Ch\u1ebf<\/h3>\n<p>M\u1ed9t \u01b0u \u0111i\u1ec3m n\u1eefa c\u1ee7a t\u00fai gi\u1ea5y \u0111\u1ef1ng b\u00e1nh m\u00ec l\u00e0 kh\u1ea3 n\u0103ng t\u00e1i s\u1eed d\u1ee5ng v\u00e0 t\u00e1i ch\u1ebf. Ng\u01b0\u1eddi d\u00f9ng c\u00f3 th\u1ec3 t\u00e1i s\u1eed d\u1ee5ng t\u00fai n\u00e0y cho nhi\u1ec1u m\u1ee5c \u0111\u00edch kh\u00e1c nhau ho\u1eb7c d\u1ec5 d\u00e0ng ph\u00e2n h\u1ee7y, t\u00e1i ch\u1ebf trong m\u00f4i tr\u01b0\u1eddng, g\u00f3p ph\u1ea7n v\u00e0o vi\u1ec7c gi\u1ea3m thi\u1ec3u r\u00e1c th\u1ea3i nh\u1ef1a v\u00e0 b\u1ea3o v\u1ec7 m\u00f4i tr\u01b0\u1eddng s\u1ed1ng.<\/p>\n","protected":false},"excerpt":{"rendered":"<p>K\u00edch th\u01b0\u1edbc 9.5&#215;4.5x24cm, \u0111\u1ecbnh l\u01b0\u1ee3ng gi\u1ea5y 50gsm. T\u00ecm hi\u1ec3u v\u1ec1 t\u00fai \u0111\u1ef1ng b\u00e1nh m\u00ec ti\u1ec7n l\u1ee3i m\u00e3 BMD_7858: m\u1ed9t gi\u1ea3i ph\u00e1p \u0111\u00f3ng g\u00f3i b\u00e1nh m\u00ec hi\u1ec7u qu\u1ea3, ti\u1ec7n \u00edch v\u1edbi kh\u1ea3 n\u0103ng th\u1ea5m d\u1ea7u xu\u1ea5t s\u1eafc, \u0111\u01b0\u1ee3c s\u1ea3n xu\u1ea5t \u0111\u1eb7c bi\u1ec7t v\u1edbi gi\u00e1 x\u01b0\u1edfng \u0111\u1ed9c quy\u1ec1n.<\/p>\n","protected":false},"featured_media":804,"template":"","meta":[],"product_brand":[],"product_cat":[72],"product_tag":[],"class_list":{"0":"post-803","1":"product","2":"type-product","3":"status-publish","4":"has-post-thumbnail","6":"product_cat-san-pham-tui-banh-mi","8":"first","9":"instock","10":"virtual","11":"product-type-simple"},"_links":{"self":[{"href":"https:\/\/tuibanhmidep.com\/bai-viet\/wp-json\/wp\/v2\/product\/803","targetHints":{"allow":["GET"]}}],"collection":[{"href":"https:\/\/tuibanhmidep.com\/bai-viet\/wp-json\/wp\/v2\/product"}],"about":[{"href":"https:\/\/tuibanhmidep.com\/bai-viet\/wp-json\/wp\/v2\/types\/product"}],"wp:featuredmedia":[{"embeddable":true,"href":"https:\/\/tuibanhmidep.com\/bai-viet\/wp-json\/wp\/v2\/media\/804"}],"wp:attachment":[{"href":"https:\/\/tuibanhmidep.com\/bai-viet\/wp-json\/wp\/v2\/media?parent=803"}],"wp:term":[{"taxonomy":"product_brand","embeddable":true,"href":"https:\/\/tuibanhmidep.com\/bai-viet\/wp-json\/wp\/v2\/product_brand?post=803"},{"taxonomy":"product_cat","embeddable":true,"href":"https:\/\/tuibanhmidep.com\/bai-viet\/wp-json\/wp\/v2\/product_cat?post=803"},{"taxonomy":"product_tag","embeddable":true,"href":"https:\/\/tuibanhmidep.com\/bai-viet\/wp-json\/wp\/v2\/product_tag?post=803"}],"curies":[{"name":"wp","href":"https:\/\/api.w.org\/{rel}","templated":true}]}}