{"id":799,"date":"2024-04-22T15:56:18","date_gmt":"2024-04-22T08:56:18","guid":{"rendered":"https:\/\/tuibanhmidep.com\/bai-viet\/shop\/in-20000-bao-goi-banh-mi-sang-trong-ma-bmd_5935-giay-kraft-tho-moc-gia-re-tiet-kiem\/"},"modified":"2024-04-22T15:56:18","modified_gmt":"2024-04-22T08:56:18","slug":"in-20000-bao-goi-banh-mi-sang-trong-ma-bmd_5935-giay-kraft-tho-moc-gia-re-tiet-kiem","status":"publish","type":"product","link":"https:\/\/tuibanhmidep.com\/bai-viet\/shop\/in-20000-bao-goi-banh-mi-sang-trong-ma-bmd_5935-giay-kraft-tho-moc-gia-re-tiet-kiem\/","title":{"rendered":"In 20000 bao g\u00f3i b\u00e1nh m\u00ec sang tr\u1ecdng (m\u00e3 BMD_5935) gi\u1ea5y Kraft th\u00f4 m\u1ed9c &#8211; gi\u00e1 r\u1ebb ti\u1ebft ki\u1ec7m"},"content":{"rendered":"<h2>T\u1ed5ng Quan v\u1ec1 T\u00fai Gi\u1ea5y \u0110\u1ef1ng B\u00e1nh M\u00ec Kraft<\/h2>\n<p>V\u1edbi nhu c\u1ea7u ng\u00e0y c\u00e0ng t\u0103ng v\u1ec1 c\u00e1c gi\u1ea3i ph\u00e1p \u0111\u00f3ng g\u00f3i th\u00e2n thi\u1ec7n v\u1edbi m\u00f4i tr\u01b0\u1eddng, t\u00fai gi\u1ea5y \u0111\u1ef1ng b\u00e1nh m\u00ec Kraft mang m\u00e3 BMD_5935 \u0111\u00e3 tr\u1edf th\u00e0nh l\u1ef1a ch\u1ecdn h\u00e0ng \u0111\u1ea7u cho c\u00e1c c\u1eeda h\u00e0ng v\u00e0 ti\u1ec7m b\u00e1nh. S\u1ea3n ph\u1ea9m n\u00e0y kh\u00f4ng ch\u1ec9 \u0111\u1ea3m b\u1ea3o t\u00ednh an to\u00e0n khi ti\u1ebfp x\u00fac v\u1edbi th\u1ef1c ph\u1ea9m m\u00e0 c\u00f2n g\u00f3p ph\u1ea7n v\u00e0o n\u1ed7 l\u1ef1c b\u1ea3o v\u1ec7 m\u00f4i tr\u01b0\u1eddng nh\u1edd v\u1eadt li\u1ec7u t\u00e1i ch\u1ebf \u0111\u01b0\u1ee3c.<\/p>\n<h3>\u0110\u1eb7c \u0111i\u1ec3m N\u1ed5i B\u1eadt c\u1ee7a T\u00fai Gi\u1ea5y BMD_5935<\/h3>\n<p>T\u00fai gi\u1ea5y BMD_5935 \u0111\u01b0\u1ee3c thi\u1ebft k\u1ebf \u0111\u1ec3 \u0111\u1ef1ng m\u1ed9t \u1ed5 b\u00e1nh m\u00ec Vi\u1ec7t Nam m\u00e0 kh\u00f4ng c\u1ea7n quai x\u00e1ch, t\u1ed1i \u01b0u cho vi\u1ec7c c\u1ea7m n\u1eafm v\u00e0 mang \u0111i. K\u00edch th\u01b0\u1edbc chu\u1ea9n c\u1ee7a t\u00fai l\u00e0 9.5cm ngang, 24.5cm cao v\u00e0 m\u1ed7i b\u00ean h\u00f4ng r\u1ed9ng 4.5cm, ph\u00f9 h\u1ee3p v\u1edbi h\u1ea7u h\u1ebft c\u00e1c k\u00edch c\u1ee1 b\u00e1nh m\u00ec th\u00f4ng d\u1ee5ng.<\/p>\n<p><strong>\u01afu \u0110i\u1ec3m c\u1ee7a Gi\u1ea5y Kraft Th\u00f4 M\u1ed9c<\/strong><\/p>\n<p>Gi\u1ea5y Kraft \u0111\u01b0\u1ee3c s\u1eed d\u1ee5ng trong s\u1ea3n xu\u1ea5t t\u00fai BMD_5935 l\u00e0 lo\u1ea1i gi\u1ea5y th\u00f4 m\u1ed9c, kh\u00f4ng qua t\u1ea9y tr\u1eafng, gi\u1eef nguy\u00ean v\u1ebb \u0111\u1eb9p t\u1ef1 nhi\u00ean v\u00e0 \u0111\u1ed9 b\u1ec1n cao. Lo\u1ea1i gi\u1ea5y n\u00e0y kh\u00f4ng ch\u1ec9 an to\u00e0n cho ng\u01b0\u1eddi s\u1eed d\u1ee5ng m\u00e0 c\u00f2n d\u1ec5 ph\u00e2n h\u1ee7y, l\u00e0m gi\u1ea3m t\u00e1c \u0111\u1ed9ng ti\u00eau c\u1ef1c \u0111\u1ebfn m\u00f4i tr\u01b0\u1eddng.<\/p>\n<h3>T\u00ednh \u1ee8ng D\u1ee5ng Cao v\u00e0 Ti\u1ec7n L\u1ee3i<\/h3>\n<p>T\u00fai gi\u1ea5y Kraft BMD_5935 \u0111\u01b0\u1ee3c thi\u1ebft k\u1ebf \u0111\u1eb7c bi\u1ec7t \u0111\u1ec3 \u0111\u1ea3m b\u1ea3o s\u1ef1 ti\u1ec7n l\u1ee3i t\u1ed1i \u0111a cho ng\u01b0\u1eddi d\u00f9ng. Kh\u00f4ng c\u00f3 quai x\u00e1ch gi\u00fap gi\u1ea3m thi\u1ec3u chi ph\u00ed s\u1ea3n xu\u1ea5t v\u00e0 t\u1ed1i \u01b0u h\u00f3a kh\u00f4ng gian l\u01b0u tr\u1eef. \u0110\u1ed3ng th\u1eddi, k\u00edch th\u01b0\u1edbc chu\u1ea9n c\u1ee7a t\u00fai gi\u00fap ti\u1ebft ki\u1ec7m kh\u00f4ng gian khi tr\u01b0ng b\u00e0y s\u1ea3n ph\u1ea9m trong c\u1eeda h\u00e0ng hay khi v\u1eadn chuy\u1ec3n.<\/p>\n<p><strong>Mang l\u1ea1i Gi\u00e1 Tr\u1ecb Kinh T\u1ebf<\/strong><\/p>\n<p>S\u1eed d\u1ee5ng t\u00fai gi\u1ea5y Kraft kh\u00f4ng ch\u1ec9 th\u1ec3 hi\u1ec7n tr\u00e1ch nhi\u1ec7m v\u1edbi m\u00f4i tr\u01b0\u1eddng m\u00e0 c\u00f2n l\u00e0 gi\u1ea3i ph\u00e1p ti\u1ebft ki\u1ec7m chi ph\u00ed cho c\u00e1c doanh nghi\u1ec7p. V\u1edbi chi ph\u00ed s\u1ea3n xu\u1ea5t h\u1ee3p l\u00fd, t\u00fai BMD_5935 l\u00e0 s\u1ef1 l\u1ef1a ch\u1ecdn kinh t\u1ebf cho b\u1ea5t k\u1ef3 ai t\u00ecm ki\u1ebfm gi\u1ea3i ph\u00e1p \u0111\u00f3ng g\u00f3i hi\u1ec7u qu\u1ea3 v\u00e0 b\u1ec1n v\u1eefng.<\/p>\n<h3>C\u00e1c T\u00ean G\u1ecdi Kh\u00e1c c\u1ee7a T\u00fai Gi\u1ea5y BMD_5935<\/h3>\n<p>Ngo\u00e0i t\u00ean g\u1ecdi l\u00e0 t\u00fai gi\u1ea5y \u0111\u1ef1ng b\u00e1nh m\u00ec, s\u1ea3n ph\u1ea9m n\u00e0y c\u00f2n \u0111\u01b0\u1ee3c bi\u1ebft \u0111\u1ebfn v\u1edbi c\u00e1c t\u00ean nh\u01b0 bao b\u00e1nh m\u00ec, gi\u1ea5y g\u00f3i b\u00e1nh m\u00ec. \u0110i\u1ec1u n\u00e0y ph\u1ea3n \u00e1nh s\u1ef1 \u0111a d\u1ea1ng trong c\u00e1ch s\u1eed d\u1ee5ng v\u00e0 nh\u1eadn di\u1ec7n s\u1ea3n ph\u1ea9m tr\u00ean th\u1ecb tr\u01b0\u1eddng.<\/p>\n","protected":false},"excerpt":{"rendered":"<p>K\u00edch th\u01b0\u1edbc 9.5&#215;4.5x24cm, \u0111\u1ecbnh l\u01b0\u1ee3ng gi\u1ea5y 50gsm. Kh\u00e1m ph\u00e1 gi\u1ea3i ph\u00e1p \u0111\u00f3ng g\u00f3i b\u00e1nh m\u00ec ti\u1ec7n l\u1ee3i v\u00e0 th\u00e2n thi\u1ec7n v\u1edbi m\u00f4i tr\u01b0\u1eddng v\u1edbi t\u00fai gi\u1ea5y Kraft, m\u00e3 s\u1ea3n ph\u1ea9m BMD_5935.<\/p>\n","protected":false},"featured_media":800,"template":"","meta":[],"product_brand":[],"product_cat":[72],"product_tag":[],"class_list":{"0":"post-799","1":"product","2":"type-product","3":"status-publish","4":"has-post-thumbnail","6":"product_cat-san-pham-tui-banh-mi","8":"first","9":"instock","10":"virtual","11":"product-type-simple"},"_links":{"self":[{"href":"https:\/\/tuibanhmidep.com\/bai-viet\/wp-json\/wp\/v2\/product\/799","targetHints":{"allow":["GET"]}}],"collection":[{"href":"https:\/\/tuibanhmidep.com\/bai-viet\/wp-json\/wp\/v2\/product"}],"about":[{"href":"https:\/\/tuibanhmidep.com\/bai-viet\/wp-json\/wp\/v2\/types\/product"}],"wp:featuredmedia":[{"embeddable":true,"href":"https:\/\/tuibanhmidep.com\/bai-viet\/wp-json\/wp\/v2\/media\/800"}],"wp:attachment":[{"href":"https:\/\/tuibanhmidep.com\/bai-viet\/wp-json\/wp\/v2\/media?parent=799"}],"wp:term":[{"taxonomy":"product_brand","embeddable":true,"href":"https:\/\/tuibanhmidep.com\/bai-viet\/wp-json\/wp\/v2\/product_brand?post=799"},{"taxonomy":"product_cat","embeddable":true,"href":"https:\/\/tuibanhmidep.com\/bai-viet\/wp-json\/wp\/v2\/product_cat?post=799"},{"taxonomy":"product_tag","embeddable":true,"href":"https:\/\/tuibanhmidep.com\/bai-viet\/wp-json\/wp\/v2\/product_tag?post=799"}],"curies":[{"name":"wp","href":"https:\/\/api.w.org\/{rel}","templated":true}]}}