{"id":795,"date":"2024-04-22T14:53:51","date_gmt":"2024-04-22T07:53:51","guid":{"rendered":"https:\/\/tuibanhmidep.com\/bai-viet\/shop\/in-10000-bao-banh-mi-than-thien-moi-truong-ma-bmd_8969-giay-kraft-dep-va-gia-re-khong-tuong\/"},"modified":"2024-04-22T14:53:52","modified_gmt":"2024-04-22T07:53:52","slug":"in-10000-bao-banh-mi-than-thien-moi-truong-ma-bmd_8969-giay-kraft-dep-va-gia-re-khong-tuong","status":"publish","type":"product","link":"https:\/\/tuibanhmidep.com\/bai-viet\/shop\/in-10000-bao-banh-mi-than-thien-moi-truong-ma-bmd_8969-giay-kraft-dep-va-gia-re-khong-tuong\/","title":{"rendered":"In 10000 bao b\u00e1nh m\u00ec th\u00e2n thi\u1ec7n m\u00f4i tr\u01b0\u1eddng (m\u00e3 BMD_8969) gi\u1ea5y Kraft &#8211; \u0111\u1eb9p v\u00e0 gi\u00e1 r\u1ebb kh\u00f4ng t\u01b0\u1edfng"},"content":{"rendered":"<h2>T\u1ea1i sao n\u00ean ch\u1ecdn t\u00fai gi\u1ea5y Kraft cho b\u00e1nh m\u00ec?<\/h2>\n<p><strong>V\u1eadt li\u1ec7u an to\u00e0n v\u00e0 th\u00e2n thi\u1ec7n v\u1edbi m\u00f4i tr\u01b0\u1eddng<\/strong><\/p>\n<p>T\u00fai gi\u1ea5y Kraft, v\u1edbi m\u00e3 s\u1ea3n ph\u1ea9m BMD_8969, \u0111\u01b0\u1ee3c s\u1ea3n xu\u1ea5t ho\u00e0n to\u00e0n t\u1eeb nguy\u00ean li\u1ec7u t\u1ef1 nhi\u00ean, \u0111\u1ea3m b\u1ea3o an to\u00e0n khi ti\u1ebfp x\u00fac tr\u1ef1c ti\u1ebfp v\u1edbi th\u1ef1c ph\u1ea9m. S\u1eed d\u1ee5ng lo\u1ea1i t\u00fai n\u00e0y kh\u00f4ng ch\u1ec9 l\u00e0 l\u1ef1a ch\u1ecdn t\u1ed1t cho s\u1ee9c kh\u1ecfe m\u00e0 c\u00f2n g\u00f3p ph\u1ea7n b\u1ea3o v\u1ec7 m\u00f4i tr\u01b0\u1eddng nh\u1edd t\u00ednh ph\u00e2n h\u1ee7y sinh h\u1ecdc cao c\u1ee7a ch\u00fang.<\/p>\n<h3>Thi\u1ebft k\u1ebf \u0111\u1eb7c bi\u1ec7t d\u00e0nh ri\u00eang cho b\u00e1nh m\u00ec<\/h3>\n<p>\u0110\u01b0\u1ee3c thi\u1ebft k\u1ebf \u0111\u1eb7c bi\u1ec7t v\u1edbi k\u00edch th\u01b0\u1edbc ph\u00f9 h\u1ee3p cho 1 \u1ed5 b\u00e1nh m\u00ec Vi\u1ec7t Nam, t\u00fai gi\u1ea5y Kraft m\u00e3 BMD_8969 c\u00f3 chi\u1ec1u ngang 9.5 cm, chi\u1ec1u cao 24.5 cm v\u00e0 \u0111\u1ed9 r\u1ed9ng m\u1ed7i b\u00ean h\u00f4ng l\u00e0 4.5 cm. Thi\u1ebft k\u1ebf n\u00e0y gi\u00fap gi\u1eef b\u00e1nh m\u00ec y\u00ean v\u1ecb trong qu\u00e1 tr\u00ecnh v\u1eadn chuy\u1ec3n m\u00e0 kh\u00f4ng lo b\u1ecb x\u00f4 l\u1ec7ch ho\u1eb7c r\u01a1i ra ngo\u00e0i.<\/p>\n<p><strong>Kinh t\u1ebf v\u00e0 hi\u1ec7u qu\u1ea3<\/strong><\/p>\n<p>Kh\u00f4ng ch\u1ec9 \u0111\u1eb9p m\u1eaft v\u1edbi thi\u1ebft k\u1ebf gi\u1ea3n d\u1ecb v\u00e0 tinh t\u1ebf, t\u00fai gi\u1ea5y Kraft c\u00f2n l\u00e0 l\u1ef1a ch\u1ecdn kinh t\u1ebf cho c\u00e1c c\u1eeda h\u00e0ng b\u00e1nh m\u00ec. Vi\u1ec7c \u0111\u1eb7t in s\u1ed1 l\u01b0\u1ee3ng l\u1edbn, nh\u01b0 10000 t\u00fai, s\u1ebd gi\u00fap ti\u1ebft ki\u1ec7m \u0111\u00e1ng k\u1ec3 chi ph\u00ed s\u1ea3n xu\u1ea5t, \u0111\u1ed3ng th\u1eddi \u0111\u1ea3m b\u1ea3o ngu\u1ed3n cung c\u1ea5p \u0111\u1ec1u \u0111\u1eb7n cho nhu c\u1ea7u kinh doanh.<\/p>\n<h3>Mang l\u1ea1i tr\u1ea3i nghi\u1ec7m mua s\u1eafm t\u1ed1t h\u01a1n cho kh\u00e1ch h\u00e0ng<\/h3>\n<p>T\u00fai gi\u1ea5y Kraft kh\u00f4ng ch\u1ec9 l\u00e0 bao b\u00ec, m\u00e0 c\u00f2n l\u00e0 ph\u1ea7n c\u1ee7a tr\u1ea3i nghi\u1ec7m mua s\u1eafm. Kh\u00e1ch h\u00e0ng ng\u00e0y c\u00e0ng quan t\u00e2m \u0111\u1ebfn vi\u1ec7c mua s\u1eafm c\u00f3 tr\u00e1ch nhi\u1ec7m v\u1edbi m\u00f4i tr\u01b0\u1eddng. Do \u0111\u00f3, cung c\u1ea5p t\u00fai gi\u1ea5y th\u00e2n thi\u1ec7n v\u1edbi m\u00f4i tr\u01b0\u1eddng kh\u00f4ng ch\u1ec9 gi\u00fap b\u1ea3o v\u1ec7 h\u00e0nh tinh, m\u00e0 c\u00f2n n\u00e2ng cao h\u00ecnh \u1ea3nh th\u01b0\u01a1ng hi\u1ec7u c\u1ee7a b\u1ea1n trong m\u1eaft c\u00f4ng ch\u00fang.<\/p>\n<p><strong>D\u1ec5 d\u00e0ng t\u00f9y ch\u1ec9nh theo nhu c\u1ea7u<\/strong><\/p>\n<p>V\u1edbi gi\u1ea5y Kraft, b\u1ea1n c\u00f3 th\u1ec3 d\u1ec5 d\u00e0ng t\u00f9y ch\u1ec9nh k\u00edch th\u01b0\u1edbc, h\u00ecnh th\u1ee9c in \u1ea5n tr\u00ean t\u00fai \u0111\u1ec3 ph\u00f9 h\u1ee3p v\u1edbi chi\u1ebfn l\u01b0\u1ee3c th\u01b0\u01a1ng hi\u1ec7u c\u1ee7a m\u00ecnh. \u0110i\u1ec1u n\u00e0y kh\u00f4ng nh\u1eefng gi\u00fap t\u00fai gi\u1ea5y tr\u1edf th\u00e0nh c\u00f4ng c\u1ee5 marketing hi\u1ec7u qu\u1ea3 m\u00e0 c\u00f2n gi\u00fap ti\u1ebft ki\u1ec7m chi ph\u00ed khi s\u1ea3n xu\u1ea5t s\u1ed1 l\u01b0\u1ee3ng l\u1edbn.<\/p>\n","protected":false},"excerpt":{"rendered":"<p>K\u00edch th\u01b0\u1edbc 9.5&#215;4.5x24cm, \u0111\u1ecbnh l\u01b0\u1ee3ng gi\u1ea5y 50gsm. Kh\u00e1m ph\u00e1 l\u1ef1a ch\u1ecdn th\u00e2n thi\u1ec7n m\u00f4i tr\u01b0\u1eddng cho bao b\u00e1nh m\u00ec: gi\u1ea5y Kraft kh\u00f4ng ch\u1ec9 b\u1ec1n v\u00e0 \u0111\u1eb9p m\u00e0 c\u00f2n c\u1ef1c k\u1ef3 ph\u00f9 h\u1ee3p v\u1edbi t\u00fai ti\u1ec1n. Tham kh\u1ea3o ngay l\u1ef1a ch\u1ecdn gi\u1ea5y \u0111\u1ef1ng b\u00e1nh m\u00ec m\u00e3 BMD_8969 \u0111\u1ec3 \u0111\u1ea3m b\u1ea3o v\u1eeba \u0111\u1eb9p v\u1eeba ti\u1ebft ki\u1ec7m!<\/p>\n","protected":false},"featured_media":796,"template":"","meta":[],"product_brand":[],"product_cat":[72],"product_tag":[],"class_list":{"0":"post-795","1":"product","2":"type-product","3":"status-publish","4":"has-post-thumbnail","6":"product_cat-san-pham-tui-banh-mi","8":"first","9":"instock","10":"virtual","11":"product-type-simple"},"_links":{"self":[{"href":"https:\/\/tuibanhmidep.com\/bai-viet\/wp-json\/wp\/v2\/product\/795","targetHints":{"allow":["GET"]}}],"collection":[{"href":"https:\/\/tuibanhmidep.com\/bai-viet\/wp-json\/wp\/v2\/product"}],"about":[{"href":"https:\/\/tuibanhmidep.com\/bai-viet\/wp-json\/wp\/v2\/types\/product"}],"wp:featuredmedia":[{"embeddable":true,"href":"https:\/\/tuibanhmidep.com\/bai-viet\/wp-json\/wp\/v2\/media\/796"}],"wp:attachment":[{"href":"https:\/\/tuibanhmidep.com\/bai-viet\/wp-json\/wp\/v2\/media?parent=795"}],"wp:term":[{"taxonomy":"product_brand","embeddable":true,"href":"https:\/\/tuibanhmidep.com\/bai-viet\/wp-json\/wp\/v2\/product_brand?post=795"},{"taxonomy":"product_cat","embeddable":true,"href":"https:\/\/tuibanhmidep.com\/bai-viet\/wp-json\/wp\/v2\/product_cat?post=795"},{"taxonomy":"product_tag","embeddable":true,"href":"https:\/\/tuibanhmidep.com\/bai-viet\/wp-json\/wp\/v2\/product_tag?post=795"}],"curies":[{"name":"wp","href":"https:\/\/api.w.org\/{rel}","templated":true}]}}