{"id":778,"date":"2024-04-20T19:30:25","date_gmt":"2024-04-20T12:30:25","guid":{"rendered":"https:\/\/tuibanhmidep.com\/bai-viet\/shop\/in-20000-tui-giay-banh-mi-giai-phap-bao-ve-moi-truong-khi-thuong-thuc-skubmd_4996\/"},"modified":"2024-04-20T19:30:25","modified_gmt":"2024-04-20T12:30:25","slug":"in-20000-tui-giay-banh-mi-giai-phap-bao-ve-moi-truong-khi-thuong-thuc-skubmd_4996","status":"publish","type":"product","link":"https:\/\/tuibanhmidep.com\/bai-viet\/shop\/in-20000-tui-giay-banh-mi-giai-phap-bao-ve-moi-truong-khi-thuong-thuc-skubmd_4996\/","title":{"rendered":"In 20000 T\u00fai Gi\u1ea5y B\u00e1nh M\u00ec: Gi\u1ea3i Ph\u00e1p B\u1ea3o V\u1ec7 M\u00f4i Tr\u01b0\u1eddng Khi Th\u01b0\u1edfng Th\u1ee9c (SKU:BMD_4996)"},"content":{"rendered":"<h2>Ti\u1ec7n \u00cdch V\u01b0\u1ee3t Tr\u1ed9i c\u1ee7a T\u00fai Gi\u1ea5y B\u00e1nh M\u00ec<\/h2>\n<p>T\u00fai gi\u1ea5y b\u00e1nh m\u00ec, \u0111\u01b0\u1ee3c l\u00e0m t\u1eeb gi\u1ea5y an to\u00e0n s\u1eed d\u1ee5ng cho th\u1ef1c ph\u1ea9m, kh\u00f4ng ch\u1ec9 \u0111\u01a1n gi\u1ea3n l\u00e0 m\u1ed9t ph\u01b0\u01a1ng ti\u1ec7n ch\u1ee9a \u0111\u1ef1ng m\u00f3n \u0103n. V\u1edbi thi\u1ebft k\u1ebf chuy\u00ean bi\u1ec7t, t\u00fai n\u00e0y ph\u00f9 h\u1ee3p tuy\u1ec7t \u0111\u1ed1i v\u1edbi k\u00edch th\u01b0\u1edbc c\u1ee7a m\u1ed9t \u1ed5 b\u00e1nh m\u00ec Vi\u1ec7t Nam, mang l\u1ea1i s\u1ef1 ti\u1ec7n l\u1ee3i t\u1ed1i \u0111a cho ng\u01b0\u1eddi d\u00f9ng. K\u00edch th\u01b0\u1edbc c\u1ee7a t\u00fai l\u00e0 9.5 cm ngang, 24.5 cm cao v\u00e0 m\u1ed7i b\u00ean h\u00f4ng r\u1ed9ng 4.5 cm, ho\u00e0n h\u1ea3o \u0111\u1ec3 \u0111\u1ef1ng m\u1ed9t \u1ed5 b\u00e1nh m\u00ec kh\u00f4ng qu\u00e1 l\u1edbn nh\u01b0ng \u0111\u1ee7 \u0111\u1ec3 t\u1ea1o n\u00ean b\u1eefa s\u00e1ng nhanh ch\u00f3ng cho m\u1ecdi ng\u01b0\u1eddi.<\/p>\n<h3>Thi\u1ebft K\u1ebf Th\u00e2n Thi\u1ec7n v\u1edbi M\u00f4i Tr\u01b0\u1eddng<\/h3>\n<p>S\u1ef1 l\u1ef1a ch\u1ecdn v\u1ec1 t\u00fai gi\u1ea5y kh\u00f4ng ch\u1ec9 gi\u00fap gi\u1ea3m thi\u1ec3u \u00f4 nhi\u1ec5m m\u00e0 c\u00f2n ph\u1ea3n \u00e1nh m\u1ed9t l\u1ed1i s\u1ed1ng xanh, b\u1ec1n v\u1eefng. S\u1eed d\u1ee5ng gi\u1ea5y th\u00e2n thi\u1ec7n m\u00f4i tr\u01b0\u1eddng, t\u00fai gi\u1ea5y b\u00e1nh m\u00ec ho\u00e0n to\u00e0n c\u00f3 th\u1ec3 t\u00e1i ch\u1ebf, \u0111\u00f3ng g\u00f3p v\u00e0o vi\u1ec7c gi\u1ea3m thi\u1ec3u r\u00e1c th\u1ea3i nh\u1ef1a &#8211; m\u1ed9t v\u1ea5n \u0111\u1ec1 \u0111ang \u0111\u01b0\u1ee3c c\u1ea3 th\u1ebf gi\u1edbi quan t\u00e2m. \u0110\u00e2y l\u00e0 m\u1ed9t b\u01b0\u1edbc ti\u1ebfn quan tr\u1ecdng trong vi\u1ec7c b\u1ea3o v\u1ec7 h\u00e0nh tinh c\u1ee7a ch\u00fang ta.<\/p>\n<p><strong>S\u1ef1 \u0110a D\u1ea1ng trong S\u1eed D\u1ee5ng<\/strong><br \/>\nKh\u00f4ng ch\u1ec9 d\u00e0nh ri\u00eang cho b\u00e1nh m\u00ec, t\u00fai gi\u1ea5y n\u00e0y c\u00f2n c\u00f3 th\u1ec3 \u0111\u01b0\u1ee3c s\u1eed d\u1ee5ng \u0111\u1ec3 \u0111\u1ef1ng c\u00e1c lo\u1ea1i th\u1ef1c ph\u1ea9m kh\u00e1c nh\u01b0 b\u00e1nh ng\u1ecdt ho\u1eb7c c\u00e1c lo\u1ea1i b\u00e1nh kh\u00e1c m\u00e0 kh\u00f4ng s\u1ee3 b\u00e1m d\u1ea7u m\u1ee1 nh\u1edd v\u00e0o ch\u1ea5t li\u1ec7u gi\u1ea5y \u0111\u1eb7c bi\u1ec7t. \u0110i\u1ec1u n\u00e0y l\u00e0m t\u0103ng s\u1ef1 linh ho\u1ea1t v\u00e0 ti\u1ec7n d\u1ee5ng c\u1ee7a s\u1ea3n ph\u1ea9m, kh\u00f4ng ch\u1ec9 trong cu\u1ed9c s\u1ed1ng h\u00e0ng ng\u00e0y m\u00e0 c\u00f2n trong c\u00e1c s\u1ef1 ki\u1ec7n, picnic hay c\u00e1c ho\u1ea1t \u0111\u1ed9ng ngo\u00e0i tr\u1eddi.<\/p>\n<h3>L\u01b0u \u00dd Khi S\u1eed D\u1ee5ng T\u00fai Gi\u1ea5y B\u00e1nh M\u00ec<\/h3>\n<p>D\u00f9 c\u00f3 nhi\u1ec1u \u01b0u \u0111i\u1ec3m, ng\u01b0\u1eddi ti\u00eau d\u00f9ng c\u1ea7n nh\u1edb r\u1eb1ng t\u00fai gi\u1ea5y b\u00e1nh m\u00ec kh\u00f4ng \u0103n \u0111\u01b0\u1ee3c v\u00e0 kh\u00f4ng c\u00f3 quai x\u00e1ch. Khi s\u1eed d\u1ee5ng s\u1ea3n ph\u1ea9m n\u00e0y, c\u1ea7n l\u01b0u \u00fd \u0111\u1ec3 tr\u00e1nh l\u00e0m \u01b0\u1edbt t\u00fai v\u00ec gi\u1ea5y c\u00f3 th\u1ec3 b\u1ecb r\u00e1ch n\u1ebfu ti\u1ebfp x\u00fac v\u1edbi n\u01b0\u1edbc. B\u1ea3o qu\u1ea3n t\u00fai n\u01a1i kh\u00f4 r\u00e1o, tr\u00e1nh \u00e1nh n\u1eafng m\u1eb7t tr\u1eddi tr\u1ef1c ti\u1ebfp \u0111\u1ec3 gi\u1eef cho t\u00fai lu\u00f4n trong t\u00ecnh tr\u1ea1ng t\u1ed1t nh\u1ea5t.<\/p>\n","protected":false},"excerpt":{"rendered":"<p>K\u00edch th\u01b0\u1edbc 9.5&#215;4.5x24cm, \u0111\u1ecbnh l\u01b0\u1ee3ng gi\u1ea5y 50gsm. Khai th\u00e1c t\u1ed1i \u0111a v\u1ebb \u0111\u1eb9p t\u1ef1 nhi\u00ean v\u00e0 b\u1ec1n v\u1eefng c\u1ee7a t\u00fai gi\u1ea5y b\u00e1nh m\u00ec, m\u1ed9t l\u1ef1a ch\u1ecdn th\u00f4ng minh cho ng\u01b0\u1eddi ti\u00eau d\u00f9ng hi\u1ec7n \u0111\u1ea1i.<\/p>\n","protected":false},"featured_media":779,"template":"","meta":[],"product_brand":[],"product_cat":[72],"product_tag":[],"class_list":{"0":"post-778","1":"product","2":"type-product","3":"status-publish","4":"has-post-thumbnail","6":"product_cat-san-pham-tui-banh-mi","8":"first","9":"instock","10":"virtual","11":"product-type-simple"},"_links":{"self":[{"href":"https:\/\/tuibanhmidep.com\/bai-viet\/wp-json\/wp\/v2\/product\/778","targetHints":{"allow":["GET"]}}],"collection":[{"href":"https:\/\/tuibanhmidep.com\/bai-viet\/wp-json\/wp\/v2\/product"}],"about":[{"href":"https:\/\/tuibanhmidep.com\/bai-viet\/wp-json\/wp\/v2\/types\/product"}],"wp:featuredmedia":[{"embeddable":true,"href":"https:\/\/tuibanhmidep.com\/bai-viet\/wp-json\/wp\/v2\/media\/779"}],"wp:attachment":[{"href":"https:\/\/tuibanhmidep.com\/bai-viet\/wp-json\/wp\/v2\/media?parent=778"}],"wp:term":[{"taxonomy":"product_brand","embeddable":true,"href":"https:\/\/tuibanhmidep.com\/bai-viet\/wp-json\/wp\/v2\/product_brand?post=778"},{"taxonomy":"product_cat","embeddable":true,"href":"https:\/\/tuibanhmidep.com\/bai-viet\/wp-json\/wp\/v2\/product_cat?post=778"},{"taxonomy":"product_tag","embeddable":true,"href":"https:\/\/tuibanhmidep.com\/bai-viet\/wp-json\/wp\/v2\/product_tag?post=778"}],"curies":[{"name":"wp","href":"https:\/\/api.w.org\/{rel}","templated":true}]}}