{"id":762,"date":"2024-04-20T15:17:44","date_gmt":"2024-04-20T08:17:44","guid":{"rendered":"https:\/\/tuibanhmidep.com\/bai-viet\/shop\/in-10000-tui-giay-banh-mi-dong-hanh-cung-moi-bua-sang-skubmd_4174\/"},"modified":"2024-04-20T15:17:44","modified_gmt":"2024-04-20T08:17:44","slug":"in-10000-tui-giay-banh-mi-dong-hanh-cung-moi-bua-sang-skubmd_4174","status":"publish","type":"product","link":"https:\/\/tuibanhmidep.com\/bai-viet\/shop\/in-10000-tui-giay-banh-mi-dong-hanh-cung-moi-bua-sang-skubmd_4174\/","title":{"rendered":"In 10000 T\u00fai gi\u1ea5y b\u00e1nh m\u00ec: \u0110\u1ed3ng h\u00e0nh c\u00f9ng m\u1ed7i b\u1eefa s\u00e1ng (SKU:BMD_4174)"},"content":{"rendered":"<h2>Gi\u1edbi thi\u1ec7u v\u1ec1 t\u00fai gi\u1ea5y \u0111\u1ef1ng b\u00e1nh m\u00ec<\/h2>\n<p><strong>D\u00e0nh cho b\u1eefa s\u00e1ng ti\u1ec7n l\u1ee3i v\u00e0 an to\u00e0n<\/strong><\/p>\n<p>Trong cu\u1ed9c s\u1ed1ng hi\u1ec7n \u0111\u1ea1i, s\u1ef1 ti\u1ec7n l\u1ee3i lu\u00f4n \u0111\u01b0\u1ee3c \u01b0u ti\u00ean h\u00e0ng \u0111\u1ea7u. T\u00fai gi\u1ea5y b\u00e1nh m\u00ec l\u00e0 s\u1ef1 l\u1ef1a ch\u1ecdn tuy\u1ec7t v\u1eddi cho nh\u1eefng ai mu\u1ed1n mang theo b\u1eefa s\u00e1ng ho\u1eb7c \u0103n v\u1eb7t ngo\u00e0i tr\u1eddi m\u00e0 kh\u00f4ng c\u1ea7n lo l\u1eafng v\u1ec1 v\u1ea5n \u0111\u1ec1 an to\u00e0n th\u1ef1c ph\u1ea9m. \u0110\u01b0\u1ee3c l\u00e0m t\u1eeb lo\u1ea1i gi\u1ea5y an to\u00e0n, kh\u00f4ng \u0111\u1ed9c h\u1ea1i, t\u00fai gi\u1ea5y b\u00e1nh m\u00ec \u0111\u1ea3m b\u1ea3o s\u1ef1 an to\u00e0n tuy\u1ec7t \u0111\u1ed1i khi ti\u1ebfp x\u00fac tr\u1ef1c ti\u1ebfp v\u1edbi th\u1ef1c ph\u1ea9m.<\/p>\n<h3>T\u00ednh n\u0103ng v\u00e0 th\u00f4ng s\u1ed1 k\u1ef9 thu\u1eadt c\u1ee7a t\u00fai gi\u1ea5y b\u00e1nh m\u00ec<\/h3>\n<p>V\u1edbi k\u00edch th\u01b0\u1edbc chu\u1ea9n l\u00e0 9.5cm ngang, 24.5cm cao v\u00e0 m\u1ed7i b\u00ean h\u00f4ng r\u1ed9ng 4.5cm, t\u00fai gi\u1ea5y b\u00e1nh m\u00ec \u0111\u01b0\u1ee3c thi\u1ebft k\u1ebf \u0111\u1eb7c bi\u1ec7t \u0111\u1ec3 \u0111\u1ef1ng v\u1eeba v\u1eb7n m\u1ed9t \u1ed5 b\u00e1nh m\u00ec Vi\u1ec7t Nam. S\u1ea3n ph\u1ea9m n\u00e0y kh\u00f4ng ch\u1ec9 h\u1eefu \u00edch m\u00e0 c\u00f2n th\u00e2n thi\u1ec7n v\u1edbi m\u00f4i tr\u01b0\u1eddng do kh\u1ea3 n\u0103ng ph\u00e2n h\u1ee7y sinh h\u1ecdc cao. Kh\u00f4ng s\u1eed d\u1ee5ng quai x\u00e1ch, t\u00fai gi\u1ea5y n\u00e0y nh\u1eb9 nh\u00e0ng, d\u1ec5 d\u00e0ng x\u1ebfp g\u1ecdn v\u00e0 c\u1ea5t gi\u1eef, gi\u00fap b\u1ea1n c\u00f3 th\u1ec3 d\u1ec5 d\u00e0ng mang theo b\u1ea5t c\u1ee9 \u0111\u00e2u.<\/p>\n<p><strong>Ti\u1ec7n \u00edch kh\u00f4ng ng\u1edd t\u1eeb m\u1ed9t s\u1ea3n ph\u1ea9m nh\u1ecf<\/strong><\/p>\n<p>T\u00fai gi\u1ea5y b\u00e1nh m\u00ec kh\u00f4ng ch\u1ec9 l\u00e0 m\u1ed9t gi\u1ea3i ph\u00e1p \u0111\u1ef1ng th\u1ef1c ph\u1ea9m, m\u00e0 c\u00f2n l\u00e0 m\u1ed9t ph\u1ea7n c\u1ee7a l\u1ed1i s\u1ed1ng xanh. S\u1eed d\u1ee5ng t\u00fai gi\u1ea5y gi\u00fap gi\u1ea3m thi\u1ec3u r\u00e1c th\u1ea3i nh\u1ef1a, g\u00f3p ph\u1ea7n b\u1ea3o v\u1ec7 m\u00f4i tr\u01b0\u1eddng s\u1ed1ng. Ngo\u00e0i ra, t\u00ednh n\u0103ng kh\u00f4ng c\u00f3 quai x\u00e1ch c\u0169ng th\u00fac \u0111\u1ea9y ng\u01b0\u1eddi d\u00f9ng gi\u1ea3m thi\u1ec3u l\u01b0\u1ee3ng gi\u1ea5y s\u1eed d\u1ee5ng, t\u1eeb \u0111\u00f3 gi\u1ea3m thi\u1ec3u \u1ea3nh h\u01b0\u1edfng \u0111\u1ebfn m\u00f4i tr\u01b0\u1eddng.<\/p>\n<h3>L\u1ee3i \u00edch khi s\u1eed d\u1ee5ng t\u00fai gi\u1ea5y b\u00e1nh m\u00ec<\/h3>\n<p>V\u1edbi thi\u1ebft k\u1ebf \u0111\u01a1n gi\u1ea3n m\u00e0 hi\u1ec7u qu\u1ea3, t\u00fai gi\u1ea5y b\u00e1nh m\u00ec kh\u00f4ng nh\u1eefng gi\u00fap b\u1ea3o qu\u1ea3n b\u00e1nh m\u00ec an to\u00e0n t\u1eeb l\u00fac mua cho \u0111\u1ebfn khi s\u1eed d\u1ee5ng m\u00e0 c\u00f2n gi\u00fap b\u1ea1n y\u00ean t\u00e2m v\u1ec1 v\u1ea5n \u0111\u1ec1 s\u1ee9c kh\u1ecfe. Kh\u00f4ng ch\u1ec9 th\u1ebf, b\u1eb1ng c\u00e1ch ch\u1ecdn s\u1eed d\u1ee5ng s\u1ea3n ph\u1ea9m n\u00e0y, m\u1ed7i ng\u01b0\u1eddi ti\u00eau d\u00f9ng \u0111\u1ec1u \u0111ang \u0111\u00f3ng g\u00f3p m\u1ed9t ph\u1ea7n v\u00e0o n\u1ed7 l\u1ef1c gi\u1ea3m thi\u1ec3u \u00f4 nhi\u1ec5m m\u00f4i tr\u01b0\u1eddng, h\u01b0\u1edbng t\u1edbi m\u1ed9t t\u01b0\u01a1ng lai b\u1ec1n v\u1eefng h\u01a1n.<\/p>\n","protected":false},"excerpt":{"rendered":"<p>K\u00edch th\u01b0\u1edbc 9.5&#215;4.5x24cm, \u0111\u1ecbnh l\u01b0\u1ee3ng gi\u1ea5y 50gsm. T\u00fai gi\u1ea5y b\u00e1nh m\u00ec kh\u00f4ng ch\u1ec9 l\u00e0 gi\u1ea3i ph\u00e1p \u0111\u1ef1ng b\u00e1nh m\u00ec an to\u00e0n m\u00e0 c\u00f2n th\u00e2n thi\u1ec7n v\u1edbi m\u00f4i tr\u01b0\u1eddng, g\u00f3p ph\u1ea7n v\u00e0o cu\u1ed9c s\u1ed1ng xanh.<\/p>\n","protected":false},"featured_media":763,"template":"","meta":[],"product_brand":[],"product_cat":[72],"product_tag":[],"class_list":{"0":"post-762","1":"product","2":"type-product","3":"status-publish","4":"has-post-thumbnail","6":"product_cat-san-pham-tui-banh-mi","8":"first","9":"instock","10":"virtual","11":"product-type-simple"},"_links":{"self":[{"href":"https:\/\/tuibanhmidep.com\/bai-viet\/wp-json\/wp\/v2\/product\/762","targetHints":{"allow":["GET"]}}],"collection":[{"href":"https:\/\/tuibanhmidep.com\/bai-viet\/wp-json\/wp\/v2\/product"}],"about":[{"href":"https:\/\/tuibanhmidep.com\/bai-viet\/wp-json\/wp\/v2\/types\/product"}],"wp:featuredmedia":[{"embeddable":true,"href":"https:\/\/tuibanhmidep.com\/bai-viet\/wp-json\/wp\/v2\/media\/763"}],"wp:attachment":[{"href":"https:\/\/tuibanhmidep.com\/bai-viet\/wp-json\/wp\/v2\/media?parent=762"}],"wp:term":[{"taxonomy":"product_brand","embeddable":true,"href":"https:\/\/tuibanhmidep.com\/bai-viet\/wp-json\/wp\/v2\/product_brand?post=762"},{"taxonomy":"product_cat","embeddable":true,"href":"https:\/\/tuibanhmidep.com\/bai-viet\/wp-json\/wp\/v2\/product_cat?post=762"},{"taxonomy":"product_tag","embeddable":true,"href":"https:\/\/tuibanhmidep.com\/bai-viet\/wp-json\/wp\/v2\/product_tag?post=762"}],"curies":[{"name":"wp","href":"https:\/\/api.w.org\/{rel}","templated":true}]}}