{"id":754,"date":"2024-04-20T13:11:55","date_gmt":"2024-04-20T06:11:55","guid":{"rendered":"https:\/\/tuibanhmidep.com\/bai-viet\/shop\/in-2000-tui-giay-banh-mi-lua-chon-than-thien-moi-truong-skubmd_9924\/"},"modified":"2024-04-20T13:11:55","modified_gmt":"2024-04-20T06:11:55","slug":"in-2000-tui-giay-banh-mi-lua-chon-than-thien-moi-truong-skubmd_9924","status":"publish","type":"product","link":"https:\/\/tuibanhmidep.com\/bai-viet\/shop\/in-2000-tui-giay-banh-mi-lua-chon-than-thien-moi-truong-skubmd_9924\/","title":{"rendered":"In 2000 T\u00fai gi\u1ea5y b\u00e1nh m\u00ec: L\u1ef1a Ch\u1ecdn Th\u00e2n Thi\u1ec7n M\u00f4i Tr\u01b0\u1eddng (SKU:BMD_9924)"},"content":{"rendered":"<h2>Gi\u1edbi thi\u1ec7u v\u1ec1 t\u00fai gi\u1ea5y b\u00e1nh m\u00ec<\/h2>\n<p><strong>L\u00fd do ch\u1ecdn t\u00fai gi\u1ea5y b\u00e1nh m\u00ec<\/strong><br \/>\nT\u00fai gi\u1ea5y b\u00e1nh m\u00ec, \u0111\u01b0\u1ee3c l\u00e0m ho\u00e0n to\u00e0n t\u1eeb gi\u1ea5y an to\u00e0n d\u00e0nh cho th\u1ef1c ph\u1ea9m, \u0111ang tr\u1edf th\u00e0nh l\u1ef1a ch\u1ecdn \u01b0a chu\u1ed9ng cho nh\u1eefng ai t\u00ecm ki\u1ebfm gi\u1ea3i ph\u00e1p \u0111\u00f3ng g\u00f3i th\u00e2n thi\u1ec7n v\u1edbi m\u00f4i tr\u01b0\u1eddng. \u0110\u00e2y l\u00e0 m\u1ed9t ph\u01b0\u01a1ng ph\u00e1p kh\u00f4ng ch\u1ec9 gi\u00fap b\u1ea3o v\u1ec7 m\u00f4i tr\u01b0\u1eddng nh\u1edd t\u00ednh ph\u00e2n h\u1ee7y sinh h\u1ecdc cao m\u00e0 c\u00f2n \u0111\u1ea3m b\u1ea3o an to\u00e0n s\u1ee9c kh\u1ecfe ng\u01b0\u1eddi ti\u00eau d\u00f9ng.<\/p>\n<h3>\u0110\u1eb7c \u0111i\u1ec3m n\u1ed5i b\u1eadt c\u1ee7a t\u00fai gi\u1ea5y b\u00e1nh m\u00ec<\/h3>\n<p>T\u00fai gi\u1ea5y b\u00e1nh m\u00ec c\u00f3 k\u00edch th\u01b0\u1edbc chu\u1ea9n l\u00e0 9.5cm ngang, 24.5cm cao v\u00e0 m\u1ed7i b\u00ean h\u00f4ng r\u1ed9ng 4.5cm, ph\u00f9 h\u1ee3p \u0111\u1ec3 \u0111\u1ef1ng m\u1ed9t \u1ed5 b\u00e1nh m\u00ec Vi\u1ec7t Nam. M\u1eb7c d\u00f9 kh\u00f4ng c\u00f3 quai x\u00e1ch, thi\u1ebft k\u1ebf c\u1ee7a t\u00fai r\u1ea5t ti\u1ec7n l\u1ee3i \u0111\u1ec3 c\u1ea7m n\u1eafm v\u00e0 mang \u0111i, nh\u1edd \u0111\u00f3 tr\u1edf th\u00e0nh ph\u01b0\u01a1ng \u00e1n l\u00fd t\u01b0\u1edfng cho c\u00e1c c\u1eeda h\u00e0ng b\u00e1nh m\u00ec v\u00e0 ng\u01b0\u1eddi ti\u00eau d\u00f9ng.<\/p>\n<p><strong>\u01afu \u0111i\u1ec3m c\u1ee7a vi\u1ec7c s\u1eed d\u1ee5ng t\u00fai gi\u1ea5y b\u00e1nh m\u00ec<\/strong><br \/>\nS\u1eed d\u1ee5ng t\u00fai gi\u1ea5y \u0111\u1ec3 \u0111\u1ef1ng b\u00e1nh m\u00ec kh\u00f4ng ch\u1ec9 gi\u00fap gi\u1ea3m thi\u1ec3u l\u01b0\u1ee3ng r\u00e1c th\u1ea3i nh\u1ef1a m\u00e0 c\u00f2n g\u00f3p ph\u1ea7n n\u00e2ng cao nh\u1eadn th\u1ee9c v\u1ec1 b\u1ea3o v\u1ec7 m\u00f4i tr\u01b0\u1eddng. T\u00fai gi\u1ea5y c\u00f3 kh\u1ea3 n\u0103ng ph\u00e2n h\u1ee7y t\u1ef1 nhi\u00ean, kh\u00f4ng g\u00e2y \u00f4 nhi\u1ec5m m\u00f4i tr\u01b0\u1eddng sau khi th\u1ea3i b\u1ecf. \u0110i\u1ec1u n\u00e0y l\u00e0m cho t\u00fai gi\u1ea5y b\u00e1nh m\u00ec tr\u1edf th\u00e0nh s\u1ef1 l\u1ef1a ch\u1ecdn b\u1ec1n v\u1eefng h\u01a1n so v\u1edbi c\u00e1c lo\u1ea1i bao b\u00ec nh\u1ef1a.<\/p>\n<h3>L\u1eddi khuy\u00ean khi s\u1eed d\u1ee5ng t\u00fai gi\u1ea5y b\u00e1nh m\u00ec<\/h3>\n<p>Khi s\u1eed d\u1ee5ng t\u00fai gi\u1ea5y b\u00e1nh m\u00ec, ng\u01b0\u1eddi ti\u00eau d\u00f9ng n\u00ean l\u01b0u \u00fd kh\u00f4ng ti\u1ebfp x\u00fac tr\u1ef1c ti\u1ebfp t\u00fai v\u1edbi n\u01b0\u1edbc ho\u1eb7c \u0111\u1ed3 \u1ea9m \u01b0\u1edbt \u0111\u1ec3 tr\u00e1nh l\u00e0m gi\u1ea3m \u0111\u1ed9 b\u1ec1n c\u1ee7a gi\u1ea5y. Tuy nhi\u00ean, c\u00e1c t\u00ednh n\u0103ng c\u1ee7a t\u00fai gi\u1ea5y v\u1eabn \u0111\u00e1p \u1ee9ng t\u1ed1t nhu c\u1ea7u \u0111\u1ef1ng th\u1ef1c ph\u1ea9m kh\u00f4 v\u00e0 kh\u00f4ng d\u1ea7u m\u1ee1.<\/p>\n","protected":false},"excerpt":{"rendered":"<p>K\u00edch th\u01b0\u1edbc 9.5&#215;4.5x24cm, \u0111\u1ecbnh l\u01b0\u1ee3ng gi\u1ea5y 50gsm. Kh\u00e1m ph\u00e1 l\u1ef1a ch\u1ecdn b\u1ea3o v\u1ec7 m\u00f4i tr\u01b0\u1eddng v\u1edbi t\u00fai gi\u1ea5y b\u00e1nh m\u00ec an to\u00e0n v\u00e0 ti\u1ec7n d\u1ee5ng.<\/p>\n","protected":false},"featured_media":755,"template":"","meta":[],"product_brand":[],"product_cat":[72],"product_tag":[],"class_list":{"0":"post-754","1":"product","2":"type-product","3":"status-publish","4":"has-post-thumbnail","6":"product_cat-san-pham-tui-banh-mi","8":"first","9":"instock","10":"virtual","11":"product-type-simple"},"_links":{"self":[{"href":"https:\/\/tuibanhmidep.com\/bai-viet\/wp-json\/wp\/v2\/product\/754","targetHints":{"allow":["GET"]}}],"collection":[{"href":"https:\/\/tuibanhmidep.com\/bai-viet\/wp-json\/wp\/v2\/product"}],"about":[{"href":"https:\/\/tuibanhmidep.com\/bai-viet\/wp-json\/wp\/v2\/types\/product"}],"wp:featuredmedia":[{"embeddable":true,"href":"https:\/\/tuibanhmidep.com\/bai-viet\/wp-json\/wp\/v2\/media\/755"}],"wp:attachment":[{"href":"https:\/\/tuibanhmidep.com\/bai-viet\/wp-json\/wp\/v2\/media?parent=754"}],"wp:term":[{"taxonomy":"product_brand","embeddable":true,"href":"https:\/\/tuibanhmidep.com\/bai-viet\/wp-json\/wp\/v2\/product_brand?post=754"},{"taxonomy":"product_cat","embeddable":true,"href":"https:\/\/tuibanhmidep.com\/bai-viet\/wp-json\/wp\/v2\/product_cat?post=754"},{"taxonomy":"product_tag","embeddable":true,"href":"https:\/\/tuibanhmidep.com\/bai-viet\/wp-json\/wp\/v2\/product_tag?post=754"}],"curies":[{"name":"wp","href":"https:\/\/api.w.org\/{rel}","templated":true}]}}