{"id":750,"date":"2024-04-20T12:09:28","date_gmt":"2024-04-20T05:09:28","guid":{"rendered":"https:\/\/tuibanhmidep.com\/bai-viet\/shop\/in-6000-tui-giay-banh-mi-bao-quan-tuoi-nguyen-moi-o-skubmd_6433\/"},"modified":"2024-04-20T12:09:28","modified_gmt":"2024-04-20T05:09:28","slug":"in-6000-tui-giay-banh-mi-bao-quan-tuoi-nguyen-moi-o-skubmd_6433","status":"publish","type":"product","link":"https:\/\/tuibanhmidep.com\/bai-viet\/shop\/in-6000-tui-giay-banh-mi-bao-quan-tuoi-nguyen-moi-o-skubmd_6433\/","title":{"rendered":"In 6000 T\u00fai Gi\u1ea5y B\u00e1nh M\u00ec: B\u1ea3o Qu\u1ea3n T\u01b0\u01a1i Nguy\u00ean M\u1ed7i \u1ed4 (SKU:BMD_6433)"},"content":{"rendered":"<h2>Gi\u1edbi Thi\u1ec7u V\u1ec1 T\u00fai Gi\u1ea5y B\u00e1nh M\u00ec<\/h2>\n<p><strong>T\u1ea1i sao l\u1ea1i ch\u1ecdn t\u00fai gi\u1ea5y b\u00e1nh m\u00ec?<\/strong> T\u00fai gi\u1ea5y b\u00e1nh m\u00ec \u0111\u01b0\u1ee3c l\u00e0m t\u1eeb lo\u1ea1i gi\u1ea5y an to\u00e0n cho th\u1ef1c ph\u1ea9m, \u0111\u1ea3m b\u1ea3o kh\u00f4ng \u1ea3nh h\u01b0\u1edfng \u0111\u1ebfn s\u1ee9c kh\u1ecfe ng\u01b0\u1eddi ti\u00eau d\u00f9ng. V\u1edbi thi\u1ebft k\u1ebf \u0111\u1eb7c bi\u1ec7t kh\u00f4ng c\u00f3 quai x\u00e1ch, lo\u1ea1i t\u00fai n\u00e0y th\u01b0\u1eddng \u0111\u01b0\u1ee3c s\u1eed d\u1ee5ng \u0111\u1ec3 \u0111\u1ef1ng m\u1ed9t \u1ed5 b\u00e1nh m\u00ec Vi\u1ec7t Nam v\u1edbi k\u00edch th\u01b0\u1edbc chu\u1ea9n l\u00e0 ngang 9.5cm, cao 24.5cm v\u00e0 m\u1ed7i b\u00ean h\u00f4ng r\u1ed9ng 4.5cm.<\/p>\n<h3>T\u00ednh N\u0103ng C\u1ee7a T\u00fai Gi\u1ea5y B\u00e1nh M\u00ec<\/h3>\n<p>T\u00fai gi\u1ea5y b\u00e1nh m\u00ec kh\u00f4ng ch\u1ec9 l\u00e0 m\u1ed9t gi\u1ea3i ph\u00e1p \u0111\u00f3ng g\u00f3i ti\u1ec7n l\u1ee3i m\u00e0 c\u00f2n g\u00f3p ph\u1ea7n v\u00e0o vi\u1ec7c b\u1ea3o v\u1ec7 m\u00f4i tr\u01b0\u1eddng. S\u1ea3n ph\u1ea9m n\u00e0y ho\u00e0n to\u00e0n c\u00f3 th\u1ec3 ph\u00e2n h\u1ee7y sinh h\u1ecdc, gi\u1ea3m thi\u1ec3u t\u00e1c \u0111\u1ed9ng ti\u00eau c\u1ef1c \u0111\u1ebfn thi\u00ean nhi\u00ean so v\u1edbi c\u00e1c lo\u1ea1i bao b\u00ec nh\u1ef1a. Nh\u1edd v\u00e0o thi\u1ebft k\u1ebf \u0111\u01a1n gi\u1ea3n m\u00e0 hi\u1ec7u qu\u1ea3, t\u00fai kh\u00f4ng ch\u1ec9 gi\u00fap gi\u1eef cho b\u00e1nh m\u00ec \u0111\u01b0\u1ee3c b\u1ea3o qu\u1ea3n t\u1ed1t h\u01a1n m\u00e0 c\u00f2n gi\u1eef nguy\u00ean h\u01b0\u01a1ng v\u1ecb th\u01a1m ngon c\u1ee7a b\u00e1nh.<\/p>\n<h3>C\u00e1c \u1ee8ng D\u1ee5ng C\u1ee7a T\u00fai Gi\u1ea5y \u0110\u1ef1ng B\u00e1nh M\u00ec<\/h3>\n<p>Trong c\u00e1c ti\u1ec7m b\u00e1nh, l\u00f2 b\u00e1nh m\u00ec ho\u1eb7c c\u00e1c khu ch\u1ee3, t\u00fai gi\u1ea5y \u0111\u1ef1ng b\u00e1nh m\u00ec l\u00e0 l\u1ef1a ch\u1ecdn h\u00e0ng \u0111\u1ea7u \u0111\u1ec3 \u0111\u00f3ng g\u00f3i s\u1ea3n ph\u1ea9m. Kh\u00f4ng ch\u1ec9 gi\u1edbi h\u1ea1n \u1edf vi\u1ec7c \u0111\u1ef1ng b\u00e1nh m\u00ec, t\u00fai gi\u1ea5y c\u00f2n c\u00f3 th\u1ec3 s\u1eed d\u1ee5ng \u0111\u1ec3 ch\u1ee9a c\u00e1c lo\u1ea1i th\u1ef1c ph\u1ea9m kh\u00e1c c\u1ea7n b\u1ea3o qu\u1ea3n ng\u1eafn h\u1ea1n.<\/p>\n<p><strong>Ti\u1ec7n \u00edch v\u00e0 linh ho\u1ea1t trong s\u1eed d\u1ee5ng<\/strong> Nh\u1edd v\u00e0o k\u00edch th\u01b0\u1edbc v\u00e0 thi\u1ebft k\u1ebf ph\u00f9 h\u1ee3p, t\u00fai gi\u1ea5y b\u00e1nh m\u00ec c\u00f2n c\u00f3 th\u1ec3 \u0111\u01b0\u1ee3c s\u1eed d\u1ee5ng trong c\u00e1c s\u1ef1 ki\u1ec7n, h\u1ed9i ch\u1ee3 th\u1ef1c ph\u1ea9m ho\u1eb7c c\u00e1c bu\u1ed5i picnic gia \u0111\u00ecnh, gi\u00fap mang l\u1ea1i s\u1ef1 ti\u1ec7n l\u1ee3i v\u00e0 v\u1ec7 sinh trong qu\u00e1 tr\u00ecnh v\u1eadn chuy\u1ec3n v\u00e0 th\u01b0\u1edfng th\u1ee9c th\u1ef1c ph\u1ea9m.<\/p>\n","protected":false},"excerpt":{"rendered":"<p>K\u00edch th\u01b0\u1edbc 9.5&#215;4.5x24cm, \u0111\u1ecbnh l\u01b0\u1ee3ng gi\u1ea5y 50gsm. Khi n\u00f3i \u0111\u1ebfn b\u1ea3o qu\u1ea3n b\u00e1nh m\u00ec, t\u00fai gi\u1ea5y b\u00e1nh m\u00ec l\u00e0 l\u1ef1a ch\u1ecdn kh\u00f4ng th\u1ec3 thi\u1ebfu \u0111\u1ec3 gi\u1eef h\u01b0\u01a1ng v\u1ecb t\u01b0\u01a1i ngon v\u00e0 b\u1ea3o v\u1ec7 s\u1ea3n ph\u1ea9m kh\u1ecfi c\u00e1c y\u1ebfu t\u1ed1 b\u00ean ngo\u00e0i.<\/p>\n","protected":false},"featured_media":751,"template":"","meta":[],"product_brand":[],"product_cat":[72],"product_tag":[],"class_list":{"0":"post-750","1":"product","2":"type-product","3":"status-publish","4":"has-post-thumbnail","6":"product_cat-san-pham-tui-banh-mi","8":"first","9":"instock","10":"virtual","11":"product-type-simple"},"_links":{"self":[{"href":"https:\/\/tuibanhmidep.com\/bai-viet\/wp-json\/wp\/v2\/product\/750","targetHints":{"allow":["GET"]}}],"collection":[{"href":"https:\/\/tuibanhmidep.com\/bai-viet\/wp-json\/wp\/v2\/product"}],"about":[{"href":"https:\/\/tuibanhmidep.com\/bai-viet\/wp-json\/wp\/v2\/types\/product"}],"wp:featuredmedia":[{"embeddable":true,"href":"https:\/\/tuibanhmidep.com\/bai-viet\/wp-json\/wp\/v2\/media\/751"}],"wp:attachment":[{"href":"https:\/\/tuibanhmidep.com\/bai-viet\/wp-json\/wp\/v2\/media?parent=750"}],"wp:term":[{"taxonomy":"product_brand","embeddable":true,"href":"https:\/\/tuibanhmidep.com\/bai-viet\/wp-json\/wp\/v2\/product_brand?post=750"},{"taxonomy":"product_cat","embeddable":true,"href":"https:\/\/tuibanhmidep.com\/bai-viet\/wp-json\/wp\/v2\/product_cat?post=750"},{"taxonomy":"product_tag","embeddable":true,"href":"https:\/\/tuibanhmidep.com\/bai-viet\/wp-json\/wp\/v2\/product_tag?post=750"}],"curies":[{"name":"wp","href":"https:\/\/api.w.org\/{rel}","templated":true}]}}