{"id":742,"date":"2024-04-20T10:04:51","date_gmt":"2024-04-20T03:04:51","guid":{"rendered":"https:\/\/tuibanhmidep.com\/bai-viet\/shop\/in-80000-tui-giay-banh-mi-giai-phap-dung-banh-my-thuat-skubmd_1549\/"},"modified":"2024-04-20T10:04:51","modified_gmt":"2024-04-20T03:04:51","slug":"in-80000-tui-giay-banh-mi-giai-phap-dung-banh-my-thuat-skubmd_1549","status":"publish","type":"product","link":"https:\/\/tuibanhmidep.com\/bai-viet\/shop\/in-80000-tui-giay-banh-mi-giai-phap-dung-banh-my-thuat-skubmd_1549\/","title":{"rendered":"In 80000 T\u00fai gi\u1ea5y b\u00e1nh m\u00ec: Gi\u1ea3i ph\u00e1p \u0111\u1ef1ng b\u00e1nh m\u1ef9 thu\u1eadt (SKU:BMD_1549)"},"content":{"rendered":"<h2>Gi\u1edbi thi\u1ec7u v\u1ec1 t\u00fai gi\u1ea5y b\u00e1nh m\u00ec<\/h2>\n<p>T\u00fai gi\u1ea5y b\u00e1nh m\u00ec, c\u00f2n \u0111\u01b0\u1ee3c bi\u1ebft \u0111\u1ebfn v\u1edbi c\u00e1c t\u00ean g\u1ecdi nh\u01b0 bao b\u00e1nh m\u00ec hay gi\u1ea5y g\u00f3i b\u00e1nh m\u00ec, l\u00e0 m\u1ed9t s\u1ea3n ph\u1ea9m kh\u00f4ng th\u1ec3 thi\u1ebfu trong ng\u00e0nh th\u1ef1c ph\u1ea9m, \u0111\u1eb7c bi\u1ec7t l\u00e0 khi n\u00f3i \u0111\u1ebfn vi\u1ec7c \u0111\u1ef1ng c\u00e1c lo\u1ea1i b\u00e1nh m\u00ec \u0111\u1eb7c tr\u01b0ng c\u1ee7a Vi\u1ec7t Nam. \u0110\u01b0\u1ee3c l\u00e0m t\u1eeb gi\u1ea5y an to\u00e0n s\u1eed d\u1ee5ng cho th\u1ef1c ph\u1ea9m, lo\u1ea1i t\u00fai n\u00e0y \u0111\u1ea3m b\u1ea3o v\u1ec7 sinh m\u00e0 c\u00f2n th\u00e2n thi\u1ec7n v\u1edbi m\u00f4i tr\u01b0\u1eddng, m\u1ed9t l\u1ef1a ch\u1ecdn b\u1ec1n v\u1eefng thay th\u1ebf cho c\u00e1c lo\u1ea1i bao b\u00ec nh\u1ef1a.<\/p>\n<h3>T\u00ednh n\u0103ng v\u00e0 thi\u1ebft k\u1ebf c\u1ee7a t\u00fai gi\u1ea5y b\u00e1nh m\u00ec<\/h3>\n<p><strong>\u0110\u1eb7c \u0111i\u1ec3m k\u1ef9 thu\u1eadt:<\/strong><\/p>\n<p>T\u00fai gi\u1ea5y b\u00e1nh m\u00ec c\u00f3 k\u00edch th\u01b0\u1edbc ti\u00eau chu\u1ea9n l\u00e0 9.5 cm ngang, 24.5 cm cao v\u00e0 m\u1ed7i b\u00ean h\u00f4ng r\u1ed9ng 4.5 cm, t\u1ea1o ra kh\u00f4ng gian \u0111\u1ee7 r\u1ed9ng \u0111\u1ec3 \u0111\u1ef1ng m\u1ed9t \u1ed5 b\u00e1nh m\u00ec Vi\u1ec7t Nam ho\u00e0n h\u1ea3o m\u00e0 kh\u00f4ng l\u00e0m d\u1eadp n\u00e1t hay l\u00e0m m\u1ea5t h\u00ecnh d\u1ea1ng ban \u0111\u1ea7u c\u1ee7a b\u00e1nh. \u0110\u1eb7c bi\u1ec7t, lo\u1ea1i t\u00fai n\u00e0y kh\u00f4ng c\u00f3 quai x\u00e1ch, gi\u00fap gi\u1ea3m thi\u1ec3u chi ph\u00ed s\u1ea3n xu\u1ea5t v\u00e0 ti\u1ebft ki\u1ec7m kh\u00f4ng gian khi ch\u1ee9a v\u00e0 v\u1eadn chuy\u1ec3n.<\/p>\n<p><strong>T\u00ednh b\u1ec1n v\u1eefng v\u00e0 th\u00e2n thi\u1ec7n m\u00f4i tr\u01b0\u1eddng:<\/strong><\/p>\n<p>Khi s\u1eed d\u1ee5ng t\u00fai gi\u1ea5y \u0111\u1ec3 \u0111\u1ef1ng b\u00e1nh m\u00ec, b\u1ea1n kh\u00f4ng ch\u1ec9 b\u1ea3o v\u1ec7 s\u1ea3n ph\u1ea9m c\u1ee7a m\u00ecnh kh\u1ecfi c\u00e1c y\u1ebfu t\u1ed1 b\u00ean ngo\u00e0i m\u00e0 c\u00f2n \u0111\u00f3ng g\u00f3p v\u00e0o vi\u1ec7c gi\u1ea3m thi\u1ec3u r\u00e1c th\u1ea3i nh\u1ef1a. T\u00fai gi\u1ea5y c\u00f3 th\u1ec3 ph\u00e2n h\u1ee7y sinh h\u1ecdc, l\u00e0m gi\u1ea3m \u0111\u00e1ng k\u1ec3 l\u01b0\u1ee3ng r\u00e1c th\u1ea3i kh\u00f4ng ph\u00e2n h\u1ee7y, t\u1eeb \u0111\u00f3 h\u1ed7 tr\u1ee3 b\u1ea3o v\u1ec7 m\u00f4i tr\u01b0\u1eddng s\u1ed1ng xung quanh ch\u00fang ta.<\/p>\n<h3>L\u00fd do n\u00ean ch\u1ecdn t\u00fai gi\u1ea5y b\u00e1nh m\u00ec<\/h3>\n<p>S\u1eed d\u1ee5ng t\u00fai gi\u1ea5y b\u00e1nh m\u00ec kh\u00f4ng ch\u1ec9 l\u00e0 m\u1ed9t l\u1ef1a ch\u1ecdn th\u1ef1c t\u1ebf m\u00e0 c\u00f2n ph\u1ea3n \u00e1nh n\u1ed7 l\u1ef1c c\u1ee7a c\u00e1c nh\u00e0 s\u1ea3n xu\u1ea5t v\u00e0 ng\u01b0\u1eddi ti\u00eau d\u00f9ng trong vi\u1ec7c ch\u1ecdn l\u1ef1a c\u00e1c s\u1ea3n ph\u1ea9m th\u00e2n thi\u1ec7n m\u00f4i tr\u01b0\u1eddng. Ngo\u00e0i ra, b\u1eb1ng c\u00e1ch ch\u1ecdn m\u1ed9t gi\u1ea3i ph\u00e1p \u0111\u00f3ng g\u00f3i b\u1ec1n v\u1eefng, c\u00e1c c\u1eeda h\u00e0ng v\u00e0 c\u00e1 nh\u00e2n c\u00f3 th\u1ec3 th\u1ec3 hi\u1ec7n cam k\u1ebft c\u1ee7a h\u1ecd \u0111\u1ed1i v\u1edbi c\u00e1c v\u1ea5n \u0111\u1ec1 m\u00f4i tr\u01b0\u1eddng, t\u1eeb \u0111\u00f3 t\u1ea1o d\u1ef1ng ni\u1ec1m tin v\u00e0 h\u00ecnh \u1ea3nh t\u00edch c\u1ef1c trong m\u1eaft kh\u00e1ch h\u00e0ng.<\/p>\n","protected":false},"excerpt":{"rendered":"<p>K\u00edch th\u01b0\u1edbc 9.5&#215;4.5x24cm, \u0111\u1ecbnh l\u01b0\u1ee3ng gi\u1ea5y 50gsm. Kh\u00e1m ph\u00e1 l\u00fd do v\u00ec sao t\u00fai gi\u1ea5y b\u00e1nh m\u00ec l\u1ea1i tr\u1edf th\u00e0nh l\u1ef1a ch\u1ecdn h\u00e0ng \u0111\u1ea7u \u0111\u1ec3 \u0111\u1ef1ng b\u00e1nh m\u00ec Vi\u1ec7t Nam.<\/p>\n","protected":false},"featured_media":743,"template":"","meta":[],"product_brand":[],"product_cat":[72],"product_tag":[],"class_list":{"0":"post-742","1":"product","2":"type-product","3":"status-publish","4":"has-post-thumbnail","6":"product_cat-san-pham-tui-banh-mi","8":"first","9":"instock","10":"virtual","11":"product-type-simple"},"_links":{"self":[{"href":"https:\/\/tuibanhmidep.com\/bai-viet\/wp-json\/wp\/v2\/product\/742","targetHints":{"allow":["GET"]}}],"collection":[{"href":"https:\/\/tuibanhmidep.com\/bai-viet\/wp-json\/wp\/v2\/product"}],"about":[{"href":"https:\/\/tuibanhmidep.com\/bai-viet\/wp-json\/wp\/v2\/types\/product"}],"wp:featuredmedia":[{"embeddable":true,"href":"https:\/\/tuibanhmidep.com\/bai-viet\/wp-json\/wp\/v2\/media\/743"}],"wp:attachment":[{"href":"https:\/\/tuibanhmidep.com\/bai-viet\/wp-json\/wp\/v2\/media?parent=742"}],"wp:term":[{"taxonomy":"product_brand","embeddable":true,"href":"https:\/\/tuibanhmidep.com\/bai-viet\/wp-json\/wp\/v2\/product_brand?post=742"},{"taxonomy":"product_cat","embeddable":true,"href":"https:\/\/tuibanhmidep.com\/bai-viet\/wp-json\/wp\/v2\/product_cat?post=742"},{"taxonomy":"product_tag","embeddable":true,"href":"https:\/\/tuibanhmidep.com\/bai-viet\/wp-json\/wp\/v2\/product_tag?post=742"}],"curies":[{"name":"wp","href":"https:\/\/api.w.org\/{rel}","templated":true}]}}