{"id":730,"date":"2024-04-18T23:32:47","date_gmt":"2024-04-18T16:32:47","guid":{"rendered":"https:\/\/tuibanhmidep.com\/bai-viet\/shop\/in-9000-tui-giay-banh-mi-bao-ve-moi-truong-bao-ve-suc-khoe-skubmd_4266\/"},"modified":"2024-04-18T23:32:47","modified_gmt":"2024-04-18T16:32:47","slug":"in-9000-tui-giay-banh-mi-bao-ve-moi-truong-bao-ve-suc-khoe-skubmd_4266","status":"publish","type":"product","link":"https:\/\/tuibanhmidep.com\/bai-viet\/shop\/in-9000-tui-giay-banh-mi-bao-ve-moi-truong-bao-ve-suc-khoe-skubmd_4266\/","title":{"rendered":"In 9000 T\u00fai Gi\u1ea5y B\u00e1nh M\u00ec: B\u1ea3o V\u1ec7 M\u00f4i Tr\u01b0\u1eddng, B\u1ea3o V\u1ec7 S\u1ee9c Kh\u1ecfe (SKU:BMD_4266)"},"content":{"rendered":"<h2>Gi\u1edbi thi\u1ec7u v\u1ec1 t\u00fai gi\u1ea5y b\u00e1nh m\u00ec<\/h2>\n<p>Trong b\u1ed1i c\u1ea3nh ng\u00e0y c\u00e0ng c\u00f3 nhi\u1ec1u ng\u01b0\u1eddi ti\u00eau d\u00f9ng \u01b0u ti\u00ean s\u1eed d\u1ee5ng s\u1ea3n ph\u1ea9m th\u00e2n thi\u1ec7n v\u1edbi m\u00f4i tr\u01b0\u1eddng, t\u00fai gi\u1ea5y b\u00e1nh m\u00ec n\u1ed5i b\u1eadt l\u00e0 m\u1ed9t l\u1ef1a ch\u1ecdn b\u1ec1n v\u1eefng. \u0110\u01b0\u1ee3c l\u00e0m t\u1eeb gi\u1ea5y an to\u00e0n cho th\u1ef1c ph\u1ea9m, t\u00fai gi\u1ea5y b\u00e1nh m\u00ec kh\u00f4ng ch\u1ec9 \u0111\u1ea3m b\u1ea3o an to\u00e0n cho s\u1ee9c kh\u1ecfe ng\u01b0\u1eddi ti\u00eau d\u00f9ng m\u00e0 c\u00f2n g\u00f3p ph\u1ea7n gi\u1ea3m thi\u1ec3u r\u00e1c th\u1ea3i nh\u1ef1a, t\u1eeb \u0111\u00f3 b\u1ea3o v\u1ec7 m\u00f4i tr\u01b0\u1eddng s\u1ed1ng.<\/p>\n<h3>\u0110\u1eb7c \u0111i\u1ec3m c\u1ee7a t\u00fai gi\u1ea5y b\u00e1nh m\u00ec<\/h3>\n<p>T\u00fai gi\u1ea5y b\u00e1nh m\u00ec c\u00f3 k\u00edch th\u01b0\u1edbc ph\u00f9 h\u1ee3p \u0111\u1ec3 \u0111\u1ef1ng m\u1ed9t \u1ed5 b\u00e1nh m\u00ec Vi\u1ec7t Nam v\u1edbi chi\u1ec1u ngang 9.5cm, chi\u1ec1u cao 24.5cm v\u00e0 chi\u1ec1u r\u1ed9ng m\u1ed7i b\u00ean h\u00f4ng l\u00e0 4.5cm. S\u1ea3n ph\u1ea9m n\u00e0y kh\u00f4ng c\u00f3 quai x\u00e1ch, t\u1ea1o s\u1ef1 thu\u1eadn ti\u1ec7n t\u1ed1i \u0111a cho ng\u01b0\u1eddi d\u00f9ng trong vi\u1ec7c \u0111\u00f3ng g\u00f3i v\u00e0 v\u1eadn chuy\u1ec3n b\u00e1nh m\u00ec m\u00e0 kh\u00f4ng c\u1ea7n lo l\u1eafng v\u1ec1 vi\u1ec7c b\u1ea3o qu\u1ea3n.<\/p>\n<p><strong>Thi\u1ebft k\u1ebf th\u00e2n thi\u1ec7n m\u00f4i tr\u01b0\u1eddng<\/strong><\/p>\n<p>T\u00fai gi\u1ea5y b\u00e1nh m\u00ec \u0111\u01b0\u1ee3c l\u00e0m t\u1eeb nguy\u00ean li\u1ec7u gi\u1ea5y t\u00e1i ch\u1ebf ho\u1eb7c gi\u1ea5y m\u1edbi nh\u01b0ng \u0111\u1ec1u tu\u00e2n th\u1ee7 quy \u0111\u1ecbnh v\u1ec1 an to\u00e0n th\u1ef1c ph\u1ea9m. \u0110i\u1ec1u n\u00e0y kh\u00f4ng ch\u1ec9 gi\u00fap gi\u1ea3m t\u1ea3i l\u01b0\u1ee3ng r\u00e1c th\u1ea3i nh\u1ef1a m\u00e0 c\u00f2n th\u1ec3 hi\u1ec7n tr\u00e1ch nhi\u1ec7m v\u1edbi m\u00f4i tr\u01b0\u1eddng. S\u1eed d\u1ee5ng t\u00fai gi\u1ea5y l\u00e0 b\u01b0\u1edbc ti\u1ebfn quan tr\u1ecdng trong vi\u1ec7c th\u00fac \u0111\u1ea9y c\u00e1c h\u00e0nh \u0111\u1ed9ng b\u1ea3o v\u1ec7 m\u00f4i tr\u01b0\u1eddng, \u0111\u1eb7c bi\u1ec7t l\u00e0 trong l\u0129nh v\u1ef1c th\u1ef1c ph\u1ea9m.<\/p>\n<h3>L\u1ee3i \u00edch c\u1ee7a vi\u1ec7c s\u1eed d\u1ee5ng t\u00fai gi\u1ea5y b\u00e1nh m\u00ec<\/h3>\n<p>Ngo\u00e0i l\u1ee3i \u00edch r\u00f5 r\u00e0ng trong vi\u1ec7c b\u1ea3o v\u1ec7 m\u00f4i tr\u01b0\u1eddng, t\u00fai gi\u1ea5y b\u00e1nh m\u00ec c\u00f2n g\u00f3p ph\u1ea7n t\u0103ng c\u01b0\u1eddng nh\u1eadn th\u1ee9c v\u1ec1 v\u0103n h\u00f3a ti\u00eau d\u00f9ng b\u1ec1n v\u1eefng. Khi ng\u01b0\u1eddi ti\u00eau d\u00f9ng l\u1ef1a ch\u1ecdn s\u1ea3n ph\u1ea9m n\u00e0y, h\u1ecd kh\u00f4ng ch\u1ec9 quan t\u00e2m \u0111\u1ebfn ch\u1ea5t l\u01b0\u1ee3ng b\u00e1nh m\u00ec m\u00e0 c\u00f2n quan t\u00e2m \u0111\u1ebfn t\u00e1c \u0111\u1ed9ng x\u00e3 h\u1ed9i v\u00e0 m\u00f4i tr\u01b0\u1eddng c\u1ee7a l\u1ef1a ch\u1ecdn ti\u00eau d\u00f9ng c\u1ee7a m\u00ecnh.<\/p>\n<p><strong>K\u1ebft n\u1ed1i v\u1edbi xu h\u01b0\u1edbng ti\u00eau d\u00f9ng hi\u1ec7n \u0111\u1ea1i<\/strong><\/p>\n<p>Trong th\u1eddi \u0111\u1ea1i m\u00e0 m\u1ed7i h\u00e0nh \u0111\u1ed9ng ti\u00eau d\u00f9ng \u0111\u1ec1u \u0111\u01b0\u1ee3c xem x\u00e9t k\u1ef9 l\u01b0\u1ee1ng v\u1ec1 m\u1eb7t t\u00e1c \u0111\u1ed9ng m\u00f4i tr\u01b0\u1eddng, t\u00fai gi\u1ea5y b\u00e1nh m\u00ec \u0111\u1ea1i di\u1ec7n cho s\u1ef1 l\u1ef1a ch\u1ecdn th\u00f4ng minh v\u00e0 th\u1eddi th\u01b0\u1ee3ng. S\u1ef1 ti\u1ec7n l\u1ee3i v\u00e0 an to\u00e0n c\u1ee7a s\u1ea3n ph\u1ea9m n\u00e0y khi\u1ebfn n\u00f3 tr\u1edf th\u00e0nh l\u1ef1a ch\u1ecdn \u01b0a chu\u1ed9ng trong c\u1ea3 c\u1ed9ng \u0111\u1ed3ng ng\u01b0\u1eddi ti\u00eau d\u00f9ng v\u00e0 c\u00e1c doanh nghi\u1ec7p b\u00e1n l\u1ebb.<\/p>\n","protected":false},"excerpt":{"rendered":"<p>K\u00edch th\u01b0\u1edbc 9.5&#215;4.5x24cm, \u0111\u1ecbnh l\u01b0\u1ee3ng gi\u1ea5y 50gsm. Kh\u00e1m ph\u00e1 l\u1ef1a ch\u1ecdn th\u00e2n thi\u1ec7n v\u1edbi m\u00f4i tr\u01b0\u1eddng \u0111\u1ec3 \u0111\u1ef1ng b\u00e1nh m\u00ec Vi\u1ec7t Nam \u2013 T\u00fai gi\u1ea5y b\u00e1nh m\u00ec.<\/p>\n","protected":false},"featured_media":731,"template":"","meta":[],"product_brand":[],"product_cat":[72],"product_tag":[],"class_list":{"0":"post-730","1":"product","2":"type-product","3":"status-publish","4":"has-post-thumbnail","6":"product_cat-san-pham-tui-banh-mi","8":"first","9":"instock","10":"virtual","11":"product-type-simple"},"_links":{"self":[{"href":"https:\/\/tuibanhmidep.com\/bai-viet\/wp-json\/wp\/v2\/product\/730","targetHints":{"allow":["GET"]}}],"collection":[{"href":"https:\/\/tuibanhmidep.com\/bai-viet\/wp-json\/wp\/v2\/product"}],"about":[{"href":"https:\/\/tuibanhmidep.com\/bai-viet\/wp-json\/wp\/v2\/types\/product"}],"wp:featuredmedia":[{"embeddable":true,"href":"https:\/\/tuibanhmidep.com\/bai-viet\/wp-json\/wp\/v2\/media\/731"}],"wp:attachment":[{"href":"https:\/\/tuibanhmidep.com\/bai-viet\/wp-json\/wp\/v2\/media?parent=730"}],"wp:term":[{"taxonomy":"product_brand","embeddable":true,"href":"https:\/\/tuibanhmidep.com\/bai-viet\/wp-json\/wp\/v2\/product_brand?post=730"},{"taxonomy":"product_cat","embeddable":true,"href":"https:\/\/tuibanhmidep.com\/bai-viet\/wp-json\/wp\/v2\/product_cat?post=730"},{"taxonomy":"product_tag","embeddable":true,"href":"https:\/\/tuibanhmidep.com\/bai-viet\/wp-json\/wp\/v2\/product_tag?post=730"}],"curies":[{"name":"wp","href":"https:\/\/api.w.org\/{rel}","templated":true}]}}