{"id":706,"date":"2024-04-18T17:10:25","date_gmt":"2024-04-18T10:10:25","guid":{"rendered":"https:\/\/tuibanhmidep.com\/bai-viet\/shop\/in-70000-tui-giay-banh-mi-bao-ve-moi-truong-trong-tung-chiec-banh-skubmd_2769\/"},"modified":"2024-04-18T17:10:25","modified_gmt":"2024-04-18T10:10:25","slug":"in-70000-tui-giay-banh-mi-bao-ve-moi-truong-trong-tung-chiec-banh-skubmd_2769","status":"publish","type":"product","link":"https:\/\/tuibanhmidep.com\/bai-viet\/shop\/in-70000-tui-giay-banh-mi-bao-ve-moi-truong-trong-tung-chiec-banh-skubmd_2769\/","title":{"rendered":"In 70000 T\u00fai gi\u1ea5y b\u00e1nh m\u00ec: B\u1ea3o v\u1ec7 m\u00f4i tr\u01b0\u1eddng trong t\u1eebng chi\u1ebfc b\u00e1nh (SKU:BMD_2769)"},"content":{"rendered":"<h2>L\u1ee3i \u00edch c\u1ee7a t\u00fai gi\u1ea5y b\u00e1nh m\u00ec<\/h2>\n<p><strong>Th\u00e2n thi\u1ec7n v\u1edbi m\u00f4i tr\u01b0\u1eddng<\/strong><br \/>\nT\u00fai gi\u1ea5y b\u00e1nh m\u00ec \u0111\u01b0\u1ee3c l\u00e0m t\u1eeb ch\u1ea5t li\u1ec7u gi\u1ea5y an to\u00e0n s\u1eed d\u1ee5ng cho th\u1ef1c ph\u1ea9m, kh\u00f4ng ch\u1ec9 \u0111\u1ea3m b\u1ea3o s\u1ef1 an to\u00e0n v\u1ec7 sinh m\u00e0 c\u00f2n g\u00f3p ph\u1ea7n b\u1ea3o v\u1ec7 m\u00f4i tr\u01b0\u1eddng. Kh\u00e1c v\u1edbi c\u00e1c lo\u1ea1i t\u00fai nh\u1ef1a, t\u00fai gi\u1ea5y c\u00f3 kh\u1ea3 n\u0103ng ph\u00e2n h\u1ee7y sinh h\u1ecdc cao, gi\u00fap gi\u1ea3m thi\u1ec3u r\u00e1c th\u1ea3i nh\u1ef1a ra m\u00f4i tr\u01b0\u1eddng.<\/p>\n<h3>K\u00edch th\u01b0\u1edbc v\u00e0 thi\u1ebft k\u1ebf<\/h3>\n<p>T\u00fai gi\u1ea5y b\u00e1nh m\u00ec c\u00f3 k\u00edch th\u01b0\u1edbc ti\u00eau chu\u1ea9n ngang 9.5cm, cao 24.5cm v\u00e0 m\u1ed7i b\u00ean h\u00f4ng r\u1ed9ng 4.5cm, thi\u1ebft k\u1ebf \u0111\u1eb7c bi\u1ec7t ph\u00f9 h\u1ee3p cho vi\u1ec7c \u0111\u1ef1ng m\u1ed9t \u1ed5 b\u00e1nh m\u00ec Vi\u1ec7t Nam. S\u1ef1 \u0111\u01a1n gi\u1ea3n nh\u01b0ng hi\u1ec7u qu\u1ea3 c\u1ee7a thi\u1ebft k\u1ebf n\u00e0y gi\u00fap vi\u1ec7c \u0111\u1ef1ng v\u00e0 b\u1ea3o qu\u1ea3n b\u00e1nh m\u00ec tr\u1edf n\u00ean thu\u1eadn ti\u1ec7n h\u01a1n bao gi\u1edd h\u1ebft.<\/p>\n<p><strong>Ti\u1ec7n l\u1ee3i v\u00e0 \u0111a n\u0103ng<\/strong><br \/>\nM\u1eb7c d\u00f9 kh\u00f4ng c\u00f3 quai x\u00e1ch, nh\u01b0ng thi\u1ebft k\u1ebf g\u1ecdn nh\u1eb9 c\u1ee7a t\u00fai gi\u1ea5y b\u00e1nh m\u00ec l\u1ea1i l\u00e0m cho n\u00f3 tr\u1edf n\u00ean d\u1ec5 s\u1eed d\u1ee5ng v\u00e0 ti\u1ec7n l\u1ee3i trong nhi\u1ec1u t\u00ecnh hu\u1ed1ng. B\u1ea1n c\u00f3 th\u1ec3 d\u1ec5 d\u00e0ng \u0111\u1eb7t t\u00fai b\u00e1nh m\u00ec v\u00e0o t\u00fai x\u00e1ch ho\u1eb7c c\u1ea5t gi\u1eef n\u00f3 \u1edf b\u1ea5t c\u1ee9 \u0111\u00e2u m\u00e0 kh\u00f4ng lo chi\u1ebfm nhi\u1ec1u kh\u00f4ng gian.<\/p>\n<h3>S\u1eed d\u1ee5ng v\u00e0 \u1ee9ng d\u1ee5ng<\/h3>\n<p>T\u00fai gi\u1ea5y b\u00e1nh m\u00ec l\u00e0 s\u1ef1 l\u1ef1a ch\u1ecdn l\u00fd t\u01b0\u1edfng cho nh\u1eefng ng\u01b0\u1eddi th\u01b0\u1eddng xuy\u00ean mua b\u00e1nh m\u00ec mang \u0111i. Kh\u00f4ng ch\u1ec9 d\u00f9ng \u0111\u1ec3 \u0111\u1ef1ng b\u00e1nh m\u00ec, t\u00fai gi\u1ea5y c\u00f2n c\u00f3 th\u1ec3 s\u1eed d\u1ee5ng \u0111\u1ec3 \u0111\u1ef1ng c\u00e1c lo\u1ea1i th\u1ef1c ph\u1ea9m kh\u00e1c nh\u01b0 hoa qu\u1ea3, b\u00e1nh quy, ho\u1eb7c th\u1eadm ch\u00ed l\u00e0 c\u00e1c m\u00f3n \u0103n nhanh khi c\u1ea7n thi\u1ebft.<\/p>\n<p><strong>Ph\u1ed5 bi\u1ebfn v\u00e0 d\u1ec5 t\u00ecm<\/strong><br \/>\nV\u1edbi nhi\u1ec1u t\u00ean g\u1ecdi kh\u00e1c nhau nh\u01b0 bao b\u00e1nh m\u00ec, gi\u1ea5y g\u00f3i b\u00e1nh m\u00ec, hay t\u00fai gi\u1ea5y \u0111\u1ef1ng b\u00e1nh m\u00ec, s\u1ea3n ph\u1ea9m n\u00e0y d\u1ec5 d\u00e0ng \u0111\u01b0\u1ee3c t\u00ecm th\u1ea5y t\u1ea1i c\u00e1c c\u1eeda h\u00e0ng ti\u1ec7n l\u1ee3i, si\u00eau th\u1ecb ho\u1eb7c c\u00e1c c\u1eeda h\u00e0ng b\u00e1nh m\u00ec. S\u1ef1 ph\u1ed5 bi\u1ebfn c\u1ee7a t\u00fai gi\u1ea5y b\u00e1nh m\u00ec c\u0169ng l\u00e0m cho n\u00f3 tr\u1edf th\u00e0nh m\u1ed9t ph\u1ea7n quen thu\u1ed9c trong cu\u1ed9c s\u1ed1ng h\u00e0ng ng\u00e0y c\u1ee7a nhi\u1ec1u ng\u01b0\u1eddi.<\/p>\n","protected":false},"excerpt":{"rendered":"<p>K\u00edch th\u01b0\u1edbc 9.5&#215;4.5x24cm, \u0111\u1ecbnh l\u01b0\u1ee3ng gi\u1ea5y 50gsm. Kh\u00e1m ph\u00e1 t\u00fai gi\u1ea5y b\u00e1nh m\u00ec, gi\u1ea3i ph\u00e1p th\u00e2n thi\u1ec7n v\u1edbi m\u00f4i tr\u01b0\u1eddng cho vi\u1ec7c \u0111\u1ef1ng b\u00e1nh m\u00ec h\u00e0ng ng\u00e0y c\u1ee7a b\u1ea1n.<\/p>\n","protected":false},"featured_media":707,"template":"","meta":[],"product_brand":[],"product_cat":[72],"product_tag":[],"class_list":{"0":"post-706","1":"product","2":"type-product","3":"status-publish","4":"has-post-thumbnail","6":"product_cat-san-pham-tui-banh-mi","8":"first","9":"instock","10":"virtual","11":"product-type-simple"},"_links":{"self":[{"href":"https:\/\/tuibanhmidep.com\/bai-viet\/wp-json\/wp\/v2\/product\/706","targetHints":{"allow":["GET"]}}],"collection":[{"href":"https:\/\/tuibanhmidep.com\/bai-viet\/wp-json\/wp\/v2\/product"}],"about":[{"href":"https:\/\/tuibanhmidep.com\/bai-viet\/wp-json\/wp\/v2\/types\/product"}],"wp:featuredmedia":[{"embeddable":true,"href":"https:\/\/tuibanhmidep.com\/bai-viet\/wp-json\/wp\/v2\/media\/707"}],"wp:attachment":[{"href":"https:\/\/tuibanhmidep.com\/bai-viet\/wp-json\/wp\/v2\/media?parent=706"}],"wp:term":[{"taxonomy":"product_brand","embeddable":true,"href":"https:\/\/tuibanhmidep.com\/bai-viet\/wp-json\/wp\/v2\/product_brand?post=706"},{"taxonomy":"product_cat","embeddable":true,"href":"https:\/\/tuibanhmidep.com\/bai-viet\/wp-json\/wp\/v2\/product_cat?post=706"},{"taxonomy":"product_tag","embeddable":true,"href":"https:\/\/tuibanhmidep.com\/bai-viet\/wp-json\/wp\/v2\/product_tag?post=706"}],"curies":[{"name":"wp","href":"https:\/\/api.w.org\/{rel}","templated":true}]}}