{"id":698,"date":"2024-04-18T15:02:02","date_gmt":"2024-04-18T08:02:02","guid":{"rendered":"https:\/\/tuibanhmidep.com\/bai-viet\/shop\/in-9000-tui-giay-banh-mi-bao-ve-moi-truong-moi-ngay-skubmd_5036\/"},"modified":"2024-04-18T15:02:02","modified_gmt":"2024-04-18T08:02:02","slug":"in-9000-tui-giay-banh-mi-bao-ve-moi-truong-moi-ngay-skubmd_5036","status":"publish","type":"product","link":"https:\/\/tuibanhmidep.com\/bai-viet\/shop\/in-9000-tui-giay-banh-mi-bao-ve-moi-truong-moi-ngay-skubmd_5036\/","title":{"rendered":"In 9000 T\u00fai Gi\u1ea5y B\u00e1nh M\u00ec: B\u1ea3o V\u1ec7 M\u00f4i Tr\u01b0\u1eddng M\u1ed7i Ng\u00e0y (SKU:BMD_5036)"},"content":{"rendered":"<h2>T\u1ea1i Sao Ch\u1ecdn T\u00fai Gi\u1ea5y \u0110\u1ef1ng B\u00e1nh M\u00ec?<\/h2>\n<p><strong>Thi\u1ebft k\u1ebf th\u00e2n thi\u1ec7n v\u1edbi m\u00f4i tr\u01b0\u1eddng<\/strong> c\u1ee7a t\u00fai gi\u1ea5y b\u00e1nh m\u00ec kh\u00f4ng ch\u1ec9 gi\u00fap gi\u1ea3m thi\u1ec3u r\u00e1c th\u1ea3i nh\u1ef1a m\u00e0 c\u00f2n \u0111\u1ea3m b\u1ea3o s\u1ef1 an to\u00e0n khi ti\u1ebfp x\u00fac tr\u1ef1c ti\u1ebfp v\u1edbi th\u1ef1c ph\u1ea9m. T\u00fai \u0111\u01b0\u1ee3c l\u00e0m t\u1eeb gi\u1ea5y an to\u00e0n cho th\u1ef1c ph\u1ea9m, kh\u00f4ng \u0111\u1ed9c h\u1ea1i, v\u00e0 ho\u00e0n to\u00e0n c\u00f3 th\u1ec3 t\u00e1i ch\u1ebf, \u0111\u00f3ng g\u00f3p v\u00e0o n\u1ed7 l\u1ef1c b\u1ea3o v\u1ec7 m\u00f4i tr\u01b0\u1eddng c\u1ee7a ch\u00fang ta.<\/p>\n<h3>K\u00edch Th\u01b0\u1edbc v\u00e0 Thi\u1ebft K\u1ebf C\u1ee7a T\u00fai B\u00e1nh M\u00ec<\/h3>\n<p>T\u00fai b\u00e1nh m\u00ec c\u00f3 k\u00edch th\u01b0\u1edbc <strong>ngang 9.5cm, cao 24.5cm v\u00e0 r\u1ed9ng 4.5cm \u1edf hai b\u00ean h\u00f4ng<\/strong>. K\u00edch th\u01b0\u1edbc n\u00e0y ph\u00f9 h\u1ee3p \u0111\u1ec3 \u0111\u1ef1ng m\u1ed9t \u1ed5 b\u00e1nh m\u00ec Vi\u1ec7t Nam, m\u00e0 kh\u00f4ng c\u1ea7n quai x\u00e1ch, gi\u00fap gi\u1ea3m thi\u1ec3u v\u1eadt li\u1ec7u s\u1eed d\u1ee5ng nh\u01b0ng v\u1eabn \u0111\u1ea3m b\u1ea3o ch\u1ee9c n\u0103ng.<\/p>\n<h3>S\u1ef1 An To\u00e0n Khi S\u1eed D\u1ee5ng T\u00fai Gi\u1ea5y B\u00e1nh M\u00ec<\/h3>\n<p>M\u1ed9t \u0111i\u1ec3m m\u1ea1nh n\u1eefa c\u1ee7a t\u00fai gi\u1ea5y b\u00e1nh m\u00ec l\u00e0 t\u00ednh <strong>an to\u00e0n khi s\u1eed d\u1ee5ng<\/strong>. Kh\u00f4ng ch\u1ee9a ch\u1ea5t \u0111\u1ed9c h\u1ea1i hay c\u00e1c th\u00e0nh ph\u1ea7n c\u00f3 h\u1ea1i cho s\u1ee9c kh\u1ecfe, t\u00fai gi\u1ea5y b\u00e1nh m\u00ec l\u00e0 l\u1ef1a ch\u1ecdn l\u00fd t\u01b0\u1edfng cho m\u1ecdi nh\u00e0. \u0110i\u1ec1u n\u00e0y \u0111\u1eb7c bi\u1ec7t quan tr\u1ecdng \u0111\u1ed1i v\u1edbi c\u00e1c s\u1ea3n ph\u1ea9m ti\u1ebfp x\u00fac tr\u1ef1c ti\u1ebfp v\u1edbi th\u1ef1c ph\u1ea9m nh\u01b0 b\u00e1nh m\u00ec.<\/p>\n<h3>L\u1ee3i \u00cdch Khi S\u1eed D\u1ee5ng T\u00fai Gi\u1ea5y \u0110\u1ef1ng B\u00e1nh M\u00ec<\/h3>\n<p>Vi\u1ec7c s\u1eed d\u1ee5ng t\u00fai gi\u1ea5y kh\u00f4ng ch\u1ec9 gi\u00fap <strong>b\u1ea3o v\u1ec7 m\u00f4i tr\u01b0\u1eddng<\/strong> m\u00e0 c\u00f2n th\u1ec3 hi\u1ec7n tr\u00e1ch nhi\u1ec7m c\u1ee7a ng\u01b0\u1eddi ti\u00eau d\u00f9ng \u0111\u1ed1i v\u1edbi vi\u1ec7c gi\u1ea3m thi\u1ec3u r\u00e1c th\u1ea3i nh\u1ef1a. T\u00fai gi\u1ea5y c\u00f2n l\u00e0 bi\u1ec3u t\u01b0\u1ee3ng c\u1ee7a s\u1ef1 thay \u0111\u1ed5i nh\u1ecf trong l\u1ed1i s\u1ed1ng h\u00e0ng ng\u00e0y, h\u01b0\u1edbng t\u1edbi m\u1ed9t t\u01b0\u01a1ng lai b\u1ec1n v\u1eefng h\u01a1n.<\/p>\n","protected":false},"excerpt":{"rendered":"<p>K\u00edch th\u01b0\u1edbc 9.5&#215;4.5x24cm, \u0111\u1ecbnh l\u01b0\u1ee3ng gi\u1ea5y 50gsm. B\u1ea3o v\u1ec7 m\u00f4i tr\u01b0\u1eddng v\u00e0 t\u1eadn h\u01b0\u1edfng b\u1eefa s\u00e1ng ti\u1ec7n l\u1ee3i v\u1edbi t\u00fai gi\u1ea5y b\u00e1nh m\u00ec, gi\u1ea3i ph\u00e1p \u0111\u1ef1ng b\u00e1nh m\u00ec Vi\u1ec7t Nam an to\u00e0n v\u00e0 th\u00e2n thi\u1ec7n v\u1edbi m\u00f4i tr\u01b0\u1eddng.<\/p>\n","protected":false},"featured_media":699,"template":"","meta":[],"product_brand":[],"product_cat":[72],"product_tag":[],"class_list":{"0":"post-698","1":"product","2":"type-product","3":"status-publish","4":"has-post-thumbnail","6":"product_cat-san-pham-tui-banh-mi","8":"first","9":"instock","10":"virtual","11":"product-type-simple"},"_links":{"self":[{"href":"https:\/\/tuibanhmidep.com\/bai-viet\/wp-json\/wp\/v2\/product\/698","targetHints":{"allow":["GET"]}}],"collection":[{"href":"https:\/\/tuibanhmidep.com\/bai-viet\/wp-json\/wp\/v2\/product"}],"about":[{"href":"https:\/\/tuibanhmidep.com\/bai-viet\/wp-json\/wp\/v2\/types\/product"}],"wp:featuredmedia":[{"embeddable":true,"href":"https:\/\/tuibanhmidep.com\/bai-viet\/wp-json\/wp\/v2\/media\/699"}],"wp:attachment":[{"href":"https:\/\/tuibanhmidep.com\/bai-viet\/wp-json\/wp\/v2\/media?parent=698"}],"wp:term":[{"taxonomy":"product_brand","embeddable":true,"href":"https:\/\/tuibanhmidep.com\/bai-viet\/wp-json\/wp\/v2\/product_brand?post=698"},{"taxonomy":"product_cat","embeddable":true,"href":"https:\/\/tuibanhmidep.com\/bai-viet\/wp-json\/wp\/v2\/product_cat?post=698"},{"taxonomy":"product_tag","embeddable":true,"href":"https:\/\/tuibanhmidep.com\/bai-viet\/wp-json\/wp\/v2\/product_tag?post=698"}],"curies":[{"name":"wp","href":"https:\/\/api.w.org\/{rel}","templated":true}]}}