{"id":690,"date":"2024-04-17T19:19:54","date_gmt":"2024-04-17T12:19:54","guid":{"rendered":"https:\/\/tuibanhmidep.com\/bai-viet\/shop\/in-3000-tui-giay-banh-mi-thiet-ke-tien-loi-va-than-thien-moi-truong-skubmd_5844\/"},"modified":"2024-04-17T19:19:54","modified_gmt":"2024-04-17T12:19:54","slug":"in-3000-tui-giay-banh-mi-thiet-ke-tien-loi-va-than-thien-moi-truong-skubmd_5844","status":"publish","type":"product","link":"https:\/\/tuibanhmidep.com\/bai-viet\/shop\/in-3000-tui-giay-banh-mi-thiet-ke-tien-loi-va-than-thien-moi-truong-skubmd_5844\/","title":{"rendered":"In 3000 T\u00fai gi\u1ea5y b\u00e1nh m\u00ec: Thi\u1ebft k\u1ebf ti\u1ec7n l\u1ee3i v\u00e0 th\u00e2n thi\u1ec7n m\u00f4i tr\u01b0\u1eddng (SKU:BMD_5844)"},"content":{"rendered":"<h2>Gi\u1edbi thi\u1ec7u v\u1ec1 t\u00fai gi\u1ea5y \u0111\u1ef1ng b\u00e1nh m\u00ec<\/h2>\n<p><strong>T\u00fai gi\u1ea5y b\u00e1nh m\u00ec \u2013 M\u1ed9t gi\u1ea3i ph\u00e1p ti\u1ec7n l\u1ee3i v\u00e0 th\u00e2n thi\u1ec7n v\u1edbi m\u00f4i tr\u01b0\u1eddng<\/strong><\/p>\n<p>T\u00fai gi\u1ea5y b\u00e1nh m\u00ec, c\u00f2n \u0111\u01b0\u1ee3c bi\u1ebft \u0111\u1ebfn v\u1edbi nhi\u1ec1u t\u00ean g\u1ecdi nh\u01b0 bao b\u00e1nh m\u00ec, gi\u1ea5y g\u00f3i b\u00e1nh m\u00ec, hay t\u00fai gi\u1ea5y \u0111\u1ef1ng b\u00e1nh m\u00ec, l\u00e0 m\u1ed9t s\u1ea3n ph\u1ea9m kh\u00f4ng th\u1ec3 thi\u1ebfu trong cu\u1ed9c s\u1ed1ng h\u00e0ng ng\u00e0y c\u1ee7a ch\u00fang ta. \u0110\u01b0\u1ee3c thi\u1ebft k\u1ebf \u0111\u1eb7c bi\u1ec7t \u0111\u1ec3 \u0111\u1ef1ng c\u00e1c lo\u1ea1i b\u00e1nh m\u00ec Vi\u1ec7t Nam, t\u00fai gi\u1ea5y b\u00e1nh m\u00ec v\u1eeba v\u1eb7n cho m\u1ed9t \u1ed5 b\u00e1nh m\u00ec v\u1edbi k\u00edch th\u01b0\u1edbc chu\u1ea9n l\u00e0 ngang 9.5cm, cao 24.5cm v\u00e0 2 b\u00ean h\u00f4ng r\u1ed9ng 4.5cm.<\/p>\n<h3>T\u1ea1i sao n\u00ean ch\u1ecdn t\u00fai gi\u1ea5y \u0111\u1ef1ng b\u00e1nh m\u00ec?<\/h3>\n<p><strong>S\u1ef1 th\u00e2n thi\u1ec7n v\u1edbi m\u00f4i tr\u01b0\u1eddng c\u1ee7a t\u00fai gi\u1ea5y<\/strong><\/p>\n<p>T\u00fai gi\u1ea5y b\u00e1nh m\u00ec \u0111\u01b0\u1ee3c l\u00e0m t\u1eeb gi\u1ea5y an to\u00e0n s\u1eed d\u1ee5ng cho th\u1ef1c ph\u1ea9m, \u0111\u1ea3m b\u1ea3o kh\u00f4ng ch\u1ec9 an to\u00e0n cho ng\u01b0\u1eddi ti\u00eau d\u00f9ng m\u00e0 c\u00f2n g\u00f3p ph\u1ea7n b\u1ea3o v\u1ec7 m\u00f4i tr\u01b0\u1eddng. Vi\u1ec7c s\u1eed d\u1ee5ng t\u00fai gi\u1ea5y thay v\u00ec c\u00e1c lo\u1ea1i t\u00fai nh\u1ef1a gi\u00fap gi\u1ea3m thi\u1ec3u r\u00e1c th\u1ea3i nh\u1ef1a, m\u1ed9t v\u1ea5n \u0111\u1ec1 l\u1edbn \u0111\u1ed1i v\u1edbi m\u00f4i tr\u01b0\u1eddng hi\u1ec7n nay.<\/p>\n<p><strong>\u0110\u1eb7c \u0111i\u1ec3m thi\u1ebft k\u1ebf c\u1ee7a t\u00fai gi\u1ea5y b\u00e1nh m\u00ec<\/strong><\/p>\n<p>D\u00f9 kh\u00f4ng c\u00f3 quai x\u00e1ch, t\u00fai gi\u1ea5y b\u00e1nh m\u00ec v\u1eabn r\u1ea5t d\u1ec5 d\u00e0ng s\u1eed d\u1ee5ng v\u00e0 c\u00f3 th\u1ec3 t\u00e1i ch\u1ebf ho\u00e0n to\u00e0n. Thi\u1ebft k\u1ebf kh\u00f4ng quai gi\u00fap gi\u1ea3m b\u1edbt chi ph\u00ed s\u1ea3n xu\u1ea5t v\u00e0 t\u1ed1i \u01b0u h\u00f3a kh\u00f4ng gian khi c\u1ea5t gi\u1eef ho\u1eb7c v\u1eadn chuy\u1ec3n, l\u00e0m cho ch\u00fang tr\u1edf th\u00e0nh l\u1ef1a ch\u1ecdn l\u00fd t\u01b0\u1edfng cho c\u00e1c c\u1eeda h\u00e0ng th\u1ef1c ph\u1ea9m, qu\u00e1n \u0103n nhanh, ho\u1eb7c b\u1ea5t k\u1ef3 ai c\u1ea7n m\u1ed9t gi\u1ea3i ph\u00e1p \u0111\u00f3ng g\u00f3i ti\u1ec7n l\u1ee3i.<\/p>\n<h3>C\u00e1ch s\u1eed d\u1ee5ng t\u00fai gi\u1ea5y b\u00e1nh m\u00ec trong cu\u1ed9c s\u1ed1ng h\u00e0ng ng\u00e0y<\/h3>\n<p><strong>Ti\u1ec7n l\u1ee3i cho m\u1ecdi nhu c\u1ea7u<\/strong><\/p>\n<p>Kh\u00f4ng ch\u1ec9 d\u00f9ng \u0111\u1ec3 \u0111\u1ef1ng b\u00e1nh m\u00ec, t\u00fai gi\u1ea5y c\u00f2n c\u00f3 th\u1ec3 \u0111\u01b0\u1ee3c s\u1eed d\u1ee5ng \u0111\u1ec3 ch\u1ee9a c\u00e1c lo\u1ea1i th\u1ef1c ph\u1ea9m kh\u00e1c, gi\u00fap b\u1ea1n mang theo b\u1eefa tr\u01b0a ho\u1eb7c b\u1eefa ph\u1ee5 ti\u1ec7n l\u1ee3i m\u00e0 v\u1eabn \u0111\u1ea3m b\u1ea3o an to\u00e0n v\u1ec7 sinh th\u1ef1c ph\u1ea9m. B\u00ean c\u1ea1nh \u0111\u00f3, t\u00fai gi\u1ea5y c\u0169ng l\u00e0 m\u1ed9t l\u1ef1a ch\u1ecdn tuy\u1ec7t v\u1eddi cho c\u00e1c s\u1ef1 ki\u1ec7n, ti\u1ec7c t\u00f9ng ngo\u00e0i tr\u1eddi, ho\u1eb7c nh\u01b0 m\u1ed9t ph\u1ea7n c\u1ee7a g\u00f3i qu\u00e0 t\u1eb7ng, nh\u1edd v\u00e0o kh\u1ea3 n\u0103ng ph\u00e2n h\u1ee7y sinh h\u1ecdc c\u1ee7a ch\u00fang.<\/p>\n","protected":false},"excerpt":{"rendered":"<p>K\u00edch th\u01b0\u1edbc 9.5&#215;4.5x24cm, \u0111\u1ecbnh l\u01b0\u1ee3ng gi\u1ea5y 50gsm. Kh\u00e1m ph\u00e1 l\u1ef1a ch\u1ecdn t\u00fai gi\u1ea5y \u0111\u1ef1ng b\u00e1nh m\u00ec ti\u1ec7n \u00edch, th\u00e2n thi\u1ec7n v\u1edbi m\u00f4i tr\u01b0\u1eddng, ph\u00f9 h\u1ee3p cho m\u1ecdi nhu c\u1ea7u h\u00e0ng ng\u00e0y.<\/p>\n","protected":false},"featured_media":691,"template":"","meta":[],"product_brand":[],"product_cat":[72],"product_tag":[],"class_list":{"0":"post-690","1":"product","2":"type-product","3":"status-publish","4":"has-post-thumbnail","6":"product_cat-san-pham-tui-banh-mi","8":"first","9":"instock","10":"virtual","11":"product-type-simple"},"_links":{"self":[{"href":"https:\/\/tuibanhmidep.com\/bai-viet\/wp-json\/wp\/v2\/product\/690","targetHints":{"allow":["GET"]}}],"collection":[{"href":"https:\/\/tuibanhmidep.com\/bai-viet\/wp-json\/wp\/v2\/product"}],"about":[{"href":"https:\/\/tuibanhmidep.com\/bai-viet\/wp-json\/wp\/v2\/types\/product"}],"wp:featuredmedia":[{"embeddable":true,"href":"https:\/\/tuibanhmidep.com\/bai-viet\/wp-json\/wp\/v2\/media\/691"}],"wp:attachment":[{"href":"https:\/\/tuibanhmidep.com\/bai-viet\/wp-json\/wp\/v2\/media?parent=690"}],"wp:term":[{"taxonomy":"product_brand","embeddable":true,"href":"https:\/\/tuibanhmidep.com\/bai-viet\/wp-json\/wp\/v2\/product_brand?post=690"},{"taxonomy":"product_cat","embeddable":true,"href":"https:\/\/tuibanhmidep.com\/bai-viet\/wp-json\/wp\/v2\/product_cat?post=690"},{"taxonomy":"product_tag","embeddable":true,"href":"https:\/\/tuibanhmidep.com\/bai-viet\/wp-json\/wp\/v2\/product_tag?post=690"}],"curies":[{"name":"wp","href":"https:\/\/api.w.org\/{rel}","templated":true}]}}