{"id":686,"date":"2024-04-17T18:16:35","date_gmt":"2024-04-17T11:16:35","guid":{"rendered":"https:\/\/tuibanhmidep.com\/bai-viet\/shop\/in-3000-tui-giay-banh-mi-lua-chon-than-thien-moi-truong-skubmd_2515\/"},"modified":"2024-04-17T18:16:36","modified_gmt":"2024-04-17T11:16:36","slug":"in-3000-tui-giay-banh-mi-lua-chon-than-thien-moi-truong-skubmd_2515","status":"publish","type":"product","link":"https:\/\/tuibanhmidep.com\/bai-viet\/shop\/in-3000-tui-giay-banh-mi-lua-chon-than-thien-moi-truong-skubmd_2515\/","title":{"rendered":"In 3000 T\u00fai Gi\u1ea5y B\u00e1nh M\u00ec: L\u1ef1a Ch\u1ecdn Th\u00e2n Thi\u1ec7n M\u00f4i Tr\u01b0\u1eddng (SKU:BMD_2515)"},"content":{"rendered":"<h2>Gi\u1edbi thi\u1ec7u v\u1ec1 T\u00fai Gi\u1ea5y B\u00e1nh M\u00ec<\/h2>\n<p><strong>T\u00e1i t\u1ea1o tr\u1ea3i nghi\u1ec7m \u1ea9m th\u1ef1c v\u1edbi v\u1eadt li\u1ec7u an to\u00e0n<\/strong><br \/>\nTrong cu\u1ed9c s\u1ed1ng hi\u1ec7n \u0111\u1ea1i, nhu c\u1ea7u s\u1eed d\u1ee5ng c\u00e1c s\u1ea3n ph\u1ea9m th\u00e2n thi\u1ec7n v\u1edbi m\u00f4i tr\u01b0\u1eddng ng\u00e0y c\u00e0ng tr\u1edf n\u00ean c\u1ea5p thi\u1ebft. T\u00fai gi\u1ea5y b\u00e1nh m\u00ec, m\u1ed9t s\u1ea3n ph\u1ea9m kh\u00f4ng th\u1ec3 thi\u1ebfu trong c\u00e1c ti\u1ec7m b\u00e1nh, c\u1eeda h\u00e0ng th\u1ef1c ph\u1ea9m nhanh, l\u00e0 minh ch\u1ee9ng cho xu h\u01b0\u1edbng n\u00e0y. L\u00e0m t\u1eeb gi\u1ea5y an to\u00e0n cho th\u1ef1c ph\u1ea9m, t\u00fai gi\u1ea5y kh\u00f4ng ch\u1ec9 \u0111\u00e1p \u1ee9ng nhu c\u1ea7u b\u1ea3o qu\u1ea3n b\u00e1nh m\u00ec m\u00e0 c\u00f2n g\u00f3p ph\u1ea7n b\u1ea3o v\u1ec7 m\u00f4i tr\u01b0\u1eddng.<\/p>\n<h3>T\u00ednh n\u0103ng \u01b0u vi\u1ec7t c\u1ee7a T\u00fai Gi\u1ea5y B\u00e1nh M\u00ec<\/h3>\n<p><strong>Thi\u1ebft k\u1ebf \u0111\u1eb7c bi\u1ec7t ph\u00f9 h\u1ee3p v\u1edbi \u1ed5 b\u00e1nh m\u00ec Vi\u1ec7t Nam<\/strong><br \/>\nT\u00fai gi\u1ea5y b\u00e1nh m\u00ec \u0111\u01b0\u1ee3c thi\u1ebft k\u1ebf v\u1edbi k\u00edch th\u01b0\u1edbc ngang 9.5cm, cao 24.5cm v\u00e0 2 b\u00ean h\u00f4ng r\u1ed9ng 4.5cm, t\u1ea1o th\u00e0nh m\u1ed9t h\u00ecnh h\u1ed9p d\u00e0i \u0111\u1eb7c tr\u01b0ng ph\u00f9 h\u1ee3p ho\u00e0n h\u1ea3o \u0111\u1ec3 \u0111\u1ef1ng m\u1ed9t \u1ed5 b\u00e1nh m\u00ec Vi\u1ec7t Nam. \u0110i\u1ec3m n\u1ed5i b\u1eadt c\u1ee7a t\u00fai n\u00e0y l\u00e0 kh\u00f4ng c\u00f3 quai x\u00e1ch, gi\u00fap gi\u1ea3m thi\u1ec3u chi ph\u00ed s\u1ea3n xu\u1ea5t v\u00e0 t\u0103ng c\u01b0\u1eddng t\u00ednh th\u00e2n thi\u1ec7n v\u1edbi m\u00f4i tr\u01b0\u1eddng do s\u1eed d\u1ee5ng \u00edt nguy\u00ean li\u1ec7u h\u01a1n.<\/p>\n<h3>L\u1ee3i \u00edch c\u1ee7a vi\u1ec7c s\u1eed d\u1ee5ng T\u00fai Gi\u1ea5y B\u00e1nh M\u00ec<\/h3>\n<p><strong>Ki\u1ec7n to\u00e0n cho m\u1ed9t l\u1ed1i s\u1ed1ng xanh<\/strong><br \/>\nVi\u1ec7c s\u1eed d\u1ee5ng t\u00fai gi\u1ea5y b\u00e1nh m\u00ec kh\u00f4ng nh\u1eefng l\u00e0m n\u1ed5i b\u1eadt gi\u00e1 tr\u1ecb c\u1ee7a s\u1ea3n ph\u1ea9m b\u00ean trong m\u00e0 c\u00f2n ph\u1ea3n \u00e1nh \u00fd th\u1ee9c b\u1ea3o v\u1ec7 m\u00f4i tr\u01b0\u1eddng c\u1ee7a ng\u01b0\u1eddi ti\u00eau d\u00f9ng v\u00e0 doanh nghi\u1ec7p. T\u00fai gi\u1ea5y l\u00e0 s\u1ef1 l\u1ef1a ch\u1ecdn l\u00fd t\u01b0\u1edfng cho nh\u1eefng ai mong mu\u1ed1n gi\u1ea3m thi\u1ec3u r\u00e1c th\u1ea3i nh\u1ef1a v\u00e0 h\u01b0\u1edbng t\u1edbi m\u1ed9t t\u01b0\u01a1ng lai b\u1ec1n v\u1eefng h\u01a1n.<\/p>\n","protected":false},"excerpt":{"rendered":"<p>K\u00edch th\u01b0\u1edbc 9.5&#215;4.5x24cm, \u0111\u1ecbnh l\u01b0\u1ee3ng gi\u1ea5y 50gsm. T\u00fai gi\u1ea5y b\u00e1nh m\u00ec l\u00e0 gi\u1ea3i ph\u00e1p \u0111\u1ef1ng th\u1ef1c ph\u1ea9m ti\u1ec7n l\u1ee3i, an to\u00e0n, v\u00e0 th\u00e2n thi\u1ec7n v\u1edbi m\u00f4i tr\u01b0\u1eddng.<\/p>\n","protected":false},"featured_media":687,"template":"","meta":[],"product_brand":[],"product_cat":[72],"product_tag":[],"class_list":{"0":"post-686","1":"product","2":"type-product","3":"status-publish","4":"has-post-thumbnail","6":"product_cat-san-pham-tui-banh-mi","8":"first","9":"instock","10":"virtual","11":"product-type-simple"},"_links":{"self":[{"href":"https:\/\/tuibanhmidep.com\/bai-viet\/wp-json\/wp\/v2\/product\/686","targetHints":{"allow":["GET"]}}],"collection":[{"href":"https:\/\/tuibanhmidep.com\/bai-viet\/wp-json\/wp\/v2\/product"}],"about":[{"href":"https:\/\/tuibanhmidep.com\/bai-viet\/wp-json\/wp\/v2\/types\/product"}],"wp:featuredmedia":[{"embeddable":true,"href":"https:\/\/tuibanhmidep.com\/bai-viet\/wp-json\/wp\/v2\/media\/687"}],"wp:attachment":[{"href":"https:\/\/tuibanhmidep.com\/bai-viet\/wp-json\/wp\/v2\/media?parent=686"}],"wp:term":[{"taxonomy":"product_brand","embeddable":true,"href":"https:\/\/tuibanhmidep.com\/bai-viet\/wp-json\/wp\/v2\/product_brand?post=686"},{"taxonomy":"product_cat","embeddable":true,"href":"https:\/\/tuibanhmidep.com\/bai-viet\/wp-json\/wp\/v2\/product_cat?post=686"},{"taxonomy":"product_tag","embeddable":true,"href":"https:\/\/tuibanhmidep.com\/bai-viet\/wp-json\/wp\/v2\/product_tag?post=686"}],"curies":[{"name":"wp","href":"https:\/\/api.w.org\/{rel}","templated":true}]}}