{"id":682,"date":"2024-04-17T17:14:11","date_gmt":"2024-04-17T10:14:11","guid":{"rendered":"https:\/\/tuibanhmidep.com\/bai-viet\/shop\/in-10000-tui-giay-banh-mi-lua-chon-than-thien-moi-truong-skubmd_6949\/"},"modified":"2024-04-17T17:14:12","modified_gmt":"2024-04-17T10:14:12","slug":"in-10000-tui-giay-banh-mi-lua-chon-than-thien-moi-truong-skubmd_6949","status":"publish","type":"product","link":"https:\/\/tuibanhmidep.com\/bai-viet\/shop\/in-10000-tui-giay-banh-mi-lua-chon-than-thien-moi-truong-skubmd_6949\/","title":{"rendered":"In 10000 T\u00fai Gi\u1ea5y B\u00e1nh M\u00ec: L\u1ef1a Ch\u1ecdn Th\u00e2n Thi\u1ec7n M\u00f4i Tr\u01b0\u1eddng (SKU:BMD_6949)"},"content":{"rendered":"<h2>T\u1ea1i sao n\u00ean ch\u1ecdn t\u00fai gi\u1ea5y b\u00e1nh m\u00ec?<\/h2>\n<p><strong>L\u1ef1a ch\u1ecdn th\u00e2n thi\u1ec7n m\u00f4i tr\u01b0\u1eddng<\/strong><br \/>\nT\u00fai gi\u1ea5y b\u00e1nh m\u00ec \u0111\u01b0\u1ee3c l\u00e0m t\u1eeb gi\u1ea5y an to\u00e0n s\u1eed d\u1ee5ng cho th\u1ef1c ph\u1ea9m, kh\u00f4ng ch\u1ec9 \u0111\u1ea3m b\u1ea3o v\u1ec7 sinh m\u00e0 c\u00f2n th\u00e2n thi\u1ec7n v\u1edbi m\u00f4i tr\u01b0\u1eddng. Vi\u1ec7c s\u1eed d\u1ee5ng t\u00fai gi\u1ea5y l\u00e0 b\u01b0\u1edbc \u0111i quan tr\u1ecdng trong n\u1ed7 l\u1ef1c gi\u1ea3m thi\u1ec3u r\u00e1c th\u1ea3i nh\u1ef1a, v\u1ed1n l\u00e0 m\u1ed9t trong nh\u1eefng m\u1ed1i quan t\u00e2m l\u1edbn v\u1ec1 m\u00f4i tr\u01b0\u1eddng hi\u1ec7n nay.<\/p>\n<h3>\u0110\u1eb7c \u0111i\u1ec3m k\u1ef9 thu\u1eadt c\u1ee7a t\u00fai gi\u1ea5y b\u00e1nh m\u00ec<\/h3>\n<p><strong>Thi\u1ebft k\u1ebf v\u00e0 k\u00edch th\u01b0\u1edbc ph\u00f9 h\u1ee3p<\/strong><br \/>\nT\u00fai gi\u1ea5y b\u00e1nh m\u00ec c\u00f3 k\u00edch th\u01b0\u1edbc chu\u1ea9n l\u00e0 ngang 9.5 cm, cao 24.5 cm v\u00e0 m\u1ed7i b\u00ean h\u00f4ng r\u1ed9ng 4.5 cm, thi\u1ebft k\u1ebf n\u00e0y ph\u00f9 h\u1ee3p \u0111\u1ec3 \u0111\u1ef1ng m\u1ed9t \u1ed5 b\u00e1nh m\u00ec Vi\u1ec7t Nam. T\u00fai n\u00e0y kh\u00f4ng c\u00f3 quai x\u00e1ch, gi\u00fap t\u1ed1i gi\u1ea3n thi\u1ebft k\u1ebf v\u00e0 gi\u1ea3m chi ph\u00ed s\u1ea3n xu\u1ea5t.<\/p>\n<p><strong>V\u1eadt li\u1ec7u an to\u00e0n cho th\u1ef1c ph\u1ea9m<\/strong><br \/>\nNh\u01b0 \u0111\u00e3 n\u00f3i, t\u00fai gi\u1ea5y \u0111\u01b0\u1ee3c s\u1ea3n xu\u1ea5t t\u1eeb ch\u1ea5t li\u1ec7u an to\u00e0n cho th\u1ef1c ph\u1ea9m, \u0111\u1ea3m b\u1ea3o kh\u00f4ng g\u00e2y h\u1ea1i cho s\u1ee9c kh\u1ecfe ng\u01b0\u1eddi ti\u00eau d\u00f9ng. \u0110i\u1ec1u n\u00e0y kh\u00f4ng nh\u1eefng gi\u00fap b\u1ea3o v\u1ec7 s\u1ee9c kh\u1ecfe m\u00e0 c\u00f2n n\u00e2ng cao nh\u1eadn th\u1ee9c v\u1ec1 ti\u00eau d\u00f9ng an to\u00e0n v\u00e0 b\u1ea3o v\u1ec7 m\u00f4i tr\u01b0\u1eddng.<\/p>\n<h3>C\u00e1c t\u00ean g\u1ecdi kh\u00e1c c\u1ee7a t\u00fai gi\u1ea5y b\u00e1nh m\u00ec<\/h3>\n<p>T\u00fai gi\u1ea5y b\u00e1nh m\u00ec c\u00f2n \u0111\u01b0\u1ee3c bi\u1ebft \u0111\u1ebfn v\u1edbi nhi\u1ec1u t\u00ean g\u1ecdi kh\u00e1c nh\u01b0 bao b\u00e1nh m\u00ec, gi\u1ea5y g\u00f3i b\u00e1nh m\u00ec. S\u1ef1 \u0111a d\u1ea1ng trong t\u00ean g\u1ecdi ph\u1ea3n \u00e1nh t\u00ednh \u1ee9ng d\u1ee5ng r\u1ed9ng r\u00e3i c\u1ee7a s\u1ea3n ph\u1ea9m n\u00e0y trong cu\u1ed9c s\u1ed1ng h\u00e0ng ng\u00e0y.<\/p>\n<p><strong>K\u1ebft n\u1ed1i v\u1edbi th\u00f3i quen h\u00e0ng ng\u00e0y<\/strong><br \/>\nVi\u1ec7c s\u1eed d\u1ee5ng t\u00fai gi\u1ea5y b\u00e1nh m\u00ec trong c\u00e1c c\u1eeda h\u00e0ng ti\u1ec7n l\u1ee3i, ti\u1ec7m b\u00e1nh m\u00ec hay th\u1eadm ch\u00ed l\u00e0 trong c\u00e1c h\u1ed9 gia \u0111\u00ecnh kh\u00f4ng ch\u1ec9 l\u00e0 m\u1ed9t l\u1ef1a ch\u1ecdn th\u00f4ng minh m\u00e0 c\u00f2n ph\u1ea3n \u00e1nh m\u1ed9t l\u1ed1i s\u1ed1ng xanh, m\u1ed9t ph\u1ea7n c\u1ee7a xu h\u01b0\u1edbng ti\u00eau d\u00f9ng b\u1ec1n v\u1eefng ng\u00e0y c\u00e0ng \u0111\u01b0\u1ee3c \u01b0a chu\u1ed9ng.<\/p>\n","protected":false},"excerpt":{"rendered":"<p>K\u00edch th\u01b0\u1edbc 9.5&#215;4.5x24cm, \u0111\u1ecbnh l\u01b0\u1ee3ng gi\u1ea5y 50gsm. Kh\u00e1m ph\u00e1 t\u00fai gi\u1ea5y b\u00e1nh m\u00ec &#8211; gi\u1ea3i ph\u00e1p b\u1ea3o v\u1ec7 m\u00f4i tr\u01b0\u1eddng, \u0111\u1ea3m b\u1ea3o v\u1ec7 sinh an to\u00e0n th\u1ef1c ph\u1ea9m.<\/p>\n","protected":false},"featured_media":683,"template":"","meta":[],"product_brand":[],"product_cat":[72],"product_tag":[],"class_list":{"0":"post-682","1":"product","2":"type-product","3":"status-publish","4":"has-post-thumbnail","6":"product_cat-san-pham-tui-banh-mi","8":"first","9":"instock","10":"virtual","11":"product-type-simple"},"_links":{"self":[{"href":"https:\/\/tuibanhmidep.com\/bai-viet\/wp-json\/wp\/v2\/product\/682","targetHints":{"allow":["GET"]}}],"collection":[{"href":"https:\/\/tuibanhmidep.com\/bai-viet\/wp-json\/wp\/v2\/product"}],"about":[{"href":"https:\/\/tuibanhmidep.com\/bai-viet\/wp-json\/wp\/v2\/types\/product"}],"wp:featuredmedia":[{"embeddable":true,"href":"https:\/\/tuibanhmidep.com\/bai-viet\/wp-json\/wp\/v2\/media\/683"}],"wp:attachment":[{"href":"https:\/\/tuibanhmidep.com\/bai-viet\/wp-json\/wp\/v2\/media?parent=682"}],"wp:term":[{"taxonomy":"product_brand","embeddable":true,"href":"https:\/\/tuibanhmidep.com\/bai-viet\/wp-json\/wp\/v2\/product_brand?post=682"},{"taxonomy":"product_cat","embeddable":true,"href":"https:\/\/tuibanhmidep.com\/bai-viet\/wp-json\/wp\/v2\/product_cat?post=682"},{"taxonomy":"product_tag","embeddable":true,"href":"https:\/\/tuibanhmidep.com\/bai-viet\/wp-json\/wp\/v2\/product_tag?post=682"}],"curies":[{"name":"wp","href":"https:\/\/api.w.org\/{rel}","templated":true}]}}