{"id":674,"date":"2024-04-17T15:09:05","date_gmt":"2024-04-17T08:09:05","guid":{"rendered":"https:\/\/tuibanhmidep.com\/bai-viet\/shop\/in-1000-tui-giay-banh-mi-lua-chon-than-thien-moi-truong-skubmd_4053\/"},"modified":"2024-04-17T15:09:06","modified_gmt":"2024-04-17T08:09:06","slug":"in-1000-tui-giay-banh-mi-lua-chon-than-thien-moi-truong-skubmd_4053","status":"publish","type":"product","link":"https:\/\/tuibanhmidep.com\/bai-viet\/shop\/in-1000-tui-giay-banh-mi-lua-chon-than-thien-moi-truong-skubmd_4053\/","title":{"rendered":"In 1000 T\u00fai Gi\u1ea5y B\u00e1nh M\u00ec: L\u1ef1a Ch\u1ecdn Th\u00e2n Thi\u1ec7n M\u00f4i Tr\u01b0\u1eddng (SKU:BMD_4053)"},"content":{"rendered":"<h2>Gi\u1edbi Thi\u1ec7u T\u00fai Gi\u1ea5y B\u00e1nh M\u00ec<\/h2>\n<p><strong>Thi\u1ebft k\u1ebf v\u00e0 \u0110\u1eb7c \u0111i\u1ec3m<\/strong><\/p>\n<p>T\u00fai gi\u1ea5y b\u00e1nh m\u00ec l\u00e0 m\u1ed9t s\u1ea3n ph\u1ea9m \u0111\u01b0\u1ee3c thi\u1ebft k\u1ebf \u0111\u1eb7c bi\u1ec7t \u0111\u1ec3 \u0111\u1ef1ng b\u00e1nh m\u00ec Vi\u1ec7t Nam. V\u1edbi k\u00edch th\u01b0\u1edbc chu\u1ea9n l\u00e0 9.5 cm chi\u1ec1u ngang, 24.5 cm chi\u1ec1u cao v\u00e0 m\u1edf r\u1ed9ng 4.5 cm \u1edf m\u1ed7i b\u00ean, t\u00fai n\u00e0y ph\u00f9 h\u1ee3p \u0111\u1ec3 ch\u1ee9a m\u1ed9t \u1ed5 b\u00e1nh m\u00ec d\u00e0i v\u00e0 thon g\u1ecdn. S\u1ea3n xu\u1ea5t t\u1eeb gi\u1ea5y an to\u00e0n cho th\u1ef1c ph\u1ea9m, t\u00fai gi\u1ea5y b\u00e1nh m\u00ec \u0111\u00e1p \u1ee9ng nhu c\u1ea7u v\u1ec1 m\u1ed9t gi\u1ea3i ph\u00e1p bao b\u00ec th\u00e2n thi\u1ec7n v\u1edbi m\u00f4i tr\u01b0\u1eddng m\u00e0 v\u1eabn \u0111\u1ea3m b\u1ea3o an to\u00e0n s\u1ee9c kh\u1ecfe ng\u01b0\u1eddi ti\u00eau d\u00f9ng.<\/p>\n<h3>\u01afu \u0110i\u1ec3m C\u1ee7a T\u00fai Gi\u1ea5y B\u00e1nh M\u00ec<\/h3>\n<p>T\u00fai gi\u1ea5y b\u00e1nh m\u00ec kh\u00f4ng ch\u1ec9 gi\u00fap b\u1ea3o qu\u1ea3n b\u00e1nh m\u00ec m\u1ed9t c\u00e1ch hi\u1ec7u qu\u1ea3 m\u00e0 c\u00f2n th\u1ec3 hi\u1ec7n cam k\u1ebft v\u1edbi m\u00f4i tr\u01b0\u1eddng v\u00e0 s\u1ee9c kh\u1ecfe c\u1ed9ng \u0111\u1ed3ng. Kh\u00e1c v\u1edbi c\u00e1c lo\u1ea1i bao b\u00ec nh\u1ef1a, gi\u1ea5y l\u00e0 v\u1eadt li\u1ec7u c\u00f3 th\u1ec3 ph\u00e2n h\u1ee7y sinh h\u1ecdc, gi\u00fap gi\u1ea3m thi\u1ec3u r\u00e1c th\u1ea3i v\u00e0 \u00f4 nhi\u1ec5m. T\u00fai n\u00e0y kh\u00f4ng ch\u1ec9 l\u00e0 l\u1ef1a ch\u1ecdn l\u00fd t\u01b0\u1edfng cho c\u00e1c c\u1eeda h\u00e0ng b\u00e1n l\u1ebb m\u00e0 c\u00f2n ph\u00f9 h\u1ee3p v\u1edbi ng\u01b0\u1eddi ti\u00eau d\u00f9ng c\u00f3 \u00fd th\u1ee9c v\u1ec1 m\u00f4i tr\u01b0\u1eddng.<\/p>\n<p><strong>T\u1ea1i Sao N\u00ean Ch\u1ecdn T\u00fai Gi\u1ea5y B\u00e1nh M\u00ec?<\/strong><\/p>\n<p>S\u1ef1 \u0111\u01a1n gi\u1ea3n nh\u01b0ng hi\u1ec7u qu\u1ea3 c\u1ee7a t\u00fai gi\u1ea5y b\u00e1nh m\u00ec l\u00e0m n\u1ed5i b\u1eadt l\u00ean t\u00ednh ti\u1ec7n d\u1ee5ng v\u00e0 ti\u1ebft ki\u1ec7m chi ph\u00ed. M\u1eb7c d\u00f9 kh\u00f4ng c\u00f3 quai x\u00e1ch, nh\u01b0ng thi\u1ebft k\u1ebf nh\u1ecf g\u1ecdn c\u1ee7a t\u00fai cho ph\u00e9p d\u1ec5 d\u00e0ng c\u1ea7m n\u1eafm v\u00e0 mang \u0111i m\u00e0 kh\u00f4ng c\u1ea7n \u0111\u1ebfn tay c\u1ea7m ph\u1ee9c t\u1ea1p. \u0110i\u1ec1u n\u00e0y kh\u00f4ng nh\u1eefng l\u00e0m gi\u1ea3m chi ph\u00ed s\u1ea3n xu\u1ea5t m\u00e0 c\u00f2n g\u00f3p ph\u1ea7n v\u00e0o vi\u1ec7c gi\u1ea3m kh\u1ed1i l\u01b0\u1ee3ng ch\u1ea5t th\u1ea3i.<\/p>\n<h3>\u1ee8ng D\u1ee5ng v\u00e0 T\u00ednh N\u0103ng Kh\u00e1c<\/h3>\n<p>Ngo\u00e0i vi\u1ec7c \u0111\u1ef1ng b\u00e1nh m\u00ec, t\u00fai gi\u1ea5y c\u00f2n c\u00f3 th\u1ec3 \u0111\u01b0\u1ee3c s\u1eed d\u1ee5ng \u0111\u1ec3 ch\u1ee9a c\u00e1c lo\u1ea1i th\u1ef1c ph\u1ea9m kh\u00e1c nh\u1eb1m h\u1ea1n ch\u1ebf s\u1eed d\u1ee5ng t\u00fai nh\u1ef1a. K\u00edch th\u01b0\u1edbc v\u00e0 thi\u1ebft k\u1ebf c\u1ee7a t\u00fai ph\u00f9 h\u1ee3p v\u1edbi nhi\u1ec1u lo\u1ea1i s\u1ea3n ph\u1ea9m kh\u00e1c nhau, t\u1eeb b\u00e1nh ng\u1ecdt, b\u00e1nh quy cho \u0111\u1ebfn c\u00e1c lo\u1ea1i th\u1ef1c ph\u1ea9m kh\u00f4. \u0110\u00e2y l\u00e0 m\u1ed9t l\u1ef1a ch\u1ecdn \u0111a n\u0103ng, v\u1eeba ti\u1ec7n l\u1ee3i v\u1eeba b\u1ea3o v\u1ec7 m\u00f4i tr\u01b0\u1eddng.<\/p>\n","protected":false},"excerpt":{"rendered":"<p>K\u00edch th\u01b0\u1edbc 9.5&#215;4.5x24cm, \u0111\u1ecbnh l\u01b0\u1ee3ng gi\u1ea5y 50gsm. Kh\u00e1m ph\u00e1 \u01b0u \u0111i\u1ec3m c\u1ee7a t\u00fai gi\u1ea5y b\u00e1nh m\u00ec, m\u1ed9t gi\u1ea3i ph\u00e1p b\u1ea3o qu\u1ea3n b\u00e1nh m\u00ec v\u1eeba th\u1ef1c t\u1ebf v\u1eeba th\u00e2n thi\u1ec7n v\u1edbi m\u00f4i tr\u01b0\u1eddng.<\/p>\n","protected":false},"featured_media":675,"template":"","meta":[],"product_brand":[],"product_cat":[72],"product_tag":[],"class_list":{"0":"post-674","1":"product","2":"type-product","3":"status-publish","4":"has-post-thumbnail","6":"product_cat-san-pham-tui-banh-mi","8":"first","9":"instock","10":"virtual","11":"product-type-simple"},"_links":{"self":[{"href":"https:\/\/tuibanhmidep.com\/bai-viet\/wp-json\/wp\/v2\/product\/674","targetHints":{"allow":["GET"]}}],"collection":[{"href":"https:\/\/tuibanhmidep.com\/bai-viet\/wp-json\/wp\/v2\/product"}],"about":[{"href":"https:\/\/tuibanhmidep.com\/bai-viet\/wp-json\/wp\/v2\/types\/product"}],"wp:featuredmedia":[{"embeddable":true,"href":"https:\/\/tuibanhmidep.com\/bai-viet\/wp-json\/wp\/v2\/media\/675"}],"wp:attachment":[{"href":"https:\/\/tuibanhmidep.com\/bai-viet\/wp-json\/wp\/v2\/media?parent=674"}],"wp:term":[{"taxonomy":"product_brand","embeddable":true,"href":"https:\/\/tuibanhmidep.com\/bai-viet\/wp-json\/wp\/v2\/product_brand?post=674"},{"taxonomy":"product_cat","embeddable":true,"href":"https:\/\/tuibanhmidep.com\/bai-viet\/wp-json\/wp\/v2\/product_cat?post=674"},{"taxonomy":"product_tag","embeddable":true,"href":"https:\/\/tuibanhmidep.com\/bai-viet\/wp-json\/wp\/v2\/product_tag?post=674"}],"curies":[{"name":"wp","href":"https:\/\/api.w.org\/{rel}","templated":true}]}}