{"id":670,"date":"2024-04-17T14:06:40","date_gmt":"2024-04-17T07:06:40","guid":{"rendered":"https:\/\/tuibanhmidep.com\/bai-viet\/shop\/in-9000-tui-giay-banh-mi-lua-chon-than-thien-moi-truong-skubmd_9883\/"},"modified":"2024-04-17T14:06:40","modified_gmt":"2024-04-17T07:06:40","slug":"in-9000-tui-giay-banh-mi-lua-chon-than-thien-moi-truong-skubmd_9883","status":"publish","type":"product","link":"https:\/\/tuibanhmidep.com\/bai-viet\/shop\/in-9000-tui-giay-banh-mi-lua-chon-than-thien-moi-truong-skubmd_9883\/","title":{"rendered":"In 9000 T\u00fai Gi\u1ea5y B\u00e1nh M\u00ec: L\u1ef1a Ch\u1ecdn Th\u00e2n Thi\u1ec7n M\u00f4i Tr\u01b0\u1eddng (SKU:BMD_9883)"},"content":{"rendered":"<h2>Gi\u1edbi Thi\u1ec7u V\u1ec1 T\u00fai Gi\u1ea5y \u0110\u1ef1ng B\u00e1nh M\u00ec<\/h2>\n<p><strong>M\u1ed9t s\u1ef1 l\u1ef1a ch\u1ecdn th\u00e2n thi\u1ec7n v\u1edbi m\u00f4i tr\u01b0\u1eddng<\/strong><\/p>\n<p>T\u00fai gi\u1ea5y b\u00e1nh m\u00ec, \u0111\u01b0\u1ee3c l\u00e0m t\u1eeb gi\u1ea5y an to\u00e0n s\u1eed d\u1ee5ng cho th\u1ef1c ph\u1ea9m, kh\u00f4ng ch\u1ec9 b\u1ea3o v\u1ec7 s\u1ee9c kh\u1ecfe c\u1ee7a ng\u01b0\u1eddi ti\u00eau d\u00f9ng m\u00e0 c\u00f2n g\u00f3p ph\u1ea7n v\u00e0o vi\u1ec7c b\u1ea3o v\u1ec7 m\u00f4i tr\u01b0\u1eddng. \u0110\u00e2y l\u00e0 l\u1ef1a ch\u1ecdn thay th\u1ebf ho\u00e0n h\u1ea3o cho c\u00e1c t\u00fai nh\u1ef1a s\u1eed d\u1ee5ng m\u1ed9t l\u1ea7n, gi\u00fap gi\u1ea3m thi\u1ec3u r\u00e1c th\u1ea3i v\u00e0 \u00f4 nhi\u1ec5m.<\/p>\n<h3>T\u00ednh N\u0103ng v\u00e0 K\u00edch Th\u01b0\u1edbc c\u1ee7a T\u00fai Gi\u1ea5y B\u00e1nh M\u00ec<\/h3>\n<p><strong>Thi\u1ebft k\u1ebf ti\u1ec7n d\u1ee5ng v\u00e0 k\u00edch th\u01b0\u1edbc ph\u00f9 h\u1ee3p<\/strong><\/p>\n<p>T\u00fai gi\u1ea5y b\u00e1nh m\u00ec c\u00f3 k\u00edch th\u01b0\u1edbc ngang 9.5 cm, cao 24.5 cm v\u00e0 m\u1ed7i b\u00ean h\u00f4ng r\u1ed9ng 4.5 cm, l\u00e0 k\u00edch th\u01b0\u1edbc l\u00fd t\u01b0\u1edfng \u0111\u1ec3 \u0111\u1ef1ng m\u1ed9t \u1ed5 b\u00e1nh m\u00ec Vi\u1ec7t Nam. Thi\u1ebft k\u1ebf n\u00e0y \u0111\u1ea3m b\u1ea3o b\u00e1nh m\u00ec c\u1ee7a b\u1ea1n \u0111\u01b0\u1ee3c b\u1ea3o qu\u1ea3n m\u1ed9t c\u00e1ch t\u1ed1t nh\u1ea5t khi di chuy\u1ec3n m\u00e0 kh\u00f4ng s\u1ee3 b\u1ecb d\u1eadp n\u00e1t hay b\u1ecb b\u1ea9n.<\/p>\n<h3>\u0110a D\u1ea1ng C\u00e1ch S\u1eed D\u1ee5ng T\u00fai Gi\u1ea5y B\u00e1nh M\u00ec<\/h3>\n<p><strong>M\u1ed9t s\u1ea3n ph\u1ea9m \u0111a n\u0103ng<\/strong><\/p>\n<p>M\u1eb7c d\u00f9 \u0111\u01b0\u1ee3c thi\u1ebft k\u1ebf \u0111\u1eb7c bi\u1ec7t cho b\u00e1nh m\u00ec, t\u00fai gi\u1ea5y c\u00f2n c\u00f3 th\u1ec3 s\u1eed d\u1ee5ng cho c\u00e1c m\u1ee5c \u0111\u00edch kh\u00e1c nh\u01b0 \u0111\u1ef1ng th\u1ef1c ph\u1ea9m kh\u00f4, hoa qu\u1ea3 hay th\u1eadm ch\u00ed l\u00e0 c\u00e1c s\u1ea3n ph\u1ea9m nh\u1eb9 kh\u00e1c. S\u1ef1 \u0111a d\u1ea1ng trong c\u00e1ch s\u1eed d\u1ee5ng khi\u1ebfn t\u00fai gi\u1ea5y b\u00e1nh m\u00ec tr\u1edf th\u00e0nh m\u1ed9t s\u1ea3n ph\u1ea9m kh\u00f4ng th\u1ec3 thi\u1ebfu trong cu\u1ed9c s\u1ed1ng h\u00e0ng ng\u00e0y.<\/p>\n<h3>\u01afu \u0110i\u1ec3m c\u1ee7a Vi\u1ec7c S\u1eed D\u1ee5ng T\u00fai Gi\u1ea5y<\/h3>\n<p><strong>\u0110\u00f3ng g\u00f3p cho m\u00f4i tr\u01b0\u1eddng v\u00e0 s\u1ee9c kh\u1ecfe con ng\u01b0\u1eddi<\/strong><\/p>\n<p>S\u1eed d\u1ee5ng t\u00fai gi\u1ea5y b\u00e1nh m\u00ec kh\u00f4ng ch\u1ec9 gi\u00fap b\u1ea1n g\u00f3p ph\u1ea7n v\u00e0o vi\u1ec7c b\u1ea3o v\u1ec7 m\u00f4i tr\u01b0\u1eddng m\u00e0 c\u00f2n \u0111\u1ea3m b\u1ea3o an to\u00e0n cho s\u1ee9c kh\u1ecfe. Gi\u1ea5y d\u00f9ng \u0111\u1ec3 l\u00e0m t\u00fai b\u00e1nh m\u00ec l\u00e0 lo\u1ea1i gi\u1ea5y an to\u00e0n, kh\u00f4ng \u0111\u1ed9c h\u1ea1i, kh\u00f4ng \u1ea3nh h\u01b0\u1edfng \u0111\u1ebfn th\u1ef1c ph\u1ea9m b\u00ean trong, \u0111\u1ea3m b\u1ea3o s\u1ef1 an t\u00e2m tuy\u1ec7t \u0111\u1ed1i cho ng\u01b0\u1eddi ti\u00eau d\u00f9ng.<\/p>\n","protected":false},"excerpt":{"rendered":"<p>K\u00edch th\u01b0\u1edbc 9.5&#215;4.5x24cm, \u0111\u1ecbnh l\u01b0\u1ee3ng gi\u1ea5y 50gsm. Khi b\u1ea3o v\u1ec7 m\u00f4i tr\u01b0\u1eddng v\u00e0 \u0111\u1ea3m b\u1ea3o s\u1ef1 ti\u1ec7n l\u1ee3i g\u1eb7p nhau, t\u00fai gi\u1ea5y b\u00e1nh m\u00ec ch\u00ednh l\u00e0 s\u1ef1 l\u1ef1a ch\u1ecdn ho\u00e0n h\u1ea3o.<\/p>\n","protected":false},"featured_media":671,"template":"","meta":[],"product_brand":[],"product_cat":[72],"product_tag":[],"class_list":{"0":"post-670","1":"product","2":"type-product","3":"status-publish","4":"has-post-thumbnail","6":"product_cat-san-pham-tui-banh-mi","8":"first","9":"instock","10":"virtual","11":"product-type-simple"},"_links":{"self":[{"href":"https:\/\/tuibanhmidep.com\/bai-viet\/wp-json\/wp\/v2\/product\/670","targetHints":{"allow":["GET"]}}],"collection":[{"href":"https:\/\/tuibanhmidep.com\/bai-viet\/wp-json\/wp\/v2\/product"}],"about":[{"href":"https:\/\/tuibanhmidep.com\/bai-viet\/wp-json\/wp\/v2\/types\/product"}],"wp:featuredmedia":[{"embeddable":true,"href":"https:\/\/tuibanhmidep.com\/bai-viet\/wp-json\/wp\/v2\/media\/671"}],"wp:attachment":[{"href":"https:\/\/tuibanhmidep.com\/bai-viet\/wp-json\/wp\/v2\/media?parent=670"}],"wp:term":[{"taxonomy":"product_brand","embeddable":true,"href":"https:\/\/tuibanhmidep.com\/bai-viet\/wp-json\/wp\/v2\/product_brand?post=670"},{"taxonomy":"product_cat","embeddable":true,"href":"https:\/\/tuibanhmidep.com\/bai-viet\/wp-json\/wp\/v2\/product_cat?post=670"},{"taxonomy":"product_tag","embeddable":true,"href":"https:\/\/tuibanhmidep.com\/bai-viet\/wp-json\/wp\/v2\/product_tag?post=670"}],"curies":[{"name":"wp","href":"https:\/\/api.w.org\/{rel}","templated":true}]}}