{"id":662,"date":"2024-04-17T11:59:50","date_gmt":"2024-04-17T04:59:50","guid":{"rendered":"https:\/\/tuibanhmidep.com\/bai-viet\/shop\/in-1000-tui-giay-banh-mi-giai-phap-dung-don-gian-hieu-qua-skubmd_811\/"},"modified":"2024-04-17T11:59:50","modified_gmt":"2024-04-17T04:59:50","slug":"in-1000-tui-giay-banh-mi-giai-phap-dung-don-gian-hieu-qua-skubmd_811","status":"publish","type":"product","link":"https:\/\/tuibanhmidep.com\/bai-viet\/shop\/in-1000-tui-giay-banh-mi-giai-phap-dung-don-gian-hieu-qua-skubmd_811\/","title":{"rendered":"In 1000 T\u00fai Gi\u1ea5y B\u00e1nh M\u00ec: Gi\u1ea3i Ph\u00e1p \u0110\u1ef1ng \u0110\u01a1n Gi\u1ea3n, Hi\u1ec7u Qu\u1ea3 (SKU:BMD_811)"},"content":{"rendered":"<h2>Kh\u00e1m Ph\u00e1 \u0110\u1eb7c \u0110i\u1ec3m N\u1ed5i B\u1eadt C\u1ee7a T\u00fai Gi\u1ea5y B\u00e1nh M\u00ec<\/h2>\n<p><strong>Ch\u1ea5t li\u1ec7u th\u00e2n thi\u1ec7n v\u1edbi m\u00f4i tr\u01b0\u1eddng:<\/strong> T\u00fai gi\u1ea5y b\u00e1nh m\u00ec \u0111\u01b0\u1ee3c l\u00e0m t\u1eeb gi\u1ea5y an to\u00e0n s\u1eed d\u1ee5ng cho th\u1ef1c ph\u1ea9m, \u0111\u1ea3m b\u1ea3o kh\u00f4ng ch\u1ec9 s\u1ef1 an to\u00e0n cho ng\u01b0\u1eddi ti\u00eau d\u00f9ng m\u00e0 c\u00f2n th\u00e2n thi\u1ec7n v\u1edbi m\u00f4i tr\u01b0\u1eddng. Vi\u1ec7c s\u1eed d\u1ee5ng gi\u1ea5y thay v\u00ec nh\u1ef1a g\u00f3p ph\u1ea7n gi\u1ea3m thi\u1ec3u \u00f4 nhi\u1ec5m, l\u00e0 l\u1ef1a ch\u1ecdn \u01b0u ti\u00ean cho nh\u1eefng ai quan t\u00e2m \u0111\u1ebfn v\u1ea5n \u0111\u1ec1 b\u1ea3o v\u1ec7 h\u00e0nh tinh.<\/p>\n<h3>Ti\u1ec7n L\u1ee3i V\u00e0 \u0110a N\u0103ng<\/h3>\n<p><strong>Thi\u1ebft k\u1ebf \u0111\u1eb7c bi\u1ec7t:<\/strong> M\u1eb7c d\u00f9 t\u00fai gi\u1ea5y b\u00e1nh m\u00ec kh\u00f4ng c\u00f3 quai x\u00e1ch, nh\u01b0ng thi\u1ebft k\u1ebf c\u1ee7a n\u00f3 v\u00f4 c\u00f9ng ti\u1ec7n l\u1ee3i v\u1edbi k\u00edch th\u01b0\u1edbc ngang 9.5cm, cao 24.5cm v\u00e0 r\u1ed9ng 4.5cm \u1edf hai b\u00ean h\u00f4ng. K\u00edch th\u01b0\u1edbc n\u00e0y ph\u00f9 h\u1ee3p \u0111\u1ec3 \u0111\u1ef1ng m\u1ed9t \u1ed5 b\u00e1nh m\u00ec Vi\u1ec7t Nam, \u0111\u1ea3m b\u1ea3o b\u00e1nh m\u00ec c\u1ee7a b\u1ea1n \u0111\u01b0\u1ee3c b\u1ea3o qu\u1ea3n nguy\u00ean v\u1eb9n trong qu\u00e1 tr\u00ecnh v\u1eadn chuy\u1ec3n.<\/p>\n<h3>An To\u00e0n V\u00e0 Th\u1ef1c T\u1ebf<\/h3>\n<p><strong>K\u00edch th\u01b0\u1edbc chu\u1ea9n cho b\u00e1nh m\u00ec Vi\u1ec7t:<\/strong> K\u00edch th\u01b0\u1edbc chu\u1ea9n c\u1ee7a t\u00fai gi\u1ea5y b\u00e1nh m\u00ec \u0111\u00e1p \u1ee9ng nhu c\u1ea7u c\u01a1 b\u1ea3n c\u1ee7a vi\u1ec7c \u0111\u1ef1ng b\u00e1nh m\u00ec. Ng\u01b0\u1eddi ti\u00eau d\u00f9ng c\u00f3 th\u1ec3 d\u1ec5 d\u00e0ng \u0111\u1eb7t b\u00e1nh m\u00ec v\u00e0o t\u00fai m\u00e0 kh\u00f4ng lo b\u00e1nh b\u1ecb d\u1eadp n\u00e1t hay b\u1ecb bi\u1ebfn d\u1ea1ng. Ngo\u00e0i ra, t\u00fai n\u00e0y c\u00f2n h\u1ed7 tr\u1ee3 gi\u1eef nhi\u1ec7t nh\u1ea5t \u0111\u1ecbnh, gi\u00fap b\u00e1nh m\u00ec gi\u1eef \u0111\u01b0\u1ee3c \u0111\u1ed9 n\u00f3ng l\u00e2u h\u01a1n.<\/p>\n<p><strong>Kh\u00f4ng \u0103n \u0111\u01b0\u1ee3c:<\/strong> Quan tr\u1ecdng l\u00e0 ph\u1ea3i l\u01b0u \u00fd r\u1eb1ng, m\u1eb7c d\u00f9 t\u00fai gi\u1ea5y b\u00e1nh m\u00ec an to\u00e0n \u0111\u1ec3 ti\u1ebfp x\u00fac v\u1edbi th\u1ef1c ph\u1ea9m, ch\u00fang kh\u00f4ng \u0111\u01b0\u1ee3c thi\u1ebft k\u1ebf \u0111\u1ec3 \u0103n \u0111\u01b0\u1ee3c. S\u1eed d\u1ee5ng t\u00fai gi\u1ea5y ch\u1ec9 nh\u1eb1m m\u1ee5c \u0111\u00edch \u0111\u1ef1ng v\u00e0 b\u1ea3o qu\u1ea3n b\u00e1nh m\u00ec m\u00e0 th\u00f4i.<\/p>\n","protected":false},"excerpt":{"rendered":"<p>K\u00edch th\u01b0\u1edbc 9.5&#215;4.5x24cm, \u0111\u1ecbnh l\u01b0\u1ee3ng gi\u1ea5y 50gsm. Khai th\u00e1c ti\u1ec7n \u00edch c\u1ee7a t\u00fai gi\u1ea5y b\u00e1nh m\u00ec trong vi\u1ec7c \u0111\u1ef1ng b\u00e1nh m\u00ec Vi\u1ec7t Nam m\u1ed9t c\u00e1ch an to\u00e0n v\u00e0 th\u00e2n thi\u1ec7n v\u1edbi m\u00f4i tr\u01b0\u1eddng.<\/p>\n","protected":false},"featured_media":663,"template":"","meta":[],"product_brand":[],"product_cat":[72],"product_tag":[],"class_list":{"0":"post-662","1":"product","2":"type-product","3":"status-publish","4":"has-post-thumbnail","6":"product_cat-san-pham-tui-banh-mi","8":"first","9":"instock","10":"virtual","11":"product-type-simple"},"_links":{"self":[{"href":"https:\/\/tuibanhmidep.com\/bai-viet\/wp-json\/wp\/v2\/product\/662","targetHints":{"allow":["GET"]}}],"collection":[{"href":"https:\/\/tuibanhmidep.com\/bai-viet\/wp-json\/wp\/v2\/product"}],"about":[{"href":"https:\/\/tuibanhmidep.com\/bai-viet\/wp-json\/wp\/v2\/types\/product"}],"wp:featuredmedia":[{"embeddable":true,"href":"https:\/\/tuibanhmidep.com\/bai-viet\/wp-json\/wp\/v2\/media\/663"}],"wp:attachment":[{"href":"https:\/\/tuibanhmidep.com\/bai-viet\/wp-json\/wp\/v2\/media?parent=662"}],"wp:term":[{"taxonomy":"product_brand","embeddable":true,"href":"https:\/\/tuibanhmidep.com\/bai-viet\/wp-json\/wp\/v2\/product_brand?post=662"},{"taxonomy":"product_cat","embeddable":true,"href":"https:\/\/tuibanhmidep.com\/bai-viet\/wp-json\/wp\/v2\/product_cat?post=662"},{"taxonomy":"product_tag","embeddable":true,"href":"https:\/\/tuibanhmidep.com\/bai-viet\/wp-json\/wp\/v2\/product_tag?post=662"}],"curies":[{"name":"wp","href":"https:\/\/api.w.org\/{rel}","templated":true}]}}