{"id":658,"date":"2024-04-17T10:57:25","date_gmt":"2024-04-17T03:57:25","guid":{"rendered":"https:\/\/tuibanhmidep.com\/bai-viet\/shop\/in-20000-tui-giay-banh-mi-giai-phap-dong-goi-xanh-skubmd_6649\/"},"modified":"2024-04-17T10:57:25","modified_gmt":"2024-04-17T03:57:25","slug":"in-20000-tui-giay-banh-mi-giai-phap-dong-goi-xanh-skubmd_6649","status":"publish","type":"product","link":"https:\/\/tuibanhmidep.com\/bai-viet\/shop\/in-20000-tui-giay-banh-mi-giai-phap-dong-goi-xanh-skubmd_6649\/","title":{"rendered":"In 20000 T\u00fai Gi\u1ea5y B\u00e1nh M\u00ec: Gi\u1ea3i Ph\u00e1p \u0110\u00f3ng G\u00f3i Xanh (SKU:BMD_6649)"},"content":{"rendered":"<h2>Gi\u1edbi thi\u1ec7u v\u1ec1 t\u00fai gi\u1ea5y b\u00e1nh m\u00ec<\/h2>\n<p><strong>T\u1ea1i sao n\u00ean s\u1eed d\u1ee5ng t\u00fai gi\u1ea5y b\u00e1nh m\u00ec?<\/strong><br \/>\nTrong b\u1ed1i c\u1ea3nh ng\u00e0y c\u00e0ng nhi\u1ec1u ng\u01b0\u1eddi ti\u00eau d\u00f9ng v\u00e0 doanh nghi\u1ec7p quan t\u00e2m \u0111\u1ebfn m\u00f4i tr\u01b0\u1eddng, vi\u1ec7c l\u1ef1a ch\u1ecdn c\u00e1c gi\u1ea3i ph\u00e1p \u0111\u00f3ng g\u00f3i th\u00e2n thi\u1ec7n v\u1edbi m\u00f4i tr\u01b0\u1eddng tr\u1edf n\u00ean c\u1ea5p b\u00e1ch. T\u00fai gi\u1ea5y b\u00e1nh m\u00ec, v\u1edbi thi\u1ebft k\u1ebf \u0111\u01a1n gi\u1ea3n v\u00e0 ch\u1ea5t li\u1ec7u th\u00e2n thi\u1ec7n v\u1edbi m\u00f4i tr\u01b0\u1eddng, l\u00e0 l\u1ef1a ch\u1ecdn l\u00fd t\u01b0\u1edfng cho vi\u1ec7c \u0111\u00f3ng g\u00f3i b\u00e1nh m\u00ec Vi\u1ec7t Nam.<\/p>\n<h3>\u0110\u1eb7c \u0111i\u1ec3m c\u1ee7a t\u00fai gi\u1ea5y b\u00e1nh m\u00ec<\/h3>\n<p>T\u00fai gi\u1ea5y b\u00e1nh m\u00ec \u0111\u01b0\u1ee3c l\u00e0m t\u1eeb lo\u1ea1i gi\u1ea5y an to\u00e0n cho th\u1ef1c ph\u1ea9m, \u0111\u1ea3m b\u1ea3o kh\u00f4ng \u1ea3nh h\u01b0\u1edfng \u0111\u1ebfn ch\u1ea5t l\u01b0\u1ee3ng c\u1ee7a b\u00e1nh m\u00ec khi ti\u1ebfp x\u00fac tr\u1ef1c ti\u1ebfp. M\u1eb7c d\u00f9 t\u00fai gi\u1ea5y kh\u00f4ng th\u1ec3 \u0103n \u0111\u01b0\u1ee3c v\u00e0 kh\u00f4ng c\u00f3 quai x\u00e1ch, k\u00edch th\u01b0\u1edbc c\u1ee7a n\u00f3 r\u1ea5t ph\u00f9 h\u1ee3p v\u1edbi m\u1ed9t \u1ed5 b\u00e1nh m\u00ec Vi\u1ec7t Nam ti\u00eau chu\u1ea9n, v\u1edbi chi\u1ec1u ngang 9.5cm, chi\u1ec1u cao 24.5cm v\u00e0 m\u1ed7i b\u00ean h\u00f4ng r\u1ed9ng 4.5cm.<\/p>\n<p><strong>C\u00e1ch s\u1eed d\u1ee5ng t\u00fai gi\u1ea5y b\u00e1nh m\u00ec hi\u1ec7u qu\u1ea3<\/strong><br \/>\n\u0110\u1ec3 s\u1eed d\u1ee5ng t\u00fai gi\u1ea5y b\u00e1nh m\u00ec m\u1ed9t c\u00e1ch hi\u1ec7u qu\u1ea3 nh\u1ea5t, c\u1eeda h\u00e0ng b\u00e1nh m\u00ec c\u1ea7n ch\u00fa \u00fd \u0111\u1ebfn c\u00e1ch th\u1ee9c \u0111\u00f3ng g\u00f3i. T\u00fai gi\u1ea5y c\u00f3 th\u1ec3 kh\u00f4ng ch\u1ecbu n\u01b0\u1edbc t\u1ed1t nh\u01b0 c\u00e1c lo\u1ea1i bao b\u00ec kh\u00e1c, v\u00ec th\u1ebf n\u00ean tr\u00e1nh ti\u1ebfp x\u00fac tr\u1ef1c ti\u1ebfp v\u1edbi n\u01b0\u1edbc ho\u1eb7c ch\u1ea5t l\u1ecfng kh\u00e1c. Ngo\u00e0i ra, t\u00fai c\u0169ng ch\u1ec9 ph\u00f9 h\u1ee3p \u0111\u1ec3 \u0111\u1ef1ng c\u00e1c lo\u1ea1i b\u00e1nh m\u00ec kh\u00f4ng qu\u00e1 nhi\u1ec1u n\u01b0\u1edbc ho\u1eb7c nh\u00e2n \u01b0\u1edbt.<\/p>\n<h3>L\u1ee3i \u00edch c\u1ee7a vi\u1ec7c s\u1eed d\u1ee5ng t\u00fai gi\u1ea5y b\u00e1nh m\u00ec<\/h3>\n<p>Vi\u1ec7c s\u1eed d\u1ee5ng t\u00fai gi\u1ea5y b\u00e1nh m\u00ec kh\u00f4ng ch\u1ec9 gi\u00fap c\u1eeda h\u00e0ng gi\u1ea3m thi\u1ec3u \u1ea3nh h\u01b0\u1edfng \u0111\u1ebfn m\u00f4i tr\u01b0\u1eddng m\u00e0 c\u00f2n g\u00f3p ph\u1ea7n x\u00e2y d\u1ef1ng h\u00ecnh \u1ea3nh th\u01b0\u01a1ng hi\u1ec7u c\u00f3 tr\u00e1ch nhi\u1ec7m. Kh\u00e1ch h\u00e0ng ng\u00e0y nay r\u1ea5t coi tr\u1ecdng c\u00e1c doanh nghi\u1ec7p c\u00f3 \u00fd th\u1ee9c b\u1ea3o v\u1ec7 m\u00f4i tr\u01b0\u1eddng, v\u00e0 vi\u1ec7c s\u1eed d\u1ee5ng t\u00fai gi\u1ea5y l\u00e0 m\u1ed9t b\u01b0\u1edbc \u0111i quan tr\u1ecdng trong vi\u1ec7c th\u1ec3 hi\u1ec7n cam k\u1ebft n\u00e0y.<\/p>\n","protected":false},"excerpt":{"rendered":"<p>K\u00edch th\u01b0\u1edbc 9.5&#215;4.5x24cm, \u0111\u1ecbnh l\u01b0\u1ee3ng gi\u1ea5y 50gsm. T\u00fai gi\u1ea5y b\u00e1nh m\u00ec &#8211; l\u1ef1a ch\u1ecdn th\u00e2n thi\u1ec7n v\u1edbi m\u00f4i tr\u01b0\u1eddng cho m\u1ecdi c\u1eeda h\u00e0ng b\u00e1nh m\u00ec.<\/p>\n","protected":false},"featured_media":659,"template":"","meta":[],"product_brand":[],"product_cat":[72],"product_tag":[],"class_list":{"0":"post-658","1":"product","2":"type-product","3":"status-publish","4":"has-post-thumbnail","6":"product_cat-san-pham-tui-banh-mi","8":"first","9":"instock","10":"virtual","11":"product-type-simple"},"_links":{"self":[{"href":"https:\/\/tuibanhmidep.com\/bai-viet\/wp-json\/wp\/v2\/product\/658","targetHints":{"allow":["GET"]}}],"collection":[{"href":"https:\/\/tuibanhmidep.com\/bai-viet\/wp-json\/wp\/v2\/product"}],"about":[{"href":"https:\/\/tuibanhmidep.com\/bai-viet\/wp-json\/wp\/v2\/types\/product"}],"wp:featuredmedia":[{"embeddable":true,"href":"https:\/\/tuibanhmidep.com\/bai-viet\/wp-json\/wp\/v2\/media\/659"}],"wp:attachment":[{"href":"https:\/\/tuibanhmidep.com\/bai-viet\/wp-json\/wp\/v2\/media?parent=658"}],"wp:term":[{"taxonomy":"product_brand","embeddable":true,"href":"https:\/\/tuibanhmidep.com\/bai-viet\/wp-json\/wp\/v2\/product_brand?post=658"},{"taxonomy":"product_cat","embeddable":true,"href":"https:\/\/tuibanhmidep.com\/bai-viet\/wp-json\/wp\/v2\/product_cat?post=658"},{"taxonomy":"product_tag","embeddable":true,"href":"https:\/\/tuibanhmidep.com\/bai-viet\/wp-json\/wp\/v2\/product_tag?post=658"}],"curies":[{"name":"wp","href":"https:\/\/api.w.org\/{rel}","templated":true}]}}