{"id":642,"date":"2024-04-16T20:04:06","date_gmt":"2024-04-16T13:04:06","guid":{"rendered":"https:\/\/tuibanhmidep.com\/bai-viet\/shop\/in-50000-tui-giay-banh-mi-lua-chon-than-thien-moi-truong-skubmd_2493\/"},"modified":"2024-04-16T20:04:06","modified_gmt":"2024-04-16T13:04:06","slug":"in-50000-tui-giay-banh-mi-lua-chon-than-thien-moi-truong-skubmd_2493","status":"publish","type":"product","link":"https:\/\/tuibanhmidep.com\/bai-viet\/shop\/in-50000-tui-giay-banh-mi-lua-chon-than-thien-moi-truong-skubmd_2493\/","title":{"rendered":"In 50000 T\u00fai Gi\u1ea5y B\u00e1nh M\u00ec: L\u1ef1a Ch\u1ecdn Th\u00e2n Thi\u1ec7n M\u00f4i Tr\u01b0\u1eddng (SKU:BMD_2493)"},"content":{"rendered":"<h2>Gi\u1edbi Thi\u1ec7u T\u00fai Gi\u1ea5y B\u00e1nh M\u00ec<\/h2>\n<p><strong>\u0110\u1eb7c \u0111i\u1ec3m n\u1ed5i b\u1eadt c\u1ee7a t\u00fai gi\u1ea5y b\u00e1nh m\u00ec<\/strong><br \/>\nT\u00fai gi\u1ea5y b\u00e1nh m\u00ec, c\u00f2n \u0111\u01b0\u1ee3c bi\u1ebft \u0111\u1ebfn v\u1edbi nhi\u1ec1u t\u00ean g\u1ecdi kh\u00e1c nh\u01b0 bao b\u00e1nh m\u00ec hay t\u00fai gi\u1ea5y \u0111\u1ef1ng b\u00e1nh m\u00ec, l\u00e0 m\u1ed9t gi\u1ea3i ph\u00e1p \u0111\u00f3ng g\u00f3i th\u00e2n thi\u1ec7n v\u1edbi m\u00f4i tr\u01b0\u1eddng, \u0111\u01b0\u1ee3c thi\u1ebft k\u1ebf \u0111\u1eb7c bi\u1ec7t \u0111\u1ec3 \u0111\u1ef1ng c\u00e1c lo\u1ea1i b\u00e1nh m\u00ec Vi\u1ec7t Nam. T\u00fai n\u00e0y \u0111\u01b0\u1ee3c l\u00e0m t\u1eeb lo\u1ea1i gi\u1ea5y an to\u00e0n d\u00f9ng trong th\u1ef1c ph\u1ea9m, \u0111\u1ea3m b\u1ea3o v\u1ec7 sinh v\u00e0 an to\u00e0n cho ng\u01b0\u1eddi ti\u00eau d\u00f9ng.<\/p>\n<h3>T\u1ea1i Sao N\u00ean Ch\u1ecdn T\u00fai Gi\u1ea5y B\u00e1nh M\u00ec?<\/h3>\n<p><strong>T\u00fai gi\u1ea5y b\u00e1nh m\u00ec v\u00e0 l\u1ee3i \u00edch \u0111\u1ed1i v\u1edbi m\u00f4i tr\u01b0\u1eddng<\/strong><br \/>\nTrong b\u1ed1i c\u1ea3nh hi\u1ec7n nay, khi m\u00e0 v\u1ea5n \u0111\u1ec1 r\u00e1c th\u1ea3i nh\u1ef1a \u0111ang ng\u00e0y c\u00e0ng tr\u1edf n\u00ean nghi\u00eam tr\u1ecdng, vi\u1ec7c chuy\u1ec3n sang s\u1eed d\u1ee5ng t\u00fai gi\u1ea5y b\u00e1nh m\u00ec l\u00e0 m\u1ed9t b\u01b0\u1edbc \u0111i t\u00edch c\u1ef1c h\u01b0\u1edbng t\u1edbi b\u1ea3o v\u1ec7 m\u00f4i tr\u01b0\u1eddng. T\u00fai gi\u1ea5y c\u00f3 th\u1ec3 ph\u00e2n h\u1ee7y sinh h\u1ecdc, gi\u1ea3m thi\u1ec3u t\u00e1c \u0111\u1ed9ng ti\u00eau c\u1ef1c \u0111\u1ebfn h\u1ec7 sinh th\u00e1i v\u00e0 th\u00fac \u0111\u1ea9y c\u00e1c ho\u1ea1t \u0111\u1ed9ng b\u1ea3o v\u1ec7 m\u00f4i tr\u01b0\u1eddng.<\/p>\n<p><strong>An to\u00e0n v\u00e0 ti\u1ec7n l\u1ee3i<\/strong><br \/>\nT\u00fai gi\u1ea5y b\u00e1nh m\u00ec \u0111\u01b0\u1ee3c s\u1ea3n xu\u1ea5t t\u1eeb gi\u1ea5y an to\u00e0n cho th\u1ef1c ph\u1ea9m, kh\u00f4ng ch\u1ee9a c\u00e1c ch\u1ea5t \u0111\u1ed9c h\u1ea1i c\u00f3 th\u1ec3 \u1ea3nh h\u01b0\u1edfng \u0111\u1ebfn s\u1ee9c kh\u1ecfe. S\u1ef1 an to\u00e0n n\u00e0y l\u00e0m cho t\u00fai gi\u1ea5y tr\u1edf th\u00e0nh l\u1ef1a ch\u1ecdn l\u00fd t\u01b0\u1edfng \u0111\u1ec3 \u0111\u1ef1ng th\u1ef1c ph\u1ea9m. Ngo\u00e0i ra, t\u00fai gi\u1ea5y b\u00e1nh m\u00ec thi\u1ebft k\u1ebf kh\u00f4ng quai x\u00e1ch, t\u1ea1o s\u1ef1 ti\u1ec7n l\u1ee3i t\u1ed1i \u0111a cho ng\u01b0\u1eddi d\u00f9ng khi mang theo b\u00e1nh m\u00ec m\u1ecdi l\u00fac m\u1ecdi n\u01a1i.<\/p>\n<h3>Th\u00f4ng Tin K\u1ef9 Thu\u1eadt C\u1ee7a T\u00fai Gi\u1ea5y B\u00e1nh M\u00ec<\/h3>\n<p><strong>K\u00edch th\u01b0\u1edbc v\u00e0 thi\u1ebft k\u1ebf<\/strong><br \/>\nT\u00fai gi\u1ea5y b\u00e1nh m\u00ec th\u01b0\u1eddng c\u00f3 k\u00edch th\u01b0\u1edbc ngang 9.5cm, cao 24.5cm v\u00e0 r\u1ed9ng 4.5cm \u1edf hai b\u00ean h\u00f4ng, t\u1ea1o ra kh\u00f4ng gian \u0111\u1ee7 r\u1ed9ng \u0111\u1ec3 \u0111\u1ef1ng m\u1ed9t \u1ed5 b\u00e1nh m\u00ec Vi\u1ec7t Nam k\u00edch th\u01b0\u1edbc chu\u1ea9n. Thi\u1ebft k\u1ebf \u0111\u01a1n gi\u1ea3n nh\u01b0ng hi\u1ec7u qu\u1ea3 n\u00e0y gi\u00fap gi\u1eef cho b\u00e1nh m\u00ec lu\u00f4n t\u01b0\u01a1i ngon v\u00e0 s\u1ea1ch s\u1ebd trong qu\u00e1 tr\u00ecnh v\u1eadn chuy\u1ec3n.<\/p>\n<h3>K\u1ebft Lu\u1eadn<\/h3>\n<p><strong>L\u1ef1a ch\u1ecdn t\u00fai gi\u1ea5y b\u00e1nh m\u00ec: B\u1ea3o v\u1ec7 m\u00f4i tr\u01b0\u1eddng, b\u1ea3o v\u1ec7 s\u1ee9c kh\u1ecfe<\/strong><br \/>\nKhi l\u1ef1a ch\u1ecdn t\u00fai gi\u1ea5y b\u00e1nh m\u00ec, b\u1ea1n kh\u00f4ng ch\u1ec9 l\u1ef1a ch\u1ecdn m\u1ed9t s\u1ea3n ph\u1ea9m an to\u00e0n cho s\u1ee9c kh\u1ecfe m\u00e0 c\u00f2n \u0111\u00f3ng g\u00f3p v\u00e0o vi\u1ec7c b\u1ea3o v\u1ec7 m\u00f4i tr\u01b0\u1eddng. S\u1ef1 ti\u1ec7n l\u1ee3i v\u00e0 an to\u00e0n m\u00e0 t\u00fai gi\u1ea5y mang l\u1ea1i gi\u00fap n\u00f3 tr\u1edf th\u00e0nh m\u1ed9t l\u1ef1a ch\u1ecdn kh\u00f4ng th\u1ec3 thi\u1ebfu trong cu\u1ed9c s\u1ed1ng hi\u1ec7n \u0111\u1ea1i.<\/p>\n","protected":false},"excerpt":{"rendered":"<p>K\u00edch th\u01b0\u1edbc 9.5&#215;4.5x24cm, \u0111\u1ecbnh l\u01b0\u1ee3ng gi\u1ea5y 50gsm. Kh\u00e1m ph\u00e1 s\u1ef1 ti\u1ec7n l\u1ee3i v\u00e0 th\u00e2n thi\u1ec7n v\u1edbi m\u00f4i tr\u01b0\u1eddng c\u1ee7a t\u00fai gi\u1ea5y b\u00e1nh m\u00ec, m\u1ed9t gi\u1ea3i ph\u00e1p \u0111\u00f3ng g\u00f3i b\u1ec1n v\u1eefng cho m\u1ecdi nh\u00e0.<\/p>\n","protected":false},"featured_media":643,"template":"","meta":[],"product_brand":[],"product_cat":[72],"product_tag":[],"class_list":{"0":"post-642","1":"product","2":"type-product","3":"status-publish","4":"has-post-thumbnail","6":"product_cat-san-pham-tui-banh-mi","8":"first","9":"instock","10":"virtual","11":"product-type-simple"},"_links":{"self":[{"href":"https:\/\/tuibanhmidep.com\/bai-viet\/wp-json\/wp\/v2\/product\/642","targetHints":{"allow":["GET"]}}],"collection":[{"href":"https:\/\/tuibanhmidep.com\/bai-viet\/wp-json\/wp\/v2\/product"}],"about":[{"href":"https:\/\/tuibanhmidep.com\/bai-viet\/wp-json\/wp\/v2\/types\/product"}],"wp:featuredmedia":[{"embeddable":true,"href":"https:\/\/tuibanhmidep.com\/bai-viet\/wp-json\/wp\/v2\/media\/643"}],"wp:attachment":[{"href":"https:\/\/tuibanhmidep.com\/bai-viet\/wp-json\/wp\/v2\/media?parent=642"}],"wp:term":[{"taxonomy":"product_brand","embeddable":true,"href":"https:\/\/tuibanhmidep.com\/bai-viet\/wp-json\/wp\/v2\/product_brand?post=642"},{"taxonomy":"product_cat","embeddable":true,"href":"https:\/\/tuibanhmidep.com\/bai-viet\/wp-json\/wp\/v2\/product_cat?post=642"},{"taxonomy":"product_tag","embeddable":true,"href":"https:\/\/tuibanhmidep.com\/bai-viet\/wp-json\/wp\/v2\/product_tag?post=642"}],"curies":[{"name":"wp","href":"https:\/\/api.w.org\/{rel}","templated":true}]}}