{"id":638,"date":"2024-04-16T19:01:05","date_gmt":"2024-04-16T12:01:05","guid":{"rendered":"https:\/\/tuibanhmidep.com\/bai-viet\/shop\/in-5000-tui-giay-banh-mi-giai-phap-dong-goi-than-thien-moi-truong-skubmd_8848\/"},"modified":"2024-04-16T19:01:05","modified_gmt":"2024-04-16T12:01:05","slug":"in-5000-tui-giay-banh-mi-giai-phap-dong-goi-than-thien-moi-truong-skubmd_8848","status":"publish","type":"product","link":"https:\/\/tuibanhmidep.com\/bai-viet\/shop\/in-5000-tui-giay-banh-mi-giai-phap-dong-goi-than-thien-moi-truong-skubmd_8848\/","title":{"rendered":"In 5000 T\u00fai Gi\u1ea5y B\u00e1nh M\u00ec: Gi\u1ea3i Ph\u00e1p \u0110\u00f3ng G\u00f3i Th\u00e2n Thi\u1ec7n M\u00f4i Tr\u01b0\u1eddng (SKU:BMD_8848)"},"content":{"rendered":"<h2>T\u1ea1i Sao Ch\u1ecdn T\u00fai Gi\u1ea5y B\u00e1nh M\u00ec?<\/h2>\n<p><strong>Ti\u1ec7n L\u1ee3i V\u00e0 An To\u00e0n<\/strong><br \/>\nT\u00fai gi\u1ea5y b\u00e1nh m\u00ec \u0111\u01b0\u1ee3c thi\u1ebft k\u1ebf \u0111\u1eb7c bi\u1ec7t \u0111\u1ec3 \u0111\u1ef1ng \u1ed5 b\u00e1nh m\u00ec Vi\u1ec7t Nam, v\u1edbi k\u00edch th\u01b0\u1edbc chu\u1ea9n ngang 9.5cm, cao 24.5cm v\u00e0 m\u1ed7i b\u00ean h\u00f4ng r\u1ed9ng 4.5cm. Ch\u00fang \u0111\u01b0\u1ee3c l\u00e0m t\u1eeb lo\u1ea1i gi\u1ea5y an to\u00e0n s\u1eed d\u1ee5ng cho th\u1ef1c ph\u1ea9m, \u0111\u1ea3m b\u1ea3o kh\u00f4ng ch\u1ec9 ti\u1ec7n l\u1ee3i m\u00e0 c\u00f2n an to\u00e0n cho s\u1ee9c kh\u1ecfe ng\u01b0\u1eddi ti\u00eau d\u00f9ng.<\/p>\n<h3>Thi\u1ebft K\u1ebf \u0110\u1eb7c Bi\u1ec7t D\u00e0nh Cho B\u00e1nh M\u00ec<\/h3>\n<p><strong>Kh\u00f4ng Quai X\u00e1ch, Kh\u00f4ng Ph\u1ee9c T\u1ea1p<\/strong><br \/>\nM\u1ed9t trong nh\u1eefng \u0111\u1eb7c \u0111i\u1ec3m n\u1ed5i b\u1eadt c\u1ee7a t\u00fai gi\u1ea5y b\u00e1nh m\u00ec l\u00e0 ch\u00fang kh\u00f4ng c\u00f3 quai x\u00e1ch. Thi\u1ebft k\u1ebf n\u00e0y gi\u00fap gi\u1ea3m b\u1edbt chi ph\u00ed s\u1ea3n xu\u1ea5t c\u0169ng nh\u01b0 t\u1ed1i \u01b0u h\u00f3a kh\u00f4ng gian l\u01b0u tr\u1eef v\u00e0 v\u1eadn chuy\u1ec3n. D\u00f9 kh\u00f4ng c\u00f3 quai x\u00e1ch, nh\u01b0ng t\u00fai v\u1eabn \u0111\u1ee7 ch\u1eafc ch\u1eafn \u0111\u1ec3 \u0111\u1ef1ng m\u1ed9t \u1ed5 b\u00e1nh m\u00ec m\u00e0 kh\u00f4ng c\u1ea7n lo l\u1eafng v\u1ec1 vi\u1ec7c t\u00fai b\u1ecb r\u00e1ch hay h\u01b0 h\u1ecfng trong qu\u00e1 tr\u00ecnh s\u1eed d\u1ee5ng.<\/p>\n<h3>\u0110a D\u1ee5ng V\u00e0 Th\u00e2n Thi\u1ec7n V\u1edbi M\u00f4i Tr\u01b0\u1eddng<\/h3>\n<p><strong>Gi\u1ea3i Ph\u00e1p Thay Th\u1ebf B\u1ec1n V\u1eefng<\/strong><br \/>\nT\u00fai gi\u1ea5y b\u00e1nh m\u00ec c\u00f2n l\u00e0 m\u1ed9t gi\u1ea3i ph\u00e1p th\u00e2n thi\u1ec7n v\u1edbi m\u00f4i tr\u01b0\u1eddng, thay th\u1ebf cho c\u00e1c lo\u1ea1i bao b\u00ec nh\u1ef1a. S\u1eed d\u1ee5ng t\u00fai gi\u1ea5y kh\u00f4ng ch\u1ec9 gi\u00fap gi\u1ea3m thi\u1ec3u r\u00e1c th\u1ea3i nh\u1ef1a m\u00e0 c\u00f2n khuy\u1ebfn kh\u00edch th\u00f3i quen t\u00e1i ch\u1ebf v\u00e0 s\u1eed d\u1ee5ng s\u1ea3n ph\u1ea9m c\u00f3 th\u1ec3 ph\u00e2n h\u1ee7y sinh h\u1ecdc.<\/p>\n","protected":false},"excerpt":{"rendered":"<p>K\u00edch th\u01b0\u1edbc 9.5&#215;4.5x24cm, \u0111\u1ecbnh l\u01b0\u1ee3ng gi\u1ea5y 50gsm. Kh\u00e1m ph\u00e1 s\u1ef1 ti\u1ec7n l\u1ee3i v\u00e0 th\u00e2n thi\u1ec7n v\u1edbi m\u00f4i tr\u01b0\u1eddng c\u1ee7a t\u00fai gi\u1ea5y b\u00e1nh m\u00ec, gi\u1ea3i ph\u00e1p \u0111\u00f3ng g\u00f3i l\u00fd t\u01b0\u1edfng cho b\u00e1nh m\u00ec Vi\u1ec7t Nam.<\/p>\n","protected":false},"featured_media":639,"template":"","meta":[],"product_brand":[],"product_cat":[72],"product_tag":[],"class_list":{"0":"post-638","1":"product","2":"type-product","3":"status-publish","4":"has-post-thumbnail","6":"product_cat-san-pham-tui-banh-mi","8":"first","9":"instock","10":"virtual","11":"product-type-simple"},"_links":{"self":[{"href":"https:\/\/tuibanhmidep.com\/bai-viet\/wp-json\/wp\/v2\/product\/638","targetHints":{"allow":["GET"]}}],"collection":[{"href":"https:\/\/tuibanhmidep.com\/bai-viet\/wp-json\/wp\/v2\/product"}],"about":[{"href":"https:\/\/tuibanhmidep.com\/bai-viet\/wp-json\/wp\/v2\/types\/product"}],"wp:featuredmedia":[{"embeddable":true,"href":"https:\/\/tuibanhmidep.com\/bai-viet\/wp-json\/wp\/v2\/media\/639"}],"wp:attachment":[{"href":"https:\/\/tuibanhmidep.com\/bai-viet\/wp-json\/wp\/v2\/media?parent=638"}],"wp:term":[{"taxonomy":"product_brand","embeddable":true,"href":"https:\/\/tuibanhmidep.com\/bai-viet\/wp-json\/wp\/v2\/product_brand?post=638"},{"taxonomy":"product_cat","embeddable":true,"href":"https:\/\/tuibanhmidep.com\/bai-viet\/wp-json\/wp\/v2\/product_cat?post=638"},{"taxonomy":"product_tag","embeddable":true,"href":"https:\/\/tuibanhmidep.com\/bai-viet\/wp-json\/wp\/v2\/product_tag?post=638"}],"curies":[{"name":"wp","href":"https:\/\/api.w.org\/{rel}","templated":true}]}}