{"id":626,"date":"2024-04-16T15:53:18","date_gmt":"2024-04-16T08:53:18","guid":{"rendered":"https:\/\/tuibanhmidep.com\/bai-viet\/shop\/in-100000-tui-giay-banh-mi-lua-chon-than-thien-moi-truong-skubmd_1554\/"},"modified":"2024-04-16T15:53:19","modified_gmt":"2024-04-16T08:53:19","slug":"in-100000-tui-giay-banh-mi-lua-chon-than-thien-moi-truong-skubmd_1554","status":"publish","type":"product","link":"https:\/\/tuibanhmidep.com\/bai-viet\/shop\/in-100000-tui-giay-banh-mi-lua-chon-than-thien-moi-truong-skubmd_1554\/","title":{"rendered":"In 100000 T\u00fai Gi\u1ea5y B\u00e1nh M\u00ec: L\u1ef1a Ch\u1ecdn Th\u00e2n Thi\u1ec7n M\u00f4i Tr\u01b0\u1eddng (SKU:BMD_1554)"},"content":{"rendered":"<h2>Gi\u1edbi thi\u1ec7u v\u1ec1 T\u00fai Gi\u1ea5y B\u00e1nh M\u00ec<\/h2>\n<p><strong>L\u1ef1a ch\u1ecdn th\u00e2n thi\u1ec7n v\u1edbi m\u00f4i tr\u01b0\u1eddng<\/strong><\/p>\n<p>T\u00fai gi\u1ea5y b\u00e1nh m\u00ec, hay c\u00f2n g\u1ecdi l\u00e0 bao b\u00e1nh m\u00ec hay gi\u1ea5y g\u00f3i b\u00e1nh m\u00ec, l\u00e0 m\u1ed9t gi\u1ea3i ph\u00e1p \u0111\u00f3ng g\u00f3i th\u1ef1c ph\u1ea9m an to\u00e0n v\u00e0 th\u00e2n thi\u1ec7n v\u1edbi m\u00f4i tr\u01b0\u1eddng. S\u1ea3n ph\u1ea9m n\u00e0y \u0111\u01b0\u1ee3c l\u00e0m ho\u00e0n to\u00e0n t\u1eeb gi\u1ea5y an to\u00e0n s\u1eed d\u1ee5ng cho th\u1ef1c ph\u1ea9m, \u0111\u1ea3m b\u1ea3o kh\u00f4ng ch\u1ec9 s\u1ef1 an to\u00e0n v\u1ec7 sinh m\u00e0 c\u00f2n g\u00f3p ph\u1ea7n b\u1ea3o v\u1ec7 m\u00f4i tr\u01b0\u1eddng nh\u1edd kh\u1ea3 n\u0103ng ph\u00e2n h\u1ee7y sinh h\u1ecdc.<\/p>\n<h3>\u0110\u1eb7c \u0111i\u1ec3m c\u1ee7a T\u00fai Gi\u1ea5y B\u00e1nh M\u00ec<\/h3>\n<p><strong>Thi\u1ebft k\u1ebf v\u00e0 k\u00edch th\u01b0\u1edbc<\/strong><\/p>\n<p>T\u00fai gi\u1ea5y b\u00e1nh m\u00ec c\u00f3 k\u00edch th\u01b0\u1edbc chu\u1ea9n l\u00e0 9.5 cm ngang, 24.5 cm cao v\u00e0 m\u1ed7i b\u00ean h\u00f4ng r\u1ed9ng 4.5 cm, thi\u1ebft k\u1ebf \u0111\u1eb7c bi\u1ec7t ph\u00f9 h\u1ee3p v\u1edbi k\u00edch th\u01b0\u1edbc c\u1ee7a m\u1ed9t \u1ed5 b\u00e1nh m\u00ec Vi\u1ec7t Nam. S\u1ea3n ph\u1ea9m n\u00e0y kh\u00f4ng c\u00f3 quai x\u00e1ch, t\u1ed1i gi\u1ea3n h\u00f3a thi\u1ebft k\u1ebf nh\u01b0ng v\u1eabn \u0111\u1ea3m b\u1ea3o t\u00ednh n\u0103ng \u0111\u1ef1ng \u0111\u1ed3 an to\u00e0n v\u00e0 hi\u1ec7u qu\u1ea3.<\/p>\n<p><strong>\u0110a d\u1ee5ng v\u00e0 ti\u1ec7n l\u1ee3i<\/strong><\/p>\n<p>D\u00f9 l\u00e0 \u0111\u1ec3 \u0111\u1ef1ng b\u00e1nh m\u00ec hay c\u00e1c lo\u1ea1i th\u1ef1c ph\u1ea9m kh\u00e1c trong c\u00e1c c\u1eeda h\u00e0ng ti\u1ec7n l\u1ee3i, qu\u00e1n \u0103n nhanh, hay t\u1ea1i c\u00e1c s\u1ef1 ki\u1ec7n, t\u00fai gi\u1ea5y b\u00e1nh m\u00ec lu\u00f4n l\u00e0 l\u1ef1a ch\u1ecdn l\u00fd t\u01b0\u1edfng. S\u1ef1 nh\u1eb9 nh\u00e0ng v\u00e0 d\u1ec5 s\u1eed d\u1ee5ng c\u1ee7a t\u00fai gi\u1ea5y b\u00e1nh m\u00ec l\u00e0m cho n\u00f3 tr\u1edf th\u00e0nh ph\u1ee5 ki\u1ec7n kh\u00f4ng th\u1ec3 thi\u1ebfu trong cu\u1ed9c s\u1ed1ng h\u00e0ng ng\u00e0y.<\/p>\n<h3>T\u1ea1i sao n\u00ean ch\u1ecdn T\u00fai Gi\u1ea5y B\u00e1nh M\u00ec?<\/h3>\n<p><strong>Th\u00e2n thi\u1ec7n m\u00f4i tr\u01b0\u1eddng<\/strong><\/p>\n<p>Kh\u00f4ng ch\u1ec9 gi\u00fap gi\u1ea3m thi\u1ec3u r\u00e1c th\u1ea3i nh\u1ef1a, t\u00fai gi\u1ea5y b\u00e1nh m\u00ec c\u00f2n c\u00f3 th\u1ec3 ph\u00e2n h\u1ee7y sinh h\u1ecdc, gi\u1ea3m b\u1edbt g\u00e1nh n\u1eb7ng cho m\u00f4i tr\u01b0\u1eddng. S\u1eed d\u1ee5ng t\u00fai gi\u1ea5y l\u00e0 m\u1ed9t b\u01b0\u1edbc ti\u1ebfn quan tr\u1ecdng trong vi\u1ec7c th\u1ef1c hi\u1ec7n l\u1ed1i s\u1ed1ng xanh v\u00e0 b\u1ea3o v\u1ec7 h\u00e0nh tinh c\u1ee7a ch\u00fang ta.<\/p>\n<p><strong>An to\u00e0n cho s\u1ee9c kh\u1ecfe<\/strong><\/p>\n<p>Do \u0111\u01b0\u1ee3c l\u00e0m t\u1eeb gi\u1ea5y an to\u00e0n cho th\u1ef1c ph\u1ea9m, t\u00fai gi\u1ea5y b\u00e1nh m\u00ec kh\u00f4ng g\u00e2y h\u1ea1i cho s\u1ee9c kh\u1ecfe ng\u01b0\u1eddi ti\u00eau d\u00f9ng. Ng\u01b0\u1eddi d\u00f9ng c\u00f3 th\u1ec3 y\u00ean t\u00e2m khi s\u1eed d\u1ee5ng s\u1ea3n ph\u1ea9m n\u00e0y m\u00e0 kh\u00f4ng lo ng\u1ea1i v\u1ec1 c\u00e1c ch\u1ea5t \u0111\u1ed9c h\u1ea1i th\u01b0\u1eddng th\u1ea5y trong c\u00e1c lo\u1ea1i bao b\u00ec nh\u1ef1a.<\/p>\n","protected":false},"excerpt":{"rendered":"<p>K\u00edch th\u01b0\u1edbc 9.5&#215;4.5x24cm, \u0111\u1ecbnh l\u01b0\u1ee3ng gi\u1ea5y 50gsm. Kh\u00e1m ph\u00e1 l\u00fd do t\u1ea1i sao t\u00fai gi\u1ea5y b\u00e1nh m\u00ec l\u00e0 s\u1ef1 l\u1ef1a ch\u1ecdn ho\u00e0n h\u1ea3o cho nh\u1eefng ai y\u00eau th\u00edch s\u1ef1 ti\u1ec7n l\u1ee3i m\u00e0 v\u1eabn th\u00e2n thi\u1ec7n v\u1edbi m\u00f4i tr\u01b0\u1eddng.<\/p>\n","protected":false},"featured_media":627,"template":"","meta":[],"product_brand":[],"product_cat":[72],"product_tag":[],"class_list":{"0":"post-626","1":"product","2":"type-product","3":"status-publish","4":"has-post-thumbnail","6":"product_cat-san-pham-tui-banh-mi","8":"first","9":"instock","10":"virtual","11":"product-type-simple"},"_links":{"self":[{"href":"https:\/\/tuibanhmidep.com\/bai-viet\/wp-json\/wp\/v2\/product\/626","targetHints":{"allow":["GET"]}}],"collection":[{"href":"https:\/\/tuibanhmidep.com\/bai-viet\/wp-json\/wp\/v2\/product"}],"about":[{"href":"https:\/\/tuibanhmidep.com\/bai-viet\/wp-json\/wp\/v2\/types\/product"}],"wp:featuredmedia":[{"embeddable":true,"href":"https:\/\/tuibanhmidep.com\/bai-viet\/wp-json\/wp\/v2\/media\/627"}],"wp:attachment":[{"href":"https:\/\/tuibanhmidep.com\/bai-viet\/wp-json\/wp\/v2\/media?parent=626"}],"wp:term":[{"taxonomy":"product_brand","embeddable":true,"href":"https:\/\/tuibanhmidep.com\/bai-viet\/wp-json\/wp\/v2\/product_brand?post=626"},{"taxonomy":"product_cat","embeddable":true,"href":"https:\/\/tuibanhmidep.com\/bai-viet\/wp-json\/wp\/v2\/product_cat?post=626"},{"taxonomy":"product_tag","embeddable":true,"href":"https:\/\/tuibanhmidep.com\/bai-viet\/wp-json\/wp\/v2\/product_tag?post=626"}],"curies":[{"name":"wp","href":"https:\/\/api.w.org\/{rel}","templated":true}]}}