{"id":622,"date":"2024-04-16T14:50:17","date_gmt":"2024-04-16T07:50:17","guid":{"rendered":"https:\/\/tuibanhmidep.com\/bai-viet\/shop\/in-9000-tui-giay-banh-mi-tien-ich-cho-moi-bua-sang-skubmd_6085\/"},"modified":"2024-04-16T14:50:17","modified_gmt":"2024-04-16T07:50:17","slug":"in-9000-tui-giay-banh-mi-tien-ich-cho-moi-bua-sang-skubmd_6085","status":"publish","type":"product","link":"https:\/\/tuibanhmidep.com\/bai-viet\/shop\/in-9000-tui-giay-banh-mi-tien-ich-cho-moi-bua-sang-skubmd_6085\/","title":{"rendered":"In 9000 T\u00fai Gi\u1ea5y B\u00e1nh M\u00ec: Ti\u1ec7n \u00cdch Cho M\u1ed7i B\u1eefa S\u00e1ng (SKU:BMD_6085)"},"content":{"rendered":"<h2>Gi\u1edbi thi\u1ec7u v\u1ec1 t\u00fai gi\u1ea5y b\u00e1nh m\u00ec<\/h2>\n<p><strong>Thi\u1ebft k\u1ebf th\u00f4ng minh, ph\u1ee5c v\u1ee5 h\u00e0ng ng\u00e0y<\/strong><\/p>\n<p>T\u00fai gi\u1ea5y b\u00e1nh m\u00ec \u0111\u01b0\u1ee3c thi\u1ebft k\u1ebf \u0111\u1eb7c bi\u1ec7t \u0111\u1ec3 \u0111\u1ef1ng m\u1ed9t \u1ed5 b\u00e1nh m\u00ec Vi\u1ec7t Nam, v\u1edbi k\u00edch th\u01b0\u1edbc ngang 9.5 cm, cao 24.5 cm v\u00e0 r\u1ed9ng 4.5 cm \u1edf hai b\u00ean h\u00f4ng. S\u1ea3n ph\u1ea9m n\u00e0y l\u00e0 gi\u1ea3i ph\u00e1p l\u00fd t\u01b0\u1edfng cho nh\u1eefng ai mu\u1ed1n b\u1ea3o qu\u1ea3n b\u00e1nh m\u00ec m\u1ed9t c\u00e1ch an to\u00e0n trong khi di chuy\u1ec3n.<\/p>\n<h3>L\u1ee3i \u00edch c\u1ee7a t\u00fai gi\u1ea5y b\u00e1nh m\u00ec<\/h3>\n<p><strong>B\u1ea3o v\u1ec7 m\u00f4i tr\u01b0\u1eddng v\u00e0 s\u1ee9c kh\u1ecfe<\/strong><\/p>\n<p>T\u00fai gi\u1ea5y d\u00f9ng cho b\u00e1nh m\u00ec l\u00e0m t\u1eeb ch\u1ea5t li\u1ec7u gi\u1ea5y an to\u00e0n s\u1eed d\u1ee5ng cho th\u1ef1c ph\u1ea9m, \u0111\u1ea3m b\u1ea3o kh\u00f4ng g\u00e2y h\u1ea1i cho s\u1ee9c kh\u1ecfe ng\u01b0\u1eddi ti\u00eau d\u00f9ng. V\u1edbi thi\u1ebft k\u1ebf kh\u00f4ng quai x\u00e1ch, t\u00fai gi\u1ea5y n\u00e0y cung c\u1ea5p m\u1ed9t ph\u01b0\u01a1ng ph\u00e1p \u0111\u01a1n gi\u1ea3n nh\u01b0ng hi\u1ec7u qu\u1ea3 \u0111\u1ec3 b\u1ea1n mang theo b\u00e1nh m\u00ec m\u00e0 kh\u00f4ng c\u1ea7n lo l\u1eafng v\u1ec1 v\u1ea5n \u0111\u1ec1 v\u1ec7 sinh hay s\u1ef1 ti\u1ec7n l\u1ee3i.<\/p>\n<h3>\u1ee8ng d\u1ee5ng c\u1ee7a t\u00fai gi\u1ea5y b\u00e1nh m\u00ec trong \u0111\u1eddi s\u1ed1ng h\u00e0ng ng\u00e0y<\/h3>\n<p><strong>M\u1ed9t ph\u1ea7n kh\u00f4ng th\u1ec3 thi\u1ebfu trong c\u00e1c ho\u1ea1t \u0111\u1ed9ng h\u1eb1ng ng\u00e0y<\/strong><\/p>\n<p>Cho d\u00f9 b\u1ea1n \u0111ang \u0111i l\u00e0m, \u0111i h\u1ecdc hay ch\u1ec9 l\u00e0 m\u1ed9t chuy\u1ebfn \u0111i ch\u01a1i ng\u1eafn, t\u00fai gi\u1ea5y b\u00e1nh m\u00ec lu\u00f4n l\u00e0 m\u1ed9t l\u1ef1a ch\u1ecdn tuy\u1ec7t v\u1eddi \u0111\u1ec3 gi\u1eef cho b\u00e1nh m\u00ec c\u1ee7a b\u1ea1n lu\u00f4n t\u01b0\u01a1i ngon v\u00e0 s\u1ea1ch s\u1ebd. Nh\u1edd t\u00ednh n\u0103ng \u0111\u1eb7c bi\u1ec7t n\u00e0y, t\u00fai gi\u1ea5y b\u00e1nh m\u00ec ng\u00e0y c\u00e0ng \u0111\u01b0\u1ee3c \u01b0a chu\u1ed9ng s\u1eed d\u1ee5ng r\u1ed9ng r\u00e3i trong c\u00e1c h\u1ed9 gia \u0111\u00ecnh, c\u1eeda h\u00e0ng th\u1ef1c ph\u1ea9m hay c\u00e1c qu\u00e1n caf\u00e9.<\/p>\n<p><strong>Ti\u1ec7n \u00edch trong m\u1ed7i b\u1eefa s\u00e1ng<\/strong><\/p>\n<p>T\u00fai gi\u1ea5y b\u00e1nh m\u00ec kh\u00f4ng ch\u1ec9 d\u00e0nh ri\u00eang cho b\u00e1nh m\u00ec Vi\u1ec7t Nam m\u00e0 c\u00f2n c\u00f3 th\u1ec3 \u0111\u01b0\u1ee3c s\u1eed d\u1ee5ng \u0111\u1ec3 \u0111\u1ef1ng c\u00e1c lo\u1ea1i b\u00e1nh m\u00ec kh\u00e1c, mang \u0111\u1ebfn s\u1ef1 ti\u1ec7n l\u1ee3i v\u00e0 gi\u1ea3m thi\u1ec3u r\u00e1c th\u1ea3i nh\u1ef1a trong cu\u1ed9c s\u1ed1ng h\u00e0ng ng\u00e0y. S\u1ef1 k\u1ebft h\u1ee3p gi\u1eefa t\u00ednh th\u1ea9m m\u1ef9 v\u00e0 t\u00ednh n\u0103ng \u0111\u1ea3m b\u1ea3o an to\u00e0n th\u1ef1c ph\u1ea9m khi\u1ebfn t\u00fai gi\u1ea5y b\u00e1nh m\u00ec tr\u1edf th\u00e0nh m\u1ed9t s\u1ea3n ph\u1ea9m kh\u00f4ng th\u1ec3 thi\u1ebfu trong m\u1ed7i gia \u0111\u00ecnh.<\/p>\n","protected":false},"excerpt":{"rendered":"<p>K\u00edch th\u01b0\u1edbc 9.5&#215;4.5x24cm, \u0111\u1ecbnh l\u01b0\u1ee3ng gi\u1ea5y 50gsm. Kh\u00e1m ph\u00e1 gi\u1ea3i ph\u00e1p b\u1ea3o qu\u1ea3n b\u00e1nh m\u00ec an to\u00e0n v\u00e0 th\u00e2n thi\u1ec7n v\u1edbi m\u00f4i tr\u01b0\u1eddng th\u00f4ng qua t\u00fai gi\u1ea5y b\u00e1nh m\u00ec.<\/p>\n","protected":false},"featured_media":623,"template":"","meta":[],"product_brand":[],"product_cat":[72],"product_tag":[],"class_list":{"0":"post-622","1":"product","2":"type-product","3":"status-publish","4":"has-post-thumbnail","6":"product_cat-san-pham-tui-banh-mi","8":"first","9":"instock","10":"virtual","11":"product-type-simple"},"_links":{"self":[{"href":"https:\/\/tuibanhmidep.com\/bai-viet\/wp-json\/wp\/v2\/product\/622","targetHints":{"allow":["GET"]}}],"collection":[{"href":"https:\/\/tuibanhmidep.com\/bai-viet\/wp-json\/wp\/v2\/product"}],"about":[{"href":"https:\/\/tuibanhmidep.com\/bai-viet\/wp-json\/wp\/v2\/types\/product"}],"wp:featuredmedia":[{"embeddable":true,"href":"https:\/\/tuibanhmidep.com\/bai-viet\/wp-json\/wp\/v2\/media\/623"}],"wp:attachment":[{"href":"https:\/\/tuibanhmidep.com\/bai-viet\/wp-json\/wp\/v2\/media?parent=622"}],"wp:term":[{"taxonomy":"product_brand","embeddable":true,"href":"https:\/\/tuibanhmidep.com\/bai-viet\/wp-json\/wp\/v2\/product_brand?post=622"},{"taxonomy":"product_cat","embeddable":true,"href":"https:\/\/tuibanhmidep.com\/bai-viet\/wp-json\/wp\/v2\/product_cat?post=622"},{"taxonomy":"product_tag","embeddable":true,"href":"https:\/\/tuibanhmidep.com\/bai-viet\/wp-json\/wp\/v2\/product_tag?post=622"}],"curies":[{"name":"wp","href":"https:\/\/api.w.org\/{rel}","templated":true}]}}