{"id":618,"date":"2024-04-16T13:47:44","date_gmt":"2024-04-16T06:47:44","guid":{"rendered":"https:\/\/tuibanhmidep.com\/bai-viet\/shop\/in-10000-tui-giay-banh-mi-giai-phap-dung-banh-tien-loi-va-than-thien-moi-truong-skubmd_4270\/"},"modified":"2024-04-16T13:47:44","modified_gmt":"2024-04-16T06:47:44","slug":"in-10000-tui-giay-banh-mi-giai-phap-dung-banh-tien-loi-va-than-thien-moi-truong-skubmd_4270","status":"publish","type":"product","link":"https:\/\/tuibanhmidep.com\/bai-viet\/shop\/in-10000-tui-giay-banh-mi-giai-phap-dung-banh-tien-loi-va-than-thien-moi-truong-skubmd_4270\/","title":{"rendered":"In 10000 T\u00fai Gi\u1ea5y B\u00e1nh M\u00ec: Gi\u1ea3i Ph\u00e1p \u0110\u1ef1ng B\u00e1nh Ti\u1ec7n L\u1ee3i V\u00e0 Th\u00e2n Thi\u1ec7n M\u00f4i Tr\u01b0\u1eddng (SKU:BMD_4270)"},"content":{"rendered":"<h2>L\u1ee3i \u00edch c\u1ee7a T\u00fai Gi\u1ea5y B\u00e1nh M\u00ec<\/h2>\n<p><strong>T\u00ednh \u1ee9ng d\u1ee5ng cao v\u00e0 th\u00e2n thi\u1ec7n m\u00f4i tr\u01b0\u1eddng<\/strong><br \/>\nT\u00fai gi\u1ea5y b\u00e1nh m\u00ec, v\u1edbi k\u00edch th\u01b0\u1edbc chu\u1ea9n l\u00e0 ngang 9.5cm, cao 24.5cm v\u00e0 2 b\u00ean h\u00f4ng r\u1ed9ng 4.5cm, l\u00e0 gi\u1ea3i ph\u00e1p l\u00fd t\u01b0\u1edfng \u0111\u1ec3 \u0111\u1ef1ng \u1ed5 b\u00e1nh m\u00ec Vi\u1ec7t Nam. \u0110\u01b0\u1ee3c l\u00e0m t\u1eeb gi\u1ea5y an to\u00e0n cho th\u1ef1c ph\u1ea9m, lo\u1ea1i t\u00fai n\u00e0y kh\u00f4ng ch\u1ec9 b\u1ea3o v\u1ec7 b\u00e1nh m\u00ec kh\u1ecfi c\u00e1c y\u1ebfu t\u1ed1 b\u00ean ngo\u00e0i nh\u01b0 b\u1ee5i b\u1ea9n v\u00e0 nhi\u1ec5m khu\u1ea9n m\u00e0 c\u00f2n g\u00f3p ph\u1ea7n v\u00e0o vi\u1ec7c b\u1ea3o v\u1ec7 m\u00f4i tr\u01b0\u1eddng nh\u1edd v\u00e0o kh\u1ea3 n\u0103ng ph\u00e2n h\u1ee7y sinh h\u1ecdc.<\/p>\n<h3>T\u00ednh n\u0103ng c\u1ee7a t\u00fai gi\u1ea5y b\u00e1nh m\u00ec<\/h3>\n<p>T\u00fai gi\u1ea5y b\u00e1nh m\u00ec thi\u1ebft k\u1ebf \u0111\u01a1n gi\u1ea3n m\u00e0 hi\u1ec7u qu\u1ea3, kh\u00f4ng c\u00f3 quai x\u00e1ch, l\u00e0m cho n\u00f3 d\u1ec5 d\u00e0ng c\u1ea5t gi\u1eef v\u00e0 mang theo. M\u1eb7c d\u00f9 \u0111\u01a1n gi\u1ea3n nh\u01b0ng t\u00fai n\u00e0y \u0111\u01b0\u1ee3c thi\u1ebft k\u1ebf \u0111\u1ec3 \u0111\u1ea3m b\u1ea3o b\u00e1nh m\u00ec c\u1ee7a b\u1ea1n lu\u00f4n gi\u1eef \u0111\u01b0\u1ee3c \u0111\u1ed9 t\u01b0\u01a1i ngon v\u00e0 s\u1ea1ch s\u1ebd t\u1eeb c\u1eeda h\u00e0ng t\u1edbi tay ng\u01b0\u1eddi ti\u00eau d\u00f9ng.<\/p>\n<p><strong>K\u00edch th\u01b0\u1edbc v\u00e0 s\u1ef1 ti\u1ec7n l\u1ee3i<\/strong><br \/>\nK\u00edch th\u01b0\u1edbc c\u1ee7a t\u00fai \u0111\u01b0\u1ee3c thi\u1ebft k\u1ebf ph\u00f9 h\u1ee3p v\u1edbi k\u00edch c\u1ee1 ti\u00eau chu\u1ea9n c\u1ee7a m\u1ed9t \u1ed5 b\u00e1nh m\u00ec Vi\u1ec7t Nam, gi\u00fap gi\u1eef b\u00e1nh m\u00ec v\u1eeba v\u1eb7n v\u00e0 an to\u00e0n trong qu\u00e1 tr\u00ecnh v\u1eadn chuy\u1ec3n. Kh\u00f4ng c\u00f3 b\u1ea5t k\u1ef3 ph\u1ea7n th\u1eeba n\u00e0o, t\u00fai gi\u1ea5y \u0111\u1ea3m b\u1ea3o r\u1eb1ng b\u00e1nh m\u00ec kh\u00f4ng b\u1ecb x\u00f4 l\u1ec7ch ho\u1eb7c d\u1ec5 d\u00e0ng b\u1ecb d\u1eadp n\u00e1t.<\/p>\n<h3>Th\u00f4ng tin quan tr\u1ecdng v\u1ec1 t\u00fai gi\u1ea5y b\u00e1nh m\u00ec<\/h3>\n<p>M\u1eb7c d\u00f9 t\u00fai gi\u1ea5y b\u00e1nh m\u00ec c\u00f3 nhi\u1ec1u t\u00ean g\u1ecdi kh\u00e1c nhau nh\u01b0 bao b\u00e1nh m\u00ec, gi\u1ea5y g\u00f3i b\u00e1nh m\u00ec, nh\u01b0ng t\u1ea5t c\u1ea3 \u0111\u1ec1u \u00e1m ch\u1ec9 m\u1ed9t s\u1ea3n ph\u1ea9m v\u1edbi m\u1ee5c \u0111\u00edch s\u1eed d\u1ee5ng nh\u1ea5t qu\u00e1n: \u0111\u1ef1ng b\u00e1nh m\u00ec. Quan tr\u1ecdng l\u00e0 t\u00fai n\u00e0y kh\u00f4ng \u0103n \u0111\u01b0\u1ee3c v\u00e0 kh\u00f4ng \u0111\u01b0\u1ee3c thi\u1ebft k\u1ebf \u0111\u1ec3 ch\u1ee9a b\u1ea5t c\u1ee9 th\u1ee9 g\u00ec kh\u00e1c ngo\u00e0i b\u00e1nh m\u00ec.<\/p>\n","protected":false},"excerpt":{"rendered":"<p>K\u00edch th\u01b0\u1edbc 9.5&#215;4.5x24cm, \u0111\u1ecbnh l\u01b0\u1ee3ng gi\u1ea5y 50gsm. Kh\u00e1m ph\u00e1 l\u1ee3i \u00edch c\u1ee7a t\u00fai gi\u1ea5y b\u00e1nh m\u00ec, m\u1ed9t gi\u1ea3i ph\u00e1p \u0111\u1ef1ng b\u00e1nh m\u00ec Vi\u1ec7t Nam v\u1eeba ti\u1ec7n l\u1ee3i v\u1eeba th\u00e2n thi\u1ec7n v\u1edbi m\u00f4i tr\u01b0\u1eddng.<\/p>\n","protected":false},"featured_media":619,"template":"","meta":[],"product_brand":[],"product_cat":[72],"product_tag":[],"class_list":{"0":"post-618","1":"product","2":"type-product","3":"status-publish","4":"has-post-thumbnail","6":"product_cat-san-pham-tui-banh-mi","8":"first","9":"instock","10":"virtual","11":"product-type-simple"},"_links":{"self":[{"href":"https:\/\/tuibanhmidep.com\/bai-viet\/wp-json\/wp\/v2\/product\/618","targetHints":{"allow":["GET"]}}],"collection":[{"href":"https:\/\/tuibanhmidep.com\/bai-viet\/wp-json\/wp\/v2\/product"}],"about":[{"href":"https:\/\/tuibanhmidep.com\/bai-viet\/wp-json\/wp\/v2\/types\/product"}],"wp:featuredmedia":[{"embeddable":true,"href":"https:\/\/tuibanhmidep.com\/bai-viet\/wp-json\/wp\/v2\/media\/619"}],"wp:attachment":[{"href":"https:\/\/tuibanhmidep.com\/bai-viet\/wp-json\/wp\/v2\/media?parent=618"}],"wp:term":[{"taxonomy":"product_brand","embeddable":true,"href":"https:\/\/tuibanhmidep.com\/bai-viet\/wp-json\/wp\/v2\/product_brand?post=618"},{"taxonomy":"product_cat","embeddable":true,"href":"https:\/\/tuibanhmidep.com\/bai-viet\/wp-json\/wp\/v2\/product_cat?post=618"},{"taxonomy":"product_tag","embeddable":true,"href":"https:\/\/tuibanhmidep.com\/bai-viet\/wp-json\/wp\/v2\/product_tag?post=618"}],"curies":[{"name":"wp","href":"https:\/\/api.w.org\/{rel}","templated":true}]}}