{"id":608,"date":"2024-04-16T11:42:51","date_gmt":"2024-04-16T04:42:51","guid":{"rendered":"https:\/\/tuibanhmidep.com\/bai-viet\/shop\/in-8000-tui-giay-banh-mi-lua-chon-than-thien-moi-truong-skubmd_525\/"},"modified":"2024-04-16T11:42:51","modified_gmt":"2024-04-16T04:42:51","slug":"in-8000-tui-giay-banh-mi-lua-chon-than-thien-moi-truong-skubmd_525","status":"publish","type":"product","link":"https:\/\/tuibanhmidep.com\/bai-viet\/shop\/in-8000-tui-giay-banh-mi-lua-chon-than-thien-moi-truong-skubmd_525\/","title":{"rendered":"In 8000 T\u00fai Gi\u1ea5y B\u00e1nh M\u00ec: L\u1ef1a Ch\u1ecdn Th\u00e2n Thi\u1ec7n M\u00f4i Tr\u01b0\u1eddng (SKU:BMD_525)"},"content":{"rendered":"<h2>L\u1ee3i \u00edch c\u1ee7a vi\u1ec7c s\u1eed d\u1ee5ng t\u00fai gi\u1ea5y b\u00e1nh m\u00ec<\/h2>\n<p><strong>B\u1ea3o v\u1ec7 m\u00f4i tr\u01b0\u1eddng c\u00f9ng t\u00fai gi\u1ea5y b\u00e1nh m\u00ec<\/strong><br \/>\nT\u00fai gi\u1ea5y b\u00e1nh m\u00ec kh\u00f4ng ch\u1ec9 l\u00e0 m\u1ed9t ph\u01b0\u01a1ng ti\u1ec7n b\u1ea3o qu\u1ea3n b\u00e1nh m\u00ec m\u00e0 c\u00f2n th\u1ec3 hi\u1ec7n s\u1ef1 quan t\u00e2m \u0111\u1ebfn m\u00f4i tr\u01b0\u1eddng. S\u1eed d\u1ee5ng t\u00fai gi\u1ea5y, m\u1ed9t s\u1ea3n ph\u1ea9m ph\u00e2n h\u1ee7y sinh h\u1ecdc, gi\u00fap gi\u1ea3m thi\u1ec3u r\u00e1c th\u1ea3i nh\u1ef1a, \u0111\u00f3ng g\u00f3p v\u00e0o n\u1ed7 l\u1ef1c chung c\u1ee7a x\u00e3 h\u1ed9i trong vi\u1ec7c b\u1ea3o v\u1ec7 m\u00f4i tr\u01b0\u1eddng s\u1ed1ng. <\/p>\n<h3>Thi\u1ebft k\u1ebf v\u00e0 k\u00edch th\u01b0\u1edbc ti\u1ec7n l\u1ee3i<\/h3>\n<p>T\u00fai gi\u1ea5y b\u00e1nh m\u00ec \u0111\u01b0\u1ee3c thi\u1ebft k\u1ebf \u0111\u1eb7c bi\u1ec7t \u0111\u1ec3 \u0111\u1ef1ng m\u1ed9t \u1ed5 b\u00e1nh m\u00ec Vi\u1ec7t Nam, v\u1edbi k\u00edch th\u01b0\u1edbc ngang 9.5cm, cao 24.5cm v\u00e0 m\u1ed7i b\u00ean h\u00f4ng r\u1ed9ng 4.5cm. Thi\u1ebft k\u1ebf n\u00e0y \u0111\u1ea3m b\u1ea3o b\u00e1nh m\u00ec c\u1ee7a b\u1ea1n \u0111\u01b0\u1ee3c b\u1ea3o qu\u1ea3n m\u1ed9t c\u00e1ch t\u1ed1t nh\u1ea5t, gi\u1eef \u0111\u01b0\u1ee3c \u0111\u1ed9 t\u01b0\u01a1i ngon v\u00e0 \u0111\u1ed9 \u1ea9m c\u1ea7n thi\u1ebft.<\/p>\n<p><strong>Ki\u1ec3u d\u00e1ng kh\u00f4ng quai x\u00e1ch \u2013 \u0110\u01a1n gi\u1ea3n m\u00e0 hi\u1ec7u qu\u1ea3<\/strong><br \/>\nM\u1eb7c d\u00f9 t\u00fai gi\u1ea5y b\u00e1nh m\u00ec kh\u00f4ng c\u00f3 quai x\u00e1ch, \u0111i\u1ec1u n\u00e0y l\u1ea1i l\u00e0 m\u1ed9t l\u1ee3i th\u1ebf v\u00ec n\u00f3 gi\u1ea3m b\u1edbt v\u1eadt li\u1ec7u s\u1eed d\u1ee5ng trong qu\u00e1 tr\u00ecnh s\u1ea3n xu\u1ea5t v\u00e0 l\u00e0m cho t\u00fai nh\u1ecf g\u1ecdn h\u01a1n, d\u1ec5 d\u00e0ng c\u1ea5t gi\u1eef ho\u1eb7c mang theo b\u00ean m\u00ecnh. <\/p>\n<h3>Th\u00f4ng tin quan tr\u1ecdng c\u1ea7n bi\u1ebft v\u1ec1 t\u00fai gi\u1ea5y b\u00e1nh m\u00ec<\/h3>\n<p>V\u1eadt li\u1ec7u l\u00e0m t\u1eeb gi\u1ea5y an to\u00e0n s\u1eed d\u1ee5ng cho th\u1ef1c ph\u1ea9m gi\u00fap \u0111\u1ea3m b\u1ea3o t\u00fai gi\u1ea5y b\u00e1nh m\u00ec l\u00e0 l\u1ef1a ch\u1ecdn an to\u00e0n cho s\u1ee9c kh\u1ecfe ng\u01b0\u1eddi ti\u00eau d\u00f9ng. Tuy nhi\u00ean, c\u1ea7n l\u01b0u \u00fd r\u1eb1ng t\u00fai gi\u1ea5y kh\u00f4ng \u0103n \u0111\u01b0\u1ee3c v\u00e0 ch\u1ec9 d\u00f9ng \u0111\u1ec3 \u0111\u1ef1ng b\u00e1nh m\u00ec. S\u1eed d\u1ee5ng t\u00fai gi\u1ea5y l\u00e0 c\u00e1ch tuy\u1ec7t v\u1eddi \u0111\u1ec3 gi\u1ea3m thi\u1ec3u t\u00e1c \u0111\u1ed9ng ti\u00eau c\u1ef1c l\u00ean m\u00f4i tr\u01b0\u1eddng m\u00e0 v\u1eabn \u0111\u1ea3m b\u1ea3o s\u1ea3n ph\u1ea9m c\u1ee7a b\u1ea1n \u0111\u01b0\u1ee3c b\u1ea3o qu\u1ea3n trong \u0111i\u1ec1u ki\u1ec7n t\u1ed1t nh\u1ea5t.<\/p>\n","protected":false},"excerpt":{"rendered":"<p>K\u00edch th\u01b0\u1edbc 9.5&#215;4.5x24cm, \u0111\u1ecbnh l\u01b0\u1ee3ng gi\u1ea5y 50gsm. Kh\u00e1m ph\u00e1 t\u00ednh ti\u1ec7n d\u1ee5ng v\u00e0 th\u00e2n thi\u1ec7n m\u00f4i tr\u01b0\u1eddng c\u1ee7a t\u00fai gi\u1ea5y b\u00e1nh m\u00ec, m\u1ed9t gi\u1ea3i ph\u00e1p b\u1ea3o qu\u1ea3n b\u00e1nh m\u00ec Vi\u1ec7t Nam hi\u1ec7u qu\u1ea3.<\/p>\n","protected":false},"featured_media":609,"template":"","meta":[],"product_brand":[],"product_cat":[72],"product_tag":[],"class_list":{"0":"post-608","1":"product","2":"type-product","3":"status-publish","4":"has-post-thumbnail","6":"product_cat-san-pham-tui-banh-mi","8":"first","9":"instock","10":"virtual","11":"product-type-simple"},"_links":{"self":[{"href":"https:\/\/tuibanhmidep.com\/bai-viet\/wp-json\/wp\/v2\/product\/608","targetHints":{"allow":["GET"]}}],"collection":[{"href":"https:\/\/tuibanhmidep.com\/bai-viet\/wp-json\/wp\/v2\/product"}],"about":[{"href":"https:\/\/tuibanhmidep.com\/bai-viet\/wp-json\/wp\/v2\/types\/product"}],"wp:featuredmedia":[{"embeddable":true,"href":"https:\/\/tuibanhmidep.com\/bai-viet\/wp-json\/wp\/v2\/media\/609"}],"wp:attachment":[{"href":"https:\/\/tuibanhmidep.com\/bai-viet\/wp-json\/wp\/v2\/media?parent=608"}],"wp:term":[{"taxonomy":"product_brand","embeddable":true,"href":"https:\/\/tuibanhmidep.com\/bai-viet\/wp-json\/wp\/v2\/product_brand?post=608"},{"taxonomy":"product_cat","embeddable":true,"href":"https:\/\/tuibanhmidep.com\/bai-viet\/wp-json\/wp\/v2\/product_cat?post=608"},{"taxonomy":"product_tag","embeddable":true,"href":"https:\/\/tuibanhmidep.com\/bai-viet\/wp-json\/wp\/v2\/product_tag?post=608"}],"curies":[{"name":"wp","href":"https:\/\/api.w.org\/{rel}","templated":true}]}}