{"id":604,"date":"2024-04-16T10:40:10","date_gmt":"2024-04-16T03:40:10","guid":{"rendered":"https:\/\/tuibanhmidep.com\/bai-viet\/shop\/in-30000-tui-giay-banh-mi-giai-phap-dung-thuc-pham-than-thien-moi-truong-skubmd_7765\/"},"modified":"2024-04-16T10:40:10","modified_gmt":"2024-04-16T03:40:10","slug":"in-30000-tui-giay-banh-mi-giai-phap-dung-thuc-pham-than-thien-moi-truong-skubmd_7765","status":"publish","type":"product","link":"https:\/\/tuibanhmidep.com\/bai-viet\/shop\/in-30000-tui-giay-banh-mi-giai-phap-dung-thuc-pham-than-thien-moi-truong-skubmd_7765\/","title":{"rendered":"In 30000 T\u00fai gi\u1ea5y b\u00e1nh m\u00ec: Gi\u1ea3i ph\u00e1p \u0111\u1ef1ng th\u1ef1c ph\u1ea9m th\u00e2n thi\u1ec7n m\u00f4i tr\u01b0\u1eddng (SKU:BMD_7765)"},"content":{"rendered":"<h2>Gi\u1edbi thi\u1ec7u v\u1ec1 t\u00fai gi\u1ea5y b\u00e1nh m\u00ec<\/h2>\n<p><strong>T\u1ea1i sao l\u1ea1i ch\u1ecdn t\u00fai gi\u1ea5y b\u00e1nh m\u00ec?<\/strong><br \/>\nT\u00fai gi\u1ea5y b\u00e1nh m\u00ec \u0111\u01b0\u1ee3c l\u00e0m ho\u00e0n to\u00e0n t\u1eeb gi\u1ea5y an to\u00e0n cho th\u1ef1c ph\u1ea9m, kh\u00f4ng \u0111\u1ed9c h\u1ea1i v\u00e0 ph\u00f9 h\u1ee3p \u0111\u1ec3 ti\u1ebfp x\u00fac tr\u1ef1c ti\u1ebfp v\u1edbi th\u1ee9c \u0103n. Vi\u1ec7c s\u1eed d\u1ee5ng lo\u1ea1i t\u00fai n\u00e0y kh\u00f4ng ch\u1ec9 gi\u00fap b\u1ea3o qu\u1ea3n b\u00e1nh m\u00ec an to\u00e0n m\u00e0 c\u00f2n g\u00f3p ph\u1ea7n b\u1ea3o v\u1ec7 m\u00f4i tr\u01b0\u1eddng nh\u1edd kh\u1ea3 n\u0103ng ph\u00e2n h\u1ee7y sinh h\u1ecdc cao so v\u1edbi c\u00e1c lo\u1ea1i bao b\u00ec nh\u1ef1a.<\/p>\n<h3>\u0110\u1eb7c \u0111i\u1ec3m c\u1ee7a t\u00fai gi\u1ea5y b\u00e1nh m\u00ec<\/h3>\n<p><strong>C\u1ea5u t\u1ea1o v\u00e0 k\u00edch th\u01b0\u1edbc<\/strong><br \/>\nM\u1ed7i t\u00fai gi\u1ea5y b\u00e1nh m\u00ec c\u00f3 k\u00edch th\u01b0\u1edbc chi\u1ec1u ngang 9.5cm, chi\u1ec1u cao 24.5cm v\u00e0 m\u1edf r\u1ed9ng \u1edf hai b\u00ean h\u00f4ng l\u00ean \u0111\u1ebfn 4.5cm, \u0111\u1ee7 r\u1ed9ng \u0111\u1ec3 \u0111\u1ef1ng m\u1ed9t \u1ed5 b\u00e1nh m\u00ec Vi\u1ec7t Nam ti\u00eau chu\u1ea9n. T\u00fai kh\u00f4ng c\u00f3 quai x\u00e1ch, thi\u1ebft k\u1ebf \u0111\u01a1n gi\u1ea3n nh\u01b0ng ti\u1ec7n l\u1ee3i, t\u1eadp trung v\u00e0o m\u1ee5c \u0111\u00edch \u0111\u1ef1ng v\u00e0 b\u1ea3o qu\u1ea3n b\u00e1nh m\u00ec m\u00e0 kh\u00f4ng l\u00e0m m\u1ea5t \u0111i h\u01b0\u01a1ng v\u1ecb \u0111\u1eb7c tr\u01b0ng c\u1ee7a n\u00f3.<\/p>\n<p><strong>T\u00ednh n\u0103ng th\u00e2n thi\u1ec7n v\u1edbi m\u00f4i tr\u01b0\u1eddng<\/strong><br \/>\nKh\u00f4ng s\u1eed d\u1ee5ng ch\u1ea5t li\u1ec7u nh\u1ef1a hay h\u00f3a ch\u1ea5t \u0111\u1ed9c h\u1ea1i trong s\u1ea3n xu\u1ea5t, t\u00fai gi\u1ea5y b\u00e1nh m\u00ec l\u00e0 l\u1ef1a ch\u1ecdn b\u1ec1n v\u1eefng, gi\u00fap gi\u1ea3m thi\u1ec3u r\u00e1c th\u1ea3i nh\u1ef1a, m\u1ed9t trong nh\u1eefng v\u1ea5n \u0111\u1ec1 m\u00f4i tr\u01b0\u1eddng nghi\u00eam tr\u1ecdng hi\u1ec7n nay. S\u1eed d\u1ee5ng t\u00fai gi\u1ea5y c\u0169ng th\u1ec3 hi\u1ec7n \u00fd th\u1ee9c c\u1ee7a ng\u01b0\u1eddi ti\u00eau d\u00f9ng trong vi\u1ec7c h\u1ed7 tr\u1ee3 c\u00e1c s\u1ea3n ph\u1ea9m th\u00e2n thi\u1ec7n v\u1edbi m\u00f4i tr\u01b0\u1eddng.<\/p>\n<h3>S\u1eed d\u1ee5ng t\u00fai gi\u1ea5y b\u00e1nh m\u00ec trong \u0111\u1eddi s\u1ed1ng h\u00e0ng ng\u00e0y<\/h3>\n<p><strong>L\u1ee3i \u00edch khi s\u1eed d\u1ee5ng<\/strong><br \/>\nS\u1eed d\u1ee5ng t\u00fai gi\u1ea5y b\u00e1nh m\u00ec kh\u00f4ng ch\u1ec9 gi\u00fap gi\u1eef cho b\u00e1nh m\u00ec c\u1ee7a b\u1ea1n lu\u00f4n t\u01b0\u01a1i ngon m\u00e0 c\u00f2n \u0111\u00f3ng g\u00f3p v\u00e0o vi\u1ec7c gi\u1ea3m thi\u1ec3u \u00f4 nhi\u1ec5m m\u00f4i tr\u01b0\u1eddng. B\u1ea1n c\u00f3 th\u1ec3 d\u1ec5 d\u00e0ng t\u00e1i s\u1eed d\u1ee5ng ho\u1eb7c t\u00e1i ch\u1ebf t\u00fai gi\u1ea5y, l\u00e0m gi\u1ea3m b\u1edbt l\u01b0\u1ee3ng r\u00e1c th\u1ea3i sinh ho\u1ea1t h\u1eb1ng ng\u00e0y.<\/p>\n","protected":false},"excerpt":{"rendered":"<p>K\u00edch th\u01b0\u1edbc 9.5&#215;4.5x24cm, \u0111\u1ecbnh l\u01b0\u1ee3ng gi\u1ea5y 50gsm. Kh\u00e1m ph\u00e1 t\u00fai gi\u1ea5y b\u00e1nh m\u00ec, m\u1ed9t s\u1ef1 l\u1ef1a ch\u1ecdn ti\u1ec7n l\u1ee3i v\u00e0 th\u00e2n thi\u1ec7n v\u1edbi m\u00f4i tr\u01b0\u1eddng cho vi\u1ec7c \u0111\u1ef1ng b\u00e1nh m\u00ec Vi\u1ec7t Nam.<\/p>\n","protected":false},"featured_media":605,"template":"","meta":[],"product_brand":[],"product_cat":[72],"product_tag":[],"class_list":{"0":"post-604","1":"product","2":"type-product","3":"status-publish","4":"has-post-thumbnail","6":"product_cat-san-pham-tui-banh-mi","8":"first","9":"instock","10":"virtual","11":"product-type-simple"},"_links":{"self":[{"href":"https:\/\/tuibanhmidep.com\/bai-viet\/wp-json\/wp\/v2\/product\/604","targetHints":{"allow":["GET"]}}],"collection":[{"href":"https:\/\/tuibanhmidep.com\/bai-viet\/wp-json\/wp\/v2\/product"}],"about":[{"href":"https:\/\/tuibanhmidep.com\/bai-viet\/wp-json\/wp\/v2\/types\/product"}],"wp:featuredmedia":[{"embeddable":true,"href":"https:\/\/tuibanhmidep.com\/bai-viet\/wp-json\/wp\/v2\/media\/605"}],"wp:attachment":[{"href":"https:\/\/tuibanhmidep.com\/bai-viet\/wp-json\/wp\/v2\/media?parent=604"}],"wp:term":[{"taxonomy":"product_brand","embeddable":true,"href":"https:\/\/tuibanhmidep.com\/bai-viet\/wp-json\/wp\/v2\/product_brand?post=604"},{"taxonomy":"product_cat","embeddable":true,"href":"https:\/\/tuibanhmidep.com\/bai-viet\/wp-json\/wp\/v2\/product_cat?post=604"},{"taxonomy":"product_tag","embeddable":true,"href":"https:\/\/tuibanhmidep.com\/bai-viet\/wp-json\/wp\/v2\/product_tag?post=604"}],"curies":[{"name":"wp","href":"https:\/\/api.w.org\/{rel}","templated":true}]}}