{"id":600,"date":"2024-04-16T09:37:45","date_gmt":"2024-04-16T02:37:45","guid":{"rendered":"https:\/\/tuibanhmidep.com\/bai-viet\/shop\/in-8000-tui-giay-banh-mi-than-thien-moi-truong-tien-loi-hang-ngay-skubmd_8021\/"},"modified":"2024-04-16T09:37:46","modified_gmt":"2024-04-16T02:37:46","slug":"in-8000-tui-giay-banh-mi-than-thien-moi-truong-tien-loi-hang-ngay-skubmd_8021","status":"publish","type":"product","link":"https:\/\/tuibanhmidep.com\/bai-viet\/shop\/in-8000-tui-giay-banh-mi-than-thien-moi-truong-tien-loi-hang-ngay-skubmd_8021\/","title":{"rendered":"In 8000 T\u00fai Gi\u1ea5y B\u00e1nh M\u00ec: Th\u00e2n Thi\u1ec7n M\u00f4i Tr\u01b0\u1eddng, Ti\u1ec7n L\u1ee3i H\u00e0ng Ng\u00e0y (SKU:BMD_8021)"},"content":{"rendered":"<h2>L\u00fd do ch\u1ecdn t\u00fai gi\u1ea5y b\u00e1nh m\u00ec<\/h2>\n<p><strong>An to\u00e0n v\u00e0 th\u00e2n thi\u1ec7n m\u00f4i tr\u01b0\u1eddng:<\/strong> T\u00fai gi\u1ea5y b\u00e1nh m\u00ec \u0111\u01b0\u1ee3c l\u00e0m t\u1eeb gi\u1ea5y an to\u00e0n s\u1eed d\u1ee5ng cho th\u1ef1c ph\u1ea9m, \u0111\u1ea3m b\u1ea3o s\u1ef1 an to\u00e0n khi ti\u1ebfp x\u00fac tr\u1ef1c ti\u1ebfp v\u1edbi th\u1ef1c ph\u1ea9m. Ngo\u00e0i ra, vi\u1ec7c s\u1eed d\u1ee5ng t\u00fai gi\u1ea5y c\u00f2n g\u00f3p ph\u1ea7n gi\u1ea3m thi\u1ec3u r\u00e1c th\u1ea3i nh\u1ef1a, h\u01b0\u1edbng t\u1edbi m\u1ed9t m\u00f4i tr\u01b0\u1eddng xanh v\u00e0 s\u1ea1ch h\u01a1n.<\/p>\n<h3>K\u00edch th\u01b0\u1edbc v\u00e0 thi\u1ebft k\u1ebf \u0111\u1eb7c bi\u1ec7t<\/h3>\n<p><strong>Thi\u1ebft k\u1ebf t\u1ed1i gi\u1ea3n:<\/strong> V\u1edbi k\u00edch th\u01b0\u1edbc ngang 9.5cm, cao 24.5cm v\u00e0 m\u1ed7i b\u00ean h\u00f4ng r\u1ed9ng 4.5cm, t\u00fai gi\u1ea5y b\u00e1nh m\u00ec \u0111\u01b0\u1ee3c thi\u1ebft k\u1ebf \u0111\u1ec3 v\u1eeba v\u1eb7n v\u1edbi m\u1ed9t \u1ed5 b\u00e1nh m\u00ec Vi\u1ec7t Nam, kh\u00f4ng c\u00f3 quai x\u00e1ch, \u0111\u01a1n gi\u1ea3n nh\u01b0ng v\u1eabn \u0111\u1ea3m b\u1ea3o t\u00ednh ti\u1ec7n l\u1ee3i khi s\u1eed d\u1ee5ng.<\/p>\n<h3>\u1ee8ng d\u1ee5ng c\u1ee7a t\u00fai gi\u1ea5y b\u00e1nh m\u00ec<\/h3>\n<p><strong>\u0110a d\u1ea1ng m\u1ee5c \u0111\u00edch s\u1eed d\u1ee5ng:<\/strong> T\u00fai gi\u1ea5y b\u00e1nh m\u00ec kh\u00f4ng ch\u1ec9 gi\u1edbi h\u1ea1n \u1edf vi\u1ec7c \u0111\u1ef1ng b\u00e1nh m\u00ec. Ch\u00fang c\u00f3 th\u1ec3 \u0111\u01b0\u1ee3c s\u1eed d\u1ee5ng \u0111\u1ec3 \u0111\u1ef1ng c\u00e1c lo\u1ea1i th\u1ef1c ph\u1ea9m kh\u00e1c ho\u1eb7c nh\u01b0 m\u1ed9t gi\u1ea3i ph\u00e1p \u0111\u00f3ng g\u00f3i t\u1ea1m th\u1eddi cho c\u00e1c m\u1eb7t h\u00e0ng nh\u1ecf trong c\u00e1c c\u1eeda h\u00e0ng ti\u1ec7n l\u1ee3i, qu\u00e1n \u0103n nhanh, v\u00e0 h\u1ed9i ch\u1ee3.<\/p>\n<p><strong>L\u01b0u \u00fd khi s\u1eed d\u1ee5ng t\u00fai gi\u1ea5y b\u00e1nh m\u00ec:<\/strong> Tuy t\u00fai gi\u1ea5y b\u00e1nh m\u00ec r\u1ea5t ti\u1ec7n l\u1ee3i v\u00e0 an to\u00e0n cho vi\u1ec7c \u0111\u1ef1ng th\u1ef1c ph\u1ea9m, nh\u01b0ng ch\u00fang kh\u00f4ng th\u1ec3 t\u00e1i s\u1eed d\u1ee5ng nhi\u1ec1u l\u1ea7n nh\u01b0 c\u00e1c lo\u1ea1i t\u00fai c\u00f3 \u0111\u1ed9 b\u1ec1n cao h\u01a1n. Do \u0111\u1eb7c t\u00ednh c\u1ee7a gi\u1ea5y, t\u00fai c\u0169ng kh\u00f4ng ch\u1ecbu \u0111\u01b0\u1ee3c n\u01b0\u1edbc hay \u0111\u1ed9 \u1ea9m cao, v\u00ec v\u1eady c\u1ea7n l\u01b0u \u00fd khi \u0111\u1ef1ng th\u1ef1c ph\u1ea9m \u01b0\u1edbt ho\u1eb7c nhi\u1ec1u d\u1ea7u m\u1ee1.<\/p>\n","protected":false},"excerpt":{"rendered":"<p>K\u00edch th\u01b0\u1edbc 9.5&#215;4.5x24cm, \u0111\u1ecbnh l\u01b0\u1ee3ng gi\u1ea5y 50gsm. Khai th\u00e1c v\u1ebb \u0111\u1eb9p c\u1ee7a s\u1ef1 \u0111\u01a1n gi\u1ea3n v\u00e0 th\u00e2n thi\u1ec7n v\u1edbi m\u00f4i tr\u01b0\u1eddng, t\u00fai gi\u1ea5y b\u00e1nh m\u00ec l\u00e0 l\u1ef1a ch\u1ecdn t\u1ed1i \u01b0u \u0111\u1ec3 \u0111\u1ef1ng b\u00e1nh m\u00ec Vi\u1ec7t Nam m\u1ed9t c\u00e1ch ti\u1ec7n l\u1ee3i.<\/p>\n","protected":false},"featured_media":601,"template":"","meta":[],"product_brand":[],"product_cat":[72],"product_tag":[],"class_list":{"0":"post-600","1":"product","2":"type-product","3":"status-publish","4":"has-post-thumbnail","6":"product_cat-san-pham-tui-banh-mi","8":"first","9":"instock","10":"virtual","11":"product-type-simple"},"_links":{"self":[{"href":"https:\/\/tuibanhmidep.com\/bai-viet\/wp-json\/wp\/v2\/product\/600","targetHints":{"allow":["GET"]}}],"collection":[{"href":"https:\/\/tuibanhmidep.com\/bai-viet\/wp-json\/wp\/v2\/product"}],"about":[{"href":"https:\/\/tuibanhmidep.com\/bai-viet\/wp-json\/wp\/v2\/types\/product"}],"wp:featuredmedia":[{"embeddable":true,"href":"https:\/\/tuibanhmidep.com\/bai-viet\/wp-json\/wp\/v2\/media\/601"}],"wp:attachment":[{"href":"https:\/\/tuibanhmidep.com\/bai-viet\/wp-json\/wp\/v2\/media?parent=600"}],"wp:term":[{"taxonomy":"product_brand","embeddable":true,"href":"https:\/\/tuibanhmidep.com\/bai-viet\/wp-json\/wp\/v2\/product_brand?post=600"},{"taxonomy":"product_cat","embeddable":true,"href":"https:\/\/tuibanhmidep.com\/bai-viet\/wp-json\/wp\/v2\/product_cat?post=600"},{"taxonomy":"product_tag","embeddable":true,"href":"https:\/\/tuibanhmidep.com\/bai-viet\/wp-json\/wp\/v2\/product_tag?post=600"}],"curies":[{"name":"wp","href":"https:\/\/api.w.org\/{rel}","templated":true}]}}