{"id":596,"date":"2024-04-16T08:35:38","date_gmt":"2024-04-16T01:35:38","guid":{"rendered":"https:\/\/tuibanhmidep.com\/bai-viet\/shop\/in-1000-tui-giay-banh-mi-su-lua-chon-than-thien-moi-truong-skubmd_7236\/"},"modified":"2024-04-16T08:35:38","modified_gmt":"2024-04-16T01:35:38","slug":"in-1000-tui-giay-banh-mi-su-lua-chon-than-thien-moi-truong-skubmd_7236","status":"publish","type":"product","link":"https:\/\/tuibanhmidep.com\/bai-viet\/shop\/in-1000-tui-giay-banh-mi-su-lua-chon-than-thien-moi-truong-skubmd_7236\/","title":{"rendered":"In 1000 T\u00fai Gi\u1ea5y B\u00e1nh M\u00ec: S\u1ef1 L\u1ef1a Ch\u1ecdn Th\u00e2n Thi\u1ec7n M\u00f4i Tr\u01b0\u1eddng (SKU:BMD_7236)"},"content":{"rendered":"<h2>T\u1ed5ng Quan v\u1ec1 T\u00fai Gi\u1ea5y B\u00e1nh M\u00ec<\/h2>\n<p><strong>L\u1ee3i \u00edch c\u1ee7a vi\u1ec7c s\u1eed d\u1ee5ng t\u00fai gi\u1ea5y trong \u0111\u1ef1ng b\u00e1nh m\u00ec<\/strong><\/p>\n<p>T\u00fai gi\u1ea5y b\u00e1nh m\u00ec, v\u1edbi k\u00edch th\u01b0\u1edbc ti\u00eau chu\u1ea9n ngang 9.5cm, cao 24.5cm v\u00e0 2 b\u00ean h\u00f4ng r\u1ed9ng 4.5cm, l\u00e0 l\u1ef1a ch\u1ecdn l\u00fd t\u01b0\u1edfng cho vi\u1ec7c \u0111\u1ef1ng b\u00e1nh m\u00ec Vi\u1ec7t Nam. \u0110\u01b0\u1ee3c l\u00e0m t\u1eeb gi\u1ea5y an to\u00e0n s\u1eed d\u1ee5ng cho th\u1ef1c ph\u1ea9m, s\u1ea3n ph\u1ea9m n\u00e0y \u0111\u1ea3m b\u1ea3o s\u1ef1 an to\u00e0n khi ti\u1ebfp x\u00fac tr\u1ef1c ti\u1ebfp v\u1edbi th\u1ee9c \u0103n, \u0111\u1ed3ng th\u1eddi g\u00f3p ph\u1ea7n b\u1ea3o v\u1ec7 m\u00f4i tr\u01b0\u1eddng nh\u1edd t\u00ednh n\u0103ng ph\u00e2n h\u1ee7y sinh h\u1ecdc.<\/p>\n<h3>T\u1ea1i Sao N\u00ean Ch\u1ecdn T\u00fai Gi\u1ea5y \u0110\u1ec3 \u0110\u1ef1ng B\u00e1nh M\u00ec?<\/h3>\n<p><strong>Vai tr\u00f2 c\u1ee7a t\u00fai gi\u1ea5y trong vi\u1ec7c b\u1ea3o qu\u1ea3n b\u00e1nh m\u00ec<\/strong><\/p>\n<p>Kh\u00f4ng ch\u1ec9 \u0111\u01a1n thu\u1ea7n l\u00e0 m\u1ed9t l\u1ef1a ch\u1ecdn th\u00e2n thi\u1ec7n m\u00f4i tr\u01b0\u1eddng, t\u00fai gi\u1ea5y c\u00f2n gi\u00fap b\u1ea3o qu\u1ea3n b\u00e1nh m\u00ec t\u1ed1t h\u01a1n b\u1eb1ng c\u00e1ch gi\u1eef cho b\u00e1nh lu\u00f4n t\u01b0\u01a1i ngon v\u00e0 s\u1ea1ch s\u1ebd trong qu\u00e1 tr\u00ecnh v\u1eadn chuy\u1ec3n. T\u00fai gi\u1ea5y c\u0169ng l\u00e0 s\u1ef1 thay th\u1ebf tuy\u1ec7t v\u1eddi cho c\u00e1c lo\u1ea1i t\u00fai nh\u1ef1a, h\u01b0\u1edbng t\u1edbi m\u1ed9t th\u00f3i quen ti\u00eau d\u00f9ng b\u1ec1n v\u1eefng h\u01a1n.<\/p>\n<h3>\u1ee8ng D\u1ee5ng c\u1ee7a T\u00fai Gi\u1ea5y B\u00e1nh M\u00ec trong \u0110\u1eddi S\u1ed1ng<\/h3>\n<p><strong>L\u00e0m th\u1ebf n\u00e0o \u0111\u1ec3 t\u00fai gi\u1ea5y b\u00e1nh m\u00ec ph\u00e1t huy t\u1ed1i \u0111a c\u00f4ng n\u0103ng c\u1ee7a m\u00ecnh?<\/strong><\/p>\n<p>T\u00fai gi\u1ea5y b\u00e1nh m\u00ec, m\u1eb7c d\u00f9 kh\u00f4ng c\u00f3 quai x\u00e1ch, v\u1eabn r\u1ea5t ti\u1ec7n l\u1ee3i \u0111\u1ec3 \u0111\u1ef1ng b\u00e1nh m\u00ec Vi\u1ec7t Nam. K\u00edch th\u01b0\u1edbc chu\u1ea9n c\u1ee7a t\u00fai cho ph\u00e9p \u0111\u1ef1ng v\u1eeba v\u1eb7n m\u1ed9t \u1ed5 b\u00e1nh m\u00ec, \u0111\u1ea3m b\u1ea3o b\u00e1nh \u0111\u01b0\u1ee3c gi\u1eef nguy\u00ean v\u1eb9n m\u00e0 kh\u00f4ng b\u1ecb \u00e9p ch\u1eb7t hay bi\u1ebfn d\u1ea1ng trong qu\u00e1 tr\u00ecnh di chuy\u1ec3n. S\u1ea3n ph\u1ea9m n\u00e0y l\u00e0 l\u1ef1a ch\u1ecdn l\u00fd t\u01b0\u1edfng cho nh\u1eefng ai mu\u1ed1n mang theo b\u00e1nh m\u00ec d\u01b0\u1edbi h\u00ecnh th\u1ee9c &#8216;grab-and-go&#8217;.<\/p>\n<p><strong>Mang l\u1ea1i l\u1ee3i \u00edch k\u00e9p cho ng\u01b0\u1eddi ti\u00eau d\u00f9ng v\u00e0 m\u00f4i tr\u01b0\u1eddng<\/strong><\/p>\n<p>S\u1eed d\u1ee5ng t\u00fai gi\u1ea5y kh\u00f4ng ch\u1ec9 l\u00e0m gi\u1ea3m l\u01b0\u1ee3ng r\u00e1c th\u1ea3i nh\u1ef1a m\u00e0 c\u00f2n th\u1ec3 hi\u1ec7n tr\u00e1ch nhi\u1ec7m c\u1ee7a ng\u01b0\u1eddi ti\u00eau d\u00f9ng \u0111\u1ed1i v\u1edbi m\u00f4i tr\u01b0\u1eddng. Ch\u1ecdn t\u00fai gi\u1ea5y l\u00e0 c\u00e1ch m\u00e0 m\u1ed7i ch\u00fang ta c\u00f3 th\u1ec3 \u0111\u00f3ng g\u00f3p v\u00e0o vi\u1ec7c gi\u1ea3m thi\u1ec3u \u00f4 nhi\u1ec5m v\u00e0 h\u01b0\u1edbng t\u1edbi m\u1ed9t t\u01b0\u01a1ng lai b\u1ec1n v\u1eefng h\u01a1n.<\/p>\n","protected":false},"excerpt":{"rendered":"<p>K\u00edch th\u01b0\u1edbc 9.5&#215;4.5x24cm, \u0111\u1ecbnh l\u01b0\u1ee3ng gi\u1ea5y 50gsm. Kh\u00e1m ph\u00e1 s\u1ef1 ti\u1ec7n l\u1ee3i v\u00e0 th\u00e2n thi\u1ec7n m\u00f4i tr\u01b0\u1eddng c\u1ee7a t\u00fai gi\u1ea5y b\u00e1nh m\u00ec, l\u1ef1a ch\u1ecdn ho\u00e0n h\u1ea3o cho vi\u1ec7c \u0111\u1ef1ng b\u00e1nh m\u00ec Vi\u1ec7t Nam.<\/p>\n","protected":false},"featured_media":597,"template":"","meta":[],"product_brand":[],"product_cat":[72],"product_tag":[],"class_list":{"0":"post-596","1":"product","2":"type-product","3":"status-publish","4":"has-post-thumbnail","6":"product_cat-san-pham-tui-banh-mi","8":"first","9":"instock","10":"virtual","11":"product-type-simple"},"_links":{"self":[{"href":"https:\/\/tuibanhmidep.com\/bai-viet\/wp-json\/wp\/v2\/product\/596","targetHints":{"allow":["GET"]}}],"collection":[{"href":"https:\/\/tuibanhmidep.com\/bai-viet\/wp-json\/wp\/v2\/product"}],"about":[{"href":"https:\/\/tuibanhmidep.com\/bai-viet\/wp-json\/wp\/v2\/types\/product"}],"wp:featuredmedia":[{"embeddable":true,"href":"https:\/\/tuibanhmidep.com\/bai-viet\/wp-json\/wp\/v2\/media\/597"}],"wp:attachment":[{"href":"https:\/\/tuibanhmidep.com\/bai-viet\/wp-json\/wp\/v2\/media?parent=596"}],"wp:term":[{"taxonomy":"product_brand","embeddable":true,"href":"https:\/\/tuibanhmidep.com\/bai-viet\/wp-json\/wp\/v2\/product_brand?post=596"},{"taxonomy":"product_cat","embeddable":true,"href":"https:\/\/tuibanhmidep.com\/bai-viet\/wp-json\/wp\/v2\/product_cat?post=596"},{"taxonomy":"product_tag","embeddable":true,"href":"https:\/\/tuibanhmidep.com\/bai-viet\/wp-json\/wp\/v2\/product_tag?post=596"}],"curies":[{"name":"wp","href":"https:\/\/api.w.org\/{rel}","templated":true}]}}