{"id":592,"date":"2024-04-16T08:09:58","date_gmt":"2024-04-16T01:09:58","guid":{"rendered":"https:\/\/tuibanhmidep.com\/bai-viet\/shop\/in-10000-tui-giay-banh-mi-giai-phap-dung-banh-mi-viet-nam-tien-loi-va-than-thien-moi-truong-skubmd_688\/"},"modified":"2024-04-16T08:09:58","modified_gmt":"2024-04-16T01:09:58","slug":"in-10000-tui-giay-banh-mi-giai-phap-dung-banh-mi-viet-nam-tien-loi-va-than-thien-moi-truong-skubmd_688","status":"publish","type":"product","link":"https:\/\/tuibanhmidep.com\/bai-viet\/shop\/in-10000-tui-giay-banh-mi-giai-phap-dung-banh-mi-viet-nam-tien-loi-va-than-thien-moi-truong-skubmd_688\/","title":{"rendered":"In 10000 T\u00fai Gi\u1ea5y B\u00e1nh M\u00ec: Gi\u1ea3i Ph\u00e1p \u0110\u1ef1ng B\u00e1nh M\u00ec Vi\u1ec7t Nam Ti\u1ec7n L\u1ee3i V\u00e0 Th\u00e2n Thi\u1ec7n M\u00f4i Tr\u01b0\u1eddng (SKU:BMD_688)"},"content":{"rendered":"<h2>T\u1ed5ng quan v\u1ec1 t\u00fai gi\u1ea5y b\u00e1nh m\u00ec<\/h2>\n<p>T\u00fai gi\u1ea5y b\u00e1nh m\u00ec l\u00e0 m\u1ed9t s\u1ea3n ph\u1ea9m kh\u00f4ng th\u1ec3 thi\u1ebfu trong cu\u1ed9c s\u1ed1ng h\u00e0ng ng\u00e0y c\u1ee7a ch\u00fang ta, nh\u1ea5t l\u00e0 \u0111\u1ed1i v\u1edbi nh\u1eefng ng\u01b0\u1eddi th\u01b0\u1eddng xuy\u00ean mua b\u00e1nh m\u00ec Vi\u1ec7t Nam. S\u1ea3n ph\u1ea9m n\u00e0y kh\u00f4ng ch\u1ec9 thu\u1eadn ti\u1ec7n m\u00e0 c\u00f2n th\u00e2n thi\u1ec7n v\u1edbi m\u00f4i tr\u01b0\u1eddng, l\u00e0 l\u1ef1a ch\u1ecdn thay th\u1ebf ho\u00e0n h\u1ea3o cho c\u00e1c lo\u1ea1i bao b\u00ec nh\u1ef1a. V\u1edbi k\u00edch th\u01b0\u1edbc chu\u1ea9n l\u00e0 ngang 9.5cm, cao 24.5cm v\u00e0 2 b\u00ean h\u00f4ng r\u1ed9ng 4.5cm, t\u00fai gi\u1ea5y b\u00e1nh m\u00ec ph\u00f9 h\u1ee3p \u0111\u1ec3 \u0111\u1ef1ng m\u1ed9t \u1ed5 b\u00e1nh m\u00ec, \u0111\u1ea3m b\u1ea3o b\u00e1nh \u0111\u01b0\u1ee3c b\u1ea3o qu\u1ea3n t\u1ed1t trong qu\u00e1 tr\u00ecnh v\u1eadn chuy\u1ec3n.<\/p>\n<h3>\u0110\u1eb7c \u0111i\u1ec3m c\u1ee7a t\u00fai gi\u1ea5y b\u00e1nh m\u00ec<\/h3>\n<p><strong>Ch\u1ea5t li\u1ec7u an to\u00e0n v\u00e0 th\u00e2n thi\u1ec7n m\u00f4i tr\u01b0\u1eddng<\/strong><\/p>\n<p>T\u00fai b\u00e1nh m\u00ec \u0111\u01b0\u1ee3c l\u00e0m t\u1eeb gi\u1ea5y an to\u00e0n s\u1eed d\u1ee5ng cho th\u1ef1c ph\u1ea9m, \u0111\u1ea3m b\u1ea3o kh\u00f4ng c\u00f3 h\u1ea1i cho s\u1ee9c kh\u1ecfe ng\u01b0\u1eddi ti\u00eau d\u00f9ng. Ngo\u00e0i ra, vi\u1ec7c s\u1eed d\u1ee5ng gi\u1ea5y c\u0169ng gi\u00fap gi\u1ea3m thi\u1ec3u r\u00e1c th\u1ea3i nh\u1ef1a, h\u01b0\u1edbng \u0111\u1ebfn m\u1ed9t m\u00f4i tr\u01b0\u1eddng s\u1ed1ng xanh s\u1ea1ch h\u01a1n.<\/p>\n<p><strong>Thi\u1ebft k\u1ebf kh\u00f4ng c\u00f3 quai x\u00e1ch<\/strong><\/p>\n<p>\u0110\u1ec3 t\u1ed1i \u01b0u h\u00f3a t\u00ednh n\u0103ng \u0111\u1ef1ng b\u00e1nh m\u00ec v\u00e0 gi\u1ea3m chi ph\u00ed s\u1ea3n xu\u1ea5t, t\u00fai gi\u1ea5y b\u00e1nh m\u00ec \u0111\u01b0\u1ee3c thi\u1ebft k\u1ebf kh\u00f4ng c\u00f3 quai x\u00e1ch. M\u1eb7c d\u00f9 v\u1eady, k\u00edch th\u01b0\u1edbc v\u00e0 h\u00ecnh d\u00e1ng c\u1ee7a t\u00fai \u0111\u1ea3m b\u1ea3o ng\u01b0\u1eddi d\u00f9ng c\u00f3 th\u1ec3 d\u1ec5 d\u00e0ng c\u1ea7m n\u1eafm v\u00e0 mang \u0111i m\u1ed9t c\u00e1ch ti\u1ec7n l\u1ee3i.<\/p>\n<h3>L\u1ee3i \u00edch khi s\u1eed d\u1ee5ng t\u00fai gi\u1ea5y b\u00e1nh m\u00ec<\/h3>\n<p>S\u1eed d\u1ee5ng t\u00fai gi\u1ea5y b\u00e1nh m\u00ec kh\u00f4ng ch\u1ec9 gi\u00fap b\u1ea3o v\u1ec7 b\u00e1nh m\u00ec kh\u1ecfi c\u00e1c y\u1ebfu t\u1ed1 b\u00ean ngo\u00e0i nh\u01b0 b\u1ee5i b\u1ea9n v\u00e0 vi khu\u1ea9n m\u00e0 c\u00f2n g\u00f3p ph\u1ea7n v\u00e0o vi\u1ec7c b\u1ea3o v\u1ec7 m\u00f4i tr\u01b0\u1eddng. T\u00fai gi\u1ea5y c\u00f3 th\u1ec3 ph\u00e2n h\u1ee7y sinh h\u1ecdc, kh\u00f4ng nh\u01b0 c\u00e1c lo\u1ea1i t\u00fai nh\u1ef1a, t\u1eeb \u0111\u00f3 gi\u1ea3m thi\u1ec3u \u00f4 nhi\u1ec5m m\u00f4i tr\u01b0\u1eddng.<\/p>\n","protected":false},"excerpt":{"rendered":"<p>K\u00edch th\u01b0\u1edbc 9.5&#215;4.5x24cm, \u0111\u1ecbnh l\u01b0\u1ee3ng gi\u1ea5y 50gsm. T\u00fai gi\u1ea5y b\u00e1nh m\u00ec kh\u00f4ng ch\u1ec9 gi\u00fap \u0111\u1ef1ng b\u00e1nh m\u00ec Vi\u1ec7t Nam m\u1ed9t c\u00e1ch ti\u1ec7n l\u1ee3i m\u00e0 c\u00f2n \u0111\u00f3ng g\u00f3p v\u00e0o vi\u1ec7c b\u1ea3o v\u1ec7 m\u00f4i tr\u01b0\u1eddng.<\/p>\n","protected":false},"featured_media":593,"template":"","meta":[],"product_brand":[],"product_cat":[72],"product_tag":[],"class_list":{"0":"post-592","1":"product","2":"type-product","3":"status-publish","4":"has-post-thumbnail","6":"product_cat-san-pham-tui-banh-mi","8":"first","9":"instock","10":"virtual","11":"product-type-simple"},"_links":{"self":[{"href":"https:\/\/tuibanhmidep.com\/bai-viet\/wp-json\/wp\/v2\/product\/592","targetHints":{"allow":["GET"]}}],"collection":[{"href":"https:\/\/tuibanhmidep.com\/bai-viet\/wp-json\/wp\/v2\/product"}],"about":[{"href":"https:\/\/tuibanhmidep.com\/bai-viet\/wp-json\/wp\/v2\/types\/product"}],"wp:featuredmedia":[{"embeddable":true,"href":"https:\/\/tuibanhmidep.com\/bai-viet\/wp-json\/wp\/v2\/media\/593"}],"wp:attachment":[{"href":"https:\/\/tuibanhmidep.com\/bai-viet\/wp-json\/wp\/v2\/media?parent=592"}],"wp:term":[{"taxonomy":"product_brand","embeddable":true,"href":"https:\/\/tuibanhmidep.com\/bai-viet\/wp-json\/wp\/v2\/product_brand?post=592"},{"taxonomy":"product_cat","embeddable":true,"href":"https:\/\/tuibanhmidep.com\/bai-viet\/wp-json\/wp\/v2\/product_cat?post=592"},{"taxonomy":"product_tag","embeddable":true,"href":"https:\/\/tuibanhmidep.com\/bai-viet\/wp-json\/wp\/v2\/product_tag?post=592"}],"curies":[{"name":"wp","href":"https:\/\/api.w.org\/{rel}","templated":true}]}}