{"id":588,"date":"2024-04-15T21:30:44","date_gmt":"2024-04-15T14:30:44","guid":{"rendered":"https:\/\/tuibanhmidep.com\/bai-viet\/shop\/in-4000-tui-giay-dung-banh-mi-giai-phap-tien-loi-va-than-thien-voi-moi-truong-skubmd_6335\/"},"modified":"2024-04-15T21:30:44","modified_gmt":"2024-04-15T14:30:44","slug":"in-4000-tui-giay-dung-banh-mi-giai-phap-tien-loi-va-than-thien-voi-moi-truong-skubmd_6335","status":"publish","type":"product","link":"https:\/\/tuibanhmidep.com\/bai-viet\/shop\/in-4000-tui-giay-dung-banh-mi-giai-phap-tien-loi-va-than-thien-voi-moi-truong-skubmd_6335\/","title":{"rendered":"In 4000 T\u00fai Gi\u1ea5y \u0110\u1ef1ng B\u00e1nh M\u00ec: Gi\u1ea3i Ph\u00e1p Ti\u1ec7n L\u1ee3i v\u00e0 Th\u00e2n Thi\u1ec7n V\u1edbi M\u00f4i Tr\u01b0\u1eddng (SKU:BMD_6335)"},"content":{"rendered":"<h2>T\u1ea1i Sao Ch\u1ecdn T\u00fai Gi\u1ea5y \u0110\u1ef1ng B\u00e1nh M\u00ec?<\/h2>\n<p><strong>L\u1ee3i \u00edch c\u1ee7a vi\u1ec7c s\u1eed d\u1ee5ng t\u00fai gi\u1ea5y trong \u0111\u00f3ng g\u00f3i th\u1ef1c ph\u1ea9m<\/strong><br \/>\nT\u00fai gi\u1ea5y \u0111\u1ef1ng b\u00e1nh m\u00ec l\u00e0 m\u1ed9t l\u1ef1a ch\u1ecdn tuy\u1ec7t v\u1eddi cho nh\u1eefng ai t\u00ecm ki\u1ebfm gi\u1ea3i ph\u00e1p \u0111\u00f3ng g\u00f3i th\u1ef1c ph\u1ea9m v\u1eeba an to\u00e0n v\u1eeba th\u00e2n thi\u1ec7n v\u1edbi m\u00f4i tr\u01b0\u1eddng. \u0110\u01b0\u1ee3c l\u00e0m t\u1eeb gi\u1ea5y an to\u00e0n s\u1eed d\u1ee5ng cho th\u1ef1c ph\u1ea9m, t\u00fai gi\u1ea5y \u0111\u1ea3m b\u1ea3o r\u1eb1ng s\u1ea3n ph\u1ea9m b\u00ean trong lu\u00f4n gi\u1eef \u0111\u01b0\u1ee3c \u0111\u1ed9 t\u01b0\u01a1i ngon v\u00e0 an to\u00e0n khi ti\u1ebfp x\u00fac v\u1edbi th\u1ef1c ph\u1ea9m.<\/p>\n<h3>\u0110\u1eb7c \u0111i\u1ec3m K\u1ef9 Thu\u1eadt c\u1ee7a T\u00fai Gi\u1ea5y \u0110\u1ef1ng B\u00e1nh M\u00ec<\/h3>\n<p><strong>K\u00edch th\u01b0\u1edbc v\u00e0 thi\u1ebft k\u1ebf c\u1ee7a t\u00fai gi\u1ea5y<\/strong><br \/>\nM\u1ed9t chi\u1ebfc t\u00fai gi\u1ea5y \u0111\u1ef1ng b\u00e1nh m\u00ec ti\u00eau chu\u1ea9n c\u00f3 k\u00edch th\u01b0\u1edbc kho\u1ea3ng ngang 9.5cm, cao 24.5cm v\u00e0 hai b\u00ean h\u00f4ng r\u1ed9ng 4.5cm. Thi\u1ebft k\u1ebf n\u00e0y ph\u00f9 h\u1ee3p \u0111\u1ec3 \u0111\u1ef1ng m\u1ed9t \u1ed5 b\u00e1nh m\u00ec Vi\u1ec7t Nam, m\u00e0 kh\u00f4ng c\u1ea7n \u0111\u1ebfn quai x\u00e1ch, l\u00e0m n\u1ed5i b\u1eadt v\u1ebb \u0111\u01a1n gi\u1ea3n nh\u01b0ng v\u00f4 c\u00f9ng ti\u1ec7n l\u1ee3i c\u1ee7a s\u1ea3n ph\u1ea9m.<\/p>\n<h3>\u01afu \u0110i\u1ec3m C\u1ee7a T\u00fai Gi\u1ea5y \u0110\u1ef1ng B\u00e1nh M\u00ec<\/h3>\n<p><strong>An to\u00e0n v\u00e0 th\u00e2n thi\u1ec7n m\u00f4i tr\u01b0\u1eddng<\/strong><br \/>\nM\u1ed9t trong nh\u1eefng \u01b0u \u0111i\u1ec3m l\u1edbn nh\u1ea5t c\u1ee7a t\u00fai gi\u1ea5y \u0111\u1ef1ng b\u00e1nh m\u00ec l\u00e0 t\u00ednh an to\u00e0n v\u00e0 th\u00e2n thi\u1ec7n v\u1edbi m\u00f4i tr\u01b0\u1eddng. T\u00fai gi\u1ea5y kh\u00f4ng ch\u1ec9 an to\u00e0n khi ti\u1ebfp x\u00fac tr\u1ef1c ti\u1ebfp v\u1edbi th\u1ef1c ph\u1ea9m m\u00e0 c\u00f2n c\u00f3 th\u1ec3 ph\u00e2n h\u1ee7y sinh h\u1ecdc, gi\u00fap gi\u1ea3m thi\u1ec3u t\u00e1c \u0111\u1ed9ng ti\u00eau c\u1ef1c \u0111\u1ebfn m\u00f4i tr\u01b0\u1eddng so v\u1edbi c\u00e1c lo\u1ea1i bao b\u00ec nh\u1ef1a.<\/p>\n<p><strong>C\u00e1c T\u00ean G\u1ecdi Kh\u00e1c C\u1ee7a T\u00fai Gi\u1ea5y \u0110\u1ef1ng B\u00e1nh M\u00ec<\/strong><br \/>\nNgo\u00e0i t\u00ean g\u1ecdi ph\u1ed5 bi\u1ebfn l\u00e0 t\u00fai gi\u1ea5y \u0111\u1ef1ng b\u00e1nh m\u00ec, s\u1ea3n ph\u1ea9m n\u00e0y c\u00f2n \u0111\u01b0\u1ee3c bi\u1ebft \u0111\u1ebfn v\u1edbi nhi\u1ec1u t\u00ean g\u1ecdi kh\u00e1c nh\u01b0 bao b\u00e1nh m\u00ec, gi\u1ea5y g\u00f3i b\u00e1nh m\u00ec, bao \u0111\u1ef1ng b\u00e1nh m\u00ec, l\u00e0m phong ph\u00fa th\u00eam s\u1ef1 l\u1ef1a ch\u1ecdn cho ng\u01b0\u1eddi ti\u00eau d\u00f9ng.<\/p>\n","protected":false},"excerpt":{"rendered":"<p>K\u00edch th\u01b0\u1edbc 9.5&#215;4.5x24cm, \u0111\u1ecbnh l\u01b0\u1ee3ng gi\u1ea5y 50gsm. Kh\u00e1m ph\u00e1 \u01b0u \u0111i\u1ec3m v\u01b0\u1ee3t tr\u1ed9i c\u1ee7a t\u00fai gi\u1ea5y \u0111\u1ef1ng b\u00e1nh m\u00ec trong b\u1ea3o qu\u1ea3n th\u1ef1c ph\u1ea9m v\u00e0 b\u1ea3o v\u1ec7 m\u00f4i tr\u01b0\u1eddng.<\/p>\n","protected":false},"featured_media":589,"template":"","meta":[],"product_brand":[],"product_cat":[72],"product_tag":[],"class_list":{"0":"post-588","1":"product","2":"type-product","3":"status-publish","4":"has-post-thumbnail","6":"product_cat-san-pham-tui-banh-mi","8":"first","9":"instock","10":"virtual","11":"product-type-simple"},"_links":{"self":[{"href":"https:\/\/tuibanhmidep.com\/bai-viet\/wp-json\/wp\/v2\/product\/588","targetHints":{"allow":["GET"]}}],"collection":[{"href":"https:\/\/tuibanhmidep.com\/bai-viet\/wp-json\/wp\/v2\/product"}],"about":[{"href":"https:\/\/tuibanhmidep.com\/bai-viet\/wp-json\/wp\/v2\/types\/product"}],"wp:featuredmedia":[{"embeddable":true,"href":"https:\/\/tuibanhmidep.com\/bai-viet\/wp-json\/wp\/v2\/media\/589"}],"wp:attachment":[{"href":"https:\/\/tuibanhmidep.com\/bai-viet\/wp-json\/wp\/v2\/media?parent=588"}],"wp:term":[{"taxonomy":"product_brand","embeddable":true,"href":"https:\/\/tuibanhmidep.com\/bai-viet\/wp-json\/wp\/v2\/product_brand?post=588"},{"taxonomy":"product_cat","embeddable":true,"href":"https:\/\/tuibanhmidep.com\/bai-viet\/wp-json\/wp\/v2\/product_cat?post=588"},{"taxonomy":"product_tag","embeddable":true,"href":"https:\/\/tuibanhmidep.com\/bai-viet\/wp-json\/wp\/v2\/product_tag?post=588"}],"curies":[{"name":"wp","href":"https:\/\/api.w.org\/{rel}","templated":true}]}}