{"id":580,"date":"2024-04-15T19:25:20","date_gmt":"2024-04-15T12:25:20","guid":{"rendered":"https:\/\/tuibanhmidep.com\/bai-viet\/shop\/in-6000-tui-giay-banh-mi-giai-phap-bao-quan-an-toan-va-tien-loi-cho-banh-mi-viet-nam-skubmd_7177\/"},"modified":"2024-04-15T19:25:20","modified_gmt":"2024-04-15T12:25:20","slug":"in-6000-tui-giay-banh-mi-giai-phap-bao-quan-an-toan-va-tien-loi-cho-banh-mi-viet-nam-skubmd_7177","status":"publish","type":"product","link":"https:\/\/tuibanhmidep.com\/bai-viet\/shop\/in-6000-tui-giay-banh-mi-giai-phap-bao-quan-an-toan-va-tien-loi-cho-banh-mi-viet-nam-skubmd_7177\/","title":{"rendered":"In 6000 T\u00fai Gi\u1ea5y B\u00e1nh M\u00ec &#8211; Gi\u1ea3i Ph\u00e1p B\u1ea3o Qu\u1ea3n An To\u00e0n V\u00e0 Ti\u1ec7n L\u1ee3i Cho B\u00e1nh M\u00ec Vi\u1ec7t Nam (SKU:BMD_7177)"},"content":{"rendered":"<h2>Gi\u1edbi thi\u1ec7u v\u1ec1 t\u00fai gi\u1ea5y \u0111\u1ef1ng b\u00e1nh m\u00ec<\/h2>\n<p>T\u00fai gi\u1ea5y b\u00e1nh m\u00ec l\u00e0 m\u1ed9t s\u1ea3n ph\u1ea9m kh\u00f4ng th\u1ec3 thi\u1ebfu trong cu\u1ed9c s\u1ed1ng h\u00e0ng ng\u00e0y c\u1ee7a ch\u00fang ta, nh\u1ea5t l\u00e0 \u0111\u1ed1i v\u1edbi nh\u1eefng ng\u01b0\u1eddi y\u00eau th\u00edch v\u0103n h\u00f3a \u1ea9m th\u1ef1c \u0111\u01b0\u1eddng ph\u1ed1 Vi\u1ec7t Nam. \u0110\u01b0\u1ee3c l\u00e0m t\u1eeb gi\u1ea5y an to\u00e0n s\u1eed d\u1ee5ng cho th\u1ef1c ph\u1ea9m, t\u00fai gi\u1ea5y n\u00e0y kh\u00f4ng ch\u1ec9 gi\u00fap b\u1ea3o qu\u1ea3n b\u00e1nh m\u00ec kh\u1ecfi c\u00e1c y\u1ebfu t\u1ed1 b\u00ean ngo\u00e0i m\u00e0 c\u00f2n g\u00f3p ph\u1ea7n b\u1ea3o v\u1ec7 m\u00f4i tr\u01b0\u1eddng nh\u1edd t\u00ednh ch\u1ea5t d\u1ec5 ph\u00e2n h\u1ee7y c\u1ee7a gi\u1ea5y.<\/p>\n<h3>\u0110\u1eb7c \u0111i\u1ec3m c\u1ee7a t\u00fai gi\u1ea5y b\u00e1nh m\u00ec<\/h3>\n<p>M\u1ed9t t\u00fai gi\u1ea5y b\u00e1nh m\u00ec ti\u00eau chu\u1ea9n c\u00f3 k\u00edch th\u01b0\u1edbc ngang kho\u1ea3ng 9.5 cm, cao 24.5 cm v\u00e0 m\u1ed7i b\u00ean h\u00f4ng r\u1ed9ng 4.5 cm, ch\u00ednh x\u00e1c l\u00e0 k\u00edch th\u01b0\u1edbc \u0111\u1ec3 \u0111\u1ef1ng v\u1eeba v\u1eb7n m\u1ed9t \u1ed5 b\u00e1nh m\u00ec Vi\u1ec7t Nam. T\u00fai n\u00e0y th\u01b0\u1eddng kh\u00f4ng c\u00f3 quai x\u00e1ch, thi\u1ebft k\u1ebf \u0111\u01a1n gi\u1ea3n nh\u01b0ng v\u00f4 c\u00f9ng ti\u1ec7n l\u1ee3i. M\u1eb7c d\u00f9 l\u00e0 m\u1ed9t v\u1eadt d\u1ee5ng d\u00f9ng m\u1ed9t l\u1ea7n, nh\u01b0ng b\u1edfi v\u00ec \u0111\u01b0\u1ee3c l\u00e0m t\u1eeb gi\u1ea5y, t\u00fai gi\u1ea5y b\u00e1nh m\u00ec c\u00f3 th\u1ec3 d\u1ec5 d\u00e0ng \u0111\u01b0\u1ee3c t\u00e1i ch\u1ebf ho\u1eb7c ph\u00e2n h\u1ee7y t\u1ef1 nhi\u00ean, gi\u1ea3m thi\u1ec3u t\u00e1c \u0111\u1ed9ng \u0111\u1ebfn m\u00f4i tr\u01b0\u1eddng.<\/p>\n<p><strong>C\u00e1c t\u00ean g\u1ecdi kh\u00e1c c\u1ee7a t\u00fai gi\u1ea5y b\u00e1nh m\u00ec<\/strong><\/p>\n<p>Ngo\u00e0i t\u00ean g\u1ecdi ph\u1ed5 bi\u1ebfn l\u00e0 t\u00fai gi\u1ea5y b\u00e1nh m\u00ec, s\u1ea3n ph\u1ea9m n\u00e0y c\u00f2n \u0111\u01b0\u1ee3c bi\u1ebft \u0111\u1ebfn v\u1edbi nhi\u1ec1u t\u00ean g\u1ecdi kh\u00e1c nh\u01b0 bao b\u00e1nh m\u00ec, gi\u1ea5y g\u00f3i b\u00e1nh m\u00ec, t\u00fai gi\u1ea5y \u0111\u1ef1ng b\u00e1nh m\u00ec. M\u1ed7i t\u00ean g\u1ecdi \u0111\u1ec1u ph\u1ea3n \u00e1nh m\u1ed9t kh\u00eda c\u1ea1nh c\u1ee7a s\u1ea3n ph\u1ea9m n\u00e0y, t\u1eeb ch\u1ee9c n\u0103ng ch\u00ednh l\u00e0 \u0111\u1ef1ng b\u00e1nh m\u00ec \u0111\u1ebfn v\u1eadt li\u1ec7u ch\u00ednh t\u1ea1o n\u00ean s\u1ea3n ph\u1ea9m l\u00e0 gi\u1ea5y.<\/p>\n<h3>T\u1ea1i sao n\u00ean s\u1eed d\u1ee5ng t\u00fai gi\u1ea5y \u0111\u1ef1ng b\u00e1nh m\u00ec?<\/h3>\n<p>T\u00fai gi\u1ea5y \u0111\u1ef1ng b\u00e1nh m\u00ec kh\u00f4ng ch\u1ec9 l\u00e0 m\u1ed9t l\u1ef1a ch\u1ecdn th\u00e2n thi\u1ec7n v\u1edbi m\u00f4i tr\u01b0\u1eddng m\u00e0 c\u00f2n \u0111\u1ea3m b\u1ea3o an to\u00e0n v\u1ec7 sinh th\u1ef1c ph\u1ea9m. S\u1eed d\u1ee5ng t\u00fai gi\u1ea5y trong vi\u1ec7c \u0111\u1ef1ng b\u00e1nh m\u00ec gi\u00fap gi\u1ea3m thi\u1ec3u s\u1ef1 ti\u1ebfp x\u00fac tr\u1ef1c ti\u1ebfp c\u1ee7a b\u00e1nh m\u00ec v\u1edbi m\u00f4i tr\u01b0\u1eddng b\u00ean ngo\u00e0i, gi\u1ea3m nguy c\u01a1 \u00f4 nhi\u1ec5m v\u00e0 b\u1ea3o qu\u1ea3n b\u00e1nh m\u00ec trong th\u1eddi gian d\u00e0i h\u01a1n so v\u1edbi c\u00e1c lo\u1ea1i bao b\u00ec kh\u00e1c kh\u00f4ng d\u00e0nh ri\u00eang cho th\u1ef1c ph\u1ea9m. V\u1edbi nh\u1eefng t\u00ednh n\u0103ng \u01b0u vi\u1ec7t n\u00e0y, t\u00fai gi\u1ea5y b\u00e1nh m\u00ec \u0111\u00e3 tr\u1edf th\u00e0nh m\u1ed9t ph\u1ea7n kh\u00f4ng th\u1ec3 thi\u1ebfu trong cu\u1ed9c s\u1ed1ng h\u00e0ng ng\u00e0y c\u1ee7a nhi\u1ec1u gia \u0111\u00ecnh, c\u1eeda h\u00e0ng th\u1ef1c ph\u1ea9m, v\u00e0 c\u00e1c qu\u00e1n \u0103n nhanh t\u1ea1i Vi\u1ec7t Nam.<\/p>\n","protected":false},"excerpt":{"rendered":"<p>K\u00edch th\u01b0\u1edbc 9.5&#215;4.5x24cm, \u0111\u1ecbnh l\u01b0\u1ee3ng gi\u1ea5y 50gsm. T\u00ecm hi\u1ec3u v\u1ec1 t\u00fai gi\u1ea5y \u0111\u1ef1ng b\u00e1nh m\u00ec: m\u1ed9t ph\u01b0\u01a1ng th\u1ee9c b\u1ea3o qu\u1ea3n b\u00e1nh m\u00ec an to\u00e0n v\u00e0 th\u00e2n thi\u1ec7n v\u1edbi m\u00f4i tr\u01b0\u1eddng, ph\u00f9 h\u1ee3p cho m\u1ecdi nhu c\u1ea7u h\u00e0ng ng\u00e0y.<\/p>\n","protected":false},"featured_media":581,"template":"","meta":[],"product_brand":[],"product_cat":[72],"product_tag":[],"class_list":{"0":"post-580","1":"product","2":"type-product","3":"status-publish","4":"has-post-thumbnail","6":"product_cat-san-pham-tui-banh-mi","8":"first","9":"instock","10":"virtual","11":"product-type-simple"},"_links":{"self":[{"href":"https:\/\/tuibanhmidep.com\/bai-viet\/wp-json\/wp\/v2\/product\/580","targetHints":{"allow":["GET"]}}],"collection":[{"href":"https:\/\/tuibanhmidep.com\/bai-viet\/wp-json\/wp\/v2\/product"}],"about":[{"href":"https:\/\/tuibanhmidep.com\/bai-viet\/wp-json\/wp\/v2\/types\/product"}],"wp:featuredmedia":[{"embeddable":true,"href":"https:\/\/tuibanhmidep.com\/bai-viet\/wp-json\/wp\/v2\/media\/581"}],"wp:attachment":[{"href":"https:\/\/tuibanhmidep.com\/bai-viet\/wp-json\/wp\/v2\/media?parent=580"}],"wp:term":[{"taxonomy":"product_brand","embeddable":true,"href":"https:\/\/tuibanhmidep.com\/bai-viet\/wp-json\/wp\/v2\/product_brand?post=580"},{"taxonomy":"product_cat","embeddable":true,"href":"https:\/\/tuibanhmidep.com\/bai-viet\/wp-json\/wp\/v2\/product_cat?post=580"},{"taxonomy":"product_tag","embeddable":true,"href":"https:\/\/tuibanhmidep.com\/bai-viet\/wp-json\/wp\/v2\/product_tag?post=580"}],"curies":[{"name":"wp","href":"https:\/\/api.w.org\/{rel}","templated":true}]}}