{"id":564,"date":"2024-04-15T15:12:12","date_gmt":"2024-04-15T08:12:12","guid":{"rendered":"https:\/\/tuibanhmidep.com\/bai-viet\/shop\/in-4000-tui-giay-banh-mi-giai-phap-ly-tuong-bao-quan-va-van-chuyen-banh-mi-viet-nam-skubmd_988\/"},"modified":"2024-04-15T15:12:12","modified_gmt":"2024-04-15T08:12:12","slug":"in-4000-tui-giay-banh-mi-giai-phap-ly-tuong-bao-quan-va-van-chuyen-banh-mi-viet-nam-skubmd_988","status":"publish","type":"product","link":"https:\/\/tuibanhmidep.com\/bai-viet\/shop\/in-4000-tui-giay-banh-mi-giai-phap-ly-tuong-bao-quan-va-van-chuyen-banh-mi-viet-nam-skubmd_988\/","title":{"rendered":"In 4000 T\u00fai Gi\u1ea5y B\u00e1nh M\u00ec: Gi\u1ea3i Ph\u00e1p L\u00fd T\u01b0\u1edfng B\u1ea3o Qu\u1ea3n V\u00e0 V\u1eadn Chuy\u1ec3n B\u00e1nh M\u00ec Vi\u1ec7t Nam (SKU:BMD_988)"},"content":{"rendered":"<h2>T\u1ea1i Sao N\u00ean S\u1eed D\u1ee5ng T\u00fai Gi\u1ea5y \u0110\u1ec3 \u0110\u1ef1ng B\u00e1nh M\u00ec?<\/h2>\n<p><strong>Thi\u1ebft k\u1ebf v\u00e0 ch\u1ee9c n\u0103ng c\u1ee7a t\u00fai gi\u1ea5y b\u00e1nh m\u00ec<\/strong><br \/>\nT\u00fai gi\u1ea5y b\u00e1nh m\u00ec \u0111\u01b0\u1ee3c thi\u1ebft k\u1ebf \u0111\u1eb7c bi\u1ec7t \u0111\u1ec3 ph\u1ee5c v\u1ee5 nhu c\u1ea7u \u0111\u1ef1ng b\u00e1nh m\u00ec Vi\u1ec7t Nam m\u1ed9t c\u00e1ch an to\u00e0n v\u00e0 ti\u1ec7n l\u1ee3i. V\u1edbi k\u00edch th\u01b0\u1edbc chu\u1ea9n l\u00e0 ngang 9.5 cm, cao 24.5 cm v\u00e0 m\u1ed7i b\u00ean h\u00f4ng r\u1ed9ng 4.5 cm, t\u00fai n\u00e0y ph\u00f9 h\u1ee3p v\u1edbi k\u00edch th\u01b0\u1edbc ti\u00eau chu\u1ea9n c\u1ee7a m\u1ed9t \u1ed5 b\u00e1nh m\u00ec Vi\u1ec7t Nam. Kh\u00f4ng ch\u1ec9 gi\u1eef cho b\u00e1nh m\u00ec \u0111\u01b0\u1ee3c s\u1ea1ch s\u1ebd v\u00e0 ngon mi\u1ec7ng trong qu\u00e1 tr\u00ecnh v\u1eadn chuy\u1ec3n, t\u00fai gi\u1ea5y c\u00f2n l\u00e0 l\u1ef1a ch\u1ecdn th\u00e2n thi\u1ec7n v\u1edbi m\u00f4i tr\u01b0\u1eddng nh\u1edd v\u00e0o t\u00ednh ph\u00e2n h\u1ee7y sinh h\u1ecdc cao c\u1ee7a n\u00f3.<\/p>\n<h3>\u01afu \u0110i\u1ec3m V\u01b0\u1ee3t Tr\u1ed9i C\u1ee7a T\u00fai Gi\u1ea5y \u0110\u1ef1ng B\u00e1nh M\u00ec<\/h3>\n<p>T\u00fai gi\u1ea5y kh\u00f4ng ch\u1ec9 d\u00f9ng \u0111\u1ec3 \u0111\u1ef1ng b\u00e1nh m\u00ec m\u00e0 c\u00f2n g\u00f3p ph\u1ea7n b\u1ea3o v\u1ec7 m\u00f4i tr\u01b0\u1eddng. \u0110\u01b0\u1ee3c l\u00e0m t\u1eeb ch\u1ea5t li\u1ec7u gi\u1ea5y an to\u00e0n cho th\u1ef1c ph\u1ea9m, t\u00fai gi\u1ea5y \u0111\u1ea3m b\u1ea3o kh\u00f4ng g\u00e2y h\u1ea1i cho s\u1ee9c kh\u1ecfe ng\u01b0\u1eddi ti\u00eau d\u00f9ng. Ngo\u00e0i ra, s\u1ef1 \u0111\u01a1n gi\u1ea3n nh\u01b0ng hi\u1ec7u qu\u1ea3 c\u1ee7a t\u00fai gi\u1ea5y trong vi\u1ec7c gi\u1eef g\u00ecn h\u01b0\u01a1ng v\u1ecb c\u1ee7a b\u00e1nh m\u00ec l\u00e0 m\u1ed9t l\u1ee3i th\u1ebf kh\u00f4ng th\u1ec3 ph\u1ee7 nh\u1eadn. T\u00fai n\u00e0y c\u0169ng kh\u00f4ng c\u00f3 quai x\u00e1ch, gi\u00fap ti\u1ebft ki\u1ec7m kh\u00f4ng gian khi x\u1ebfp ch\u1ed3ng v\u00e0 d\u1ec5 d\u00e0ng trong qu\u00e1 tr\u00ecnh ph\u00e2n ph\u1ed1i v\u00e0 b\u00e1n l\u1ebb.<\/p>\n<p><strong>K\u1ebft h\u1ee3p gi\u1eefa truy\u1ec1n th\u1ed1ng v\u00e0 hi\u1ec7n \u0111\u1ea1i<\/strong><br \/>\nTrong khi gi\u1eef g\u00ecn nh\u1eefng gi\u00e1 tr\u1ecb truy\u1ec1n th\u1ed1ng c\u1ee7a c\u00e1ch g\u00f3i b\u00e1nh m\u00ec, t\u00fai gi\u1ea5y \u0111\u01b0a v\u00e0o s\u1eed d\u1ee5ng c\u00f4ng ngh\u1ec7 hi\u1ec7n \u0111\u1ea1i \u0111\u1ec3 t\u1ed1i \u01b0u h\u00f3a ch\u1ea5t l\u01b0\u1ee3ng b\u1ea3o qu\u1ea3n. T\u00fai gi\u1ea5y cho b\u00e1nh m\u00ec kh\u00f4ng ch\u1ec9 \u0111\u01a1n gi\u1ea3n l\u00e0 m\u1ed9t ph\u01b0\u01a1ng ti\u1ec7n ch\u1ee9a \u0111\u1ef1ng, m\u00e0 c\u00f2n l\u00e0 m\u1ed9t bi\u1ec3u t\u01b0\u1ee3ng c\u1ee7a vi\u1ec7c ti\u1ebfp c\u1eadn m\u1ed9t c\u00e1ch c\u00f3 \u00fd th\u1ee9c h\u01a1n \u0111\u1ed1i v\u1edbi m\u00f4i tr\u01b0\u1eddng v\u00e0 s\u1ee9c kh\u1ecfe c\u1ed9ng \u0111\u1ed3ng.<\/p>\n<h3>L\u00fd Do Kh\u00f4ng Th\u1ec3 B\u1ecf Qua T\u00fai Gi\u1ea5y Khi \u0110\u1ef1ng B\u00e1nh M\u00ec<\/h3>\n<p>S\u1eed d\u1ee5ng t\u00fai gi\u1ea5y l\u00e0 m\u1ed9t c\u00e1ch ti\u1ebfp c\u1eadn c\u00f3 tr\u00e1ch nhi\u1ec7m \u0111\u1ed1i v\u1edbi m\u00f4i tr\u01b0\u1eddng. Kh\u00f4ng ch\u1ec9 gi\u00fap gi\u1ea3m thi\u1ec3u r\u00e1c th\u1ea3i nh\u1ef1a, vi\u1ec7c chuy\u1ec3n sang s\u1eed d\u1ee5ng t\u00fai gi\u1ea5y c\u00f2n th\u1ec3 hi\u1ec7n cam k\u1ebft v\u1ec1 m\u1ed9t h\u00e0nh tinh xanh s\u1ea1ch h\u01a1n. \u0110\u1ed3ng th\u1eddi, t\u00fai gi\u1ea5y c\u00f2n mang \u0111\u1ebfn cho ng\u01b0\u1eddi ti\u00eau d\u00f9ng c\u1ea3m gi\u00e1c tin t\u01b0\u1edfng v\u00e0 an t\u00e2m v\u1ec1 v\u1ec7 sinh th\u1ef1c ph\u1ea9m m\u00e0 h\u1ecd ti\u00eau th\u1ee5.<\/p>\n","protected":false},"excerpt":{"rendered":"<p>K\u00edch th\u01b0\u1edbc 9.5&#215;4.5x24cm, \u0111\u1ecbnh l\u01b0\u1ee3ng gi\u1ea5y 50gsm. T\u00fai gi\u1ea5y \u0111\u1ef1ng b\u00e1nh m\u00ec l\u00e0 m\u1ed9t ph\u01b0\u01a1ng ti\u1ec7n hi\u1ec7u qu\u1ea3 v\u00e0 th\u00e2n thi\u1ec7n v\u1edbi m\u00f4i tr\u01b0\u1eddng cho vi\u1ec7c b\u1ea3o qu\u1ea3n v\u00e0 v\u1eadn chuy\u1ec3n b\u00e1nh m\u00ec Vi\u1ec7t Nam.<\/p>\n","protected":false},"featured_media":565,"template":"","meta":[],"product_brand":[],"product_cat":[72],"product_tag":[],"class_list":{"0":"post-564","1":"product","2":"type-product","3":"status-publish","4":"has-post-thumbnail","6":"product_cat-san-pham-tui-banh-mi","8":"first","9":"instock","10":"virtual","11":"product-type-simple"},"_links":{"self":[{"href":"https:\/\/tuibanhmidep.com\/bai-viet\/wp-json\/wp\/v2\/product\/564","targetHints":{"allow":["GET"]}}],"collection":[{"href":"https:\/\/tuibanhmidep.com\/bai-viet\/wp-json\/wp\/v2\/product"}],"about":[{"href":"https:\/\/tuibanhmidep.com\/bai-viet\/wp-json\/wp\/v2\/types\/product"}],"wp:featuredmedia":[{"embeddable":true,"href":"https:\/\/tuibanhmidep.com\/bai-viet\/wp-json\/wp\/v2\/media\/565"}],"wp:attachment":[{"href":"https:\/\/tuibanhmidep.com\/bai-viet\/wp-json\/wp\/v2\/media?parent=564"}],"wp:term":[{"taxonomy":"product_brand","embeddable":true,"href":"https:\/\/tuibanhmidep.com\/bai-viet\/wp-json\/wp\/v2\/product_brand?post=564"},{"taxonomy":"product_cat","embeddable":true,"href":"https:\/\/tuibanhmidep.com\/bai-viet\/wp-json\/wp\/v2\/product_cat?post=564"},{"taxonomy":"product_tag","embeddable":true,"href":"https:\/\/tuibanhmidep.com\/bai-viet\/wp-json\/wp\/v2\/product_tag?post=564"}],"curies":[{"name":"wp","href":"https:\/\/api.w.org\/{rel}","templated":true}]}}