{"id":552,"date":"2024-04-15T12:03:22","date_gmt":"2024-04-15T05:03:22","guid":{"rendered":"https:\/\/tuibanhmidep.com\/bai-viet\/shop\/in-60000-tui-giay-dung-banh-mi-lua-chon-than-thien-moi-truong-va-tien-loi-skubmd_849\/"},"modified":"2024-04-15T12:03:22","modified_gmt":"2024-04-15T05:03:22","slug":"in-60000-tui-giay-dung-banh-mi-lua-chon-than-thien-moi-truong-va-tien-loi-skubmd_849","status":"publish","type":"product","link":"https:\/\/tuibanhmidep.com\/bai-viet\/shop\/in-60000-tui-giay-dung-banh-mi-lua-chon-than-thien-moi-truong-va-tien-loi-skubmd_849\/","title":{"rendered":"In 60000 T\u00fai Gi\u1ea5y \u0110\u1ef1ng B\u00e1nh M\u00ec: L\u1ef1a Ch\u1ecdn Th\u00e2n Thi\u1ec7n M\u00f4i Tr\u01b0\u1eddng v\u00e0 Ti\u1ec7n L\u1ee3i (SKU:BMD_849)"},"content":{"rendered":"<h2>Gi\u1edbi Thi\u1ec7u V\u1ec1 T\u00fai Gi\u1ea5y \u0110\u1ef1ng B\u00e1nh M\u00ec<\/h2>\n<p><strong>Kh\u00e1m ph\u00e1 T\u00fai Gi\u1ea5y \u0110\u1ef1ng B\u00e1nh M\u00ec<\/strong> &#8211; m\u1ed9t l\u1ef1a ch\u1ecdn b\u1ec1n v\u1eefng cho cu\u1ed9c s\u1ed1ng h\u00e0ng ng\u00e0y. T\u00fai gi\u1ea5y \u0111\u1ef1ng b\u00e1nh m\u00ec kh\u00f4ng ch\u1ec9 l\u00e0 m\u1ed9t ph\u01b0\u01a1ng ti\u1ec7n \u0111\u1ec3 \u0111\u1ef1ng th\u1ef1c ph\u1ea9m m\u00e0 c\u00f2n th\u1ec3 hi\u1ec7n s\u1ef1 quan t\u00e2m \u0111\u1ebfn m\u00f4i tr\u01b0\u1eddng. S\u1ea3n ph\u1ea9m n\u00e0y \u0111\u01b0\u1ee3c l\u00e0m ho\u00e0n to\u00e0n t\u1eeb gi\u1ea5y an to\u00e0n cho th\u1ef1c ph\u1ea9m, \u0111\u1ea3m b\u1ea3o kh\u00f4ng \u1ea3nh h\u01b0\u1edfng \u0111\u1ebfn s\u1ee9c kh\u1ecfe ng\u01b0\u1eddi ti\u00eau d\u00f9ng.<\/p>\n<h3>T\u00ednh Th\u00e2n Thi\u1ec7n M\u00f4i Tr\u01b0\u1eddng c\u1ee7a T\u00fai Gi\u1ea5y<\/h3>\n<p>T\u00fai gi\u1ea5y \u0111\u1ef1ng b\u00e1nh m\u00ec \u0111\u01b0\u1ee3c s\u1ea3n xu\u1ea5t t\u1eeb ngu\u1ed3n nguy\u00ean li\u1ec7u t\u00e1i ch\u1ebf, gi\u00fap gi\u1ea3m thi\u1ec3u r\u00e1c th\u1ea3i nh\u1ef1a v\u00e0 t\u00e1c \u0111\u1ed9ng x\u1ea5u \u0111\u1ebfn m\u00f4i tr\u01b0\u1eddng. S\u1eed d\u1ee5ng t\u00fai gi\u1ea5y kh\u00f4ng ch\u1ec9 gi\u00fap b\u1ea3o v\u1ec7 tr\u00e1i \u0111\u1ea5t m\u00e0 c\u00f2n g\u00f3p ph\u1ea7n n\u00e2ng cao nh\u1eadn th\u1ee9c v\u1ec1 m\u00f4i tr\u01b0\u1eddng s\u1ed1ng trong c\u1ed9ng \u0111\u1ed3ng.<\/p>\n<h3>Thi\u1ebft K\u1ebf v\u00e0 K\u00edch Th\u01b0\u1edbc C\u1ee7a T\u00fai Gi\u1ea5y<\/h3>\n<p>V\u1ec1 m\u1eb7t thi\u1ebft k\u1ebf, t\u00fai gi\u1ea5y \u0111\u1ef1ng b\u00e1nh m\u00ec th\u01b0\u1eddng kh\u00f4ng c\u00f3 quai x\u00e1ch, t\u1ea1o \u0111i\u1ec1u ki\u1ec7n thu\u1eadn l\u1ee3i cho vi\u1ec7c \u0111\u1ef1ng v\u00e0 b\u1ea3o qu\u1ea3n b\u00e1nh m\u00ec m\u1ed9t c\u00e1ch d\u1ec5 d\u00e0ng. K\u00edch th\u01b0\u1edbc c\u1ee7a t\u00fai gi\u1ea5y th\u01b0\u1eddng l\u00e0 9.5 cm ngang, 24.5 cm cao v\u00e0 m\u1ed7i b\u00ean h\u00f4ng r\u1ed9ng 4.5 cm, \u0111\u1ee7 r\u1ed9ng \u0111\u1ec3 \u0111\u1ef1ng m\u1ed9t \u1ed5 b\u00e1nh m\u00ec Vi\u1ec7t Nam m\u00e0 kh\u00f4ng l\u00e0m \u1ea3nh h\u01b0\u1edfng \u0111\u1ebfn h\u00ecnh d\u00e1ng hay ch\u1ea5t l\u01b0\u1ee3ng c\u1ee7a b\u00e1nh.<\/p>\n<p><strong>\u0110a D\u1ea1ng Trong C\u00e1ch S\u1eed D\u1ee5ng<\/strong><br \/>\nT\u00fai gi\u1ea5y \u0111\u1ef1ng b\u00e1nh m\u00ec kh\u00f4ng ch\u1ec9 d\u00f9ng \u0111\u1ec3 \u0111\u1ef1ng b\u00e1nh m\u00ec m\u00e0 c\u00f2n c\u00f3 th\u1ec3 s\u1eed d\u1ee5ng \u0111\u1ec3 \u0111\u1ef1ng c\u00e1c lo\u1ea1i th\u1ef1c ph\u1ea9m kh\u00e1c. Nh\u1edd t\u00ednh n\u0103ng an to\u00e0n v\u1edbi th\u1ef1c ph\u1ea9m, t\u00fai gi\u1ea5y tr\u1edf th\u00e0nh m\u1ed9t l\u1ef1a ch\u1ecdn \u0111a d\u1ee5ng cho nhi\u1ec1u ho\u00e0n c\u1ea3nh kh\u00e1c nhau, t\u1eeb c\u1eeda h\u00e0ng th\u1ef1c ph\u1ea9m t\u1edbi c\u00e1c s\u1ef1 ki\u1ec7n ngo\u00e0i tr\u1eddi.<\/p>\n<h3>An To\u00e0n v\u00e0 S\u1ea1ch S\u1ebd<\/h3>\n<p>T\u00fai gi\u1ea5y \u0111\u1ef1ng b\u00e1nh m\u00ec \u0111\u1ea3m b\u1ea3o ti\u00eau chu\u1ea9n v\u1ec7 sinh cao, kh\u00f4ng ch\u1ec9 gi\u00fap b\u1ea3o qu\u1ea3n b\u00e1nh m\u00ec trong \u0111i\u1ec1u ki\u1ec7n t\u1ed1t nh\u1ea5t m\u00e0 c\u00f2n gi\u00fap ng\u01b0\u1eddi d\u00f9ng c\u1ea3m th\u1ea5y an t\u00e2m khi ti\u00eau th\u1ee5 s\u1ea3n ph\u1ea9m. Vi\u1ec7c s\u1eed d\u1ee5ng gi\u1ea5y l\u00e0m t\u1eeb ch\u1ea5t li\u1ec7u an to\u00e0n cho th\u1ef1c ph\u1ea9m c\u0169ng g\u00f3p ph\u1ea7n quan tr\u1ecdng trong vi\u1ec7c duy tr\u00ec ch\u1ea5t l\u01b0\u1ee3ng v\u00e0 h\u01b0\u01a1ng v\u1ecb c\u1ee7a b\u00e1nh m\u00ec.<\/p>\n","protected":false},"excerpt":{"rendered":"<p>K\u00edch th\u01b0\u1edbc 9.5&#215;4.5x24cm, \u0111\u1ecbnh l\u01b0\u1ee3ng gi\u1ea5y 50gsm. Khai th\u00e1c t\u00ednh th\u00e2n thi\u1ec7n v\u1edbi m\u00f4i tr\u01b0\u1eddng v\u00e0 s\u1ef1 ti\u1ec7n l\u1ee3i c\u1ee7a t\u00fai gi\u1ea5y \u0111\u1ef1ng b\u00e1nh m\u00ec, m\u1ed9t gi\u1ea3i ph\u00e1p ho\u00e0n h\u1ea3o cho nh\u1eefng ai y\u00eau th\u00edch b\u00e1nh m\u00ec truy\u1ec1n th\u1ed1ng Vi\u1ec7t Nam.<\/p>\n","protected":false},"featured_media":553,"template":"","meta":[],"product_brand":[],"product_cat":[72],"product_tag":[],"class_list":{"0":"post-552","1":"product","2":"type-product","3":"status-publish","4":"has-post-thumbnail","6":"product_cat-san-pham-tui-banh-mi","8":"first","9":"instock","10":"virtual","11":"product-type-simple"},"_links":{"self":[{"href":"https:\/\/tuibanhmidep.com\/bai-viet\/wp-json\/wp\/v2\/product\/552","targetHints":{"allow":["GET"]}}],"collection":[{"href":"https:\/\/tuibanhmidep.com\/bai-viet\/wp-json\/wp\/v2\/product"}],"about":[{"href":"https:\/\/tuibanhmidep.com\/bai-viet\/wp-json\/wp\/v2\/types\/product"}],"wp:featuredmedia":[{"embeddable":true,"href":"https:\/\/tuibanhmidep.com\/bai-viet\/wp-json\/wp\/v2\/media\/553"}],"wp:attachment":[{"href":"https:\/\/tuibanhmidep.com\/bai-viet\/wp-json\/wp\/v2\/media?parent=552"}],"wp:term":[{"taxonomy":"product_brand","embeddable":true,"href":"https:\/\/tuibanhmidep.com\/bai-viet\/wp-json\/wp\/v2\/product_brand?post=552"},{"taxonomy":"product_cat","embeddable":true,"href":"https:\/\/tuibanhmidep.com\/bai-viet\/wp-json\/wp\/v2\/product_cat?post=552"},{"taxonomy":"product_tag","embeddable":true,"href":"https:\/\/tuibanhmidep.com\/bai-viet\/wp-json\/wp\/v2\/product_tag?post=552"}],"curies":[{"name":"wp","href":"https:\/\/api.w.org\/{rel}","templated":true}]}}