{"id":548,"date":"2024-04-15T11:00:59","date_gmt":"2024-04-15T04:00:59","guid":{"rendered":"https:\/\/tuibanhmidep.com\/bai-viet\/shop\/in-5000-tui-giay-banh-mi-lua-chon-than-thien-moi-truong-va-tien-loi-cho-banh-mi-viet-nam-skubmd_159\/"},"modified":"2024-04-15T11:00:59","modified_gmt":"2024-04-15T04:00:59","slug":"in-5000-tui-giay-banh-mi-lua-chon-than-thien-moi-truong-va-tien-loi-cho-banh-mi-viet-nam-skubmd_159","status":"publish","type":"product","link":"https:\/\/tuibanhmidep.com\/bai-viet\/shop\/in-5000-tui-giay-banh-mi-lua-chon-than-thien-moi-truong-va-tien-loi-cho-banh-mi-viet-nam-skubmd_159\/","title":{"rendered":"In 5000 T\u00fai Gi\u1ea5y B\u00e1nh M\u00ec: L\u1ef1a Ch\u1ecdn Th\u00e2n Thi\u1ec7n M\u00f4i Tr\u01b0\u1eddng v\u00e0 Ti\u1ec7n L\u1ee3i Cho B\u00e1nh M\u00ec Vi\u1ec7t Nam (SKU:BMD_159)"},"content":{"rendered":"<h2>T\u1ea7m Quan Tr\u1ecdng C\u1ee7a Vi\u1ec7c S\u1eed D\u1ee5ng T\u00fai Gi\u1ea5y B\u00e1nh M\u00ec<\/h2>\n<p>T\u00fai gi\u1ea5y \u0111\u1ef1ng b\u00e1nh m\u00ec kh\u00f4ng ch\u1ec9 l\u00e0 m\u1ed9t c\u00f4ng c\u1ee5 \u0111\u01a1n gi\u1ea3n \u0111\u1ec3 ch\u1ee9a \u0111\u1ef1ng th\u1ef1c ph\u1ea9m. N\u00f3 c\u00f2n l\u00e0 m\u1ed9t bi\u1ec3u t\u01b0\u1ee3ng c\u1ee7a s\u1ef1 quan t\u00e2m \u0111\u1ebfn m\u00f4i tr\u01b0\u1eddng v\u00e0 s\u1ee9c kh\u1ecfe ng\u01b0\u1eddi ti\u00eau d\u00f9ng. S\u1eed d\u1ee5ng gi\u1ea5y an to\u00e0n cho th\u1ef1c ph\u1ea9m, t\u00fai gi\u1ea5y b\u00e1nh m\u00ec \u0111\u1ea3m b\u1ea3o r\u1eb1ng b\u1ea1n c\u00f3 th\u1ec3 th\u01b0\u1edfng th\u1ee9c b\u00e1nh m\u00ec c\u1ee7a m\u00ecnh m\u00e0 kh\u00f4ng lo ng\u1ea1i v\u1ec1 c\u00e1c ch\u1ea5t \u0111\u1ed9c h\u1ea1i c\u00f3 th\u1ec3 c\u00f3 trong c\u00e1c lo\u1ea1i bao b\u00ec nh\u1ef1a.<\/p>\n<h3>\u0110\u1eb7c \u0110i\u1ec3m K\u1ef9 Thu\u1eadt C\u1ee7a T\u00fai Gi\u1ea5y B\u00e1nh M\u00ec<\/h3>\n<p>T\u00fai gi\u1ea5y b\u00e1nh m\u00ec th\u01b0\u1eddng c\u00f3 k\u00edch th\u01b0\u1edbc ngang 9.5cm, cao 24.5cm v\u00e0 2 b\u00ean h\u00f4ng r\u1ed9ng 4.5cm, ph\u00f9 h\u1ee3p ho\u00e0n h\u1ea3o v\u1edbi m\u1ed9t \u1ed5 b\u00e1nh m\u00ec Vi\u1ec7t Nam chu\u1ea9n. Ch\u00fang kh\u00f4ng c\u00f3 quai x\u00e1ch, \u0111i\u1ec1u n\u00e0y gi\u00fap gi\u1ea3m thi\u1ec3u chi ph\u00ed s\u1ea3n xu\u1ea5t c\u0169ng nh\u01b0 t\u00e1c \u0111\u1ed9ng \u0111\u1ebfn m\u00f4i tr\u01b0\u1eddng. M\u1eb7c d\u00f9 l\u00e0 s\u1ea3n ph\u1ea9m kh\u00f4ng \u0103n \u0111\u01b0\u1ee3c, nh\u01b0ng ch\u1ea5t li\u1ec7u gi\u1ea5y c\u1ee7a t\u00fai \u0111\u1ea3m b\u1ea3o an to\u00e0n khi ti\u1ebfp x\u00fac tr\u1ef1c ti\u1ebfp v\u1edbi th\u1ef1c ph\u1ea9m.<\/p>\n<p><strong>L\u1ee3i \u00cdch Khi S\u1eed D\u1ee5ng T\u00fai Gi\u1ea5y B\u00e1nh M\u00ec<\/strong><\/p>\n<p>V\u1edbi nhu c\u1ea7u ng\u00e0y c\u00e0ng t\u0103ng v\u1ec1 c\u00e1c gi\u1ea3i ph\u00e1p bao b\u00ec th\u00e2n thi\u1ec7n v\u1edbi m\u00f4i tr\u01b0\u1eddng, t\u00fai gi\u1ea5y b\u00e1nh m\u00ec l\u00e0 s\u1ef1 l\u1ef1a ch\u1ecdn kh\u00f4ng th\u1ec3 b\u1ecf qua. N\u00f3 kh\u00f4ng ch\u1ec9 gi\u00fap b\u1ea3o v\u1ec7 s\u1ea3n ph\u1ea9m trong qu\u00e1 tr\u00ecnh v\u1eadn chuy\u1ec3n m\u00e0 c\u00f2n g\u00f3p ph\u1ea7n v\u00e0o vi\u1ec7c gi\u1ea3m thi\u1ec3u r\u00e1c th\u1ea3i nh\u1ef1a, m\u1ed9t trong nh\u1eefng v\u1ea5n \u0111\u1ec1 m\u00f4i tr\u01b0\u1eddng \u0111\u00e1ng b\u00e1o \u0111\u1ed9ng hi\u1ec7n nay. S\u1eed d\u1ee5ng t\u00fai gi\u1ea5y c\u0169ng gi\u00fap c\u00e1c nh\u00e0 s\u1ea3n xu\u1ea5t v\u00e0 ng\u01b0\u1eddi ti\u00eau d\u00f9ng g\u00f3p ph\u1ea7n v\u00e0o cu\u1ed9c chi\u1ebfn ch\u1ed1ng bi\u1ebfn \u0111\u1ed5i kh\u00ed h\u1eadu.<\/p>\n","protected":false},"excerpt":{"rendered":"<p>K\u00edch th\u01b0\u1edbc 9.5&#215;4.5x24cm, \u0111\u1ecbnh l\u01b0\u1ee3ng gi\u1ea5y 50gsm. T\u00fai gi\u1ea5y b\u00e1nh m\u00ec l\u00e0 gi\u1ea3i ph\u00e1p l\u01b0u tr\u1eef th\u1ef1c ph\u1ea9m an to\u00e0n, th\u00e2n thi\u1ec7n v\u1edbi m\u00f4i tr\u01b0\u1eddng, v\u00e0 \u0111\u1eb7c bi\u1ec7t ph\u00f9 h\u1ee3p v\u1edbi vi\u1ec7c \u0111\u1ef1ng b\u00e1nh m\u00ec Vi\u1ec7t Nam.<\/p>\n","protected":false},"featured_media":549,"template":"","meta":[],"product_brand":[],"product_cat":[72],"product_tag":[],"class_list":{"0":"post-548","1":"product","2":"type-product","3":"status-publish","4":"has-post-thumbnail","6":"product_cat-san-pham-tui-banh-mi","8":"first","9":"instock","10":"virtual","11":"product-type-simple"},"_links":{"self":[{"href":"https:\/\/tuibanhmidep.com\/bai-viet\/wp-json\/wp\/v2\/product\/548","targetHints":{"allow":["GET"]}}],"collection":[{"href":"https:\/\/tuibanhmidep.com\/bai-viet\/wp-json\/wp\/v2\/product"}],"about":[{"href":"https:\/\/tuibanhmidep.com\/bai-viet\/wp-json\/wp\/v2\/types\/product"}],"wp:featuredmedia":[{"embeddable":true,"href":"https:\/\/tuibanhmidep.com\/bai-viet\/wp-json\/wp\/v2\/media\/549"}],"wp:attachment":[{"href":"https:\/\/tuibanhmidep.com\/bai-viet\/wp-json\/wp\/v2\/media?parent=548"}],"wp:term":[{"taxonomy":"product_brand","embeddable":true,"href":"https:\/\/tuibanhmidep.com\/bai-viet\/wp-json\/wp\/v2\/product_brand?post=548"},{"taxonomy":"product_cat","embeddable":true,"href":"https:\/\/tuibanhmidep.com\/bai-viet\/wp-json\/wp\/v2\/product_cat?post=548"},{"taxonomy":"product_tag","embeddable":true,"href":"https:\/\/tuibanhmidep.com\/bai-viet\/wp-json\/wp\/v2\/product_tag?post=548"}],"curies":[{"name":"wp","href":"https:\/\/api.w.org\/{rel}","templated":true}]}}