{"id":544,"date":"2024-04-15T09:58:53","date_gmt":"2024-04-15T02:58:53","guid":{"rendered":"https:\/\/tuibanhmidep.com\/bai-viet\/shop\/in-20000-tui-giay-dung-banh-mi-lua-chon-than-thien-voi-moi-truong-cho-viec-bao-quan-banh-mi-skubmd_512\/"},"modified":"2024-04-15T09:58:53","modified_gmt":"2024-04-15T02:58:53","slug":"in-20000-tui-giay-dung-banh-mi-lua-chon-than-thien-voi-moi-truong-cho-viec-bao-quan-banh-mi-skubmd_512","status":"publish","type":"product","link":"https:\/\/tuibanhmidep.com\/bai-viet\/shop\/in-20000-tui-giay-dung-banh-mi-lua-chon-than-thien-voi-moi-truong-cho-viec-bao-quan-banh-mi-skubmd_512\/","title":{"rendered":"In 20000 T\u00fai Gi\u1ea5y \u0110\u1ef1ng B\u00e1nh M\u00ec: L\u1ef1a Ch\u1ecdn Th\u00e2n Thi\u1ec7n V\u1edbi M\u00f4i Tr\u01b0\u1eddng Cho Vi\u1ec7c B\u1ea3o Qu\u1ea3n B\u00e1nh M\u00ec (SKU:BMD_512)"},"content":{"rendered":"<h2>T\u1ea1i sao n\u00ean ch\u1ecdn t\u00fai gi\u1ea5y \u0111\u1ef1ng b\u00e1nh m\u00ec?<\/h2>\n<p>T\u00fai gi\u1ea5y \u0111\u1ef1ng b\u00e1nh m\u00ec kh\u00f4ng ch\u1ec9 l\u00e0 m\u1ed9t gi\u1ea3i ph\u00e1p b\u1ea3o qu\u1ea3n th\u1ef1c ph\u1ea9m ti\u1ec7n l\u1ee3i m\u00e0 c\u00f2n th\u1ec3 hi\u1ec7n s\u1ef1 quan t\u00e2m \u0111\u1ebfn m\u00f4i tr\u01b0\u1eddng. S\u1eed d\u1ee5ng gi\u1ea5y an to\u00e0n cho th\u1ef1c ph\u1ea9m, lo\u1ea1i t\u00fai n\u00e0y \u0111\u1ea3m b\u1ea3o kh\u00f4ng ch\u1ee9a c\u00e1c h\u00f3a ch\u1ea5t \u0111\u1ed9c h\u1ea1i, an to\u00e0n khi ti\u1ebfp x\u00fac tr\u1ef1c ti\u1ebfp v\u1edbi th\u1ef1c ph\u1ea9m.<\/p>\n<h3>L\u1ee3i \u00edch c\u1ee7a vi\u1ec7c s\u1eed d\u1ee5ng t\u00fai gi\u1ea5y \u0111\u1ef1ng b\u00e1nh m\u00ec<\/h3>\n<p>T\u00fai gi\u1ea5y \u0111\u1ef1ng b\u00e1nh m\u00ec kh\u00f4ng ch\u1ec9 gi\u00fap gi\u1eef b\u00e1nh m\u00ec \u0111\u01b0\u1ee3c t\u01b0\u01a1i ngon m\u00e0 c\u00f2n g\u00f3p ph\u1ea7n gi\u1ea3m thi\u1ec3u r\u00e1c th\u1ea3i nh\u1ef1a, h\u01b0\u1edbng t\u1edbi m\u1ed9t l\u1ed1i s\u1ed1ng xanh v\u00e0 b\u1ec1n v\u1eefng. V\u1edbi thi\u1ebft k\u1ebf kh\u00f4ng quai x\u00e1ch, t\u00fai n\u00e0y d\u1ec5 d\u00e0ng g\u1ea5p g\u1ecdn v\u00e0 t\u00e1i ch\u1ebf, th\u00e2n thi\u1ec7n v\u1edbi m\u00f4i tr\u01b0\u1eddng.<\/p>\n<p><strong>Th\u00f4ng tin chi ti\u1ebft v\u1ec1 t\u00fai gi\u1ea5y \u0111\u1ef1ng b\u00e1nh m\u00ec<\/strong><\/p>\n<p>T\u00fai gi\u1ea5y \u0111\u1ef1ng b\u00e1nh m\u00ec c\u00f3 k\u00edch th\u01b0\u1edbc chu\u1ea9n l\u00e0 r\u1ed9ng 9.5 cm, cao 24.5 cm v\u00e0 m\u1ed7i b\u00ean h\u00f4ng r\u1ed9ng 4.5 cm, thi\u1ebft k\u1ebf t\u1ed1i \u01b0u \u0111\u1ec3 \u0111\u1ef1ng v\u1eeba m\u1ed9t \u1ed5 b\u00e1nh m\u00ec Vi\u1ec7t Nam. Tuy nhi\u00ean, t\u00fai n\u00e0y kh\u00f4ng c\u00f3 quai x\u00e1ch v\u00e0 kh\u00f4ng th\u1ec3 \u0103n \u0111\u01b0\u1ee3c, ch\u1ee7 y\u1ebfu d\u00f9ng \u0111\u1ec3 \u0111\u1ef1ng v\u00e0 b\u1ea3o qu\u1ea3n b\u00e1nh m\u00ec.<\/p>\n<h3>C\u00e1c t\u00ean g\u1ecdi kh\u00e1c c\u1ee7a t\u00fai gi\u1ea5y \u0111\u1ef1ng b\u00e1nh m\u00ec<\/h3>\n<p>Ngo\u00e0i t\u00ean g\u1ecdi ph\u1ed5 bi\u1ebfn l\u00e0 t\u00fai gi\u1ea5y \u0111\u1ef1ng b\u00e1nh m\u00ec, s\u1ea3n ph\u1ea9m n\u00e0y c\u00f2n \u0111\u01b0\u1ee3c bi\u1ebft \u0111\u1ebfn v\u1edbi nhi\u1ec1u t\u00ean g\u1ecdi kh\u00e1c nh\u01b0 bao b\u00e1nh m\u00ec, gi\u1ea5y g\u00f3i b\u00e1nh m\u00ec, bao \u0111\u1ef1ng b\u00e1nh m\u00ec, th\u1ec3 hi\u1ec7n s\u1ef1 \u0111a d\u1ea1ng trong c\u00e1ch g\u1ecdi t\u00ean t\u00f9y thu\u1ed9c v\u00e0o v\u00f9ng mi\u1ec1n v\u00e0 s\u1ef1 \u01b0a chu\u1ed9ng c\u1ee7a ng\u01b0\u1eddi d\u00f9ng.<\/p>\n<p>t\u00fai gi\u1ea5y \u0111\u1ef1ng b\u00e1nh m\u00ec, bao b\u00e1nh m\u00ec, gi\u1ea5y g\u00f3i b\u00e1nh m\u00ec, bao \u0111\u1ef1ng b\u00e1nh m\u00ec, b\u1ea3o v\u1ec7 m\u00f4i tr\u01b0\u1eddng, b\u1ea3o qu\u1ea3n th\u1ef1c ph\u1ea9m, t\u00fai gi\u1ea5y an to\u00e0n<\/p>\n","protected":false},"excerpt":{"rendered":"<p>K\u00edch th\u01b0\u1edbc 9.5&#215;4.5x24cm, \u0111\u1ecbnh l\u01b0\u1ee3ng gi\u1ea5y 50gsm. Kh\u00e1m ph\u00e1 l\u00fd do v\u00ec sao t\u00fai gi\u1ea5y \u0111\u1ef1ng b\u00e1nh m\u00ec l\u1ea1i tr\u1edf th\u00e0nh l\u1ef1a ch\u1ecdn \u01b0a chu\u1ed9ng cho vi\u1ec7c b\u1ea3o qu\u1ea3n b\u00e1nh m\u00ec h\u00e0ng ng\u00e0y.<\/p>\n","protected":false},"featured_media":545,"template":"","meta":[],"product_brand":[],"product_cat":[72],"product_tag":[],"class_list":{"0":"post-544","1":"product","2":"type-product","3":"status-publish","4":"has-post-thumbnail","6":"product_cat-san-pham-tui-banh-mi","8":"first","9":"instock","10":"virtual","11":"product-type-simple"},"_links":{"self":[{"href":"https:\/\/tuibanhmidep.com\/bai-viet\/wp-json\/wp\/v2\/product\/544","targetHints":{"allow":["GET"]}}],"collection":[{"href":"https:\/\/tuibanhmidep.com\/bai-viet\/wp-json\/wp\/v2\/product"}],"about":[{"href":"https:\/\/tuibanhmidep.com\/bai-viet\/wp-json\/wp\/v2\/types\/product"}],"wp:featuredmedia":[{"embeddable":true,"href":"https:\/\/tuibanhmidep.com\/bai-viet\/wp-json\/wp\/v2\/media\/545"}],"wp:attachment":[{"href":"https:\/\/tuibanhmidep.com\/bai-viet\/wp-json\/wp\/v2\/media?parent=544"}],"wp:term":[{"taxonomy":"product_brand","embeddable":true,"href":"https:\/\/tuibanhmidep.com\/bai-viet\/wp-json\/wp\/v2\/product_brand?post=544"},{"taxonomy":"product_cat","embeddable":true,"href":"https:\/\/tuibanhmidep.com\/bai-viet\/wp-json\/wp\/v2\/product_cat?post=544"},{"taxonomy":"product_tag","embeddable":true,"href":"https:\/\/tuibanhmidep.com\/bai-viet\/wp-json\/wp\/v2\/product_tag?post=544"}],"curies":[{"name":"wp","href":"https:\/\/api.w.org\/{rel}","templated":true}]}}